{"id":2238,"date":"2022-08-31T17:24:58","date_gmt":"2022-08-31T17:24:58","guid":{"rendered":"https:\/\/karandoogo.com\/?post_type=product&#038;p=2238"},"modified":"2025-10-19T13:42:14","modified_gmt":"2025-10-19T13:42:14","slug":"expose-complet-sur-les-droit-de-lenfant","status":"publish","type":"product","link":"https:\/\/karandoogo.com\/index.php\/produit\/expose-complet-sur-les-droit-de-lenfant\/","title":{"rendered":"Expos\u00e9 complet sur les Droit de l&rsquo;enfant"},"content":{"rendered":"","protected":false},"excerpt":{"rendered":"<p><strong>NB:<\/strong> Les documents mis \u00e0 disposition sur ce site sont des documents \u00e0 exploiter, autrement dit des compl\u00e9ments pour parfaire votre travail. Ils ne sont pas faits pour \u00eatre pr\u00e9sent\u00e9s \u00e0 l\u2019\u00e9tat.<\/p>\n<p><strong><u>PLAN<\/u><\/strong><\/p>\n<p><strong><u>INTRODUCTION<\/u><\/strong><\/p>\n<ul>\n<li><strong><u>DES DROITS ADAPTES AUX ENFANTS<\/u><\/strong><\/li>\n<li><strong><u>HISTOIRE DES DROITS DE L\u2019ENFANT<\/u><\/strong><\/li>\n<li><strong><u>De l\u2019antiquit\u00e9 a nos jours <\/u><\/strong><\/li>\n<li><strong><u>Les Droits de l\u2019Enfant touchent le monde et l\u2019Afrique<\/u><\/strong><\/li>\n<li><strong><u>LES PRINCIPAUX TEXTES INTERNATIONAUX CONCERNANT LES DROITS DE L\u2019ENFANT :<\/u><\/strong><\/li>\n<li><strong><u>CRITIQUE DES DROITS DE L\u2019ENFANT<\/u><\/strong><\/li>\n<\/ul>\n<h3>1-\u00a0 <u>\u00a0L\u2019enfant entre surprotection et ind\u00e9pendance<\/u><\/h3>\n<ul>\n<li><strong><u>D\u00e9finition de l\u2019enfant par son \u00e2ge<\/u><\/strong><\/li>\n<\/ul>\n<h3><u>\u00a0<\/u><u>CONCLUSION<\/u><\/h3>\n<p><strong><u>\u00a0<\/u><\/strong><\/p>\n<p><strong><u>INTRODUCTION<\/u><\/strong><\/p>\n<p>La prise de conscience des droits de l\u2019enfant s\u2019est faite au lendemain de la 1\u00e8re Guerre mondiale, avec l\u2019adoption de la\u00a0<a href=\"https:\/\/www.humanium.org\/fr\/declaration-de-geneve-1924\/\">D\u00e9claration de Gen\u00e8ve<\/a>, en 1924. Le processus de reconnaissance des droits de l\u2019enfant a continu\u00e9 sous l\u2019impulsion de l\u2019ONU, avec l\u2019adoption de la\u00a0<a href=\"https:\/\/www.humanium.org\/fr\/normes\/declaration-1959\/\">D\u00e9claration des droits de l\u2019enfant<\/a>\u00a0en 1959.<\/p>\n<p>La reconnaissance de l\u2019int\u00e9r\u00eat de l\u2019enfant et de ses droits se concr\u00e9tise le 20 novembre 1989 avec l\u2019adoption de la\u00a0<a href=\"https:\/\/www.humanium.org\/fr\/texte-integral-convention-internationale-relative-droits-enfant-1989\/\">Convention internationale des droits de l\u2019enfant<\/a>\u00a0qui est le premier texte international juridiquement contraignant consacrant l\u2019ensemble des droits fondamentaux de l\u2019enfant.<\/p>\n<ul>\n<li><strong><u>DES DROITS ADAPTES AUX ENFANTS<\/u><\/strong><\/li>\n<\/ul>\n<p>Les droits de l\u2019enfant sont des droits humains sp\u00e9cifiquement adapt\u00e9s \u00e0 l\u2019enfant car ils tiennent compte de sa fragilit\u00e9, de ses sp\u00e9cificit\u00e9s et des besoins propres \u00e0 son \u00e2ge.<\/p>\n<p>Les droits de\u00a0<em><strong>l\u2019enfant tiennent compte de la n\u00e9cessit\u00e9 de d\u00e9veloppement de l\u2019enfant<\/strong><\/em><strong>.<\/strong>\u00a0 Les enfants ont donc le droit de vivre et de se d\u00e9velopper convenablement tant physiquement qu\u2019intellectuellement.<\/p>\n<p>Les droits de l\u2019enfant pr\u00e9voient ainsi de satisfaire les besoins essentiels au bon d\u00e9veloppement de l\u2019enfant, tels que l\u2019acc\u00e8s \u00e0 une alimentation appropri\u00e9e, aux soins n\u00e9cessaires, \u00e0 l\u2019\u00e9ducation, etc.<\/p>\n<p><em><strong>Les droits de l\u2019enfant prennent en consid\u00e9ration le caract\u00e8re vuln\u00e9rable de l\u2019enfant<\/strong><\/em><strong>.<\/strong> Ils impliquent la n\u00e9cessit\u00e9 de leur apporter un cadre protecteur. Il s\u2019agit d\u2019une part, d\u2019accorder une assistance particuli\u00e8re aux enfants, et, d\u2019autre part, une protection adapt\u00e9e \u00e0 leur \u00e2ge et \u00e0 leur degr\u00e9 de maturit\u00e9.<\/p>\n<p>Ainsi, les enfants doivent b\u00e9n\u00e9ficier des services d\u2019aide et de soutien dont ils ont besoin et doivent \u00eatre prot\u00e9g\u00e9s contre l\u2019exploitation par le travail, l\u2019enl\u00e8vement, la maltraitance, etc.<\/p>\n<ul>\n<li><strong><u>HISTOIRE DES DROITS DE L\u2019ENFANT<\/u><\/strong><\/li>\n<li><strong><u>De l\u2019antiquit\u00e9 a nos jours <\/u><\/strong><\/li>\n<\/ul>\n<p>Dans l\u2019Antiquit\u00e9, l\u2019id\u00e9e d\u2019accorder une protection sp\u00e9ciale aux enfants n\u2019\u00e9tait pas monnaie courante.<\/p>\n<p>Au Moyen-Age, les enfants sont consid\u00e9r\u00e9s comme de \u00ab\u00a0petits adultes\u00a0\u00bb, des \u00eatres humains version \u00ab\u00a0mod\u00e8le r\u00e9duit\u00a0\u00bb.<\/p>\n<p>Au milieu du XIXe si\u00e8cle, en France, na\u00eet l\u2019id\u00e9e d\u2019une protection particuli\u00e8re pour les enfants. Il se d\u00e9veloppe ainsi progressivement un \u00ab\u00a0Droit des mineurs.\u00a0\u00bb Une reconnaissance de l\u2019int\u00e9r\u00eat de l\u2019enfant se met en place, et \u00e0 partir de 1841 des lois prot\u00e8gent peu \u00e0 peu les enfants au travail. Se d\u00e9veloppe ensuite d\u00e8s 1881 le droit fran\u00e7ais \u00e0 l\u2019\u00e9ducation des enfants.<\/p>\n<p>Au d\u00e9but du XXe si\u00e8cle, la protection de l\u2019enfant se met en place, avec notamment une protection m\u00e9dicale, sociale et judiciaire. Cette protection des enfants se d\u00e9veloppe d\u2019abord en France, puis s\u2019\u00e9tablit dans d\u2019autres pays d\u2019Europe.<\/p>\n<p>A partir de 1919, la reconnaissance des Droits de l\u2019Enfant commence \u00e0 trouver un \u00e9cho international avec la cr\u00e9ation de la Soci\u00e9t\u00e9 des Nations, qui met en place un Comit\u00e9 de protection de l\u2019enfance.<\/p>\n<p>Le 26 septembre 1924, la Soci\u00e9t\u00e9 des Nations adopte la\u00a0<a href=\"https:\/\/www.humanium.org\/fr\/declaration-de-geneve-1924\/\">D\u00e9claration de Gen\u00e8ve<\/a>. Cette d\u00e9claration des Droits de l\u2019Enfant est le premier texte international adopt\u00e9. En cinq points, ce texte reconna\u00eet pour la premi\u00e8re fois des droits sp\u00e9cifiques aux enfants et pr\u00e9cise les responsabilit\u00e9s des adultes.<\/p>\n<p>L\u2019horreur de la Seconde Guerre mondiale laisse derri\u00e8re elle des milliers d\u2019enfants en d\u00e9tresse. Ainsi, en 1947 est cr\u00e9\u00e9 le Fonds des Nations Unies des secours d\u2019urgence \u00e0 l\u2019enfance. C\u2019est la naissance de l\u2019UNICEF qui devient en 1953 une organisation internationale permanente.<\/p>\n<p>Le 10 d\u00e9cembre 1948, la\u00a0<a href=\"https:\/\/www.humanium.org\/fr\/normes\/declaration-universelle-droits-homme-1948\/\">D\u00e9claration universelle des droits de l\u2019homme<\/a>\u00a0reconna\u00eet que \u00abla maternit\u00e9 et l\u2019enfance ont droit \u00e0 une aide sp\u00e9ciale\u00bb.<\/p>\n<p>Dans un contexte de guerre froide et apr\u00e8s de longues n\u00e9gociations, deux textes compl\u00e9mentaires \u00e0 la\u00a0<a href=\"https:\/\/www.humanium.org\/fr\/normes\/declaration-universelle-droits-homme-1948\/\">D\u00e9claration universelle des droits de l\u2019homme<\/a>\u00a0sont adopt\u00e9s par l\u2019Assembl\u00e9e g\u00e9n\u00e9rale des Nations Unies \u00e0 New York :<\/p>\n<ul>\n<li>le\u00a0<a href=\"https:\/\/www.humanium.org\/fr\/normes\/pactes-internationaux-1966\/\">Pacte international relatif aux droits \u00e9conomiques, sociaux et culturels<\/a>\u00a0reconna\u00eet le droit \u00e0 la protection contre l\u2019exploitation \u00e9conomique, le droit \u00e0 l\u2019\u00e9ducation et le droit \u00e0 la sant\u00e9;<\/li>\n<li>le\u00a0<a href=\"https:\/\/www.humanium.org\/fr\/normes\/pactes-internationaux-1966\/\">Pacte relatif aux droits civils et politiques<\/a>\u00a0\u00e9tablit le droit \u00e0 un nom et \u00e0 une nationalit\u00e9.<\/li>\n<\/ul>\n<p>L\u2019ann\u00e9e 1979 est proclam\u00e9e par les Nations Unies \u00ab Ann\u00e9e internationale de l\u2019enfant \u00bb. 1979 marque une v\u00e9ritable prise de conscience, o\u00f9 la Pologne propose la constitution d\u2019un groupe de travail au sein de la Commission des droits de l\u2019homme. Ce groupe de travail est ainsi charg\u00e9 de r\u00e9diger une convention internationale\u2026<\/p>\n<ul>\n<li><strong><u>Les Droits de l\u2019Enfant touchent le monde et l\u2019Afrique<\/u><\/strong><\/li>\n<\/ul>\n<p>Le 11 juillet 1990, l\u2019Organisation de l\u2019unit\u00e9 africaine (qui deviendra l\u2019Union africaine) adopte la\u00a0<a href=\"https:\/\/www.humanium.org\/fr\/autres\/charte-africaine-droits-bien-etre-enfant\/\">Charte africaine des droits et du bien-\u00eatre de l\u2019enfant<\/a>.<\/p>\n<p>Le 17 juin 1999 est adopt\u00e9e la\u00a0<a href=\"https:\/\/www.humanium.org\/fr\/normes\/convention-c182-pires-formes-travail-enfants-1999\/\">Convention de Gen\u00e8ve sur les pires formes de travail des enfants<\/a>.<\/p>\n<p>En mai 2000, le\u00a0<a href=\"https:\/\/www.humanium.org\/fr\/normes\/protocole-facultatif-cide-vente-prostitution-pornographie-enfants\/\">Protocole facultatif \u00e0 la Convention internationale des droits de l\u2019enfant<\/a>\u00a0concernant la participation des mineurs aux conflits arm\u00e9s est ratifi\u00e9. Il entrera en vigueur en 2002. Ce texte interdit la participation des mineurs aux conflits arm\u00e9s.<\/p>\n<p>\u00c0\u00a0ce jour, la\u00a0<a href=\"https:\/\/www.humanium.org\/fr\/texte-integral-convention-internationale-relative-droits-enfant-1989\/\">Convention internationale des droits de l\u2019enfant<\/a> a \u00e9t\u00e9&#8230;<\/p>\n<p>Pour obtenir l&rsquo;expos\u00e9 complet contactez le +226 56196345 (WhatsApp).<\/p>\n","protected":false},"featured_media":831,"template":"","meta":{"jetpack_publicize_message":"","jetpack_publicize_feature_enabled":true,"jetpack_social_post_already_shared":false,"jetpack_social_options":{"image_generator_settings":{"template":"highway","default_image_id":0,"font":"","enabled":false},"version":2}},"product_brand":[],"product_cat":[811,714,546],"product_tag":[893,894],"class_list":{"0":"post-2238","1":"product","2":"type-product","3":"status-publish","4":"has-post-thumbnail","6":"product_cat-geopolitique","7":"product_cat-politique","8":"product_cat-societe","9":"product_tag-droit","10":"product_tag-enfance","12":"first","13":"instock","14":"downloadable","15":"virtual","16":"sold-individually","17":"purchasable","18":"product-type-simple"},"aioseo_notices":[],"jetpack_publicize_connections":[],"jetpack-related-posts":[],"jetpack_sharing_enabled":true,"_links":{"self":[{"href":"https:\/\/karandoogo.com\/index.php\/wp-json\/wp\/v2\/product\/2238","targetHints":{"allow":["GET"]}}],"collection":[{"href":"https:\/\/karandoogo.com\/index.php\/wp-json\/wp\/v2\/product"}],"about":[{"href":"https:\/\/karandoogo.com\/index.php\/wp-json\/wp\/v2\/types\/product"}],"wp:featuredmedia":[{"embeddable":true,"href":"https:\/\/karandoogo.com\/index.php\/wp-json\/wp\/v2\/media\/831"}],"wp:attachment":[{"href":"https:\/\/karandoogo.com\/index.php\/wp-json\/wp\/v2\/media?parent=2238"}],"wp:term":[{"taxonomy":"product_brand","embeddable":true,"href":"https:\/\/karandoogo.com\/index.php\/wp-json\/wp\/v2\/product_brand?post=2238"},{"taxonomy":"product_cat","embeddable":true,"href":"https:\/\/karandoogo.com\/index.php\/wp-json\/wp\/v2\/product_cat?post=2238"},{"taxonomy":"product_tag","embeddable":true,"href":"https:\/\/karandoogo.com\/index.php\/wp-json\/wp\/v2\/product_tag?post=2238"}],"curies":[{"name":"wp","href":"https:\/\/api.w.org\/{rel}","templated":true}]}}