{"id":2250,"date":"2022-08-31T19:12:36","date_gmt":"2022-08-31T19:12:36","guid":{"rendered":"https:\/\/karandoogo.com\/?post_type=product&#038;p=2250"},"modified":"2025-10-19T13:42:14","modified_gmt":"2025-10-19T13:42:14","slug":"expose-complet-sur-le-theme-les-enjeux-du-developpement","status":"publish","type":"product","link":"https:\/\/karandoogo.com\/index.php\/produit\/expose-complet-sur-le-theme-les-enjeux-du-developpement\/","title":{"rendered":"Expos\u00e9 complet sur le th\u00e8me : les enjeux du d\u00e9veloppement"},"content":{"rendered":"","protected":false},"excerpt":{"rendered":"<p><strong>NB:<\/strong> Les documents mis \u00e0 disposition sur ce site sont des documents \u00e0 exploiter, autrement dit des compl\u00e9ments pour parfaire votre travail. Ils ne sont pas faits pour \u00eatre pr\u00e9sent\u00e9s \u00e0 l\u2019\u00e9tat.<\/p>\n<h1><strong>INTRODUCTION<\/strong><\/h1>\n<h1><strong>\u00a0\u00a0\u00a0\u00a0\u00a0\u00a0 I.\u00a0\u00a0\u00a0\u00a0\u00a0\u00a0\u00a0\u00a0\u00a0\u00a0\u00a0 <\/strong><strong>Notion de l\u2019histoire<\/strong><\/h1>\n<h1><strong>1.\u00a0\u00a0\u00a0\u00a0\u00a0 <\/strong><strong>Le d\u00e9veloppement est un processus naturel<\/strong><\/h1>\n<h1>2.\u00a0\u00a0\u00a0\u00a0\u00a0 <strong>Le d\u00e9veloppement se mesure par la croissance<\/strong>.<\/h1>\n<h1><strong>3.\u00a0\u00a0\u00a0\u00a0\u00a0 <\/strong><strong>La sup\u00e9riorit\u00e9 de la civilisation occidentale <\/strong><\/h1>\n<h1><strong>4.\u00a0\u00a0\u00a0\u00a0\u00a0 <\/strong><strong>Le d\u00e9veloppement\u00a0est une mission sacr\u00e9e de civilisation\u00a0 <\/strong><\/h1>\n<h1><strong>\u00a0\u00a0\u00a0 II.\u00a0\u00a0\u00a0\u00a0\u00a0\u00a0\u00a0\u00a0\u00a0\u00a0\u00a0 <\/strong><strong>La contribution de l\u2019histoire dans le d\u00e9veloppement de notre commune de D\u00e9dougou<\/strong><\/h1>\n<h1><strong>1)\u00a0\u00a0\u00a0\u00a0\u00a0 <\/strong><strong>Histoire et organisation socio-politique<\/strong><\/h1>\n<h1>a)\u00a0\u00a0\u00a0\u00a0\u00a0 <strong>Historique<\/strong><\/h1>\n<h1><strong>b)\u00a0\u00a0\u00a0\u00a0 <\/strong><strong>Organisation administrative<\/strong><\/h1>\n<h1><strong>a)\u00a0\u00a0\u00a0\u00a0\u00a0 <\/strong><strong>\u00c9conomie et transports<\/strong><\/h1>\n<h1><strong>b)\u00a0\u00a0\u00a0\u00a0 <\/strong><strong>\u00c9ducation<\/strong><\/h1>\n<h1><strong>c)\u00a0\u00a0\u00a0\u00a0\u00a0 <\/strong><strong>Sant\u00e9<\/strong><\/h1>\n<h1><strong>d)\u00a0\u00a0\u00a0\u00a0 <\/strong><strong>Culture<\/strong><\/h1>\n<h1><strong>c)\u00a0\u00a0\u00a0\u00a0\u00a0 <\/strong>Organisation socio politique\u00a0: Pouvoir moderne et traditionnel<\/h1>\n<h1>d)\u00a0\u00a0\u00a0\u00a0\u00a0 <strong>Pouvoir moderne<\/strong><\/h1>\n<ul>\n<li><strong>Pouvoir traditionnel<\/strong><\/li>\n<\/ul>\n<h1><strong>2)\u00a0\u00a0\u00a0\u00a0\u00a0 <\/strong><strong>Gen\u00e8se <\/strong><\/h1>\n<h1><strong>a)\u00a0\u00a0\u00a0\u00a0\u00a0 <\/strong><strong>Gestion de l\u2019environnement<\/strong><\/h1>\n<h1><strong>b)\u00a0\u00a0\u00a0\u00a0 <\/strong><strong>Activit\u00e9s r\u00e9mun\u00e9ratrices de revenus<\/strong><\/h1>\n<h1><strong>c)\u00a0\u00a0\u00a0\u00a0\u00a0 <\/strong><strong>Apport ext\u00e9rieur <\/strong><\/h1>\n<h1><strong>d)\u00a0\u00a0\u00a0\u00a0 <\/strong>\u00a0<strong>Apport National<\/strong><\/h1>\n<p>&nbsp;<\/p>\n<p><strong>CONCLUSION<\/strong><\/p>\n<h1><strong>INTRODUCTION<\/strong><\/h1>\n<p>Le terme de d\u00e9veloppement, utilis\u00e9 dans les sciences humaines, d\u00e9signe l\u2019am\u00e9lioration des conditions et de la qualit\u00e9 de vie d\u2019une population, et renvoie \u00e0 l\u2019organisation sociale servant de cadre \u00e0 la production du bien \u00eatre. D\u00e9finir le d\u00e9veloppement implique de le distinguer de la croissance. Cette derni\u00e8re mesure la richesse produite sur un <a href=\"http:\/\/www.hypergeo.eu\/spip.php?article285\">territoire<\/a> en une ann\u00e9e et son \u00e9volution d\u2019une ann\u00e9e \u00e0 l\u2019autre, telle qu\u2019elle est prise en compte par le Produit Int\u00e9rieur Brut (PIB). Elle ne dit rien, en revanche, sur ses effets sociaux. Elle n\u2019informe donc que peu sur le niveau de vie et encore moins sur la qualit\u00e9 de vie. La croissance peut contribuer au d\u00e9veloppement, mais tel n\u2019est pas toujours le cas et on parle de croissance sans d\u00e9veloppement quand la production de richesse ne s\u2019accompagne pas de l\u2019am\u00e9lioration des conditions de vie. Inversement, m\u00eame en l\u2019absence de croissance, la priorit\u00e9 donn\u00e9e aux productions les plus utiles et une plus grande \u00e9quit\u00e9 dans la distribution des biens produits am\u00e9liore les conditions de vie des populations et cr\u00e9e du d\u00e9veloppement. Am\u00e9lioration du bien-\u00eatre, le d\u00e9veloppement rel\u00e8ve donc davantage du qualitatif que du quantitatif. Quant \u00e0 l\u2019histoire, elle est \u00e0 la fois l\u2019\u00e9tude des faits, des \u00e9v\u00e9nements du <a href=\"http:\/\/fr.wikipedia.org\/wiki\/Pass%C3%A9\">pass\u00e9<\/a> et, par <a href=\"http:\/\/fr.wikipedia.org\/wiki\/Synecdoque\">synecdoque<\/a>, leur ensemble. L&rsquo;histoire est un r\u00e9cit, elle est la construction d&rsquo;une image du pass\u00e9 par des hommes et des femmes (les <a href=\"http:\/\/fr.wikipedia.org\/wiki\/Historien\">historiens<\/a> et historiennes) qui tentent de d\u00e9crire, d&rsquo;expliquer ou de faire revivre des <a href=\"http:\/\/fr.wikipedia.org\/wiki\/Pass%C3%A9\">temps r\u00e9volus<\/a>. Ce r\u00e9cit historique n&rsquo;est pas construit par intuition intellectuelle, mais \u00e0 partir de <a href=\"http:\/\/fr.wikipedia.org\/wiki\/Source_%28information%29\">sources<\/a>. L&rsquo;histoire s&rsquo;attache avec ces sources \u00e0 reconstruire plusieurs pans du pass\u00e9. Au cours des si\u00e8cles, les historiens ont fortement fait \u00e9voluer leurs champs d&rsquo;intervention et ont aussi r\u00e9\u00e9valu\u00e9 leurs sources, ainsi que la mani\u00e8re de les traiter. L\u2019\u00e9tude \u00e0 laquelle nous notre th\u00e8me\u00a0\u00ab\u00a0<strong>Apr\u00e8s avoir d\u00e9velopp\u00e9 les concepts d\u2019histoire et d\u00e9veloppement montrer comment l\u2019histoire peut servir de tremplin pour le d\u00e9veloppement de votre commune\u00a0<\/strong>\u00bb sera trait\u00e9 de la mani\u00e8re suivante\u00a0:<\/p>\n<ul>\n<li>Qu\u2019ente-on par histoire\u00a0?<\/li>\n<li>Qu\u2019est-ce que le d\u00e9veloppement\u00a0?<\/li>\n<li>Quelle peut \u00eatre la contribution de l\u2019histoire dans notre commune de D\u00e9dougou\u00a0?<\/li>\n<\/ul>\n<h1><a name=\"_Toc360833779\"><\/a><a name=\"_Toc361079654\"><\/a><strong>I.\u00a0\u00a0\u00a0\u00a0\u00a0\u00a0\u00a0\u00a0\u00a0\u00a0\u00a0\u00a0\u00a0\u00a0\u00a0\u00a0\u00a0\u00a0 <\/strong><strong>Notion de l\u2019histoire<\/strong><\/h1>\n<p>L\u2019histoire est \u00e0 la fois l\u2019\u00e9tude des faits, des \u00e9v\u00e9nements du <a href=\"http:\/\/fr.wikipedia.org\/wiki\/Pass%C3%A9\">pass\u00e9<\/a> et, par <a href=\"http:\/\/fr.wikipedia.org\/wiki\/Synecdoque\">synecdoque<\/a>, leur ensemble. L&rsquo;histoire est un r\u00e9cit, elle est la construction d&rsquo;une image du pass\u00e9 par des hommes et des femmes (les <a href=\"http:\/\/fr.wikipedia.org\/wiki\/Historien\">historiens<\/a> et historiennes) qui tentent de d\u00e9crire, d&rsquo;expliquer ou de faire revivre des <a href=\"http:\/\/fr.wikipedia.org\/wiki\/Pass%C3%A9\">temps r\u00e9volus<\/a>. Ce r\u00e9cit historique n&rsquo;est pas construit par intuition intellectuelle, mais \u00e0 partir de <a href=\"http:\/\/fr.wikipedia.org\/wiki\/Source_%28information%29\">sources<\/a>. L&rsquo;histoire s&rsquo;attache avec ces sources \u00e0 reconstruire plusieurs pans du pass\u00e9. Au cours des si\u00e8cles, les historiens ont fortement fait \u00e9voluer leurs champs d&rsquo;intervention et ont aussi r\u00e9\u00e9valu\u00e9 leurs sources, ainsi que la mani\u00e8re de les traiter.<\/p>\n<h1><a name=\"_Toc360833780\"><\/a><a name=\"_Toc361079655\"><\/a><strong>II.\u00a0\u00a0\u00a0\u00a0\u00a0\u00a0\u00a0\u00a0\u00a0\u00a0\u00a0\u00a0\u00a0\u00a0\u00a0 <\/strong><strong>Notion du d\u00e9veloppement<\/strong><\/h1>\n<p>Des tonnes de d\u00e9finitions sont propos\u00e9es, cependant elles m\u00e9langent bien souvent le souhait et la r\u00e9alit\u00e9 des faits. Or, une bonne d\u00e9finition doit \u00eatre celle qu\u2019un martien, sans connaissance aucune sur notre soci\u00e9t\u00e9, est \u00e0 m\u00eame de comprendre. Un exemple nous est donn\u00e9 avec le Rapport mondial sur le d\u00e9veloppement humain de 1991 dont voici la d\u00e9finition : \u00ab\u00a0 Le principal objectif du d\u00e9veloppement humain est d\u2019\u00e9largir la gamme des choix offerts \u00e0 la population, qui permettent de rendre le d\u00e9veloppement plus d\u00e9mocratique et plus participatif. Ces choix doivent comprendre des possibilit\u00e9s d\u2019acc\u00e9der au revenu et \u00e0 l\u2019emploi, \u00e0 l\u2019\u00e9ducation et aux soins de sant\u00e9, et \u00e0 un environnement propre ne pr\u00e9sentant pas de danger. L\u2019individu doit \u00e9galement avoir la possibilit\u00e9 de participer pleinement aux d\u00e9cisions de la communaut\u00e9 et&#8230;<\/p>\n<p>Pour obtenir l&rsquo;expos\u00e9 complet contactez le +226 56196345 (WhatsApp).<\/p>\n","protected":false},"featured_media":831,"template":"","meta":{"jetpack_publicize_message":"","jetpack_publicize_feature_enabled":true,"jetpack_social_post_already_shared":false,"jetpack_social_options":{"image_generator_settings":{"template":"highway","default_image_id":0,"font":"","enabled":false},"version":2}},"product_brand":[],"product_cat":[703,811,714],"product_tag":[896,895],"class_list":{"0":"post-2250","1":"product","2":"type-product","3":"status-publish","4":"has-post-thumbnail","6":"product_cat-economie","7":"product_cat-geopolitique","8":"product_cat-politique","9":"product_tag-enjeux-du-developpement","10":"product_tag-politiques-du-developpement","12":"first","13":"instock","14":"downloadable","15":"virtual","16":"sold-individually","17":"purchasable","18":"product-type-simple"},"aioseo_notices":[],"jetpack_publicize_connections":[],"jetpack-related-posts":[],"jetpack_sharing_enabled":true,"_links":{"self":[{"href":"https:\/\/karandoogo.com\/index.php\/wp-json\/wp\/v2\/product\/2250","targetHints":{"allow":["GET"]}}],"collection":[{"href":"https:\/\/karandoogo.com\/index.php\/wp-json\/wp\/v2\/product"}],"about":[{"href":"https:\/\/karandoogo.com\/index.php\/wp-json\/wp\/v2\/types\/product"}],"wp:featuredmedia":[{"embeddable":true,"href":"https:\/\/karandoogo.com\/index.php\/wp-json\/wp\/v2\/media\/831"}],"wp:attachment":[{"href":"https:\/\/karandoogo.com\/index.php\/wp-json\/wp\/v2\/media?parent=2250"}],"wp:term":[{"taxonomy":"product_brand","embeddable":true,"href":"https:\/\/karandoogo.com\/index.php\/wp-json\/wp\/v2\/product_brand?post=2250"},{"taxonomy":"product_cat","embeddable":true,"href":"https:\/\/karandoogo.com\/index.php\/wp-json\/wp\/v2\/product_cat?post=2250"},{"taxonomy":"product_tag","embeddable":true,"href":"https:\/\/karandoogo.com\/index.php\/wp-json\/wp\/v2\/product_tag?post=2250"}],"curies":[{"name":"wp","href":"https:\/\/api.w.org\/{rel}","templated":true}]}}