{"id":2258,"date":"2022-08-31T19:52:32","date_gmt":"2022-08-31T19:52:32","guid":{"rendered":"https:\/\/karandoogo.com\/?post_type=product&#038;p=2258"},"modified":"2025-10-19T13:40:33","modified_gmt":"2025-10-19T13:40:33","slug":"expose-complet-sur-le-phenomene-des-sachets-plastiques-fabrication-dangers-propositions-de-solutions","status":"publish","type":"product","link":"https:\/\/karandoogo.com\/index.php\/produit\/expose-complet-sur-le-phenomene-des-sachets-plastiques-fabrication-dangers-propositions-de-solutions\/","title":{"rendered":"Expos\u00e9 complet sur le ph\u00e9nom\u00e8ne des sachets plastiques (fabrication, dangers, propositions de solutions)"},"content":{"rendered":"","protected":false},"excerpt":{"rendered":"<p><strong>NB:<\/strong> Les documents mis \u00e0 disposition sur ce site sont des documents \u00e0 exploiter, autrement dit des compl\u00e9ments pour parfaire votre travail. Ils ne sont pas faits pour \u00eatre pr\u00e9sent\u00e9s \u00e0 l\u2019\u00e9tat.<\/p>\n<p><strong><u>PLAN<\/u><\/strong><\/p>\n<p><strong><u>INTRODUCTION<\/u><\/strong><\/p>\n<ul>\n<li><strong><u>MODE DE FABRICATION<\/u><\/strong><\/li>\n<li><strong><u>Dangers li\u00e9s aux sachets plastiques<\/u><\/strong><\/li>\n<li><strong><u>Dangers li\u00e9s a l\u2019environnement<\/u><\/strong><\/li>\n<li><strong><u>Dangers li\u00e9s \u00e0 l\u2019enfouissement<\/u><\/strong><\/li>\n<li><strong><u>Les dangers li\u00e9s a l\u2019incin\u00e9ration<\/u><\/strong><\/li>\n<li><strong><u>SOLUTIONS POUR LUTTER CONTRE LES ACHETS PLASTIQUES<\/u><\/strong><\/li>\n<li><strong><u>Mesures juridiques<\/u><\/strong><\/li>\n<li><strong><u>La gestion des d\u00e9chets plastiques<\/u><\/strong><\/li>\n<li><strong><u>Le Recyclage<\/u><\/strong><\/li>\n<\/ul>\n<p><strong><u>CONCLUSION<\/u><\/strong><\/p>\n<p><strong><u>\u00a0<\/u><\/strong><\/p>\n<p><strong><u>INTRODUCTION<\/u><\/strong><\/p>\n<p>Un sac plastique est un sac l\u00e9ger fabriqu\u00e9 en mati\u00e8re plastique (\u00e9ventuellement biod\u00e9gradable) destin\u00e9 \u00e0 accueillir divers types de contenu, alimentaire ou non. Les sacs portent diff\u00e9rents noms en fonction de l&rsquo;usage auquel ils sont destin\u00e9s ; on distingue notamment le sac-poubelle, le sac de caisse, offert, vendu ou pr\u00eat\u00e9 par les commerces pour le transport des achats, le sac sous vide, le publisac, etc.<\/p>\n<p>Au d\u00e9but du xxie si\u00e8cle, leur fabrication absorbe environ 4 % de la consommation annuelle de p\u00e9trole.<\/p>\n<p>Ces sacs, notamment ceux qui sont non biod\u00e9gradables, posent de nombreux probl\u00e8mes environnementaux, et particuli\u00e8rement dans l&rsquo;environnement.<\/p>\n<ul>\n<li><strong><u>MODE DE FABRICATION<\/u><\/strong><\/li>\n<\/ul>\n<p>Les sacs plastiques sont obtenus par le proc\u00e9d\u00e9 d&rsquo;extrusion-gonflage. On extrude une paraison \u00e0 paroi mince qui est ensuite gonfl\u00e9e \u00e0 l&rsquo;air en surpression ; on forme ainsi en flux continu une gaine gonfl\u00e9e de film plastique qui, refroidie, va pouvoir \u00eatre bobin\u00e9e pour \u00eatre ensuite imprim\u00e9e et thermo-soud\u00e9e \u00e0 une extr\u00e9mit\u00e9.<\/p>\n<ul>\n<li><strong><u>Dangers li\u00e9s aux sachets plastiques<\/u><\/strong><\/li>\n<li><strong><u>Dangers li\u00e9s a l\u2019environnement<\/u><\/strong><\/li>\n<\/ul>\n<p>Au d\u00e9but du xxie si\u00e8cle, la production des sacs en plastique repr\u00e9sente 4 % de la consommation annuelle de p\u00e9trole, une ressource fossile non renouvelable dont la production mondiale stagne3 (8,7 sacs en plastique contiendraient assez d&rsquo;\u00e9nergie en p\u00e9trole pour&#8230;<\/p>\n<p>Pour obtenir l&rsquo;expos\u00e9 complet contactez le +226 56196345 (WhatsApp).<\/p>\n","protected":false},"featured_media":831,"template":"","meta":{"jetpack_publicize_message":"","jetpack_publicize_feature_enabled":true,"jetpack_social_post_already_shared":false,"jetpack_social_options":{"image_generator_settings":{"template":"highway","default_image_id":0,"font":"","enabled":false},"version":2}},"product_brand":[],"product_cat":[786,703,789,546],"product_tag":[905],"class_list":{"0":"post-2258","1":"product","2":"type-product","3":"status-publish","4":"has-post-thumbnail","6":"product_cat-agriculture","7":"product_cat-economie","8":"product_cat-environnement","9":"product_cat-societe","10":"product_tag-sachets-plastiques","12":"first","13":"instock","14":"downloadable","15":"virtual","16":"sold-individually","17":"purchasable","18":"product-type-simple"},"aioseo_notices":[],"jetpack_publicize_connections":[],"jetpack-related-posts":[],"jetpack_sharing_enabled":true,"_links":{"self":[{"href":"https:\/\/karandoogo.com\/index.php\/wp-json\/wp\/v2\/product\/2258","targetHints":{"allow":["GET"]}}],"collection":[{"href":"https:\/\/karandoogo.com\/index.php\/wp-json\/wp\/v2\/product"}],"about":[{"href":"https:\/\/karandoogo.com\/index.php\/wp-json\/wp\/v2\/types\/product"}],"wp:featuredmedia":[{"embeddable":true,"href":"https:\/\/karandoogo.com\/index.php\/wp-json\/wp\/v2\/media\/831"}],"wp:attachment":[{"href":"https:\/\/karandoogo.com\/index.php\/wp-json\/wp\/v2\/media?parent=2258"}],"wp:term":[{"taxonomy":"product_brand","embeddable":true,"href":"https:\/\/karandoogo.com\/index.php\/wp-json\/wp\/v2\/product_brand?post=2258"},{"taxonomy":"product_cat","embeddable":true,"href":"https:\/\/karandoogo.com\/index.php\/wp-json\/wp\/v2\/product_cat?post=2258"},{"taxonomy":"product_tag","embeddable":true,"href":"https:\/\/karandoogo.com\/index.php\/wp-json\/wp\/v2\/product_tag?post=2258"}],"curies":[{"name":"wp","href":"https:\/\/api.w.org\/{rel}","templated":true}]}}