{"id":2259,"date":"2022-08-31T19:48:08","date_gmt":"2022-08-31T19:48:08","guid":{"rendered":"https:\/\/karandoogo.com\/?post_type=product&#038;p=2259"},"modified":"2025-10-19T13:40:33","modified_gmt":"2025-10-19T13:40:33","slug":"expose-complet-sur-les-royaumes-dafrique-centrale","status":"publish","type":"product","link":"https:\/\/karandoogo.com\/index.php\/produit\/expose-complet-sur-les-royaumes-dafrique-centrale\/","title":{"rendered":"Expos\u00e9 complet sur les royaumes d&rsquo;Afrique centrale"},"content":{"rendered":"","protected":false},"excerpt":{"rendered":"<p>&nbsp;<\/p>\n<p><strong>NB:<\/strong> Les documents mis \u00e0 disposition sur ce site sont des documents \u00e0 exploiter, autrement dit des compl\u00e9ments pour parfaire votre travail. Ils ne sont pas faits pour \u00eatre pr\u00e9sent\u00e9s \u00e0 l\u2019\u00e9tat.<\/p>\n<p><strong>INTRODUCTION <\/strong><\/p>\n<ol>\n<li><strong>LE CONGO<\/strong><\/li>\n<\/ol>\n<p><strong>\u00a0<\/strong><\/p>\n<p>1) Territoire et organisation<\/p>\n<p><strong>\u00a0<\/strong><\/p>\n<p>2) La d\u00e9cadence du Congo<\/p>\n<p><strong>\u00a0<\/strong><\/p>\n<ol>\n<li><strong> LE LAONGO<\/strong><\/li>\n<\/ol>\n<p>3)\u00a0\u00a0 L&rsquo;\u00e9volution et l&rsquo;organisation du Loango<\/p>\n<p><strong>2)\u00a0\u00a0 Le Congo Aujourd&rsquo;hui<\/strong><\/p>\n<p><strong>III.\u00a0\u00a0\u00a0\u00a0\u00a0\u00a0 L&rsquo;ANGOLA<\/strong><\/p>\n<p><strong>1)\u00a0\u00a0 Pr\u00e9sentation de l&rsquo;Angola<\/strong><\/p>\n<p>2)\u00a0\u00a0 La r\u00e9sistance de Nzinga<\/p>\n<p><strong>CONCLUSION<\/strong><\/p>\n<p><strong>\u00a0<\/strong><\/p>\n<p><strong>\u00a0<\/strong><\/p>\n<p><strong>INTRODUCTION <\/strong><\/p>\n<p>&nbsp;<\/p>\n<p>Les royaumes du Congo de Luango et de l&rsquo;Angola sont situables en Afrique centrale. Ces royaumes doivent faire face aux Portugais au XVIIes pour pr\u00e9server leur ind\u00e9pendance.<\/p>\n<p>&nbsp;<\/p>\n<ol>\n<li><strong> LE CONGO<\/strong><\/li>\n<\/ol>\n<p>&nbsp;<\/p>\n<p>Le royaume du Congo correspond \u00e0 la r\u00e9publique d\u00e9mocratique du Congo actuel. Sa capitale est Mbanza Kongo (San Salvador) et son roi Alvaro II cherche \u00e0 \u00e9chapper \u00e0 la domination Portugaise. Le Pap Paul V prot\u00e8ge le Congo de l&rsquo;invasion Portugaise.<br \/>\nLes Mani-Kongo sont les populations du Congo au XVIIes. Leurs principales ressources sont les \u00ab\u00a0Nzimbu\u00a0\u00bb ou coquillage monnaie.<\/p>\n<p>1) Territoire et organisation<\/p>\n<p>* Toute la partie nord et nord-est de l&rsquo;actuel Angola \u00e9tait des territoires du royaume Kongo dont les fronti\u00e8res s&rsquo;\u00e9tendaient sur tout le long du littoral de l&rsquo;oc\u00e9an Atlantique de tous ces trois actuels pays Angola, R\u00e9publique d\u00e9mocratique du Congo et R\u00e9publique du Congo (soit des ex provinces du royaume Kongo : Soyo, Mbata, Pumbu, et des ex territoires vassaux : Loango, Vili etc. Cette partie dans l&rsquo;actuel Angola fut d\u00e9tach\u00e9e de l&rsquo;autorit\u00e9 du roi Kongo par un groupe d&rsquo;aventuriers portugais chass\u00e9s de Mbanza Kongo (Capitale du royaume Kongo) \u00e0 cause de leurs activit\u00e9s de commerce d&rsquo;esclaves que n&rsquo;approuvait plus le peuple Kongo. En se r\u00e9fugiant dans cette partie du royaume Kongo, les aventuriers portugais firent assassiner Dongo le gouverneur nomm\u00e9 par le roi, avant de proc\u00e9der \u00e0&#8230;<\/p>\n<p>Pour obtenir l&rsquo;expos\u00e9 complet contactez le +226 56196345 (WhatsApp).<\/p>\n","protected":false},"featured_media":831,"template":"","meta":{"jetpack_publicize_message":"","jetpack_publicize_feature_enabled":true,"jetpack_social_post_already_shared":false,"jetpack_social_options":{"image_generator_settings":{"template":"highway","default_image_id":0,"font":"","enabled":false},"version":2}},"product_brand":[],"product_cat":[549,608],"product_tag":[574,904],"class_list":{"0":"post-2259","1":"product","2":"type-product","3":"status-publish","4":"has-post-thumbnail","6":"product_cat-geographie","7":"product_cat-histoire","8":"product_tag-histoire-des-peuples-dafrique","9":"product_tag-royaumes-dafrique-centrale","11":"first","12":"instock","13":"downloadable","14":"virtual","15":"sold-individually","16":"purchasable","17":"product-type-simple"},"aioseo_notices":[],"jetpack_publicize_connections":[],"jetpack-related-posts":[],"jetpack_sharing_enabled":true,"_links":{"self":[{"href":"https:\/\/karandoogo.com\/index.php\/wp-json\/wp\/v2\/product\/2259","targetHints":{"allow":["GET"]}}],"collection":[{"href":"https:\/\/karandoogo.com\/index.php\/wp-json\/wp\/v2\/product"}],"about":[{"href":"https:\/\/karandoogo.com\/index.php\/wp-json\/wp\/v2\/types\/product"}],"wp:featuredmedia":[{"embeddable":true,"href":"https:\/\/karandoogo.com\/index.php\/wp-json\/wp\/v2\/media\/831"}],"wp:attachment":[{"href":"https:\/\/karandoogo.com\/index.php\/wp-json\/wp\/v2\/media?parent=2259"}],"wp:term":[{"taxonomy":"product_brand","embeddable":true,"href":"https:\/\/karandoogo.com\/index.php\/wp-json\/wp\/v2\/product_brand?post=2259"},{"taxonomy":"product_cat","embeddable":true,"href":"https:\/\/karandoogo.com\/index.php\/wp-json\/wp\/v2\/product_cat?post=2259"},{"taxonomy":"product_tag","embeddable":true,"href":"https:\/\/karandoogo.com\/index.php\/wp-json\/wp\/v2\/product_tag?post=2259"}],"curies":[{"name":"wp","href":"https:\/\/api.w.org\/{rel}","templated":true}]}}