{"id":2262,"date":"2022-08-31T19:26:51","date_gmt":"2022-08-31T19:26:51","guid":{"rendered":"https:\/\/karandoogo.com\/?post_type=product&#038;p=2262"},"modified":"2025-10-19T13:40:34","modified_gmt":"2025-10-19T13:40:34","slug":"expose-complet-sur-les-grossesses-indesirees-causes-consequences-solutions","status":"publish","type":"product","link":"https:\/\/karandoogo.com\/index.php\/produit\/expose-complet-sur-les-grossesses-indesirees-causes-consequences-solutions\/","title":{"rendered":"Expos\u00e9 complet sur les grossesses ind\u00e9sir\u00e9es (causes, cons\u00e9quences, solutions)"},"content":{"rendered":"","protected":false},"excerpt":{"rendered":"<p><strong>NB:<\/strong> Les documents mis \u00e0 disposition sur ce site sont des documents \u00e0 exploiter, autrement dit des compl\u00e9ments pour parfaire votre travail. Ils ne sont pas faits pour \u00eatre pr\u00e9sent\u00e9s \u00e0 l\u2019\u00e9tat.<\/p>\n<p><strong><u>PLAN<\/u><\/strong><\/p>\n<p><strong><u>INTRODUCTION<\/u><\/strong><\/p>\n<ol>\n<li><strong><u> DEFINITION<\/u><\/strong><\/li>\n<li><strong><u> LES CAUSES<\/u><\/strong><\/li>\n<\/ol>\n<p><strong><u>1)\u00a0\u00a0\u00a0\u00a0\u00a0 Les causes sociales<\/u><\/strong><\/p>\n<p><strong><u>2)\u00a0\u00a0\u00a0\u00a0\u00a0 Les causes \u00e9conomiques<\/u><\/strong><\/p>\n<p><strong><u>III.\u00a0\u00a0\u00a0\u00a0\u00a0\u00a0\u00a0\u00a0\u00a0\u00a0\u00a0\u00a0 LES CONSEQUENCES<\/u><\/strong><\/p>\n<p><strong><u>1)\u00a0\u00a0\u00a0\u00a0\u00a0 Les cons\u00e9quences sociales<\/u><\/strong><\/p>\n<p><strong><u>2)\u00a0\u00a0\u00a0\u00a0\u00a0 Les cons\u00e9quences en milieu scolaire<\/u><\/strong><\/p>\n<ol>\n<li><strong><u> LES SOLUTIONS<\/u><\/strong><\/li>\n<\/ol>\n<p><strong><u>1)\u00a0\u00a0\u00a0\u00a0\u00a0 Les \u00e9l\u00e8ves<\/u><\/strong><\/p>\n<p><strong><u>2)\u00a0\u00a0\u00a0\u00a0\u00a0 Les parents d\u2019\u00e9l\u00e8ves<\/u><\/strong><\/p>\n<p><strong><u>3)\u00a0\u00a0\u00a0\u00a0\u00a0 Administrations scolaire et Enseignants<\/u><\/strong><\/p>\n<p><strong><u>CONCLUSION<\/u><\/strong><\/p>\n<p><strong><u>\u00a0<\/u><\/strong><\/p>\n<p><strong><u>INTRODUCTION<\/u><\/strong><\/p>\n<p>Le ph\u00e9nom\u00e8ne des grossesses non d\u00e9sir\u00e9es qui prend de plus en plus de l\u2019ampleur influe n\u00e9gativement sur le maintien et le succ\u00e8s des filles \u00e0 l\u2019\u00e9cole, affectant ainsi leur vie. Les chiffres sur ce fl\u00e9au sont effarants. A titre illustratif, pour la seule ann\u00e9e de 2013, on enregistre 2565 cas dans la r\u00e9gion du Centre, 3291 cas dans la r\u00e9gion du Cascade, 930 cas dans la r\u00e9gion du Sud-ouest, etc\u2026 Au cours de notre expos\u00e9,\u00a0 nous verrons les causes, les cons\u00e9quences de ses grossesses non d\u00e9sir\u00e9es, et faire des propositions de solutions.<\/p>\n<ol>\n<li><strong><u> DEFINITION<\/u><\/strong><\/li>\n<\/ol>\n<p>Une grossesse non d\u00e9sir\u00e9e est une grossesse due \u00e0 l\u2019absence ou la d\u00e9faillance d\u2019une m\u00e9thode contraceptive ou \u00e0 d\u2019autres facteurs ind\u00e9pendants de la volont\u00e9 d\u2019un individu. La grossesse est l\u2019\u00e9tat d\u2019une personne enceinte, ce qui est la cons\u00e9quence normale de rapports non prot\u00e9g\u00e9s dans une p\u00e9riode favorable ou d\u2019une mauvaise utilisation des contraceptifs.<\/p>\n<ol>\n<li><strong><u> LES CAUSES<\/u><\/strong><\/li>\n<\/ol>\n<p><strong><u>1)\u00a0\u00a0\u00a0\u00a0\u00a0 Les causes sociales<\/u><\/strong><\/p>\n<p>Au nombre de causes on note, entre autres :<\/p>\n<ul>\n<li>La d\u00e9sacralisation du sexe ;<\/li>\n<li>La fuite de responsabilit\u00e9 des parents en mati\u00e8re d\u2019\u00e9ducation sexuelle des enfants ;<\/li>\n<\/ul>\n<p>la faible connaissance des&#8230;<\/p>\n<p>Pour obtenir l&rsquo;expos\u00e9 complet contactez le +226 56196345 (WhatsApp).<\/p>\n","protected":false},"featured_media":831,"template":"","meta":{"jetpack_publicize_message":"","jetpack_publicize_feature_enabled":true,"jetpack_social_post_already_shared":false,"jetpack_social_options":{"image_generator_settings":{"template":"highway","default_image_id":0,"font":"","enabled":false},"version":2}},"product_brand":[],"product_cat":[546],"product_tag":[576],"class_list":{"0":"post-2262","1":"product","2":"type-product","3":"status-publish","4":"has-post-thumbnail","6":"product_cat-societe","7":"product_tag-grossesses-non-desirees","9":"first","10":"instock","11":"downloadable","12":"virtual","13":"sold-individually","14":"purchasable","15":"product-type-simple"},"aioseo_notices":[],"jetpack_publicize_connections":[],"jetpack-related-posts":[],"jetpack_sharing_enabled":true,"_links":{"self":[{"href":"https:\/\/karandoogo.com\/index.php\/wp-json\/wp\/v2\/product\/2262","targetHints":{"allow":["GET"]}}],"collection":[{"href":"https:\/\/karandoogo.com\/index.php\/wp-json\/wp\/v2\/product"}],"about":[{"href":"https:\/\/karandoogo.com\/index.php\/wp-json\/wp\/v2\/types\/product"}],"wp:featuredmedia":[{"embeddable":true,"href":"https:\/\/karandoogo.com\/index.php\/wp-json\/wp\/v2\/media\/831"}],"wp:attachment":[{"href":"https:\/\/karandoogo.com\/index.php\/wp-json\/wp\/v2\/media?parent=2262"}],"wp:term":[{"taxonomy":"product_brand","embeddable":true,"href":"https:\/\/karandoogo.com\/index.php\/wp-json\/wp\/v2\/product_brand?post=2262"},{"taxonomy":"product_cat","embeddable":true,"href":"https:\/\/karandoogo.com\/index.php\/wp-json\/wp\/v2\/product_cat?post=2262"},{"taxonomy":"product_tag","embeddable":true,"href":"https:\/\/karandoogo.com\/index.php\/wp-json\/wp\/v2\/product_tag?post=2262"}],"curies":[{"name":"wp","href":"https:\/\/api.w.org\/{rel}","templated":true}]}}