{"id":2269,"date":"2022-08-31T19:35:57","date_gmt":"2022-08-31T19:35:57","guid":{"rendered":"https:\/\/karandoogo.com\/?post_type=product&#038;p=2269"},"modified":"2025-10-19T13:40:34","modified_gmt":"2025-10-19T13:40:34","slug":"expose-complet-sur-les-luttes-pour-lindependance-de-lamerique-du-sud-et-aux-antilles","status":"publish","type":"product","link":"https:\/\/karandoogo.com\/index.php\/produit\/expose-complet-sur-les-luttes-pour-lindependance-de-lamerique-du-sud-et-aux-antilles\/","title":{"rendered":"Expos\u00e9 complet sur les luttes pour l&rsquo;ind\u00e9pendance de l&rsquo;Am\u00e9rique du Sud et aux Antilles"},"content":{"rendered":"","protected":false},"excerpt":{"rendered":"<p><strong>NB:<\/strong> Les documents mis \u00e0 disposition sur ce site sont des documents \u00e0 exploiter, autrement dit des compl\u00e9ments pour parfaire votre travail. Ils ne sont pas faits pour \u00eatre pr\u00e9sent\u00e9s \u00e0 l\u2019\u00e9tat.<\/p>\n<p><strong><u>PLAN<\/u><\/strong><\/p>\n<p><strong><u>INTRODUCTION<\/u><\/strong><\/p>\n<ul>\n<li><strong><u>CONTEXTE DE LA LUTTE<\/u><\/strong><\/li>\n<li><strong><u>BATAILLE POUR L\u2019INDEPENDANCE <\/u><\/strong><\/li>\n<li><strong><u>Effondrement de la dynastie Bourbon<\/u><\/strong><\/li>\n<li><strong><u>Guerres civiles pour une souverainet\u00e9 contest\u00e9e, 1810-1814<\/u><\/strong><\/li>\n<li><strong><u>Tensions sociales et raciales<\/u><\/strong><\/li>\n<li><strong><u>Ind\u00e9pendance de l\u2019Am\u00e9rique du Sud<\/u><\/strong><\/li>\n<li><strong><u>CONSEQUENCES DE L\u2019INDEPENDANCE DE L\u2019AMERIQUE DU SUD<\/u><\/strong><\/li>\n<li><strong><u>Sur le plan \u00c9conomique<\/u><\/strong><\/li>\n<li><strong><u>Sur le plan social<\/u><\/strong><\/li>\n<li><strong><u>LUTTE POUR L\u2019INDEPENDANCE AUX ANTILLES<\/u><\/strong><\/li>\n<\/ul>\n<p><strong><u>CONCLUSION<\/u><\/strong><\/p>\n<p><strong><u>\u00a0<\/u><\/strong><\/p>\n<p><strong><u>INTRODUCTION<\/u><\/strong><\/p>\n<p>Les guerres d&rsquo;ind\u00e9pendance hispano-am\u00e9ricaines furent les nombreuses guerres contre la domination espagnole en Am\u00e9rique espagnole dans le but de l&rsquo;ind\u00e9pendance politique qui eurent lieu au d\u00e9but du XIXe si\u00e8cle, peu de temps apr\u00e8s l&rsquo;invasion fran\u00e7aise de l&rsquo;Espagne en 1807 pendant les guerres napol\u00e9oniennes en Europe. Bien qu&rsquo;il y ait eu des recherches sur l&rsquo;id\u00e9e d&rsquo;une identit\u00e9 hispano-am\u00e9ricaine (\u00ab cr\u00e9ole \u00bb) distincte de celle de la p\u00e9ninsule ib\u00e9rique, l&rsquo;ind\u00e9pendance politique n&rsquo;\u00e9tait pas au d\u00e9part l&rsquo;objectif de la plupart des Hispano-Am\u00e9ricains, ni n\u00e9cessairement in\u00e9vitable. Avec la restauration de Ferdinand VII en 1814, le roi rejeta tout type de souverainet\u00e9 populaire (junte ou cort\u00e8s). Le triennat lib\u00e9ral de 1820 ne changea pas non plus la position de la constitution de Cadix de 1812 contre le s\u00e9paratisme, tandis que les Latino-Am\u00e9ricains \u00e9taient de plus en plus radicalis\u00e9s en qu\u00eate d&rsquo;ind\u00e9pendance politique.<\/p>\n<ul>\n<li><strong><u>CONTEXTE DE LA LUTTE<\/u><\/strong><\/li>\n<\/ul>\n<p>L&rsquo;ind\u00e9pendance politique n&rsquo;\u00e9tait pas n\u00e9cessairement l&rsquo;issue pr\u00e9d\u00e9termin\u00e9e des troubles politiques en Am\u00e9rique espagnole. \u00ab Il y avait peu d&rsquo;int\u00e9r\u00eat pour l&rsquo;ind\u00e9pendance pure et simple \u00bb. En tant qu&rsquo;historiens R.A. Humphreys et John Lynch notent : \u00ab il est trop facile d&rsquo;assimiler les forces du m\u00e9contentement ou m\u00eame les forces du changement aux forces de la r\u00e9volution \u00bb. Depuis \u00ab par d\u00e9finition, il n&rsquo;y avait pas d&rsquo;histoire d&rsquo;ind\u00e9pendance jusqu&rsquo;\u00e0 ce qu&rsquo;elle se produise \u00bb, lorsque l&rsquo;ind\u00e9pendance hispano-am\u00e9ricaine eut lieu, des explications furent recherch\u00e9es pour expliquer pourquoi elle est n\u00e9e. Les guerres d&rsquo;ind\u00e9pendance de l&rsquo;Am\u00e9rique latine furent essentiellement men\u00e9es par la diaspora europ\u00e9enne contre les empires europ\u00e9ens.<\/p>\n<ul>\n<li><strong><u>BATAILLE POUR L\u2019INDEPENDANCE <\/u><\/strong><\/li>\n<li><strong><u>Effondrement de la dynastie Bourbon<\/u><\/strong><\/li>\n<\/ul>\n<p>L&rsquo;invasion de la p\u00e9ninsule ib\u00e9rique fut le d\u00e9clencheur de conflits en Am\u00e9rique espagnole en l&rsquo;absence d&rsquo;un monarque l\u00e9gitime. L&rsquo;invasion de la p\u00e9ninsule ib\u00e9rique commen\u00e7a une longue p\u00e9riode d&rsquo;instabilit\u00e9 dans la monarchie espagnole mondiale qui dura jusqu&rsquo;en 1823. L\u2019enl\u00e8vement par Napol\u00e9on des monarques Bourbon pr\u00e9cipita une crise politique en Espagne et&#8230;<\/p>\n<p>Pour obtenir l&rsquo;expos\u00e9 complet contactez le +226 56196345 (WhatsApp).<\/p>\n","protected":false},"featured_media":831,"template":"","meta":{"jetpack_publicize_message":"","jetpack_publicize_feature_enabled":true,"jetpack_social_post_already_shared":false,"jetpack_social_options":{"image_generator_settings":{"template":"highway","default_image_id":0,"font":"","enabled":false},"version":2}},"product_brand":[],"product_cat":[549,811,608],"product_tag":[901,833,900],"class_list":{"0":"post-2269","1":"product","2":"type-product","3":"status-publish","4":"has-post-thumbnail","6":"product_cat-geographie","7":"product_cat-geopolitique","8":"product_cat-histoire","9":"product_tag-antilles","10":"product_tag-independance-amerique","11":"product_tag-luttes","13":"first","14":"instock","15":"downloadable","16":"virtual","17":"sold-individually","18":"purchasable","19":"product-type-simple"},"aioseo_notices":[],"jetpack_publicize_connections":[],"jetpack-related-posts":[],"jetpack_sharing_enabled":true,"_links":{"self":[{"href":"https:\/\/karandoogo.com\/index.php\/wp-json\/wp\/v2\/product\/2269","targetHints":{"allow":["GET"]}}],"collection":[{"href":"https:\/\/karandoogo.com\/index.php\/wp-json\/wp\/v2\/product"}],"about":[{"href":"https:\/\/karandoogo.com\/index.php\/wp-json\/wp\/v2\/types\/product"}],"wp:featuredmedia":[{"embeddable":true,"href":"https:\/\/karandoogo.com\/index.php\/wp-json\/wp\/v2\/media\/831"}],"wp:attachment":[{"href":"https:\/\/karandoogo.com\/index.php\/wp-json\/wp\/v2\/media?parent=2269"}],"wp:term":[{"taxonomy":"product_brand","embeddable":true,"href":"https:\/\/karandoogo.com\/index.php\/wp-json\/wp\/v2\/product_brand?post=2269"},{"taxonomy":"product_cat","embeddable":true,"href":"https:\/\/karandoogo.com\/index.php\/wp-json\/wp\/v2\/product_cat?post=2269"},{"taxonomy":"product_tag","embeddable":true,"href":"https:\/\/karandoogo.com\/index.php\/wp-json\/wp\/v2\/product_tag?post=2269"}],"curies":[{"name":"wp","href":"https:\/\/api.w.org\/{rel}","templated":true}]}}