{"id":2271,"date":"2022-08-31T19:42:23","date_gmt":"2022-08-31T19:42:23","guid":{"rendered":"https:\/\/karandoogo.com\/?post_type=product&#038;p=2271"},"modified":"2025-10-19T13:40:34","modified_gmt":"2025-10-19T13:40:34","slug":"expose-complet-sur-les-resistances-noires-en-afrique-cas-de-laof","status":"publish","type":"product","link":"https:\/\/karandoogo.com\/index.php\/produit\/expose-complet-sur-les-resistances-noires-en-afrique-cas-de-laof\/","title":{"rendered":"Expos\u00e9 complet sur les r\u00e9sistances noires en Afrique &#8211; Cas de l&rsquo;AOF"},"content":{"rendered":"","protected":false},"excerpt":{"rendered":"<p><strong>NB:<\/strong> Les documents mis \u00e0 disposition sur ce site sont des documents \u00e0 exploiter, autrement dit des compl\u00e9ments pour parfaire votre travail. Ils ne sont pas faits pour \u00eatre pr\u00e9sent\u00e9s \u00e0 l\u2019\u00e9tat.<\/p>\n<p><strong><u>PLAN<\/u><\/strong><\/p>\n<p><strong><u>\u00a0<\/u><\/strong><\/p>\n<p><strong><u>INTRODUCTION<\/u><\/strong><\/p>\n<p><strong><u>\u00a0<\/u><\/strong><strong>\u00a0\u00a0\u00a0\u00a0\u00a0\u00a0 I &#8211;\u00a0\u00a0\u00a0\u00a0\u00a0\u00a0\u00a0\u00a0<u>Les formes de r\u00e9sistance<\/u><\/strong><\/p>\n<p><strong>1 &#8211; la<u> r\u00e9sistance active<\/u><\/strong><\/p>\n<p><strong>2 &#8211; la<u> r\u00e9sistance passive<\/u><\/strong><\/p>\n<p><strong>&#8211;\u00a0\u00a0\u00a0\u00a0\u00a0\u00a0<u>La r\u00e9sistance des peuples islamis\u00e9s<\/u><\/strong><\/p>\n<p><strong>1 &#8211;\u00a0\u00a0\u00a0\u00a0<u>L\u2019empire toucouleur d\u2019El Hadj Omar Tall<\/u><\/strong><strong><u>\u00a0<\/u><\/strong><strong><u>(1797-1864)<\/u><\/strong><\/p>\n<p><strong>2 &#8211; L\u2019empire<u> Wassoulou de Samory Tour\u00e9<\/u><\/strong><\/p>\n<p><strong>3 &#8211; La<u> r\u00e9sistance de Babemba de K\u00e9n\u00e9dougou<\/u><\/strong><\/p>\n<p><strong>II- <u>La r\u00e9sistance des peuples animistes<\/u><\/strong><\/p>\n<p><strong>1 &#8211; Le<u> Moogho<\/u><\/strong><\/p>\n<p><strong>2 &#8211; Le<u> royaume d\u2019Abomey (Dahomey)<\/u><\/strong><\/p>\n<p><strong>3 &#8211; La<u> conf\u00e9d\u00e9ration Ashanti<\/u><\/strong><\/p>\n<p><strong><u>III- Les causes de l\u2019\u00e9chec des r\u00e9sistances<\/u><\/strong><\/p>\n<p><strong>1 &#8211; Manque<u> d\u2019unit\u00e9<\/u><\/strong><\/p>\n<p><strong>2 &#8211; Inf\u00e9riorit\u00e9<u> technique de l\u2019armement<\/u><\/strong><\/p>\n<p><strong><u>Conclusion<\/u><\/strong><\/p>\n<p><u>\u00a0<\/u><\/p>\n<p><strong><u>\u00a0<\/u><\/strong><\/p>\n<p><strong><u>INTRODUCTION<\/u><\/strong><\/p>\n<p><u>\u00a0<\/u><\/p>\n<p>L\u2019Afrique Occidentale lors de la conqu\u00eate coloniale avait de puissants royaumes traditionnels. C\u2019est dans cette partie que les rivalit\u00e9s ont \u00e9t\u00e9 vives. C\u2019est aussi la zone de fortes r\u00e9sistances \u00e0 la p\u00e9n\u00e9tration coloniale. Soucieux de perdre leurs valeurs culturelles, leurs tr\u00f4nes et leurs richesses, les chefs locaux vont op\u00e9rer des r\u00e9sistances farouches dans plusieurs parties de ce territoire Ouest-Africain. Ces r\u00e9sistances ont \u00e9t\u00e9 organis\u00e9es par des royaumes animistes et des chefs musulmans qui assimilent la guerre contre les blancs \u00e0 la guerre sainte. Malheureusement, ces r\u00e9sistances ont \u00e9t\u00e9 vou\u00e9es \u00e0 l\u2019\u00e9chec.<\/p>\n<p>Dans les lignes qui suivent, nous montrerons comment ces r\u00e9sistances se sont d\u00e9roul\u00e9es dans les diff\u00e9rentes parties de ce territoire avant de nous pencher sur les causes de leur \u00e9chec.<\/p>\n<p>&nbsp;<\/p>\n<p><strong><u>\u00a0<\/u><\/strong><strong>\u00a0\u00a0\u00a0\u00a0\u00a0\u00a0 I &#8211;\u00a0\u00a0\u00a0\u00a0\u00a0\u00a0\u00a0\u00a0<u>Les formes de r\u00e9sistance<\/u><\/strong><\/p>\n<p><strong><u>\u00a0<\/u><\/strong><\/p>\n<p><strong>1 &#8211; la<u> r\u00e9sistance active<\/u><\/strong><\/p>\n<p><strong><u>\u00a0<\/u><\/strong><\/p>\n<p>Plus la colonisation se d\u00e9veloppait en Afrique Noire, plus la r\u00e9sistance arm\u00e9e devenait difficile. Les europ\u00e9ens confisquaient les armes et imposaient un contr\u00f4le toujours plus strict aux r\u00e9gions qu\u2019ils contr\u00f4laient. Quelques chefs guerriers entr\u00e8rent alors dans la clandestinit\u00e9. Aid\u00e9s de bandes arm\u00e9es, ils pillaient les colons, d\u00e9truisaient leurs r\u00e9coltes, attaquaient les administrateurs et les commer\u00e7ants en d\u00e9placement. Ils \u00e9taient aid\u00e9s dans leur lutte par les paysans. Par exemple, cette forme de r\u00e9sistance se manifeste lors de la prise de Ouagadougou.<\/p>\n<p><strong><u>\u00a0<\/u><\/strong><\/p>\n<p><strong>2 &#8211;\u00a0\u00a0<u>la r\u00e9sistance passive<\/u><\/strong><\/p>\n<p><strong><u>\u00a0<\/u><\/strong><\/p>\n<p>Les populations africaines recoururent souvent t \u00e0 la r\u00e9sistance passive. Elles refusaient de payer les imp\u00f4ts, de participer au travail forc\u00e9, d\u2019effectuer les cultures obligatoires ou de s\u2019enr\u00f4ler dans les arm\u00e9es coloniales. Elles inventaient mille et un stratag\u00e8mes pour \u00e9chapper au colon. Certains groupes s\u2019enfuyaient quand l\u2019administrateur faisait sa tourn\u00e9e dans leur village, des populations s\u00e9dentaires devenaient nomades, se cachant dans les montagnes et les for\u00eats et changeant sans cesse d\u2019implantation. D\u2019autres groupes ne pr\u00e9sentaient&#8230;<\/p>\n<p>Pour obtenir l&rsquo;expos\u00e9 complet contactez le +226 56196345 (WhatsApp).<\/p>\n","protected":false},"featured_media":831,"template":"","meta":{"jetpack_publicize_message":"","jetpack_publicize_feature_enabled":true,"jetpack_social_post_already_shared":false,"jetpack_social_options":{"image_generator_settings":{"template":"highway","default_image_id":0,"font":"","enabled":false},"version":2}},"product_brand":[],"product_cat":[548,714],"product_tag":[903,902],"class_list":{"0":"post-2271","1":"product","2":"type-product","3":"status-publish","4":"has-post-thumbnail","6":"product_cat-histoire-geographie","7":"product_cat-politique","8":"product_tag-afrique-occidentale-francaise","9":"product_tag-resistances-en-afrique-noire","11":"first","12":"instock","13":"downloadable","14":"virtual","15":"sold-individually","16":"purchasable","17":"product-type-simple"},"aioseo_notices":[],"jetpack_publicize_connections":[],"jetpack-related-posts":[],"jetpack_sharing_enabled":true,"_links":{"self":[{"href":"https:\/\/karandoogo.com\/index.php\/wp-json\/wp\/v2\/product\/2271","targetHints":{"allow":["GET"]}}],"collection":[{"href":"https:\/\/karandoogo.com\/index.php\/wp-json\/wp\/v2\/product"}],"about":[{"href":"https:\/\/karandoogo.com\/index.php\/wp-json\/wp\/v2\/types\/product"}],"wp:featuredmedia":[{"embeddable":true,"href":"https:\/\/karandoogo.com\/index.php\/wp-json\/wp\/v2\/media\/831"}],"wp:attachment":[{"href":"https:\/\/karandoogo.com\/index.php\/wp-json\/wp\/v2\/media?parent=2271"}],"wp:term":[{"taxonomy":"product_brand","embeddable":true,"href":"https:\/\/karandoogo.com\/index.php\/wp-json\/wp\/v2\/product_brand?post=2271"},{"taxonomy":"product_cat","embeddable":true,"href":"https:\/\/karandoogo.com\/index.php\/wp-json\/wp\/v2\/product_cat?post=2271"},{"taxonomy":"product_tag","embeddable":true,"href":"https:\/\/karandoogo.com\/index.php\/wp-json\/wp\/v2\/product_tag?post=2271"}],"curies":[{"name":"wp","href":"https:\/\/api.w.org\/{rel}","templated":true}]}}