{"id":2276,"date":"2022-08-31T20:06:18","date_gmt":"2022-08-31T20:06:18","guid":{"rendered":"https:\/\/karandoogo.com\/?post_type=product&#038;p=2276"},"modified":"2025-10-19T13:40:33","modified_gmt":"2025-10-19T13:40:33","slug":"expose-complet-sur-les-violences-en-milieu-scolaire-au-burkina","status":"publish","type":"product","link":"https:\/\/karandoogo.com\/index.php\/produit\/expose-complet-sur-les-violences-en-milieu-scolaire-au-burkina\/","title":{"rendered":"Expos\u00e9 complet sur les violences en milieu scolaire au Burkina"},"content":{"rendered":"","protected":false},"excerpt":{"rendered":"<p><strong>NB:<\/strong> Les documents mis \u00e0 disposition sur ce site sont des documents \u00e0 exploiter, autrement dit des compl\u00e9ments pour parfaire votre travail. Ils ne sont pas faits pour \u00eatre pr\u00e9sent\u00e9s \u00e0 l\u2019\u00e9tat.<\/p>\n<p><strong><u>INTRODUCTION<\/u><\/strong><\/p>\n<ul>\n<li><strong><u>LES VIOLENCES EN MILEU SCOLAIRE AU BURKINA <\/u><\/strong><\/li>\n<li><strong><u>CAUSES DES VIOLENCES EN MILIEU SCOLAIRE<\/u><\/strong><\/li>\n<li><strong><u>Les \u00e9v\u00e9nements nationaux<\/u><\/strong><\/li>\n<li><strong><u>Les questions jug\u00e9es injustes par les \u00e9l\u00e8ves<\/u><\/strong><\/li>\n<li><strong><u>CONSEQUENCES DES VIOLENCES EN MILIEU SCOLAIRE<\/u><\/strong><\/li>\n<li><strong><u>SOLUTIONS CONTRE LES VIOLENCES EN MILIEU SCOLAIRE<\/u><\/strong><\/li>\n<\/ul>\n<p><strong><u>CONCLUSION<\/u><\/strong><\/p>\n<p>&nbsp;<\/p>\n<p>&nbsp;<\/p>\n<p>&nbsp;<\/p>\n<p>&nbsp;<\/p>\n<p><strong><u>INTRODUCTION<\/u><\/strong><\/p>\n<p>Le Burkina Faso conna\u00eet une s\u00e9rie de gr\u00e8ves et de violences en milieu scolaires depuis 1998, surtout au mois de d\u00e9cembre. Des violences qui ont fini par donner \u00e0 certains \u00e9l\u00e8ves le go\u00fbt de la paresse plut\u00f4t qu\u2019un engagement pour une cause noble. Et ces derniers sont d\u00e9sormais nombreux dans les lyc\u00e9es et coll\u00e8ges du \u00ab Pays des hommes int\u00e8gres \u00bb. Dans certains cas ces \u00e9l\u00e8ves invoquent des raisons mineures, presque rien. Parfois, ils sont pr\u00eats \u00e0 mobiliser les autres pour un d\u00e9brayage dont eux seuls connaissent les objectifs r\u00e9els. Loin de nous, les temps o\u00f9 le \u00ab peuple r\u00e9el \u00bb se battait pour la justice et la libert\u00e9 du citoyen burkinab\u00e8.<\/p>\n<p>&nbsp;<\/p>\n<ul>\n<li><strong><u>LES VIOLENCES EN MILIEU SCOLAIRE DU BURKINA<\/u><\/strong><\/li>\n<\/ul>\n<p><strong><u>\u00a0<\/u><\/strong><\/p>\n<p>Le milieu scolaire burkinab\u00e8 est devenu le lieu par excellence de d\u00e9veloppement de l\u2019incivisme caract\u00e9ris\u00e9 par des destructions de biens publics et priv\u00e9s, d\u2019agressions verbales et physiques et de revendications ill\u00e9gales. C\u2019est ce que r\u00e9v\u00e8le le rapport 2017 du Comit\u00e9 national de lutte contre la violence en milieu scolaire qui fait cas de 107 cas de manifestations violentes dans les \u00e9tablissements secondaires du Burkina Faso. Face \u00e0 ce constat \u00ab amer \u00bb et afin de changer la donne, le minist\u00e8re des Droits humains et de la Promotion civique qui a pour mission principale d\u2019informer, de sensibiliser et de former les populations au civisme et \u00e0 la citoyennet\u00e9 a entrepris des activit\u00e9s au profit du monde \u00e9ducatif.<\/p>\n<p>La violence en milieu scolaire, dans les services publics de l\u2019Etat, dans la circulation routi\u00e8re, le saccage de biens publics et priv\u00e9s&#8230;<\/p>\n<p>Pour obtenir l&rsquo;expos\u00e9 complet contactez le +226 56196345 (WhatsApp).<\/p>\n","protected":false},"featured_media":831,"template":"","meta":{"jetpack_publicize_message":"","jetpack_publicize_feature_enabled":true,"jetpack_social_post_already_shared":false,"jetpack_social_options":{"image_generator_settings":{"template":"highway","default_image_id":0,"font":"","enabled":false},"version":2}},"product_brand":[],"product_cat":[546],"product_tag":[589,907],"class_list":{"0":"post-2276","1":"product","2":"type-product","3":"status-publish","4":"has-post-thumbnail","6":"product_cat-societe","7":"product_tag-incivisme","8":"product_tag-violence-en-milieu-scolaire","10":"first","11":"instock","12":"downloadable","13":"virtual","14":"sold-individually","15":"purchasable","16":"product-type-simple"},"aioseo_notices":[],"jetpack_publicize_connections":[],"jetpack-related-posts":[],"jetpack_sharing_enabled":true,"_links":{"self":[{"href":"https:\/\/karandoogo.com\/index.php\/wp-json\/wp\/v2\/product\/2276","targetHints":{"allow":["GET"]}}],"collection":[{"href":"https:\/\/karandoogo.com\/index.php\/wp-json\/wp\/v2\/product"}],"about":[{"href":"https:\/\/karandoogo.com\/index.php\/wp-json\/wp\/v2\/types\/product"}],"wp:featuredmedia":[{"embeddable":true,"href":"https:\/\/karandoogo.com\/index.php\/wp-json\/wp\/v2\/media\/831"}],"wp:attachment":[{"href":"https:\/\/karandoogo.com\/index.php\/wp-json\/wp\/v2\/media?parent=2276"}],"wp:term":[{"taxonomy":"product_brand","embeddable":true,"href":"https:\/\/karandoogo.com\/index.php\/wp-json\/wp\/v2\/product_brand?post=2276"},{"taxonomy":"product_cat","embeddable":true,"href":"https:\/\/karandoogo.com\/index.php\/wp-json\/wp\/v2\/product_cat?post=2276"},{"taxonomy":"product_tag","embeddable":true,"href":"https:\/\/karandoogo.com\/index.php\/wp-json\/wp\/v2\/product_tag?post=2276"}],"curies":[{"name":"wp","href":"https:\/\/api.w.org\/{rel}","templated":true}]}}