{"id":2277,"date":"2022-08-31T20:09:58","date_gmt":"2022-08-31T20:09:58","guid":{"rendered":"https:\/\/karandoogo.com\/?post_type=product&#038;p=2277"},"modified":"2025-10-19T13:40:33","modified_gmt":"2025-10-19T13:40:33","slug":"expose-complet-sur-lethique-et-le-sport","status":"publish","type":"product","link":"https:\/\/karandoogo.com\/index.php\/produit\/expose-complet-sur-lethique-et-le-sport\/","title":{"rendered":"Expos\u00e9 complet sur l&rsquo;\u00e9thique et le sport"},"content":{"rendered":"","protected":false},"excerpt":{"rendered":"<p><strong>NB:<\/strong> Les documents mis \u00e0 disposition sur ce site sont des documents \u00e0 exploiter, autrement dit des compl\u00e9ments pour parfaire votre travail. Ils ne sont pas faits pour \u00eatre pr\u00e9sent\u00e9s \u00e0 l\u2019\u00e9tat.<\/p>\n<p><strong><u>PLAN<\/u><\/strong><\/p>\n<p><strong><u>INTRODUCTION<\/u><\/strong><\/p>\n<ul>\n<li><strong><strong><u>LES PROBLEMES D\u2019ETHIQUE DANS LE SPORT<\/u><\/strong><\/strong><\/li>\n<li><strong><u>CONCERNANT LE PAYEMENT DES JOUEURS<\/u><\/strong><\/li>\n<li><strong><u>LA TRANSPARENCE DANS LES TRANSFERTS<\/u><\/strong><\/li>\n<li><strong><u>LUTTE CONTRE LA CORRUPTION DANS LES TRANSFERTS<\/u><\/strong><\/li>\n<li><strong><u>SOLUTIONS POUR UN SPORT PLUS ETHIQUE<\/u><\/strong><\/li>\n<li><strong><u>IMPLIQUER LES FEDERATIONS SPORTIVES<\/u><\/strong><\/li>\n<li><strong><u>CREER DES REFORMES INTERNATIONALES<\/u><\/strong><\/li>\n<li><strong><u>DIX PROPOSITIONS POUR UN SPORT PLUS ETHIQUE<\/u><\/strong><\/li>\n<\/ul>\n<p><strong><u>CONCLUSION<\/u><\/strong><\/p>\n<p><strong><u>\u00a0<\/u><\/strong><\/p>\n<p><strong><u>INTRODUCTION<\/u><\/strong><\/p>\n<p>L&rsquo;\u00e9thique est une discipline philosophique portant sur les jugements moraux. C&rsquo;est une r\u00e9flexion fondamentale sur laquelle, en principe, la morale de tout peuple pourrait \u00e9tablir ses normes, ses limites et ses devoirs. Matchs truqu\u00e9s, versements frauduleux, violences dans les stades, prise de produits dopants&#8230; Le sport n\u2019\u00e9chappe pas aux maux de notre soci\u00e9t\u00e9. Ces d\u00e9rives pourraient faire penser que le sport et l\u2019\u00e9thique, loin d\u2019\u00eatre indissociables, seraient plut\u00f4t antinomiques : lorsqu\u2019on poursuit l\u2019objectif d\u2019aller \u00ab plus loin, plus haut et plus fort \u00bb, la tentation d\u2019utiliser des m\u00e9thodes contraires \u00e0 l\u2019esprit sportif serait-elle forc\u00e9ment trop forte\u00a0? Nous parlerons de ce ph\u00e9nom\u00e8ne dans notre travail et de ce qui est mis en place pour y rem\u00e9dier.<\/p>\n<ul>\n<li><strong><strong><u>LES PROBLEMES D\u2019ETHIQUE DANS LE SPORT<\/u><\/strong><\/strong><\/li>\n<li><strong><u>CONCERNANT LE PAYEMENT DES JOUEURS<\/u><\/strong><\/li>\n<\/ul>\n<p>La question du paiement des agents de joueurs par les clubs professionnels fait l\u2019objet d\u2019un d\u00e9bat intense. Avant la loi du 9 juin 2010, le paiement des agents de joueurs par les clubs \u00e9tait interdit. Mais cette mesure \u00e9tait de fait d\u00e9tourn\u00e9 par les acteurs du sport : les agents ne transmettaient pas leurs contrats de mandat aux f\u00e9d\u00e9rations lorsqu\u2019un joueur \u00e9tait le mandant, alors que c\u2019\u00e9tait normalement obligatoire. Au moment de la signature du contrat du joueur, l\u2019agent du joueur devenait ainsi l\u2019agent du club et \u00e9tait r\u00e9mun\u00e9r\u00e9 par ce dernier. Ainsi, au printemps 2004, 80 % des mandats r\u00e9ceptionn\u00e9s par la f\u00e9d\u00e9ration fran\u00e7aise de rugby liaient un club et un agent alors que ce sont les joueurs qui utilisent en g\u00e9n\u00e9ral les agents. Ces pratiques existaient parce qu\u2019elles correspondaient \u00e0 un int\u00e9r\u00eat souvent commun : les joueurs ne souhaitaient pas r\u00e9mun\u00e9rer leurs agents et le club ne versait pas de cotisations sociales au titre de la prise en charge de la commission de l\u2019agent, alors qu\u2019elle constituait de facto un compl\u00e9ment de r\u00e9mun\u00e9ration pour le joueur. De plus, le paiement par le club permettait de d\u00e9duire le montant de la commission pour le calcul de la TVA. Enfin l\u2019agent lui-m\u00eame \u00e9tait garanti du paiement de ses honoraires, sans que son nom n\u2019apparaisse dans la transaction, ce qui pouvait lui permettre de dissimuler une partie de ses honoraires. Les effets de cette mesure \u00e9taient donc contre-productifs avec un contr\u00f4le difficile des licences d\u2019agent et l\u2019utilisation de r\u00e9tro-commissions.<\/p>\n<ul>\n<li><strong><u>LA TRANSPARENCE DANS LES TRANSFERTS<\/u><\/strong><\/li>\n<\/ul>\n<p>Plusieurs mesures ont \u00e9t\u00e9 mises en place pour am\u00e9liorer la transparence sur les op\u00e9rations d\u2019achats de joueurs par les clubs. La Fifa a ainsi mis en place un syst\u00e8me de r\u00e9gulation pour les transferts internationaux. Utilis\u00e9 par 4 600 clubs, le certificat de transfert international impose ainsi que les clubs fournissent des renseignements sur l\u2019identit\u00e9 du joueur, les clubs concern\u00e9s et les paiements effectu\u00e9s (montant, d\u00e9lais et informations bancaires).Le syst\u00e8me de suivi britannique a pour objectif de suivre \u00e0 la fois les transferts domestiques et internationaux, mais aussi les commissions d\u2019agents. La garantie et la sinc\u00e9rit\u00e9 des paiements effectu\u00e9s dans le cadre des transferts sont&#8230;<\/p>\n<p>Pour obtenir l&rsquo;expos\u00e9 complet contactez le +226 56196345 (WhatsApp).<\/p>\n","protected":false},"featured_media":831,"template":"","meta":{"jetpack_publicize_message":"","jetpack_publicize_feature_enabled":true,"jetpack_social_post_already_shared":false,"jetpack_social_options":{"image_generator_settings":{"template":"highway","default_image_id":0,"font":"","enabled":false},"version":2}},"product_brand":[],"product_cat":[667,546],"product_tag":[908,668],"class_list":{"0":"post-2277","1":"product","2":"type-product","3":"status-publish","4":"has-post-thumbnail","6":"product_cat-epreuves-physiques-et-sportives-eps","7":"product_cat-societe","8":"product_tag-ethique","9":"product_tag-sport","11":"first","12":"instock","13":"downloadable","14":"virtual","15":"sold-individually","16":"purchasable","17":"product-type-simple"},"aioseo_notices":[],"jetpack_publicize_connections":[],"jetpack-related-posts":[],"jetpack_sharing_enabled":true,"_links":{"self":[{"href":"https:\/\/karandoogo.com\/index.php\/wp-json\/wp\/v2\/product\/2277","targetHints":{"allow":["GET"]}}],"collection":[{"href":"https:\/\/karandoogo.com\/index.php\/wp-json\/wp\/v2\/product"}],"about":[{"href":"https:\/\/karandoogo.com\/index.php\/wp-json\/wp\/v2\/types\/product"}],"wp:featuredmedia":[{"embeddable":true,"href":"https:\/\/karandoogo.com\/index.php\/wp-json\/wp\/v2\/media\/831"}],"wp:attachment":[{"href":"https:\/\/karandoogo.com\/index.php\/wp-json\/wp\/v2\/media?parent=2277"}],"wp:term":[{"taxonomy":"product_brand","embeddable":true,"href":"https:\/\/karandoogo.com\/index.php\/wp-json\/wp\/v2\/product_brand?post=2277"},{"taxonomy":"product_cat","embeddable":true,"href":"https:\/\/karandoogo.com\/index.php\/wp-json\/wp\/v2\/product_cat?post=2277"},{"taxonomy":"product_tag","embeddable":true,"href":"https:\/\/karandoogo.com\/index.php\/wp-json\/wp\/v2\/product_tag?post=2277"}],"curies":[{"name":"wp","href":"https:\/\/api.w.org\/{rel}","templated":true}]}}