{"id":2282,"date":"2022-08-31T20:33:10","date_gmt":"2022-08-31T20:33:10","guid":{"rendered":"https:\/\/karandoogo.com\/?post_type=product&#038;p=2282"},"modified":"2025-10-19T13:40:33","modified_gmt":"2025-10-19T13:40:33","slug":"expose-complet-sur-la-technologie-uniforme-de-communication","status":"publish","type":"product","link":"https:\/\/karandoogo.com\/index.php\/produit\/expose-complet-sur-la-technologie-uniforme-de-communication\/","title":{"rendered":"Expos\u00e9 complet sur la technologie uniforme de communication"},"content":{"rendered":"","protected":false},"excerpt":{"rendered":"<p><strong>NB:<\/strong> Les documents mis \u00e0 disposition sur ce site sont des documents \u00e0 exploiter, autrement dit des compl\u00e9ments pour parfaire votre travail. Ils ne sont pas faits pour \u00eatre pr\u00e9sent\u00e9s \u00e0 l\u2019\u00e9tat.<\/p>\n<p><strong><u>INTRODUCTION<\/u><\/strong><\/p>\n<ul>\n<li><strong><u>DEFINITION ET ORIGINE DU MOT TECHNOLOGIE UNIFORME DE COMMUNICATION<\/u><\/strong><\/li>\n<li><strong><u>DEFINITION<\/u><\/strong><\/li>\n<li><strong><u>ORIGINE<\/u><\/strong><\/li>\n<li><strong><u>FONCTION DE LA TECHNOLOGIE UNIFORME DE COMMUNICATION<\/u><\/strong><\/li>\n<li><strong><u>DANS LE DOMAINE DE LA TECHNOLOGIE UNIFORME DE COMMUNICATION <\/u><\/strong><\/li>\n<li><strong><u>DANS LE DOMAINE DE L\u2019EDUCATION<\/u><\/strong><\/li>\n<li><strong><u>FONCTIONNEMENT DE LA TECHNOLOGIE UNIFORME DE COMMUNICATION<\/u><\/strong><\/li>\n<li><strong><u>SERVICES DISPONIBLES<\/u><\/strong><\/li>\n<li><strong><u>COMMENT UTILISER LA TECHNOLOGIE UNIFORME DE COMMUNICATION<\/u><\/strong><\/li>\n<li><strong><u>PARTICULARITE DE LA TECHNOLOGIE UNIFORME DE COMMUNICATION<\/u><\/strong><\/li>\n<li><strong><u>AVANTAGES ET INCONVENIENTS DE LA TECHNOLOGIE UNIFORME DE COMMUNICATION<\/u><\/strong><\/li>\n<li><strong><u>AVANTAGES<\/u><\/strong><\/li>\n<li><strong><u>INCONVENIENTS<\/u><\/strong><\/li>\n<\/ul>\n<p><strong><u>CONCLUSION<\/u><\/strong><\/p>\n<p><strong><u>\u00a0<\/u><\/strong><\/p>\n<p><strong><u>INTRODUCTION<\/u><\/strong><\/p>\n<p>Le terme Technologie uniforme de communication, lorsqu&rsquo;il est utilis\u00e9 pour d\u00e9signer le syst\u00e8me mondial sp\u00e9cifique de r\u00e9seau de protocole Technologie uniforme de communication interconnect\u00e9 (I P), est un nom propre et peut \u00eatre \u00e9crit avec une lettre majuscule initiale. Historiquement, d\u00e8s 1849, le mot technologie uniforme de communication \u00a0\u00e9tait utilis\u00e9 non capitalis\u00e9 comme adjectif, signifiant interconnect\u00e9 ou imbriqu\u00e9.<\/p>\n<p>Les origines de la technologie uniforme de communication remontent \u00e0 la recherche et au d\u00e9veloppement command\u00e9 par le gouvernement des \u00c9tats-Unis, le gouvernement du Royaume-Uni et le gouvernement de la France dans les ann\u00e9es 1960 pour construire une communication robuste et tol\u00e9rante aux pannes via ordinateur.<\/p>\n<p>&nbsp;<\/p>\n<ul>\n<li><strong><u>DEFINITION ET ORIGINE DU MOT TECHNOLOGIE UNIFORME DE COMMUNICATION<\/u><\/strong><\/li>\n<li><strong><u>DEFINITION<\/u><\/strong><\/li>\n<\/ul>\n<p><strong><u>\u00a0<\/u><\/strong><\/p>\n<p>Technologie uniforme de communication est le syst\u00e8me mondial de r\u00e9seaux informatiques interconnect\u00e9s qui utilisent la suite de protocoles Technologie uniforme de communication (TCP \/ IP) pour relier des milliards d&rsquo;appareils dans le monde. C&rsquo;est un r\u00e9seau de r\u00e9seaux qui se compose de millions de r\u00e9seaux priv\u00e9s, publics, universitaires et gouvernementaux \u00e0 l&rsquo;\u00e9chelle locale \u00e0 mondiale, reli\u00e9s par un large \u00e9ventail de technologies de r\u00e9seautage \u00e9lectroniques, sans fil et optiques.<\/p>\n<ul>\n<li><strong><u>ORIGINE<\/u><\/strong><\/li>\n<\/ul>\n<p>L&rsquo;histoire de la technologie uniforme de communication commence avec le d\u00e9veloppement de l&rsquo;informatique \u00e9lectronique dans les ann\u00e9es 1950. Les premiers concepts de mise en r\u00e9seau par paquets sont n\u00e9s dans&#8230;<\/p>\n<p>Pour obtenir l&rsquo;expos\u00e9 complet contactez le +226 56196345 (WhatsApp).<\/p>\n","protected":false},"featured_media":831,"template":"","meta":{"jetpack_publicize_message":"","jetpack_publicize_feature_enabled":true,"jetpack_social_post_already_shared":false,"jetpack_social_options":{"image_generator_settings":{"template":"highway","default_image_id":0,"font":"","enabled":false},"version":2}},"product_brand":[],"product_cat":[546],"product_tag":[915,916],"class_list":{"0":"post-2282","1":"product","2":"type-product","3":"status-publish","4":"has-post-thumbnail","6":"product_cat-societe","7":"product_tag-communication","8":"product_tag-technologies","10":"first","11":"instock","12":"downloadable","13":"virtual","14":"sold-individually","15":"purchasable","16":"product-type-simple"},"aioseo_notices":[],"jetpack_publicize_connections":[],"jetpack-related-posts":[],"jetpack_sharing_enabled":true,"_links":{"self":[{"href":"https:\/\/karandoogo.com\/index.php\/wp-json\/wp\/v2\/product\/2282","targetHints":{"allow":["GET"]}}],"collection":[{"href":"https:\/\/karandoogo.com\/index.php\/wp-json\/wp\/v2\/product"}],"about":[{"href":"https:\/\/karandoogo.com\/index.php\/wp-json\/wp\/v2\/types\/product"}],"wp:featuredmedia":[{"embeddable":true,"href":"https:\/\/karandoogo.com\/index.php\/wp-json\/wp\/v2\/media\/831"}],"wp:attachment":[{"href":"https:\/\/karandoogo.com\/index.php\/wp-json\/wp\/v2\/media?parent=2282"}],"wp:term":[{"taxonomy":"product_brand","embeddable":true,"href":"https:\/\/karandoogo.com\/index.php\/wp-json\/wp\/v2\/product_brand?post=2282"},{"taxonomy":"product_cat","embeddable":true,"href":"https:\/\/karandoogo.com\/index.php\/wp-json\/wp\/v2\/product_cat?post=2282"},{"taxonomy":"product_tag","embeddable":true,"href":"https:\/\/karandoogo.com\/index.php\/wp-json\/wp\/v2\/product_tag?post=2282"}],"curies":[{"name":"wp","href":"https:\/\/api.w.org\/{rel}","templated":true}]}}