{"id":2283,"date":"2022-08-31T20:41:20","date_gmt":"2022-08-31T20:41:20","guid":{"rendered":"https:\/\/karandoogo.com\/?post_type=product&#038;p=2283"},"modified":"2025-10-19T13:40:33","modified_gmt":"2025-10-19T13:40:33","slug":"expose-tres-complet-sur-crepuscule-des-temps-anciens-de-nazi-boni","status":"publish","type":"product","link":"https:\/\/karandoogo.com\/index.php\/produit\/expose-tres-complet-sur-crepuscule-des-temps-anciens-de-nazi-boni\/","title":{"rendered":"EXPOSE tr\u00e8s complet sur CREPUSCULE DES TEMPS anciens de Nazi Boni"},"content":{"rendered":"","protected":false},"excerpt":{"rendered":"<p><strong>NB:<\/strong> Les documents mis \u00e0 disposition sur ce site sont des documents \u00e0 exploiter, autrement dit des compl\u00e9ments pour parfaire votre travail. Ils ne sont pas faits pour \u00eatre pr\u00e9sent\u00e9s \u00e0 l\u2019\u00e9tat.<\/p>\n<p><strong>INTRODUCTION<\/strong><\/p>\n<p><strong>I-PRESENTATION DE L\u2019\u0152UVRE <\/strong><\/p>\n<p>Le titre\u00a0: Cr\u00e9puscule des anciens<\/p>\n<ol>\n<li>L\u2019auteur biographie et bibliographie<\/li>\n<li>La maison d&rsquo;\u00e9dition et la date de publication<\/li>\n<li>Le genre de l&rsquo;\u0153uvre<\/li>\n<li>La subdivision de l&rsquo;\u0153uvre<\/li>\n<\/ol>\n<p><strong>II-LE RESUME DE L\u2019\u0152UVRE <\/strong><\/p>\n<p><strong>\u00a0<\/strong><\/p>\n<p><strong>III-LES THEMES <\/strong><\/p>\n<ol>\n<li>Le th\u00e8me principal<\/li>\n<li>Les th\u00e8mes secondaires<\/li>\n<\/ol>\n<p><strong>\u00a0<\/strong><\/p>\n<p><strong>IV-LES PERSONNAGES <\/strong><\/p>\n<ol>\n<li>Les personnages principaux<\/li>\n<li>Les personnages secondaires<\/li>\n<li>Les adjuvants<\/li>\n<li>Les opposants<\/li>\n<\/ol>\n<p>&nbsp;<\/p>\n<p><strong>V-L\u2019ESPACE ET LE TEMPS<\/strong><\/p>\n<p><strong>\u00a0<\/strong><\/p>\n<p><strong>VI-LE STYLE DE NAZI BONI<\/strong><\/p>\n<p><strong>VII-LA PORTEE DE L\u2019\u0152UVRE<\/strong><\/p>\n<p><strong>VIII-QUELQUES CITATIONS<\/strong><\/p>\n<p><strong>Conclusion<\/strong><\/p>\n<p>&nbsp;<\/p>\n<p><strong>Introduction<\/strong><\/p>\n<p>La litt\u00e9rature n\u00e9gro-africaine n\u00e9e du besoin de l\u2019homme noir de se faire entendre a pris de l\u2019ampleur apr\u00e8s les ind\u00e9pendances. C\u2019est ainsi que de nombreux \u00e9lites africains se sont engag\u00e9s \u00e0 d\u00e9noncer les m\u00e9faits de la colonisation tout en valorisant leur culture. Parmi ces \u00e9crivains, nous pouvons citer Nazi Boni avec son ouvrage cr\u00e9puscule des temps anciens qui est le premier roman Burkinab\u00e9.<\/p>\n<p>Cette \u0153uvre constitue un tableau attachant de la Haute-Volta du temps jadis. C\u2019est l\u2019occasion pour l\u2019auteur de montrer \u00e0 la fois l\u2019originalit\u00e9 et la richesse des anciennes civilisations africaines fond\u00e9es sur des valeurs d\u2019honneur, de courage et de solidarit\u00e9 et leur volont\u00e9 de r\u00e9sistance \u00e0 l\u2019invasion et \u00e0 la servitude \u00e9trang\u00e8re.<\/p>\n<p>Notre t\u00e2che s\u2019articulera sur les transformations qu\u2019a subies la soci\u00e9t\u00e9 africaine.<\/p>\n<p>&nbsp;<\/p>\n<ol>\n<li><strong>PRESENTATION DE L\u2019\u0152UVRE <\/strong><\/li>\n<\/ol>\n<p><strong>\u00a0<\/strong><\/p>\n<ol>\n<li><strong>Le titre\u00a0: Cr\u00e9puscule des anciens <\/strong><\/li>\n<\/ol>\n<p><strong>\u00a0<\/strong><\/p>\n<ol start=\"2\">\n<li><strong>L\u2019auteur biographie et bibliographie <\/strong><\/li>\n<\/ol>\n<p><strong>\u00a0<\/strong><\/p>\n<ul>\n<li><strong>Biographie <\/strong><\/li>\n<\/ul>\n<p>Nazi Boni fut davantage un homme politique qu\u2019un homme de lettres.<\/p>\n<p>N\u00e9 en 1909 \u00e0 Bwan, un petit village de Haute-Volta, actuel Burkina Faso, il appartenait \u00e0 l\u2019ethnie Bwaba, sous-groupe de la branche des mand\u00e9s.<\/p>\n<p>C\u2019est de son village et de villages environnants qu\u2019il est question dans Cr\u00e9puscule des temps anciens.<\/p>\n<p>L\u2019homme protestant fervent (ses retours de pri\u00e8re ressemblaient \u00e0 des retours de voyage), \u00e9tait d\u2019une grande g\u00e9n\u00e9rosit\u00e9 et d\u2019une int\u00e9grit\u00e9 rare.<\/p>\n<p>Un mot r\u00e9sumait la vie de Nazi Boni\u00a0: le Combat. De la race des lutteurs, la vie donna plus d\u2019un combat tant au plan priv\u00e9 qu\u2019au plan public.<\/p>\n<p>Son premier combat fut celui qui m\u00e8ne aux dipl\u00f4me\u00a0: ceux pr\u00e9vus et autoris\u00e9s par l\u2019administration coloniale et ceux qui ne l\u2019\u00e9taient pas.<\/p>\n<p>Ecole primaire \u00e0 D\u00e9dougou, chef-lieu Bwaba, de 1921 \u00e0 1925, \u00e9cole primaire sup\u00e9rieur de 1925 \u00e0 1928, il fr\u00e9quente la fameuse \u00e9cole Normale William Ponty de Gor\u00e9e (S\u00e9n\u00e9gal) de 1928 \u00e0 2931, en sortit nanti du dipl\u00f4me d\u2019instituteur. Il servit tour \u00e0 tour comme Directeur d\u2019\u00e9coles r\u00e9gionales \u00e0 Aboud\u00e9, Bangouanou, Odienn\u00e9, Agboville, Aboisso et Treichville\u00a0: nous sommes en 1942. Il \u00e9tait nanti du DAP depuis 1939 (Dipl\u00f4me d\u2019Aptitude Professionnelle). Restait un dipl\u00f4me r\u00e9serv\u00e9 aux Blancs\u00a0: le DSAP (Dipl\u00f4me d\u2019Aptitude Professionnelle de l\u2019Enseignant). L\u2019on y acc\u00e9dait via un concours. Le candidat devait prouver sur le terrain sa polyvalence. L\u2019Auteur lui, enseigna les math\u00e9matiques, l\u2019Histoire et le fran\u00e7ais. Le candidat devait en outre avoir le niveau d\u2019un professeur du 1<sup>er<\/sup> cycle des \u00e9tablissements secondaires actuels.<\/p>\n<p>&nbsp;<\/p>\n<p>La Haute-Volta avait \u00e9t\u00e9 d\u00e9mantel\u00e9e en 1934 et avait vu la majeure partie de son territoire rattach\u00e9e \u00e0 la C\u00f4te d&rsquo; Ivoire,<\/p>\n<p>La reconstitution de la Haute-Volta en tant qu&rsquo;entit\u00e9 politique fut un de ses premiers combats politiques. C&rsquo;est au sein de 1&rsquo;\u00abUnion Volta\u00efque\u00bb que Nazi BONI combattit pour la reconstitution de son pays, refusant que la Haute-Volta serve de marche pied au sens propre du terme \u00e0 la C\u00f4te d&rsquo;Ivoire: il contrait ainsi Houphou\u00ebt Boigny et Ouezzin Coulibaly.<\/p>\n<p>Son combat ne fut pas vain: la Haute-Volta fut reconstitu\u00e9e en septembre 1947.<\/p>\n<p>L&rsquo;auteur fut d\u00e9put\u00e9 au palais Bourbon de 1948 \u00e0 1958, membre de l&rsquo;Assembl\u00e9e territoriale de la Haute-Volta de 1947 \u00e0 1959, il fut pr\u00e9sident de cette m\u00eame Assembl\u00e9e de 1958 \u00e0 1959.<\/p>\n<p>Contraint \u00e0 l&rsquo;exile en 1960, ses biens confisqu\u00e9s, cet id\u00e9aliste se tourna sans amertume aucune, vers les lettres, certainement empli de cette nostalgie que ressentent tous les exil\u00e9s, il \u00e9crit (Cr\u00e9puscule des temps anciens) se consacra \u00e0 la recherche et produisit histoire synth\u00e9tique<br \/>\nde l\u2019Afrique r\u00e9sistante.<\/p>\n<p>Il rentra dans son pays natal en 1966, menant de pair des activit\u00e9s politiques et litt\u00e9raires, fonda le 1<sup>er<\/sup> \u00e9tablissement scolaire secondaire de Bobo-Dioulasso, Etablissement qui a form\u00e9 et forme encore aujourd&rsquo;hui bien des cadres de la nation.<\/p>\n<p>C&rsquo;est en se rendant \u00e0 une conf\u00e9rence sur \u00ables fondements traditionnels et modernes des pouvoirs en Afrique\u00bb dans le cadre du CALAHV (Cercle d&rsquo;Activit\u00e9s Litt\u00e9raires et Artistiques de la Haute-Volta) qu&rsquo;il trouva la mort en 1969 \u00e0 une soixantaine de kilom\u00e8tres de Ouagadougou.<\/p>\n<p>Il a r\u00e9cemment \u00e9t\u00e9 \u00e9rig\u00e9 au rang de \u00abh\u00e9ros national du Burkina Faso\u00bb<\/p>\n<ul>\n<li><strong> Bibliographie <\/strong><\/li>\n<\/ul>\n<p>En plus du roman \u00ab\u00a0Cr\u00e9puscule des temps anciens\u00a0\u00bb, Nazi BONI \u00e9crivit aussi \u00ab\u00a0Histoire<br \/>\nSynth\u00e9tique de l&rsquo;Afrique r\u00e9sistante\u00a0\u00bb \u00e9dit\u00e9 \u00e0 titre Posthume par pr\u00e9sence Africaine en 1972.<\/p>\n<ol start=\"3\">\n<li><strong>La maison d&rsquo;\u00e9dition et la date de publication <\/strong><\/li>\n<\/ol>\n<p>Le roman \u00ab\u00a0cr\u00e9puscule des temps anciens\u00a0\u00bb fut \u00e9dit\u00e9 par pr\u00e9sence africaine et publi\u00e9 en 1962.<\/p>\n<ol start=\"4\">\n<li><strong>Le genre de l&rsquo;\u0153uvre <\/strong><\/li>\n<\/ol>\n<p>Le cr\u00e9puscule des temps anciens est un roman historique.<\/p>\n<ol start=\"5\">\n<li><strong>La subdivision de l&rsquo;\u0153uvre <\/strong><\/li>\n<\/ol>\n<p>L&rsquo;\u0153uvre est divis\u00e9 en 256 pages et comporte 15 chapitres. On peut alors diviser l&rsquo;\u0153uvre<br \/>\nde la mani\u00e8re suivante:<\/p>\n<ul>\n<li><strong>1 \u00e8re partie<\/strong>: la pass\u00e9 harmonieux du Bwamu. Cette partie se situe exactement entre les chapitres 1 \u00e0 V (page 21, 31, 103).<\/li>\n<\/ul>\n<p>&nbsp;<\/p>\n<ul>\n<li><strong>2<sup>\u00e8me<\/sup> partie<\/strong>: L&rsquo;initiation des Bwaba au Do(page 105-203) chapitre VI \u00e0 XIII<\/li>\n<\/ul>\n<p><strong>\u00a0<\/strong><\/p>\n<ul>\n<li><strong>3<sup>\u00e8me\u00a0<\/sup>partie<\/strong>: La fin du vieux Bwamu (page 205-256) comprise entre les chapitres XIV et XV<\/li>\n<\/ul>\n<p>&nbsp;<\/p>\n<p>&nbsp;<\/p>\n<ol>\n<li><strong>LE RESUME DE L\u2019\u0152UVRE <\/strong><\/li>\n<\/ol>\n<p>&nbsp;<\/p>\n<p>Il y a environ 300 ans, les Bwaba aussi appel\u00e9s Bobo-Oul\u00e9 jouissait d\u2019un riche tr\u00e9sor de syst\u00e8me et de magies qui d\u00e9terminent sur les a\u00efeux des grands-p\u00e8res des p\u00e8res de nos p\u00e8res.<\/p>\n<p>L\u2019homme \u00e9tait en contact permanent avec&#8230;<\/p>\n<p>Pour obtenir l&rsquo;expos\u00e9 complet contactez le +226 56196345 (WhatsApp).<\/p>\n","protected":false},"featured_media":831,"template":"","meta":{"jetpack_publicize_message":"","jetpack_publicize_feature_enabled":true,"jetpack_social_post_already_shared":false,"jetpack_social_options":{"image_generator_settings":{"template":"highway","default_image_id":0,"font":"","enabled":false},"version":2}},"product_brand":[],"product_cat":[598,547],"product_tag":[917],"class_list":{"0":"post-2283","1":"product","2":"type-product","3":"status-publish","4":"has-post-thumbnail","6":"product_cat-litterature","7":"product_cat-litterature-africaine","8":"product_tag-crepuscule-des-temps-anciens","10":"first","11":"instock","12":"downloadable","13":"virtual","14":"sold-individually","15":"purchasable","16":"product-type-simple"},"aioseo_notices":[],"jetpack_publicize_connections":[],"jetpack-related-posts":[],"jetpack_sharing_enabled":true,"_links":{"self":[{"href":"https:\/\/karandoogo.com\/index.php\/wp-json\/wp\/v2\/product\/2283","targetHints":{"allow":["GET"]}}],"collection":[{"href":"https:\/\/karandoogo.com\/index.php\/wp-json\/wp\/v2\/product"}],"about":[{"href":"https:\/\/karandoogo.com\/index.php\/wp-json\/wp\/v2\/types\/product"}],"wp:featuredmedia":[{"embeddable":true,"href":"https:\/\/karandoogo.com\/index.php\/wp-json\/wp\/v2\/media\/831"}],"wp:attachment":[{"href":"https:\/\/karandoogo.com\/index.php\/wp-json\/wp\/v2\/media?parent=2283"}],"wp:term":[{"taxonomy":"product_brand","embeddable":true,"href":"https:\/\/karandoogo.com\/index.php\/wp-json\/wp\/v2\/product_brand?post=2283"},{"taxonomy":"product_cat","embeddable":true,"href":"https:\/\/karandoogo.com\/index.php\/wp-json\/wp\/v2\/product_cat?post=2283"},{"taxonomy":"product_tag","embeddable":true,"href":"https:\/\/karandoogo.com\/index.php\/wp-json\/wp\/v2\/product_tag?post=2283"}],"curies":[{"name":"wp","href":"https:\/\/api.w.org\/{rel}","templated":true}]}}