{"id":2290,"date":"2022-08-31T20:28:44","date_gmt":"2022-08-31T20:28:44","guid":{"rendered":"https:\/\/karandoogo.com\/?post_type=product&#038;p=2290"},"modified":"2025-10-19T13:40:33","modified_gmt":"2025-10-19T13:40:33","slug":"expose-complet-sur-le-mariage-gay","status":"publish","type":"product","link":"https:\/\/karandoogo.com\/index.php\/produit\/expose-complet-sur-le-mariage-gay\/","title":{"rendered":"Expos\u00e9 complet sur le mariage Gay"},"content":{"rendered":"","protected":false},"excerpt":{"rendered":"<p><strong>NB:<\/strong> Les documents mis \u00e0 disposition sur ce site sont des documents \u00e0 exploiter, autrement dit des compl\u00e9ments pour parfaire votre travail. Ils ne sont pas faits pour \u00eatre pr\u00e9sent\u00e9s \u00e0 l\u2019\u00e9tat.<\/p>\n<p><strong><u>INTRODUCTION<\/u><\/strong><\/p>\n<ul>\n<li><strong><u>ORIGINE<\/u><\/strong><\/li>\n<li><strong><u>POSITION DE LA RELIGION VIS-A-VIS DU MARIAGE GAY<\/u><\/strong><\/li>\n<li><strong><u>PROBLEME DE PROCREATION DES COUPLES GAYS<\/u><\/strong><\/li>\n<li><strong><u>L\u2019HOMOPHOBIE (HAINE CONTRE LES GAYS)<\/u><\/strong><\/li>\n<\/ul>\n<p><strong><u>CONCLUSION<\/u><\/strong><\/p>\n<p>&nbsp;<\/p>\n<p><strong><u>\u00a0<\/u><\/strong><\/p>\n<p><strong><u>INTRODUCTION<\/u><\/strong><\/p>\n<p>Le mariage homosexuel est le terme qui d\u00e9signe couramment le mariage entre personnes de m\u00eame sexe, reconnu par certaines l\u00e9gislations (pouvant ouvrir des droits \u00e0 l\u2019homoparentalit\u00e9 et \u00e0 l\u2019adoption homoparentale) alors que d\u2019autres n\u2019autorisent le mariage qu\u2019entre un homme et une femme.<\/p>\n<ul>\n<li><strong><u>ORIGINE<\/u><\/strong><\/li>\n<\/ul>\n<p>Des mariages homosexuels ont \u00e9t\u00e9 pratiqu\u00e9s par certaines civilisations d\u00e8s l\u2019Antiquit\u00e9. Or, durant les XIXe et XXe si\u00e8cles, l\u2019homosexualit\u00e9 a \u00e9t\u00e9 g\u00e9n\u00e9ralement criminalis\u00e9e ou consid\u00e9r\u00e9e comme une maladie mentale. Depuis la fin du XXe si\u00e8cle, l\u2019\u00e9volution des soci\u00e9t\u00e9s et les revendications des mouvements homosexuels conduisent un nombre croissant d\u2019\u00c9tats \u00e0 \u00e9tendre la reconnaissance l\u00e9gale de l\u2019union civile ou du mariage aux couples de personnes de m\u00eame sexe. Cette extension concerne essentiellement le mariage civil, le mariage religieux restant h\u00e9t\u00e9rosexuel \u00e0 de rares exceptions pr\u00e8s.<\/p>\n<p>Au 23 mai 2019, 27 \u00c9tats lui accordent un statut l\u00e9gal (dont deux sur une partie de leur territoire seulement), la quasi-totalit\u00e9 d\u2019entre eux ayant \u00e9galement l\u00e9galis\u00e9 l\u2019adoption par les couples homosexuels mari\u00e9s.<\/p>\n<ul>\n<li><strong><u>POSITION DE LA RELIGION VIS-A-VIS DU MARIAGE GAY<\/u><\/strong><\/li>\n<\/ul>\n<p>La plupart des doctrines des religions monoth\u00e9istes condamnent l\u2019homosexualit\u00e9 et ne c\u00e9l\u00e8brent de mariage qu\u2019entre un homme et une femme. De fait, dans le d\u00e9bat public, les autorit\u00e9s religieuses sont souvent parmi les principaux opposants au mariage entre personnes du m\u00eame sexe. Dans les pays o\u00f9 ce dernier est l\u00e9gal, des exemptions sont g\u00e9n\u00e9ralement cr\u00e9\u00e9es pour autoriser les autorit\u00e9s religieuses \u00e0 ne pas c\u00e9l\u00e9brer ces mariages. Toutefois, des exceptions existent :<\/p>\n<ul>\n<li>En Su\u00e8de, depuis 2009, l\u2019\u00c9glise luth\u00e9rienne reconnait le mariage homosexuel, et le refuser est ill\u00e9gal\u00a0;<\/li>\n<li>En France, l\u2019\u00c9glise protestante unie de France s\u2019est prononc\u00e9e pour la possibilit\u00e9 de c\u00e9l\u00e9brer des mariages entre personnes de m\u00eame sexe ;<\/li>\n<li>Certains Imams musulmans ont proc\u00e9d\u00e9 \u00e0 des mariages homosexuels, dont Ludovic-Mohamed Zahed qui soutient que \u00ab si le Proph\u00e8te Muhammad \u00e9tait vivant, il marierait des homosexuels \u00bb ;<\/li>\n<li>En mars 2014, le dala\u00ef-lama d\u00e9clare qu\u2019il n\u2019a aucune objection au mariage homosexuel, estimant que cela rel\u00e8ve de la \u00ab loi de chaque pays \u00bb et que \u00ab si deux personnes, un couple, estiment que c\u2019est plus pratique, que cela les satisfait plus et que les deux c\u00f4t\u00e9s sont d\u2019accord, alors d\u2019accord \u00bb.<\/li>\n<\/ul>\n<p>&nbsp;<\/p>\n<ul>\n<li><strong><u>PROBLEME DE PROCREATION DES COUPLES GAYS<\/u><\/strong><\/li>\n<\/ul>\n<p>Le d\u00e9bat sur la reconnaissance du mariage des couples de m\u00eame sexe porte \u00e9galement sur la l\u00e9gitimit\u00e9 des couples homosexuels \u00e0 fonder une famille et \u00e0 \u00eatre parents, notamment par..<\/p>\n<p>Pour obtenir l&rsquo;expos\u00e9 complet contactez le +226 56196345 (WhatsApp).<\/p>\n","protected":false},"featured_media":831,"template":"","meta":{"jetpack_publicize_message":"","jetpack_publicize_feature_enabled":true,"jetpack_social_post_already_shared":false,"jetpack_social_options":{"image_generator_settings":{"template":"highway","default_image_id":0,"font":"","enabled":false},"version":2}},"product_brand":[],"product_cat":[546],"product_tag":[913,912,914],"class_list":{"0":"post-2290","1":"product","2":"type-product","3":"status-publish","4":"has-post-thumbnail","6":"product_cat-societe","7":"product_tag-homophobie","8":"product_tag-homosexualite","9":"product_tag-lgbtq","11":"first","12":"instock","13":"downloadable","14":"virtual","15":"sold-individually","16":"purchasable","17":"product-type-simple"},"aioseo_notices":[],"jetpack_publicize_connections":[],"jetpack-related-posts":[],"jetpack_sharing_enabled":true,"_links":{"self":[{"href":"https:\/\/karandoogo.com\/index.php\/wp-json\/wp\/v2\/product\/2290","targetHints":{"allow":["GET"]}}],"collection":[{"href":"https:\/\/karandoogo.com\/index.php\/wp-json\/wp\/v2\/product"}],"about":[{"href":"https:\/\/karandoogo.com\/index.php\/wp-json\/wp\/v2\/types\/product"}],"wp:featuredmedia":[{"embeddable":true,"href":"https:\/\/karandoogo.com\/index.php\/wp-json\/wp\/v2\/media\/831"}],"wp:attachment":[{"href":"https:\/\/karandoogo.com\/index.php\/wp-json\/wp\/v2\/media?parent=2290"}],"wp:term":[{"taxonomy":"product_brand","embeddable":true,"href":"https:\/\/karandoogo.com\/index.php\/wp-json\/wp\/v2\/product_brand?post=2290"},{"taxonomy":"product_cat","embeddable":true,"href":"https:\/\/karandoogo.com\/index.php\/wp-json\/wp\/v2\/product_cat?post=2290"},{"taxonomy":"product_tag","embeddable":true,"href":"https:\/\/karandoogo.com\/index.php\/wp-json\/wp\/v2\/product_tag?post=2290"}],"curies":[{"name":"wp","href":"https:\/\/api.w.org\/{rel}","templated":true}]}}