{"id":2474,"date":"2022-10-29T16:46:50","date_gmt":"2022-10-29T16:46:50","guid":{"rendered":"https:\/\/karandoogo.com\/?post_type=product&#038;p=2474"},"modified":"2025-10-19T13:40:33","modified_gmt":"2025-10-19T13:40:33","slug":"expose-complet-sur-loeuvre-pour-le-bonheur-des-miens-de-macaire-etty","status":"publish","type":"product","link":"https:\/\/karandoogo.com\/index.php\/produit\/expose-complet-sur-loeuvre-pour-le-bonheur-des-miens-de-macaire-etty\/","title":{"rendered":"Expos\u00e9 complet sur l&rsquo;oeuvre \u00a0\u00bbPour le Bonheur des Miens\u00a0\u00bb de Macaire Etty"},"content":{"rendered":"","protected":false},"excerpt":{"rendered":"<p><strong>NB:<\/strong>\u00a0Les documents mis \u00e0 disposition sur ce site sont des documents \u00e0 exploiter, autrement dit des compl\u00e9ments pour parfaire votre travail. Ils ne sont pas faits pour \u00eatre pr\u00e9sent\u00e9s \u00e0 l\u2019\u00e9tat.<\/p>\n<p><strong><u>PLAN<\/u><\/strong><\/p>\n<p><strong><u>INTRODUCTION<\/u><\/strong><\/p>\n<ul>\n<li><strong><u>ETUDE DE L\u2019AUTEUR ET DE L\u2019\u0152UVRE<\/u><\/strong><\/li>\n<li><strong><u>L\u2019auteur\u00a0:<\/u><\/strong><\/li>\n<li><strong><u>Biographie<\/u><\/strong><\/li>\n<li><strong><u>Bibliographie<\/u><\/strong><\/li>\n<li><strong><u>Etude de l\u2019\u0153uvre<\/u><\/strong><\/li>\n<li><strong><u>R\u00e9sum\u00e9 de l\u2019\u0153uvre<\/u><\/strong><\/li>\n<li><strong><u>Structure de l\u2019\u0153uvre<\/u><\/strong><\/li>\n<\/ul>\n<p><strong><u>II- ETUDE DES PERSONNAGES<\/u><\/strong><\/p>\n<ol>\n<li><strong><u>Personnage principal\u00a0:<\/u><\/strong> <strong><u>Toto Ama Fleury<\/u><\/strong><\/li>\n<li><strong><u>Personnages secondaires<\/u><\/strong><\/li>\n<\/ol>\n<p><strong><u>III-ETUDE THEMATIQUE DE L\u2019\u0152UVRE<\/u><\/strong><\/p>\n<ul>\n<li><strong><u>Th\u00e8me principal\u00a0: L\u2019amour <\/u><\/strong><\/li>\n<li><strong><u>Th\u00e8mes secondaires<\/u><\/strong><\/li>\n<\/ul>\n<p><strong><u>IV-\u00a0\u00a0\u00a0\u00a0 STYLE DE L\u2019AUTEUR<\/u><\/strong><\/p>\n<p><strong><u>CONCLUSION<\/u><\/strong><\/p>\n<p><strong>Sources\u00a0: <\/strong><\/p>\n<p><strong><u>\u00a0<\/u><\/strong><\/p>\n<p><strong><u>\u00a0<\/u><\/strong><\/p>\n<p><strong><u>PLAN<\/u><\/strong><\/p>\n<p><strong><u>INTRODUCTION<\/u><\/strong><\/p>\n<p><strong><u>\u00a0<\/u><\/strong><\/p>\n<p>Macaire Etty est un \u00e9crivain et homme de lettres ivoirien. Enseignant de formation, il est n\u00e9 en 1967 \u00e0 Bocanda, localit\u00e9 situ\u00e9e dans le Centre-Est de la C\u00f4te d&rsquo;Ivoire. \u300aPour le Bonheur des miens\u300best une \u0153uvre qui se veut \u00e9ducative. En parcourant les lignes de ce roman, des le\u00e7ons de moralit\u00e9 s\u2019adressent \u00e0 toute la sph\u00e8re \u00e9ducative : \u00e9ducateurs, professeurs, \u00e9l\u00e8ves et \u00e9tudiants, aux familles et m\u00eame aux cadres.<\/p>\n<ul>\n<li><strong><u>ETUDE DE L\u2019AUTEUR ET DE L\u2019\u0152UVRE<\/u><\/strong><\/li>\n<li><strong><u>L\u2019auteur\u00a0:<\/u><\/strong><\/li>\n<li><strong><u>Biographie<\/u><\/strong><\/li>\n<\/ul>\n<p><strong>\u00a0<\/strong><\/p>\n<p>Originaire de Badasso, dans le d\u00e9partement de Sikensi, Macaire Etty est n\u00e9 le 5 juillet 1967 \u00e0 Bocanda en C\u00f4te d&rsquo;Ivoire. Il est mari\u00e9 et p\u00e8re de trois enfants. Dipl\u00f4m\u00e9 de l&rsquo;\u00c9cole Normale Sup\u00e9rieure, il est professeur certifi\u00e9 de Lettres modernes. Il est promu, apr\u00e8s avoir enseign\u00e9 pendant deux d\u00e9cennies dans les lyc\u00e9es de son pays, Inspecteur en chef. Ses activit\u00e9s toi litt\u00e9raires s\u2019\u00e9tendent de la critique \u00e0 la promotion du livre, en passant par l\u2019\u00e9criture1. Chroniqueur litt\u00e9raire, \u00e9diteur et conf\u00e9rencier, Macaire Etty est un promoteur passionn\u00e9 du livre et la lecture.<\/p>\n<p>Ses romans Pour le bonheur des miens et Talouabl\u00e9, la d\u00e9voreuse de livres et son \u0153uvre po\u00e9tique La Geste de Br\u00e9k\u00e9 sont inscrits respectivement en Terminale, en Sixi\u00e8me et en s\u00e9conde au programme scolaire en C\u00f4te d\u2019Ivoire2. La Geste de Br\u00e9k\u00e9, un po\u00e8me \u00e9pique qu&rsquo;il a compos\u00e9 en 2016, a \u00e9t\u00e9 pr\u00e9sent\u00e9 par la critique comme un brillant plaidoyer pour la paix entre les peuples du monde3. Ce livre lui a aussi valu d\u2019\u00eatre prim\u00e9 dans la cat\u00e9gorie Belles-Lettres \u00e0 l\u2019\u00e9dition 2017 des Grands prix des associations litt\u00e9raires, devenant ainsi la toute premi\u00e8re \u0153uvre \u00e0 caract\u00e8re po\u00e9tique \u00e0 \u00eatre couronn\u00e9e dans cette cat\u00e9gorie, o\u00f9 le roman d\u00e9tenait jusque-l\u00e0 l\u2019exclusivit\u00e9 des distinctions.<\/p>\n<p><strong>\u00a0<\/strong><\/p>\n<ul>\n<li><strong><u>Bibliographie<\/u><\/strong><\/li>\n<\/ul>\n<p><strong><u>\u00a0<\/u><\/strong><\/p>\n<ul>\n<li><em>Gloire et D\u00e9clin apocalyptique<\/em>, Dhart \u00e9ditions, 2012,<\/li>\n<li><em>La Loi des Anc\u00eatres<\/em>, roman, \u00c9ditions Matrice, 2014<\/li>\n<li><em>Pour le bonheur des miens<\/em>, roman, Vallesse \u00c9ditions, 2015<\/li>\n<li><em>Les Larmes de Dieu<\/em>, roman, Les Classiques ivoiriens, 2015<\/li>\n<li><em>La Geste geste de Br\u00e9k\u00e9<\/em>, po\u00e9sie, \u00c9ditions IRDA, 2016\u00a0 (Grand prix des Belles-Lettres aux\u00a0<a href=\"https:\/\/fr.wikipedia.org\/wiki\/Grands_prix_des_associations_litt%C3%A9raires\">Gpal<\/a>2017)<\/li>\n<li><em>Mes saintes col\u00e8res<\/em>, po\u00e9sie, L&rsquo;Harmattan C\u00f4te d&rsquo;Ivoire, 2018<\/li>\n<li><em>Le Chant du Korafola<\/em>, po\u00e9sie, L&rsquo;Harmattan C\u00f4te d&rsquo;Ivoire, 2018<\/li>\n<li><em>Talouabl\u00e9, la d\u00e9voreuse de livres<\/em>, jeunesse, Les Classiques ivoiriens, 2018<\/li>\n<li><em>Saramani, l&rsquo;\u00e9pop\u00e9e interdite<\/em>, \u00e9pop\u00e9e, \u00c9ditions Tabala, Abidjan, 2018<\/li>\n<li><em>L\u2019\u00e9toile de Betoulie<\/em>, nouvelles, Editions Hadassa, Abidjan, 2018<\/li>\n<li><em>L&rsquo;Amour&#8230;ce doux vertige<\/em>, Nouvelles, \u00c9ditions Continents, Lom\u00e9, 2019<a href=\"https:\/\/fr.wikipedia.org\/wiki\/Macaire_Etty#cite_note-11\"><sup>11<\/sup><\/a><\/li>\n<li><em>Mamie Wata, la pomme lacustre<\/em><a href=\"https:\/\/fr.wikipedia.org\/wiki\/Macaire_Etty#cite_note-12\"><sup>12<\/sup><\/a>, Po\u00e9sie, Editions Continents, 2020<\/li>\n<li><em>Zaouli, le pacte d&rsquo;amour et de raison<\/em><a href=\"https:\/\/fr.wikipedia.org\/wiki\/Macaire_Etty#cite_note-13\"><sup>13<\/sup><\/a>, roman, JD Editions, 2020<a href=\"https:\/\/fr.wikipedia.org\/wiki\/Macaire_Etty#cite_note-14\"><sup>14<\/sup><\/a><\/li>\n<li>L&rsquo;agonie des r\u00e8gnes impies, po\u00e9sie, \u00c9ditions Continents, 2022 ( 978-2-918706-99-1)<\/li>\n<\/ul>\n<p><strong><u>\u00a0<\/u><\/strong><\/p>\n<p><strong><u>\u00a0<\/u><\/strong><\/p>\n<ul>\n<li><strong><u>Etude de l\u2019\u0153uvre<\/u><\/strong><\/li>\n<li><strong><u>R\u00e9sum\u00e9 de l\u2019\u0153uvre<\/u><\/strong><\/li>\n<\/ul>\n<p><strong><u>\u00a0<\/u><\/strong><\/p>\n<p>\u2018\u2019Pour le bonheur des miens\u2019\u2019 de Macaire Etty raconte l\u2019histoire d\u2019une jeune fille, cette histoire commence \u00e0 Boignikro, o\u00f9 Toto Ama Fleury vit avec ses parents et son fr\u00e8re dans une indigence qui pourrait attirer la compassion de n\u2019importe quelle personne. Koula son fr\u00e8re a\u00een\u00e9 est infirme. La jeune et ravissante Fleury se consid\u00e8re alors comme&#8230;<\/p>\n<p>Pour obtenir l&rsquo;expos\u00e9 complet contactez le +226 56196345 (WhatsApp).<\/p>\n","protected":false},"featured_media":831,"template":"","meta":{"jetpack_publicize_message":"","jetpack_publicize_feature_enabled":true,"jetpack_social_post_already_shared":false,"jetpack_social_options":{"image_generator_settings":{"template":"highway","default_image_id":0,"font":"","enabled":false},"version":2}},"product_brand":[],"product_cat":[544,598,547],"product_tag":[553],"class_list":{"0":"post-2474","1":"product","2":"type-product","3":"status-publish","4":"has-post-thumbnail","6":"product_cat-exposes","7":"product_cat-litterature","8":"product_cat-litterature-africaine","9":"product_tag-auteur-africain","11":"first","12":"instock","13":"downloadable","14":"virtual","15":"sold-individually","16":"purchasable","17":"product-type-simple"},"aioseo_notices":[],"jetpack_publicize_connections":[],"jetpack-related-posts":[],"jetpack_sharing_enabled":true,"_links":{"self":[{"href":"https:\/\/karandoogo.com\/index.php\/wp-json\/wp\/v2\/product\/2474","targetHints":{"allow":["GET"]}}],"collection":[{"href":"https:\/\/karandoogo.com\/index.php\/wp-json\/wp\/v2\/product"}],"about":[{"href":"https:\/\/karandoogo.com\/index.php\/wp-json\/wp\/v2\/types\/product"}],"wp:featuredmedia":[{"embeddable":true,"href":"https:\/\/karandoogo.com\/index.php\/wp-json\/wp\/v2\/media\/831"}],"wp:attachment":[{"href":"https:\/\/karandoogo.com\/index.php\/wp-json\/wp\/v2\/media?parent=2474"}],"wp:term":[{"taxonomy":"product_brand","embeddable":true,"href":"https:\/\/karandoogo.com\/index.php\/wp-json\/wp\/v2\/product_brand?post=2474"},{"taxonomy":"product_cat","embeddable":true,"href":"https:\/\/karandoogo.com\/index.php\/wp-json\/wp\/v2\/product_cat?post=2474"},{"taxonomy":"product_tag","embeddable":true,"href":"https:\/\/karandoogo.com\/index.php\/wp-json\/wp\/v2\/product_tag?post=2474"}],"curies":[{"name":"wp","href":"https:\/\/api.w.org\/{rel}","templated":true}]}}