{"id":2846,"date":"2022-11-04T17:11:45","date_gmt":"2022-11-04T17:11:45","guid":{"rendered":"https:\/\/karandoogo.com\/?post_type=product&#038;p=2846"},"modified":"2025-10-19T13:39:09","modified_gmt":"2025-10-19T13:39:09","slug":"expose-sur-les-relations-entre-leurope-et-lasie-de-1972-a-2000","status":"publish","type":"product","link":"https:\/\/karandoogo.com\/index.php\/produit\/expose-sur-les-relations-entre-leurope-et-lasie-de-1972-a-2000\/","title":{"rendered":"Expos\u00e9 sur les relations entre l&rsquo;Europe et l&rsquo;Asie de 1972 \u00e0 2000"},"content":{"rendered":"","protected":false},"excerpt":{"rendered":"<p><strong>NB:<\/strong>\u00a0Les documents mis \u00e0 disposition sur ce site sont des documents \u00e0 exploiter, autrement dit des compl\u00e9ments pour parfaire votre travail. Ils ne sont pas faits pour \u00eatre pr\u00e9sent\u00e9s \u00e0 l\u2019\u00e9tat.<\/p>\n<p><strong><u>PLAN<\/u><\/strong><\/p>\n<p><strong><u>INTRODUCTION<\/u><\/strong><\/p>\n<ul>\n<li><strong><u>HISTOIRE DES RELATIONS ENTRE L\u2019EUROPE ET L\u2019ASIE. <\/u><\/strong><\/li>\n<li><strong><u>EVOLUTION DES RELATIONS ASIE \u2013 EUROPE DE 1972 A 2000<\/u><\/strong><\/li>\n<li><strong><u>DIALOGUE ENTRE ASIE ET L\u2019EUROPE AU 19EME SIECLE ET LA NOTION DE DEMOCRATIE<\/u><\/strong><\/li>\n<li><strong><u>L\u2019EXPLOITATION DE L\u2019ASIE PAR L\u2019EUROPE <\/u><\/strong><\/li>\n<\/ul>\n<p><strong><u>CONCLUSION<\/u><\/strong><\/p>\n<p><strong><u>\u00a0<\/u><\/strong><\/p>\n<p><strong><u>INTRODUCTION<\/u><\/strong><\/p>\n<p>Lib\u00e9r\u00e9e de la tutelle coloniale europ\u00e9enne, l\u2019Asie s\u2019est peu \u00e0 peu affirm\u00e9e comme une puissance sur la sc\u00e8ne internationale. Il faudra cependant attendre la fin du XXe si\u00e8cle pour voir se r\u00e9sorber le d\u00e9s\u00e9quilibre historique des relations entre les deux continents. Le lancement de l\u2019ASEM ( Asia-Europe Meeting) \u00e0 Bangkok en 1996 a \u00e9t\u00e9 le symbole le plus marquant de ce mouvement. L\u2019ASEM produisant une dynamique de convergence. Entre l\u2019Europe et l\u2019Asie, c\u2019est en fait une v\u00e9ritable \u00ab r\u00e9volution culturelle \u00bb qui s\u2019est op\u00e9r\u00e9e. Les historiens travaillant sur l\u2019une ou l\u2019autre connaissent ces difficult\u00e9s, le caract\u00e8re tr\u00e8s relatif des d\u00e9finitions donn\u00e9es, et raisonnent depuis longtemps \u00e0 partir de cette inversion des regards sugg\u00e9r\u00e9e par Paul Val\u00e9ry dans La crise de l\u2019Esprit o\u00f9 il \u00e9voquait en 1919 l\u2019Europe comme ce \u00ab petit cap du continent asiatique \u00bb. Les interactions et solidarit\u00e9s intra-europ\u00e9ennes, intra-asiatiques et interr\u00e9gionales se sont d\u00e9velopp\u00e9es parall\u00e8lement aux crises et aux guerres, et en tout cas bien avant que les \u00c9tats europ\u00e9ens et asiatiques ne r\u00e9fl\u00e9chissent aux modalit\u00e9s de leur institutionnalisation. Elles se sont \u00e9panouies sans exclusive, dans un cadre mondial, faisant intervenir en particulier leur grand partenaire transoc\u00e9anique, les \u00c9tats-Unis d\u2019Am\u00e9rique. Leurs inflexions refl\u00e8tent les \u00e9volutions du syst\u00e8me international.<\/p>\n<p>&nbsp;<\/p>\n<ul>\n<li><strong><u>HISTOIRE DES RELATIONS ENTRE L\u2019EUROPE ET L\u2019ASIE. <\/u><\/strong><\/li>\n<\/ul>\n<p>Au tournant du XIX e et du XX e si\u00e8cle, ces deux entit\u00e9s abstraites se construisent mutuellement, soit \u00e0 distance \u00e0 travers la circulation de savoirs et de repr\u00e9sentations, soit au travers des interactions de face-\u00e0-face qui se multiplient pr\u00e9cis\u00e9ment \u00e0 ce moment-l\u00e0, par le biais des \u00e9tudiants et des intellectuels asiatiques pr\u00e9sents en Europe pour la premi\u00e8re fois en grand nombre, et surtout des dizaines de milliers d\u2019Europ\u00e9ens, missionnaires, n\u00e9gociants, militaires, concentr\u00e9s, en particulier, dans les grandes villes d\u2019Asie. Le croisement de ces deux ph\u00e9nom\u00e8nes autour de 1900 autorise un double d\u00e9centrement, qui&#8230;<\/p>\n<p>Pour obtenir l&rsquo;expos\u00e9 complet contactez le +226 56196345 (WhatsApp).<\/p>\n","protected":false},"featured_media":831,"template":"","meta":{"jetpack_publicize_message":"","jetpack_publicize_feature_enabled":true,"jetpack_social_post_already_shared":false,"jetpack_social_options":{"image_generator_settings":{"template":"highway","default_image_id":0,"font":"","enabled":false},"version":2}},"product_brand":[],"product_cat":[608,548],"product_tag":[1052,653,1051],"class_list":{"0":"post-2846","1":"product","2":"type-product","3":"status-publish","4":"has-post-thumbnail","6":"product_cat-histoire","7":"product_cat-histoire-geographie","8":"product_tag-asie","9":"product_tag-europe","10":"product_tag-relation-internationale","12":"first","13":"instock","14":"downloadable","15":"virtual","16":"sold-individually","17":"purchasable","18":"product-type-simple"},"aioseo_notices":[],"jetpack_publicize_connections":[],"jetpack-related-posts":[],"jetpack_sharing_enabled":true,"_links":{"self":[{"href":"https:\/\/karandoogo.com\/index.php\/wp-json\/wp\/v2\/product\/2846","targetHints":{"allow":["GET"]}}],"collection":[{"href":"https:\/\/karandoogo.com\/index.php\/wp-json\/wp\/v2\/product"}],"about":[{"href":"https:\/\/karandoogo.com\/index.php\/wp-json\/wp\/v2\/types\/product"}],"wp:featuredmedia":[{"embeddable":true,"href":"https:\/\/karandoogo.com\/index.php\/wp-json\/wp\/v2\/media\/831"}],"wp:attachment":[{"href":"https:\/\/karandoogo.com\/index.php\/wp-json\/wp\/v2\/media?parent=2846"}],"wp:term":[{"taxonomy":"product_brand","embeddable":true,"href":"https:\/\/karandoogo.com\/index.php\/wp-json\/wp\/v2\/product_brand?post=2846"},{"taxonomy":"product_cat","embeddable":true,"href":"https:\/\/karandoogo.com\/index.php\/wp-json\/wp\/v2\/product_cat?post=2846"},{"taxonomy":"product_tag","embeddable":true,"href":"https:\/\/karandoogo.com\/index.php\/wp-json\/wp\/v2\/product_tag?post=2846"}],"curies":[{"name":"wp","href":"https:\/\/api.w.org\/{rel}","templated":true}]}}