{"id":2980,"date":"2020-11-27T23:38:43","date_gmt":"2020-11-27T23:38:43","guid":{"rendered":"https:\/\/karandoogo.com\/?post_type=product&#038;p=2980"},"modified":"2025-10-19T14:40:29","modified_gmt":"2025-10-19T14:40:29","slug":"abonnement-pack-argent","status":"publish","type":"product","link":"https:\/\/karandoogo.com\/index.php\/produit\/abonnement-pack-argent\/","title":{"rendered":"Abonnement Pack Argent"},"content":{"rendered":"","protected":false},"excerpt":{"rendered":"<p><strong>Le groupe d&rsquo;\u00e9l\u00e8ves ou l&rsquo;\u00e9tudiants qui s&rsquo;inscrit \u00e0 cette offre a droit a dix(10) expos\u00e9s de son choix dans chaque mati\u00e8re soit :<\/strong><\/p>\n<ul>\n<li>2 expos\u00e9s complet en Fran\u00e7ais;<\/li>\n<li>2 expos\u00e9s complet en philosophie;<\/li>\n<li>2 expos\u00e9s complet en Histoire-G\u00e9ographie ou g\u00e9ologie;<\/li>\n<li>2 expos\u00e9s complet en SVT;<\/li>\n<li>2 expos\u00e9s complet en EPS.<\/li>\n<\/ul>\n<p><strong>Soit 10 expos\u00e9s au total au prix de 30 000 FCFA (41,15\u20ac\u00a0) au lieu de 50 000 FCFA (76,92\u20ac\u00a0), valable 1 an.\u00a0<\/strong><\/p>\n<p>Abonnez vous maintenant pour t\u00e9l\u00e9charger les documents.<\/p>\n","protected":false},"featured_media":2977,"template":"","meta":{"jetpack_publicize_message":"","jetpack_publicize_feature_enabled":true,"jetpack_social_post_already_shared":false,"jetpack_social_options":{"image_generator_settings":{"template":"highway","default_image_id":0,"font":"","enabled":false},"version":2}},"product_brand":[],"product_cat":[1055],"product_tag":[1056,1057],"class_list":{"0":"post-2980","1":"product","2":"type-product","3":"status-publish","4":"has-post-thumbnail","6":"product_cat-abonnement","7":"product_tag-documents-de-recherches","8":"product_tag-travaux-scolaires-et-estudiantins","10":"first","11":"instock","12":"sale","13":"virtual","14":"sold-individually","15":"purchasable","16":"product-type-simple"},"aioseo_notices":[],"jetpack_publicize_connections":[],"jetpack-related-posts":[],"jetpack_sharing_enabled":true,"_links":{"self":[{"href":"https:\/\/karandoogo.com\/index.php\/wp-json\/wp\/v2\/product\/2980","targetHints":{"allow":["GET"]}}],"collection":[{"href":"https:\/\/karandoogo.com\/index.php\/wp-json\/wp\/v2\/product"}],"about":[{"href":"https:\/\/karandoogo.com\/index.php\/wp-json\/wp\/v2\/types\/product"}],"wp:featuredmedia":[{"embeddable":true,"href":"https:\/\/karandoogo.com\/index.php\/wp-json\/wp\/v2\/media\/2977"}],"wp:attachment":[{"href":"https:\/\/karandoogo.com\/index.php\/wp-json\/wp\/v2\/media?parent=2980"}],"wp:term":[{"taxonomy":"product_brand","embeddable":true,"href":"https:\/\/karandoogo.com\/index.php\/wp-json\/wp\/v2\/product_brand?post=2980"},{"taxonomy":"product_cat","embeddable":true,"href":"https:\/\/karandoogo.com\/index.php\/wp-json\/wp\/v2\/product_cat?post=2980"},{"taxonomy":"product_tag","embeddable":true,"href":"https:\/\/karandoogo.com\/index.php\/wp-json\/wp\/v2\/product_tag?post=2980"}],"curies":[{"name":"wp","href":"https:\/\/api.w.org\/{rel}","templated":true}]}}