{"id":2984,"date":"2020-11-28T00:00:23","date_gmt":"2020-11-28T00:00:23","guid":{"rendered":"https:\/\/karandoogo.com\/?post_type=product&#038;p=2984"},"modified":"2025-10-19T14:40:53","modified_gmt":"2025-10-19T14:40:53","slug":"pack-partenaire-debutant","status":"publish","type":"product","link":"https:\/\/karandoogo.com\/index.php\/produit\/pack-partenaire-debutant\/","title":{"rendered":"Pack Partenaire D\u00e9butant"},"content":{"rendered":"","protected":false},"excerpt":{"rendered":"<p><b>Cette offre est pour les g\u00e9rant de cybers et\/ou de secr\u00e9tariats qui cherchent a faire leur marques dans les travaux de recherches et veulent une source d&rsquo;information fiable et exp\u00e9riment\u00e9e pour\u00a0 faciliter leur travail. Ce pack vous donne droit \u00e0 30 expos\u00e9s complets au choix dans chaque mati\u00e8re soit:\u00a0<\/b><\/p>\n<ul>\n<li>5 expos\u00e9s complet de fran\u00e7ais;<\/li>\n<li>5 expos\u00e9s complet en philosophie;<\/li>\n<li>5 expos\u00e9s complet en Histoire G\u00e9o;<\/li>\n<li>5 expos\u00e9s complet en SVT;<\/li>\n<li>5 expos\u00e9s complet en EPS;<\/li>\n<li>5 expos\u00e9s complet sur des sujets de Soci\u00e9t\u00e9.<\/li>\n<\/ul>\n<p><b>Soit un total de 30 documents au prix total de 50 000 FCFA (<strong>76,92\u20ac\u00a0<\/strong>) au lieu de 65 000 FCFA (100\u20ac ), valable 1 an. Vous aurez droit aux th\u00e9matiques de votre choix dans la limite du nombre de documents auxquels vous avez droit. Vous pourrez aussi interchanger les mati\u00e8res en fonction de vos besoins;\u00a0<\/b><\/p>\n<p>Abonnez vous maintenant \u00e0 cette offre pour t\u00e9l\u00e9charger les documents.<\/p>\n","protected":false},"featured_media":2986,"template":"","meta":{"jetpack_publicize_message":"","jetpack_publicize_feature_enabled":true,"jetpack_social_post_already_shared":false,"jetpack_social_options":{"image_generator_settings":{"template":"highway","default_image_id":0,"font":"","enabled":false},"version":2}},"product_brand":[],"product_cat":[1058],"product_tag":[1056,1057],"class_list":{"0":"post-2984","1":"product","2":"type-product","3":"status-publish","4":"has-post-thumbnail","6":"product_cat-partenariats","7":"product_tag-documents-de-recherches","8":"product_tag-travaux-scolaires-et-estudiantins","10":"first","11":"instock","12":"sale","13":"virtual","14":"sold-individually","15":"purchasable","16":"product-type-simple"},"aioseo_notices":[],"jetpack_publicize_connections":[],"jetpack-related-posts":[],"jetpack_sharing_enabled":true,"_links":{"self":[{"href":"https:\/\/karandoogo.com\/index.php\/wp-json\/wp\/v2\/product\/2984","targetHints":{"allow":["GET"]}}],"collection":[{"href":"https:\/\/karandoogo.com\/index.php\/wp-json\/wp\/v2\/product"}],"about":[{"href":"https:\/\/karandoogo.com\/index.php\/wp-json\/wp\/v2\/types\/product"}],"wp:featuredmedia":[{"embeddable":true,"href":"https:\/\/karandoogo.com\/index.php\/wp-json\/wp\/v2\/media\/2986"}],"wp:attachment":[{"href":"https:\/\/karandoogo.com\/index.php\/wp-json\/wp\/v2\/media?parent=2984"}],"wp:term":[{"taxonomy":"product_brand","embeddable":true,"href":"https:\/\/karandoogo.com\/index.php\/wp-json\/wp\/v2\/product_brand?post=2984"},{"taxonomy":"product_cat","embeddable":true,"href":"https:\/\/karandoogo.com\/index.php\/wp-json\/wp\/v2\/product_cat?post=2984"},{"taxonomy":"product_tag","embeddable":true,"href":"https:\/\/karandoogo.com\/index.php\/wp-json\/wp\/v2\/product_tag?post=2984"}],"curies":[{"name":"wp","href":"https:\/\/api.w.org\/{rel}","templated":true}]}}