{"id":2987,"date":"2020-11-28T00:24:25","date_gmt":"2020-11-28T00:24:25","guid":{"rendered":"https:\/\/karandoogo.com\/?post_type=product&#038;p=2987"},"modified":"2025-10-19T14:41:24","modified_gmt":"2025-10-19T14:41:24","slug":"pack-partenaire-senior","status":"publish","type":"product","link":"https:\/\/karandoogo.com\/index.php\/produit\/pack-partenaire-senior\/","title":{"rendered":"Pack Partenaire Senior"},"content":{"rendered":"","protected":false},"excerpt":{"rendered":"<p><b>Cette offre est pour les responsables\/g\u00e9rants de cybers et\/ou de secr\u00e9tariats professionnels de la pratique des recherches scolaires et universitaires et qui ont une forte affluence donc une forte client\u00e8le potentielle.\u00a0 Souscrire \u00e0 ce pack leur fera une grande \u00e9conomie de temps, de ressources leur permettant ainsi de se concentrer \u00e0 satisfaire leur clients. Ce pack garantit votre rentabilit\u00e9 chaque ann\u00e9e en vous donnant droit \u00e0 120 expos\u00e9s complets au choix dans chaque mati\u00e8re soit:\u00a0<\/b><\/p>\n<ul>\n<li>20 expos\u00e9s complet de fran\u00e7ais;<\/li>\n<li>20 expos\u00e9s complet en philosophie;<\/li>\n<li>20 expos\u00e9s complet en Histoire G\u00e9o;<\/li>\n<li>20 expos\u00e9s complet en SVT;<\/li>\n<li>20 expos\u00e9s complet en EPS;<\/li>\n<li>20 expos\u00e9s complet sur des sujets de Soci\u00e9t\u00e9.<\/li>\n<\/ul>\n<p><b>Soit un total de 120 documents au prix total de 150 000 FCFA (230,76\u20ac\u00a0) au lieu de 280 000 FCFA (430,76\u20ac ), valable 1 an. Vous aurez droit aux th\u00e9matiques de votre choix dans la limite du nombre de documents auxquels vous avez droit. Vous pourrez aussi interchanger les mati\u00e8res en fonction de vos besoins;\u00a0<\/b><\/p>\n<p>Abonnez vous maintenant a cette offre pour t\u00e9l\u00e9charger les documents.<\/p>\n","protected":false},"featured_media":2989,"template":"","meta":{"jetpack_publicize_message":"","jetpack_publicize_feature_enabled":true,"jetpack_social_post_already_shared":false,"jetpack_social_options":{"image_generator_settings":{"template":"highway","default_image_id":0,"font":"","enabled":false},"version":2}},"product_brand":[],"product_cat":[1058],"product_tag":[1056,1057],"class_list":{"0":"post-2987","1":"product","2":"type-product","3":"status-publish","4":"has-post-thumbnail","6":"product_cat-partenariats","7":"product_tag-documents-de-recherches","8":"product_tag-travaux-scolaires-et-estudiantins","10":"first","11":"instock","12":"sale","13":"virtual","14":"sold-individually","15":"purchasable","16":"product-type-simple"},"aioseo_notices":[],"jetpack_publicize_connections":[],"jetpack-related-posts":[],"jetpack_sharing_enabled":true,"_links":{"self":[{"href":"https:\/\/karandoogo.com\/index.php\/wp-json\/wp\/v2\/product\/2987","targetHints":{"allow":["GET"]}}],"collection":[{"href":"https:\/\/karandoogo.com\/index.php\/wp-json\/wp\/v2\/product"}],"about":[{"href":"https:\/\/karandoogo.com\/index.php\/wp-json\/wp\/v2\/types\/product"}],"wp:featuredmedia":[{"embeddable":true,"href":"https:\/\/karandoogo.com\/index.php\/wp-json\/wp\/v2\/media\/2989"}],"wp:attachment":[{"href":"https:\/\/karandoogo.com\/index.php\/wp-json\/wp\/v2\/media?parent=2987"}],"wp:term":[{"taxonomy":"product_brand","embeddable":true,"href":"https:\/\/karandoogo.com\/index.php\/wp-json\/wp\/v2\/product_brand?post=2987"},{"taxonomy":"product_cat","embeddable":true,"href":"https:\/\/karandoogo.com\/index.php\/wp-json\/wp\/v2\/product_cat?post=2987"},{"taxonomy":"product_tag","embeddable":true,"href":"https:\/\/karandoogo.com\/index.php\/wp-json\/wp\/v2\/product_tag?post=2987"}],"curies":[{"name":"wp","href":"https:\/\/api.w.org\/{rel}","templated":true}]}}