{"id":3436,"date":"2023-01-23T21:14:59","date_gmt":"2023-01-23T21:14:59","guid":{"rendered":"https:\/\/karandoogo.com\/?post_type=product&#038;p=3436"},"modified":"2025-10-19T13:39:09","modified_gmt":"2025-10-19T13:39:09","slug":"expose-complet-sur-le-monde-seffondre-de-chinua-achebe-ak","status":"publish","type":"product","link":"https:\/\/karandoogo.com\/index.php\/produit\/expose-complet-sur-le-monde-seffondre-de-chinua-achebe-ak\/","title":{"rendered":"Expos\u00e9 Complet sur le Monde s&rsquo;effondre de Chinua Achebe-AK"},"content":{"rendered":"","protected":false},"excerpt":{"rendered":"<p><strong>Introduction<\/strong><\/p>\n<p><strong>I- pr\u00e9sentation de l\u2019\u0153uvre et de l\u2019auteur<\/strong><\/p>\n<p>&#8211;<strong>Pr\u00e9sentation de l\u2019auteur<\/strong><\/p>\n<p><strong>1-1-Biographie de l\u2019auteur<\/strong><\/p>\n<p><strong>1-2-Bibliographie de l\u2019auteur<\/strong><\/p>\n<p>&#8211;<strong>Pr\u00e9sentation de l\u2019\u0153uvre<\/strong><\/p>\n<p><strong>2-1-Resum\u00e9 de l\u2019\u0153uvre<\/strong><\/p>\n<p><strong>2-2-structure de l\u2019\u0153uvre<\/strong><\/p>\n<p><strong>II-Etudes des personnages<\/strong><\/p>\n<p><strong>1-les personnages principaux<\/strong><\/p>\n<p><strong>2-les personnages secondaires<\/strong><\/p>\n<p><strong>III-Etude th\u00e9matiques dans l\u2019\u0153uvre et leurs rapports avec l\u2019actualit\u00e9<\/strong><\/p>\n<p><strong>1-themes principaux<\/strong><\/p>\n<p><strong>\u00a0\u00a0\u00a0 -La culture<\/strong>\u00a0:<\/p>\n<p>&#8211;<strong>La tradition<\/strong><\/p>\n<p><strong>-la colonisation\u00a0<\/strong><\/p>\n<p><strong>-la religion<\/strong><\/p>\n<p><strong>2-Themes secondaires<\/strong><\/p>\n<p><strong>-La solidarit\u00e9<\/strong><\/p>\n<p><strong>-Le statut de la femme<\/strong><\/p>\n<p><strong>Conclusion<\/strong><\/p>\n<p><strong>\u00a0<\/strong><\/p>\n<p><strong>Introduction<\/strong><\/p>\n<p>\u00ab Le<strong><em> monde s\u2019effondre<\/em><\/strong>,\u00a0\u00bb ou \u00ab\u00a0<strong><em>Things fall apart\u00a0\u00bb,<\/em><\/strong> son titre en anglais, duquel il est une traduction. Le projet, le but de son auteur a toujours \u00e9t\u00e9 de conserv\u00e9 dans son texte une culture africaine vivace.la peur que les g\u00e9n\u00e9rations futures perdent cela est fort justifi\u00e9e, aussi le titre met t-il accent sur une possibilit\u00e9 que la culture africaine, du moins la partie importante soit perdue .l\u2019\u00e9tude de ce roman devient d\u00e8s lors une prise de conscience des richesses que nous sommes en train de perdre .Afin de mieux comprendre le livre, il est n\u00e9cessaire de revisiter la vie de Achebe qui, \u00e0 bien des points ,marque de son empreinte son \u0153uvre .on r\u00e9sumera ensuite l\u2019histoire du roman avant d\u2019\u00e9tudier les personnages et les th\u00e8mes.<\/p>\n<p><strong>I- pr\u00e9sentation de l\u2019\u0153uvre et de l\u2019auteur<\/strong><\/p>\n<p>&#8211;<strong>Pr\u00e9sentation de l\u2019auteur<\/strong><\/p>\n<p><strong>1-1-Biographie de l\u2019auteur<\/strong><\/p>\n<p><strong>Albert Chinualumgou Achebe<\/strong> est n\u00e9 le 16 novembre 1930 \u00e0 <strong>Ogidi<\/strong>, dans l\u2019est du Nigeria, de parents Ibo.il est le cinqui\u00e8me des six enfants de ses parents, <strong>Isaih Okafo<\/strong> et <strong>Janet Achebe<\/strong>, qui sont de fervents chr\u00e9tiens. Le jeune Achebe commence ses \u00e9tudes \u00e0 l\u2019\u00e9cole missionnaire tout en ayant l\u2019occasion de vivre une <strong>\u2018\u2019vie villageoise traditionnelle\u2019\u2019<\/strong> dans un environnement encore \u00e9pargn\u00e9 par la colonisation. Il est donc influenc\u00e9 par deux cultures, la culture Ibo traditionnelle et celle anglaise.<\/p>\n<p>Bon \u00e9l\u00e8ve ,surnomm\u00e9 \u2018\u2019 le dictionnaire\u2019\u2019 pour sa connaissance de l\u2019anglais ,Achebe obtient une bourse et continue ensuite ses \u00e9tudes au \u00a0\u2018\u2019<strong>Governement Coll\u00e8ge\u2019\u2019 dUmuahia<\/strong> (une ville\u00a0 qui figurera souvent dans ses romans)de <strong>1944<\/strong> \u00e0 <strong>1947<\/strong>,puis \u00e0 l\u2019universit\u00e9 d<strong>\u2019Ibadan<\/strong> de <strong>1948<\/strong> \u00e0 <strong>1953<\/strong>,ann\u00e9e o\u00f9 il obtient son <strong>BA<\/strong> (\u00e9quivalent d\u2019une maitrise dans le syst\u00e8me fran\u00e7ais).Avant d\u2019entrer \u00e0 la Nig\u00e9rian Broad casting Corporation(<strong>NBC),<\/strong>Achebe effectue quelques voyages en Afrique et aux Etats \u2013Unis et travaille quelques temps comme professeur.il suit une formation \u00e0 la <strong>BBC<\/strong>, et commen\u00e7a \u00e0 travailler \u00e0 la <strong>NBC<\/strong> en 1954.En 1958,il \u00e9crit son premier roman ,<strong>\u2019\u2019Things fall apart\u2019\u2019<\/strong>(<strong>le monde s\u2019effondre),<\/strong>en r\u00e9action a ce qu\u2019il consid\u00e9rait comme une description inexacte de la vie des africains par les europ\u00e9ens.<\/p>\n<p><strong>1-2-Bibliographie de l\u2019auteur<\/strong><\/p>\n<p>Au cours de sa scolarit\u00e9 et ses \u00e9tudes universitaires, Achebe aimait la litt\u00e9rature anglaise, mais s\u2019est aussi rendu compte que certains de ces livres d\u00e9peignaient les africains avec racisme. Achebe voulait faire un roman d\u00e9crivant les africains comme ils les connaissaient.<\/p>\n<p>Le roman connaitra un \u00e9norme succ\u00e8s et est \u00e0 ce jour l\u2019un des plus c\u00e9l\u00e8bres ,sinon le plus c\u00e9l\u00e8bre roman \u00e9crit en anglais par un africain .L\u2019histoire est centr\u00e9e sur Okonkwo ,le lutteur traditionnel ,homme ambitieux ,dont la vie est perturb\u00e9e par la modification des structures traditionnelles de la vie aux villages suite aux contacts avec les europ\u00e9ens .Achebe raconte les cons\u00e9quences de la colonisation sur la vie d\u2019un peuple africain .Un monde qui se suffisait \u00e0 lui-m\u00eame et qui commen\u00e7a \u00e0 s\u2019effondrer avec l\u2019arriv\u00e9e de&#8230;&#8230;<\/p>\n<p>Pour obtenir l&rsquo;expos\u00e9 complet contactez le +226 56196345 (WhatsApp).<\/p>\n","protected":false},"featured_media":831,"template":"","meta":{"jetpack_publicize_message":"","jetpack_publicize_feature_enabled":true,"jetpack_social_post_already_shared":false,"jetpack_social_options":{"image_generator_settings":{"template":"highway","default_image_id":0,"font":"","enabled":false},"version":2}},"product_brand":[],"product_cat":[598,547],"product_tag":[1042,1064],"class_list":{"0":"post-3436","1":"product","2":"type-product","3":"status-publish","4":"has-post-thumbnail","6":"product_cat-litterature","7":"product_cat-litterature-africaine","8":"product_tag-chinua-achebe","9":"product_tag-le-monde-seffondre","11":"first","12":"instock","13":"downloadable","14":"virtual","15":"sold-individually","16":"purchasable","17":"product-type-simple"},"aioseo_notices":[],"jetpack_publicize_connections":[],"jetpack-related-posts":[],"jetpack_sharing_enabled":true,"_links":{"self":[{"href":"https:\/\/karandoogo.com\/index.php\/wp-json\/wp\/v2\/product\/3436","targetHints":{"allow":["GET"]}}],"collection":[{"href":"https:\/\/karandoogo.com\/index.php\/wp-json\/wp\/v2\/product"}],"about":[{"href":"https:\/\/karandoogo.com\/index.php\/wp-json\/wp\/v2\/types\/product"}],"wp:featuredmedia":[{"embeddable":true,"href":"https:\/\/karandoogo.com\/index.php\/wp-json\/wp\/v2\/media\/831"}],"wp:attachment":[{"href":"https:\/\/karandoogo.com\/index.php\/wp-json\/wp\/v2\/media?parent=3436"}],"wp:term":[{"taxonomy":"product_brand","embeddable":true,"href":"https:\/\/karandoogo.com\/index.php\/wp-json\/wp\/v2\/product_brand?post=3436"},{"taxonomy":"product_cat","embeddable":true,"href":"https:\/\/karandoogo.com\/index.php\/wp-json\/wp\/v2\/product_cat?post=3436"},{"taxonomy":"product_tag","embeddable":true,"href":"https:\/\/karandoogo.com\/index.php\/wp-json\/wp\/v2\/product_tag?post=3436"}],"curies":[{"name":"wp","href":"https:\/\/api.w.org\/{rel}","templated":true}]}}