{"id":3463,"date":"2023-01-26T21:09:48","date_gmt":"2023-01-26T21:09:48","guid":{"rendered":"https:\/\/karandoogo.com\/?post_type=product&#038;p=3463"},"modified":"2025-10-19T13:37:55","modified_gmt":"2025-10-19T13:37:55","slug":"expose-complet-sur-le-rechauffement-climatique-causes-manifestations-consequences-solutions","status":"publish","type":"product","link":"https:\/\/karandoogo.com\/index.php\/produit\/expose-complet-sur-le-rechauffement-climatique-causes-manifestations-consequences-solutions\/","title":{"rendered":"Expos\u00e9 complet sur le r\u00e9chauffement climatique (causes, manifestations, cons\u00e9quences, solutions)"},"content":{"rendered":"","protected":false},"excerpt":{"rendered":"<p><strong><u>INTRODUCTION<\/u><\/strong><\/p>\n<ul>\n<li><strong><u>DEFINITION<\/u><\/strong><\/li>\n<li><strong><u>CAUSES DU RECHAUFFEMENT CLIMATIQUE<\/u><\/strong><\/li>\n<\/ul>\n<p><strong><u>1-Les combustibles fossiles<\/u><\/strong><\/p>\n<p><strong><u>2-La d\u00e9forestation<\/u><\/strong><\/p>\n<p><strong><u>3-L\u2019\u00e9levage intensif<\/u><\/strong><\/p>\n<ul>\n<li><strong><u>LES MANIFESTATIONS DU RECHAUFFEMENT CLIMATIQUE<\/u><\/strong><\/li>\n<li><strong><u>Le r\u00e9chauffement de la surface de la Terre<\/u><\/strong><\/li>\n<li><strong><u>Le recul des glaciers tropicaux<\/u><\/strong><\/li>\n<li><strong><u>Pr\u00e9cipitations et \u00e9v\u00e9nements climatiques extr\u00eames<\/u><\/strong><\/li>\n<li><strong><u>LES CONSEQUENCES DU RECHAUFFEMENT CLIMATIQUE.<\/u><\/strong><\/li>\n<li><strong><u>Sur l\u2019environnement<\/u><\/strong><\/li>\n<li><strong><u>Sur la soci\u00e9t\u00e9<\/u><\/strong><\/li>\n<li><strong><u>S<\/u><\/strong><strong><u>ur la biodiversit\u00e9 <\/u><\/strong><\/li>\n<li><strong><u>SOLUTIONS POUR LUTTER CONTRE LE RECHAUFFEMENT CLIMATIQUE<\/u><\/strong><\/li>\n<li><strong><u>A l\u2019\u00e9chelle individuelle<\/u><\/strong><\/li>\n<li><strong><u>Triez<\/u><\/strong> <strong><u>et diminuez <\/u><\/strong><strong><u>nos<\/u><\/strong><strong><u> d\u00e9chets<\/u><\/strong><\/li>\n<li><strong><u>Diminuez <\/u><\/strong><strong><u>la<\/u><\/strong><strong><u> consommation d&rsquo;\u00e9nergie<\/u><\/strong><\/li>\n<li><strong>Pr\u00e9f\u00e9rer l&rsquo;usage des transports en commun<\/strong><strong>.<\/strong><\/li>\n<li><strong><u>A l\u2019\u00e9chelle collective<\/u><\/strong><\/li>\n<\/ul>\n<p><strong><u>CONCLUSION<\/u><\/strong><\/p>\n<p><strong><u>Sources\u00a0:<\/u><\/strong><\/p>\n<p><strong><u>\u00a0<\/u><\/strong><\/p>\n<p><strong><u>\u00a0<\/u><\/strong><\/p>\n<p><strong><u>\u00a0<\/u><\/strong><\/p>\n<p><strong><u>\u00a0<\/u><\/strong><\/p>\n<p><strong><u>\u00a0<\/u><\/strong><\/p>\n<p><strong><u>\u00a0<\/u><\/strong><\/p>\n<p><strong><u>\u00a0<\/u><\/strong><\/p>\n<p><strong><u>INTRODUCTION<\/u><\/strong><\/p>\n<p><strong>Le climat sur Terre a toujours vari\u00e9<\/strong>. Il y a 100 millions d&rsquo;ann\u00e9es, des dinosaures vivaient sous un climat tropical tandis qu\u2019il y a pr\u00e8s de 15 000 ans, ce m\u00eame paysage \u00e9tait couvert de glace\u2026<\/p>\n<p>Le changement climatique est le\u00a0<strong>changement du type de m\u00e9t\u00e9o moyen ou de climat sur une p\u00e9riode donn\u00e9e<\/strong>. \u00a0Ces changements influent \u00e0 leur tour sur la formation des d\u00e9serts, la taille des calottes glaciaires et des glaciers, les courants marins, le niveau de la mer, le degr\u00e9 d&rsquo;acidit\u00e9 de l&rsquo;eau de mer&#8230;<\/p>\n<p>Tout au long de l&rsquo;histoire de la Terre, celle-ci a connu des changements climatiques.\u00a0<strong>Ces modifications du climat \u00e9taient jusqu\u2019\u00e0 pr\u00e9sent associ\u00e9es \u00e0 des ph\u00e9nom\u00e8nes naturels.<\/strong>\u00a0<strong>Le changement climatique actuel est, quant \u00e0 lui, davantage la cons\u00e9quence des activit\u00e9s de l&rsquo;Homme<\/strong>, et cela depuis les ann\u00e9es 1950.<\/p>\n<ul>\n<li><strong><u>DEFINITION<\/u><\/strong><\/li>\n<\/ul>\n<p>On appelle changement climatique, les modifications du climat accompagn\u00e9es d\u2019une augmentation g\u00e9n\u00e9rale des temp\u00e9ratures moyennes \u00e0 un niveau mondial. Ces modifications sont dues \u00e0 l\u2019augmentation de la concentration des gaz \u00e0 effet de serre pr\u00e9sents dans l\u2019atmosph\u00e8re. Le r\u00e9chauffement climatique &#8211; souvent aussi d\u00e9sign\u00e9 en tant que \u00ab changement climatique \u00bb &#8211; fait r\u00e9f\u00e9rence \u00e0 une hausse brutale de la temp\u00e9rature moyenne \u00e0 la surface du globe.<\/p>\n<ul>\n<li><strong><u>CAUSES DU RECHAUFFEMENT CLIMATIQUE<\/u><\/strong><\/li>\n<\/ul>\n<p>Les changements climatiques sont caus\u00e9s par une trop grande concentration de Gaz \u00e0 Effet de Serre (GES) dans notre atmosph\u00e8re &#8211; de dioxyde de carbone (CO2) en particulier.<\/p>\n<p><strong><u>1-Les combustibles fossiles<\/u><\/strong><\/p>\n<p>En grande partie de nos activit\u00e9s fossiles, mais plus particuli\u00e8rement de la production d\u2019\u00e9nergie&#8230;..<\/p>\n<p>Pour obtenir l&rsquo;expos\u00e9 complet contactez le +226 56196345 (WhatsApp).<\/p>\n","protected":false},"featured_media":831,"template":"","meta":{"jetpack_publicize_message":"","jetpack_publicize_feature_enabled":true,"jetpack_social_post_already_shared":false,"jetpack_social_options":{"image_generator_settings":{"template":"highway","default_image_id":0,"font":"","enabled":false},"version":2}},"product_brand":[],"product_cat":[549,550,627],"product_tag":[1067,1066],"class_list":{"0":"post-3463","1":"product","2":"type-product","3":"status-publish","4":"has-post-thumbnail","6":"product_cat-geographie","7":"product_cat-geologie","8":"product_cat-sciences-de-la-vie-et-de-la-terre","9":"product_tag-causes-consequences-solutions","10":"product_tag-rechauffement-climatique","12":"first","13":"instock","14":"downloadable","15":"virtual","16":"sold-individually","17":"purchasable","18":"product-type-simple"},"aioseo_notices":[],"jetpack_publicize_connections":[],"jetpack-related-posts":[],"jetpack_sharing_enabled":true,"_links":{"self":[{"href":"https:\/\/karandoogo.com\/index.php\/wp-json\/wp\/v2\/product\/3463","targetHints":{"allow":["GET"]}}],"collection":[{"href":"https:\/\/karandoogo.com\/index.php\/wp-json\/wp\/v2\/product"}],"about":[{"href":"https:\/\/karandoogo.com\/index.php\/wp-json\/wp\/v2\/types\/product"}],"wp:featuredmedia":[{"embeddable":true,"href":"https:\/\/karandoogo.com\/index.php\/wp-json\/wp\/v2\/media\/831"}],"wp:attachment":[{"href":"https:\/\/karandoogo.com\/index.php\/wp-json\/wp\/v2\/media?parent=3463"}],"wp:term":[{"taxonomy":"product_brand","embeddable":true,"href":"https:\/\/karandoogo.com\/index.php\/wp-json\/wp\/v2\/product_brand?post=3463"},{"taxonomy":"product_cat","embeddable":true,"href":"https:\/\/karandoogo.com\/index.php\/wp-json\/wp\/v2\/product_cat?post=3463"},{"taxonomy":"product_tag","embeddable":true,"href":"https:\/\/karandoogo.com\/index.php\/wp-json\/wp\/v2\/product_tag?post=3463"}],"curies":[{"name":"wp","href":"https:\/\/api.w.org\/{rel}","templated":true}]}}