{"id":3473,"date":"2023-01-27T11:42:44","date_gmt":"2023-01-27T11:42:44","guid":{"rendered":"https:\/\/karandoogo.com\/?post_type=product&#038;p=3473"},"modified":"2025-10-19T13:37:55","modified_gmt":"2025-10-19T13:37:55","slug":"expose-complet-sur-trois-pretendants-un-mari-de-guillaume-oyono-mbia","status":"publish","type":"product","link":"https:\/\/karandoogo.com\/index.php\/produit\/expose-complet-sur-trois-pretendants-un-mari-de-guillaume-oyono-mbia\/","title":{"rendered":"Expos\u00e9 complet sur \u00a0\u00bbTrois pr\u00e9tendants\u2026 Un mari\u00a0\u00bb de Guillaume Oyono-MBIA"},"content":{"rendered":"","protected":false},"excerpt":{"rendered":"<p><strong><u>INTRODUCTION<\/u><\/strong><\/p>\n<p>&nbsp;<\/p>\n<ul>\n<li><strong><u>PRESENTATION DE L\u2019AUTEUR<\/u><\/strong><\/li>\n<li><strong><u>Biographie<\/u><\/strong><\/li>\n<li><strong><u>Bibliographie<\/u><\/strong><\/li>\n<li><strong><u>Structure de l\u2019\u0153uvre<\/u><\/strong><\/li>\n<li><strong><u>R\u00e9sum\u00e9<\/u><\/strong><\/li>\n<li><strong><u>ETUDES DES PERSONNAGES<\/u><\/strong><\/li>\n<li><strong><u>Les personnages Principaux <\/u><\/strong><\/li>\n<li><strong><u>Personnages secondaires <\/u><\/strong><\/li>\n<li><strong><u>ETUDES THEMATIQUE <\/u><\/strong><\/li>\n<li><strong><u>Th\u00e8mes principaux <\/u><\/strong><\/li>\n<li><strong><u>La dot<\/u><\/strong><\/li>\n<li><strong><u>La place de la femme en Afrique<\/u><\/strong><\/li>\n<li><strong><u>Th\u00e8me secondaire<\/u><\/strong><\/li>\n<li><strong><u>L\u2019escroquerie<\/u><\/strong><\/li>\n<\/ul>\n<p><strong><u>CONCLUSION<\/u><\/strong><\/p>\n<p><strong><u>\u00a0<\/u><\/strong><\/p>\n<p><strong><u>INTRODUCTION<br \/>\n<\/u><\/strong>Guillaume Oyono Mbia, l\u2019auteur de trois Pr\u00e9tendant un Mari et de biens d\u2019autres romans \u00e9tait l\u2019invit\u00e9 des caf\u00e9s litt\u00e9raires organis\u00e9 \u00e0 la r\u00e9sidence de l\u2019Ambassadeur des Etats-Unis \u00e0 Yaound\u00e9. Il y a pr\u00e8s d\u2019une ann\u00e9e, dans un cybercaf\u00e9 au centre de la ville de Yaound\u00e9, une jeune fille \u00e0 peine sortie de l\u2019adolescence pianotait vigoureusement sur son clavier en souriant. De temps en temps, on l\u2019entendait parler \u00e0 quelqu\u2019un dont l\u2019image apparaissait sur l\u2019\u00e9cran de l\u2019ordinateur gr\u00e2ce \u00e0 un p\u00e9riph\u00e9rique. Sans g\u00eane, elle partagea avec tous les autres internautes pr\u00e9sents le contenu de sa visio conversation. Il s\u2019agissaitt en r\u00e9sum\u00e9 de l\u2019organisation de son mariage avec un europ\u00e9en qu\u2019elle avait rencontre sur Internet. Il \u00e9tait employ\u00e9 de Mairie et elle comptait aller le rejoindre tr\u00e8s bient\u00f4t en vue de l\u2019officialisation de leur union en hexagone. A sa droite la dame assise qui pouvait \u00eatre sa m\u00e8re engagea poliment la discussion avec elle. La premi\u00e8re question fut celle-ci : Ma fille, excusez mon impertinence, je voudrai savoir si vous pouvez \u00e9pouser un employ\u00e9 d\u2019une de nos Mairies. Apr\u00e8s un moment de r\u00e9flexion, la future mari\u00e9e r\u00e9pondit s\u00e8chement par un non. Pourquoi ?<\/p>\n<p>&nbsp;<\/p>\n<ul>\n<li><strong><u>PRESENTATION DE L\u2019AUTEUR<\/u><\/strong><\/li>\n<li><strong><u>Biographie<\/u><\/strong><\/li>\n<\/ul>\n<p>Guillaume Oyono-MBIA est n\u00e9 en 1939 \u00e0 Mvoutessi dans la r\u00e9gion du Sud. A l\u2019\u00e2ge de 5 ans il commence ses \u00e9tudes en Bulu \u00e0 Mvoutessi avant d\u2019entrer \u00e0 l\u2019\u00e9cole de la Mission Protestante de Mettet en 1947, o\u00f9 il obtient le CEPE en 1953. En 1958, il commence ses \u00e9tudes secondaires au coll\u00e8ge Evang\u00e9lique de Libamba . En 1961, il arr\u00eate ses \u00e9tudes secondaires. Cette ann\u00e9e-l\u00e0, il remporte le concours Inter-\u00e9tats africains organis\u00e9 conjointement par les compagnies a\u00e9riennes Air-France et U.T.A., b\u00e9n\u00e9ficiant ainsi d\u2019un s\u00e9jour de 15 jours en France. Oyono Mbia entame ensuite une carri\u00e8re d\u2019enseignement au coll\u00e8ge de Mettet, puis au coll\u00e8ge Evang\u00e9lique de Libamba. En septembre 1964, il se rend en Grande-Bretagne pour pr\u00e9parer un dipl\u00f4me de traducteur interpr\u00e8te gr\u00e2ce \u00e0 une bourse du British Council. Il obtient \u00e9galement le GCE Advanced Level, ce qui lui permet de s\u2019inscrire \u00e0 l\u2019Universit\u00e9 de Keele en octobre 1965, d\u2019o\u00f9 il obtient le Bachelor of Arts Degree en 1969. De retour au Cameroun, il est recrut\u00e9 comme Assistant au D\u00e9partement d\u2019anglais de la Facult\u00e9 des Lettres et Sciences Humaines de l\u2019Universit\u00e9 de Yaound\u00e9. En 1972, il est nomm\u00e9 Chef de Service aux Affaires culturelles au Minist\u00e8re de l\u2019Information et&#8230;.<\/p>\n<p>Pour obtenir l&rsquo;expos\u00e9 complet contactez le +226 56196345 (WhatsApp).<\/p>\n","protected":false},"featured_media":831,"template":"","meta":{"jetpack_publicize_message":"","jetpack_publicize_feature_enabled":true,"jetpack_social_post_already_shared":false,"jetpack_social_options":{"image_generator_settings":{"template":"highway","default_image_id":0,"font":"","enabled":false},"version":2}},"product_brand":[],"product_cat":[598,547],"product_tag":[1068,1069],"class_list":{"0":"post-3473","1":"product","2":"type-product","3":"status-publish","4":"has-post-thumbnail","6":"product_cat-litterature","7":"product_cat-litterature-africaine","8":"product_tag-guillaume-oyono-mbia","9":"product_tag-trois-pretendants-un-mari","11":"first","12":"instock","13":"downloadable","14":"virtual","15":"sold-individually","16":"purchasable","17":"product-type-simple"},"aioseo_notices":[],"jetpack_publicize_connections":[],"jetpack-related-posts":[],"jetpack_sharing_enabled":true,"_links":{"self":[{"href":"https:\/\/karandoogo.com\/index.php\/wp-json\/wp\/v2\/product\/3473","targetHints":{"allow":["GET"]}}],"collection":[{"href":"https:\/\/karandoogo.com\/index.php\/wp-json\/wp\/v2\/product"}],"about":[{"href":"https:\/\/karandoogo.com\/index.php\/wp-json\/wp\/v2\/types\/product"}],"wp:featuredmedia":[{"embeddable":true,"href":"https:\/\/karandoogo.com\/index.php\/wp-json\/wp\/v2\/media\/831"}],"wp:attachment":[{"href":"https:\/\/karandoogo.com\/index.php\/wp-json\/wp\/v2\/media?parent=3473"}],"wp:term":[{"taxonomy":"product_brand","embeddable":true,"href":"https:\/\/karandoogo.com\/index.php\/wp-json\/wp\/v2\/product_brand?post=3473"},{"taxonomy":"product_cat","embeddable":true,"href":"https:\/\/karandoogo.com\/index.php\/wp-json\/wp\/v2\/product_cat?post=3473"},{"taxonomy":"product_tag","embeddable":true,"href":"https:\/\/karandoogo.com\/index.php\/wp-json\/wp\/v2\/product_tag?post=3473"}],"curies":[{"name":"wp","href":"https:\/\/api.w.org\/{rel}","templated":true}]}}