{"id":5966,"date":"2023-06-30T18:38:16","date_gmt":"2023-06-30T18:38:16","guid":{"rendered":"https:\/\/karandoogo.com\/?post_type=product&#038;p=5966"},"modified":"2025-10-19T13:37:54","modified_gmt":"2025-10-19T13:37:54","slug":"expose-complet-sur-la-vie-et-la-carriere-de-blaise-compaore-ex-president-du-burkina-faso-ak","status":"publish","type":"product","link":"https:\/\/karandoogo.com\/index.php\/produit\/expose-complet-sur-la-vie-et-la-carriere-de-blaise-compaore-ex-president-du-burkina-faso-ak\/","title":{"rendered":"Expos\u00e9 complet sur la vie et la carri\u00e8re de Blaise Compaor\u00e9, ex pr\u00e9sident du Burkina Faso-AK"},"content":{"rendered":"","protected":false},"excerpt":{"rendered":"<p><strong><u>PLAN DE TRAVAIL<\/u><\/strong><\/p>\n<p><strong>\u00a0<\/strong><\/p>\n<p><strong><u>INTRODUCTION<\/u><\/strong><\/p>\n<p><strong><u>I-BIOGRAPHIE DE BLAISE COMPAORE<\/u><\/strong><\/p>\n<p><strong><u>1-SA JEUNESSE<\/u><\/strong><\/p>\n<p><strong><u>2-SON PARCOURS PROFESSIONNEL<\/u><\/strong><\/p>\n<p><strong><u>II-L \u2019APPORT SOCIO- ECONOMIQUE ET POLITIQUE DE BLAISE COMPAORE<\/u><\/strong><\/p>\n<p><strong><u>1-L\u2019APPORT SOCIAL<\/u><\/strong><\/p>\n<p><strong><u>2-L\u2019APPORT ECONOMIQUE<\/u><\/strong><\/p>\n<p><strong><u>3-L\u2019APPORT POLITIQUE<\/u><\/strong><\/p>\n<p><strong><u>CONCLUSION<\/u><\/strong><\/p>\n<p><strong><u>\u00a0<\/u><\/strong><\/p>\n<p><strong><u>BIBLIOGRAPHIE<\/u><\/strong><\/p>\n<p><strong>\u00a0<\/strong><\/p>\n<p><strong>\u00a0<\/strong><\/p>\n<p><strong>\u00a0<\/strong><\/p>\n<p><strong>\u00a0<\/strong><\/p>\n<p><strong>\u00a0<\/strong><\/p>\n<p><strong>\u00a0<\/strong><\/p>\n<p><strong>INTRODUCTION<\/strong><\/p>\n<p>Pr\u00e9sident du Burkina Faso, depuis 27ans.Blaise Compaor\u00e9 n\u2019est pourtant pas bien connu de la jeunesse burkinab\u00e9. C\u2019est lui qui fut un soldat et un officier patriote et progressiste m\u00e9rite bien aujourd\u2019hui d\u2019\u00eatre appel\u00e9 le p\u00e8re de la renaissance d\u00e9mocratique du Burkina Faso.il a en effet jou\u00e9 un r\u00f4le crucial dans les changements politiques majeure du pays des hommes int\u00e8gre jadis 1982 .Sous sa gouvernance, le pays a retrouver une stabilit\u00e9 politique et institutionnelle ,appr\u00e9ciable .Dans la dynamique des articles consacr\u00e9s au 20<sup>e<\/sup> anniversaire du 15octobre 1987,nous publions un \u00e9cris de la commutions-communication du comit\u00e9 d\u2019organisation qui porte sur la biographie et l\u2019\u0153uvre culturelle et sportif d\u2019un homme d\u2019Etat que l\u2019on n\u2019a pas fini de d\u00e9couvrir ,Blaise Compaor\u00e9. N\u00e9anmoins, notre \u00e9tude porte sur l\u2019\u00e9tude de Blaise Compaor\u00e9. Qui est cet homme souvent appel\u00e9 \u00ab\u00a0homme de la politique\u00a0\u00bb\u00a0?<\/p>\n<p><strong>I-BIOGRAPHIE DE BLAISE COMPAORE<\/strong><\/p>\n<p><strong>1-Sa Jeunesse<\/strong><\/p>\n<p>Blaise Compaor\u00e9 entame l\u2019\u00e9cole primaire \u00e0 Guilongou(Ziniar\u00e9).plus tard, il entre au coll\u00e8ge Saint-Joseph des missionnaires \u00e0 Fada N\u2019Gourma, puis \u00e0 l\u2019\u00e9cole normale de Ouagadougou, \u00e0 partir de la seconde .Brillant, il d\u00e9croche son Bac D en 1972.Les succ\u00e8s scolaires du jeune Blaise cache mal son temp\u00e9rament quelque peu trubulent.il s\u2019est souvent retrouv\u00e9 \u00e0 la t\u00eate de mouvement de d\u00e9fense des droits des \u00e9l\u00e8ves .A la suite d\u2019une manifestation de coll\u00e9giens en 1971,il est enr\u00f4l\u00e9 d\u2019Office dans le contingent sp\u00e9cial de l\u2019arm\u00e9e, en guise de correction. Il se retrouvera tr\u00e8s rapidement affect\u00e9 \u00e0 la garde du domicile du pr\u00e9sident de la R\u00e9publique, Aboubacar Sangoul\u00e9 Lamizana.<\/p>\n<p>La punition sera plut\u00f4t une aubaine pour le gar\u00e7on qui, depuis longtemps, r\u00eavait d\u2019un m\u00e9tier des armes. En septembre 1973, il r\u00e9ussit au concours d\u2019entr\u00e9e \u00e0 l\u2019Ecole Militaire Interarmes du Cameroun. Pendant les ann\u00e9es suivantes, son activit\u00e9 professionnelle au pays sera entrecoup\u00e9e par de nombreux stages \u00e0 l\u2019ext\u00e9rieur : Sp\u00e9cialisation \u00e0&#8230;&#8230;.<\/p>\n<p>Pour obtenir l&rsquo;expos\u00e9 complet contactez le +226 56196345 (WhatsApp).<\/p>\n","protected":false},"featured_media":831,"template":"","meta":{"jetpack_publicize_message":"","jetpack_publicize_feature_enabled":true,"jetpack_social_post_already_shared":false,"jetpack_social_options":{"image_generator_settings":{"template":"highway","default_image_id":0,"font":"","enabled":false},"version":2}},"product_brand":[],"product_cat":[811,714],"product_tag":[561,1075,677],"class_list":{"0":"post-5966","1":"product","2":"type-product","3":"status-publish","4":"has-post-thumbnail","6":"product_cat-geopolitique","7":"product_cat-politique","8":"product_tag-burkina-faso","9":"product_tag-geopolitique","10":"product_tag-politique","12":"first","13":"instock","14":"downloadable","15":"virtual","16":"sold-individually","17":"purchasable","18":"product-type-simple"},"aioseo_notices":[],"jetpack_publicize_connections":[],"jetpack-related-posts":[],"jetpack_sharing_enabled":true,"_links":{"self":[{"href":"https:\/\/karandoogo.com\/index.php\/wp-json\/wp\/v2\/product\/5966","targetHints":{"allow":["GET"]}}],"collection":[{"href":"https:\/\/karandoogo.com\/index.php\/wp-json\/wp\/v2\/product"}],"about":[{"href":"https:\/\/karandoogo.com\/index.php\/wp-json\/wp\/v2\/types\/product"}],"wp:featuredmedia":[{"embeddable":true,"href":"https:\/\/karandoogo.com\/index.php\/wp-json\/wp\/v2\/media\/831"}],"wp:attachment":[{"href":"https:\/\/karandoogo.com\/index.php\/wp-json\/wp\/v2\/media?parent=5966"}],"wp:term":[{"taxonomy":"product_brand","embeddable":true,"href":"https:\/\/karandoogo.com\/index.php\/wp-json\/wp\/v2\/product_brand?post=5966"},{"taxonomy":"product_cat","embeddable":true,"href":"https:\/\/karandoogo.com\/index.php\/wp-json\/wp\/v2\/product_cat?post=5966"},{"taxonomy":"product_tag","embeddable":true,"href":"https:\/\/karandoogo.com\/index.php\/wp-json\/wp\/v2\/product_tag?post=5966"}],"curies":[{"name":"wp","href":"https:\/\/api.w.org\/{rel}","templated":true}]}}