{"id":5977,"date":"2023-06-30T19:03:00","date_gmt":"2023-06-30T19:03:00","guid":{"rendered":"https:\/\/karandoogo.com\/?post_type=product&#038;p=5977"},"modified":"2025-10-19T13:37:54","modified_gmt":"2025-10-19T13:37:54","slug":"expose-complet-sur-ville-cruelle-deza-boto-ak","status":"publish","type":"product","link":"https:\/\/karandoogo.com\/index.php\/produit\/expose-complet-sur-ville-cruelle-deza-boto-ak\/","title":{"rendered":"Expos\u00e9 Complet sur Ville cruelle d&rsquo;Eza Boto &#8211; AK"},"content":{"rendered":"","protected":false},"excerpt":{"rendered":"<p><strong>\u00a0<\/strong><\/p>\n<p><strong><u>PLAN DE TRAVAIL<\/u><\/strong><\/p>\n<p><strong>\u00a0<\/strong><\/p>\n<p><strong><u>Introduction<\/u><\/strong><\/p>\n<p><strong>I-Pr\u00e9sentation de l\u2019auteur et de l\u2019\u0153uvre<\/strong><\/p>\n<p><strong>1-Presentation de l\u2019auteur<\/strong><\/p>\n<p><strong>1-1-Biographie<\/strong><\/p>\n<p><strong>1-2-Bibliographie<\/strong><\/p>\n<p><strong>2-presentation de l\u2019\u0153uvre<\/strong><\/p>\n<p><strong>II-R\u00e9sum\u00e9 de l\u2019\u0153uvre<\/strong><\/p>\n<p><strong>III-Etude des personnages<\/strong><\/p>\n<p><strong>1-le personnage principal<\/strong><\/p>\n<p><strong>2-les personnages secondaire<\/strong><\/p>\n<p><strong>\u00a0<\/strong><\/p>\n<p><strong>IV-\u00e9tude th\u00e9matiques<\/strong><\/p>\n<p><strong>1-le th\u00e8me principal<\/strong><\/p>\n<p><strong>2-Les th\u00e8mes secondaires<\/strong><\/p>\n<p><strong>V-Evolution de l\u2019intrique<\/strong><\/p>\n<p><strong>VI-Notre avis personnel<\/strong><\/p>\n<p><strong>\u00a0<\/strong><\/p>\n<p><strong>Conclusion<\/strong><\/p>\n<p><strong>Introduction<\/strong><\/p>\n<p>L\u2019Afrique a connu un long processus de colonisation. C\u2019est dans ce contexte que s\u2019inscrit l\u2019\u0153uvre dEza Boto, ville cruelle. L\u2019\u0153uvre donc se situe dans un pass\u00e9 colonial o\u00f9 beaucoup de peuple africains se sont vus coloniser par de grandes puissances europ\u00e9ens comme, la France, le Portugal, l\u2019Angleterre et bien d\u2019autres. L\u2019\u0153uvre donc \u00e0 travers cette \u0153uvre d\u00e9peint les caract\u00e8res avilissant de la domination coloniale. N\u00e9anmoins notre \u00e9tude consistera \u00e0 l\u2019\u00e9tude int\u00e9grale de l\u2019\u0153uvre.<\/p>\n<p><strong>I-Pr\u00e9sentation de l\u2019\u0153uvre et de l\u2019auteur<\/strong><\/p>\n<p><strong>1-presentation de l\u2019auteur<\/strong><\/p>\n<p><strong>1-1-Biographie de l\u2019auteur<\/strong><\/p>\n<p>De son vrai nom Alexandre Biyidi, Eza Boto ou Mongo B\u00e9ti est son pseudonyme d\u2019\u00e9crivain. Il est n\u00e9 le 30 juin 1932 \u00e0 Mbalmago, au sud du Cameroun. Apr\u00e8s avoir \u00e9t\u00e9 exclu de l\u2019\u00e9cole missionnaire, il entre au lyc\u00e9e de Yaound\u00e9. Bachelier en 1951, il va poursuivre ses \u00e9tudes \u00e0 paris d\u2019o\u00f9 il sort agr\u00e9g\u00e9 en lettres. La plupart de ses \u0153uvres publi\u00e9es en France ou il r\u00e9sidait ont \u00e9t\u00e9 l\u2019objet de scandale et d\u2019interdictions. Nomm\u00e9 professeur \u00e0<strong> Lamballe<\/strong> en grande Bretagne, il a \u00e9crit pendant plus de dix ans (1958 \u00e0 1972) puis vient de sortir coup sur coup en pamphlet de deux romans.<\/p>\n<p><strong>1-2-Bibliographie de l\u2019auteur<\/strong><\/p>\n<p>Eza Boto a publi\u00e9 plusieurs \u0153uvres dont nous avons parmi lesquelles\u00a0: <strong><em>Ville cruelle, sous le pseudonyme D\u2019Eza Boto en 1954, le pauvre christ de Bomba, \u00e9dition Laffant en 1956, Mission termin\u00e9e, \u00e9dition cors\u00e9e en 1957 puis obtiendra le prix Sainte-Beuve en 1958.enfin Main Basse sur le Cameroun, \u00e9dition Maspero en 1972, puis Remembrer Ruben en 1974.<\/em><\/strong><\/p>\n<p><strong>2-Presentation de l\u2019\u0153uvre<\/strong><\/p>\n<p>L\u2019\u0153uvre comprend 223 pages dont 13chapitres et trois parties\u00a0:<\/p>\n<p>La premi\u00e8re partie parle de&#8230;<\/p>\n<p>Pour obtenir l&rsquo;expos\u00e9 complet contactez le +226 56196345 (WhatsApp)<\/p>\n","protected":false},"featured_media":831,"template":"","meta":{"jetpack_publicize_message":"","jetpack_publicize_feature_enabled":true,"jetpack_social_post_already_shared":false,"jetpack_social_options":{"image_generator_settings":{"template":"highway","default_image_id":0,"font":"","enabled":false},"version":2}},"product_brand":[],"product_cat":[598,547],"product_tag":[553,636],"class_list":{"0":"post-5977","1":"product","2":"type-product","3":"status-publish","4":"has-post-thumbnail","6":"product_cat-litterature","7":"product_cat-litterature-africaine","8":"product_tag-auteur-africain","9":"product_tag-litterature","11":"first","12":"instock","13":"downloadable","14":"virtual","15":"sold-individually","16":"purchasable","17":"product-type-simple"},"aioseo_notices":[],"jetpack_publicize_connections":[],"jetpack-related-posts":[],"jetpack_sharing_enabled":true,"_links":{"self":[{"href":"https:\/\/karandoogo.com\/index.php\/wp-json\/wp\/v2\/product\/5977","targetHints":{"allow":["GET"]}}],"collection":[{"href":"https:\/\/karandoogo.com\/index.php\/wp-json\/wp\/v2\/product"}],"about":[{"href":"https:\/\/karandoogo.com\/index.php\/wp-json\/wp\/v2\/types\/product"}],"wp:featuredmedia":[{"embeddable":true,"href":"https:\/\/karandoogo.com\/index.php\/wp-json\/wp\/v2\/media\/831"}],"wp:attachment":[{"href":"https:\/\/karandoogo.com\/index.php\/wp-json\/wp\/v2\/media?parent=5977"}],"wp:term":[{"taxonomy":"product_brand","embeddable":true,"href":"https:\/\/karandoogo.com\/index.php\/wp-json\/wp\/v2\/product_brand?post=5977"},{"taxonomy":"product_cat","embeddable":true,"href":"https:\/\/karandoogo.com\/index.php\/wp-json\/wp\/v2\/product_cat?post=5977"},{"taxonomy":"product_tag","embeddable":true,"href":"https:\/\/karandoogo.com\/index.php\/wp-json\/wp\/v2\/product_tag?post=5977"}],"curies":[{"name":"wp","href":"https:\/\/api.w.org\/{rel}","templated":true}]}}