{"id":5978,"date":"2023-06-30T19:12:28","date_gmt":"2023-06-30T19:12:28","guid":{"rendered":"https:\/\/karandoogo.com\/?post_type=product&#038;p=5978"},"modified":"2025-10-19T13:37:54","modified_gmt":"2025-10-19T13:37:54","slug":"expose-complet-en-anglais-sur-le-role-et-la-place-de-la-femme-dans-le-developpement-ak","status":"publish","type":"product","link":"https:\/\/karandoogo.com\/index.php\/produit\/expose-complet-en-anglais-sur-le-role-et-la-place-de-la-femme-dans-le-developpement-ak\/","title":{"rendered":"Expos\u00e9 complet en anglais sur le r\u00f4le et la place de la femme dans le d\u00e9veloppement &#8211; AK"},"content":{"rendered":"","protected":false},"excerpt":{"rendered":"<p><strong><u>WORK PLAN<\/u><\/strong><\/p>\n<p><strong>\u00a0<\/strong><\/p>\n<p><strong><u>INTRODUCTION<\/u><\/strong><\/p>\n<p><strong>I-IMPORTANCE ROLE PLAYED BY WOMEN IN THE COUNTRIES DEVELOPMENT<\/strong><\/p>\n<p><strong>1-ON ECONOMIC PLAN<\/strong><\/p>\n<p><strong>2-ON SOCIAL PLAN<\/strong><\/p>\n<p><strong>3-ON CULTURAL PLAN<\/strong><\/p>\n<p><strong>a-Women implication in the sport<\/strong><\/p>\n<p><strong>b-Women implication in music and film<\/strong><\/p>\n<p><strong>4-ON POLITICAL PLAN<\/strong><\/p>\n<p><strong>II-ISSUES FACED BY WOMEN IN THE DEVELOPMENT OF COUNTRIES<\/strong><\/p>\n<p><strong>1-The Weight of Tradition and Culture<\/strong><\/p>\n<p><strong>2-Women in Power and Decisions-Making<\/strong><\/p>\n<p><strong>III-STRATEGIES FOR WOMEN IMPROVEMENT IN THE DEVELOPMENT OF COUNTRIES<\/strong><\/p>\n<p><strong>\u00a0<\/strong><\/p>\n<p><strong><u>CONCLUSION<\/u><\/strong><\/p>\n<p><strong>\u00a0<\/strong><\/p>\n<p><strong>\u00a0<\/strong><\/p>\n<p><strong>\u00a0<\/strong><\/p>\n<p><strong>\u00a0<\/strong><\/p>\n<p><strong>\u00a0<\/strong><\/p>\n<p><strong>\u00a0<\/strong><\/p>\n<p><strong><u>INTRODUCTION<\/u><\/strong><\/p>\n<p><strong>\u00a0<\/strong><\/p>\n<p>For a long time, women saw her situation interiorizing and perpetuated within the society, to which is her is mother. Constituting a part of humanity, it is often bequeathed to the background, and is often recognized in its duties, nor in his rights. Nevertheless, our subject is to know whether women contribute to the development of countries?<\/p>\n<p>In the rest of our work, we will say how women play an important role in the development of countries and the problems they encounter.<\/p>\n<p><strong>I- IMPORTANCE ROLE PLAYED BY WOMEN IN THE COUNTRIES DEVELOPMENT<\/strong><\/p>\n<p>Women, representing part of the world\u2019s population contribute to the development of countries. Without them, development cannot operate across the world. She is the mother of the society. Nevertheless, they play such a role in the development of the countries. His contribution is several others among which we can enumerate.<\/p>\n<p><strong>1-ON ECONOMIC PLAN<\/strong><\/p>\n<p>Women contribute in a multilateral and multifaceted way in the economy \u00a0\u00a0of \u00a0\u00a0\u00a0\u00a0\u00a0\u00a0countries in various ways among which we have among others.<\/p>\n<ul>\n<li>Women in agricultural sector and farming sector:<\/li>\n<\/ul>\n<p>Women in Africa are very dynamic economic agents, more than anywhere elsewhere in the world. They carry out the majority of agricultural activities, hold one-third of all companies, up to 70%of employees. In farming sector, women&#8230;<\/p>\n<p>Pour obtenir l&rsquo;expos\u00e9 complet contactez le +226 56196345 (WhatsApp)<\/p>\n","protected":false},"featured_media":831,"template":"","meta":{"jetpack_publicize_message":"","jetpack_publicize_feature_enabled":true,"jetpack_social_post_already_shared":false,"jetpack_social_options":{"image_generator_settings":{"template":"highway","default_image_id":0,"font":"","enabled":false},"version":2}},"product_brand":[],"product_cat":[544,546],"product_tag":[1077,1078,701,1076,591],"class_list":{"0":"post-5978","1":"product","2":"type-product","3":"status-publish","4":"has-post-thumbnail","6":"product_cat-exposes","7":"product_cat-societe","8":"product_tag-devoir","9":"product_tag-droits","10":"product_tag-femme","11":"product_tag-role","12":"product_tag-societe","14":"first","15":"instock","16":"downloadable","17":"virtual","18":"sold-individually","19":"purchasable","20":"product-type-simple"},"aioseo_notices":[],"jetpack_publicize_connections":[],"jetpack-related-posts":[],"jetpack_sharing_enabled":true,"_links":{"self":[{"href":"https:\/\/karandoogo.com\/index.php\/wp-json\/wp\/v2\/product\/5978","targetHints":{"allow":["GET"]}}],"collection":[{"href":"https:\/\/karandoogo.com\/index.php\/wp-json\/wp\/v2\/product"}],"about":[{"href":"https:\/\/karandoogo.com\/index.php\/wp-json\/wp\/v2\/types\/product"}],"wp:featuredmedia":[{"embeddable":true,"href":"https:\/\/karandoogo.com\/index.php\/wp-json\/wp\/v2\/media\/831"}],"wp:attachment":[{"href":"https:\/\/karandoogo.com\/index.php\/wp-json\/wp\/v2\/media?parent=5978"}],"wp:term":[{"taxonomy":"product_brand","embeddable":true,"href":"https:\/\/karandoogo.com\/index.php\/wp-json\/wp\/v2\/product_brand?post=5978"},{"taxonomy":"product_cat","embeddable":true,"href":"https:\/\/karandoogo.com\/index.php\/wp-json\/wp\/v2\/product_cat?post=5978"},{"taxonomy":"product_tag","embeddable":true,"href":"https:\/\/karandoogo.com\/index.php\/wp-json\/wp\/v2\/product_tag?post=5978"}],"curies":[{"name":"wp","href":"https:\/\/api.w.org\/{rel}","templated":true}]}}