{"id":5983,"date":"2023-06-30T19:40:00","date_gmt":"2023-06-30T19:40:00","guid":{"rendered":"https:\/\/karandoogo.com\/?post_type=product&#038;p=5983"},"modified":"2025-10-19T13:37:54","modified_gmt":"2025-10-19T13:37:54","slug":"expose-complet-sur-labsurdite-dans-letranger-dalbert-camus-ak-2","status":"publish","type":"product","link":"https:\/\/karandoogo.com\/index.php\/produit\/expose-complet-sur-labsurdite-dans-letranger-dalbert-camus-ak-2\/","title":{"rendered":"Expos\u00e9 Complet sur l&rsquo;absurdit\u00e9 dans l&rsquo;Etranger d&rsquo;Albert Camus &#8211; AK"},"content":{"rendered":"","protected":false},"excerpt":{"rendered":"<p><strong><u>\u00a0<\/u><\/strong><\/p>\n<p><strong><u>PLAN DE TRAVAIL<\/u><\/strong><\/p>\n<p><strong>\u00a0<\/strong><\/p>\n<p><strong>\u00a0<\/strong><\/p>\n<p><strong>INTRODUCTION<\/strong><\/p>\n<p><strong>\u00a0<\/strong><\/p>\n<p><strong>I-BIOBIBLIOGRAPHIE DE L\u2019AUTEUR<\/strong><\/p>\n<p><strong>II-BREVE RESUME DE L\u2019\u0152UVRE<\/strong><\/p>\n<p><strong>II-LE THEME DE \u00ab L\u2019ABSURDE \u00bb DANS L\u2019\u0152UVRE<\/strong><\/p>\n<p><strong>1-Definition<\/strong><\/p>\n<p><strong>2-Les caract\u00e9ristiques de l\u2019absurde dans l\u2019\u0153uvre<\/strong><\/p>\n<p><strong>3-La r\u00e9conciliation de soi par la reconnaissance de l\u2019absurde<\/strong><\/p>\n<p><strong>\u00a0<\/strong><\/p>\n<p><strong>\u00a0<\/strong><\/p>\n<p><strong>\u00a0<\/strong><\/p>\n<p><strong>CONCLUSION<\/strong><\/p>\n<p><strong>\u00a0<\/strong><\/p>\n<p><strong>\u00a0<\/strong><\/p>\n<p><strong>\u00a0<\/strong><\/p>\n<p><strong><u>Introduction<\/u><\/strong><\/p>\n<p>Troisi\u00e8me roman francophone le plus lu dans le monde,\u00a0<strong>\u00ab\u00a0<em><u>L\u2019\u00e9tranger\u00a0\u00bb<\/u><\/em><\/strong> d\u2019Albert Camus raconte l\u2019absurdit\u00e9 du monde qui se r\u00e9v\u00e8le \u00e0 un homme qui n\u2019a jamais trouv\u00e9 de sens \u00e0 l\u2019existence. Etranger \u00e0 soi-m\u00eame, \u00e9tranger au monde, \u00e9tranger \u00e0 la soci\u00e9t\u00e9, \u00e9tranger \u00e0 l\u2019autre. Paru en 1942, le premier livre du Nobel de la litt\u00e9rature fait partie de la t\u00e9tralogie que camus nommera le \u00ab\u00a0cycle de l\u2019absurde\u00a0\u00bb. Nul sans doute, notre th\u00e9matique porte sur l\u2019absurde dans l\u2019\u0153uvre et par la suite nous analyserons cela dans l\u2019ouvrage.<\/p>\n<p><strong>I-BIOBIBLIOGRAPHIE DE L\u2019AUTEUR<\/strong><\/p>\n<p>Albert Camus est n\u00e9 le <strong>07 Novembre 1913<\/strong> \u00e0 Mondovi (aujourd\u2019hui Dean) en Alg\u00e9rie. Il meurt le 04 janvier 1960 \u00e0 ville Levin suite \u00e0 un accident de circulation.<strong>Lucien August Camus<\/strong> ,p\u00e8re de Albert Camus travaille comme caviste dans un domaine viticole dans le hameau de Saint \u2013Paul(aujourd\u2019hui chebaita Mokhtar),nomm\u00e9 le \u00ab\u00a0le chameau du gendarme\u00a0\u00bb.Lucien \u00e9pouse le 13 novembre 1909 \u00e0 Alger <strong>Catherine H\u00e9l\u00e8ne sint\u00e8s<\/strong> dont la famille est originaire de Minorque en Espagne .En 1910,nait \u00e0 Alger leurs fils ain\u00e9 Lucien Jean Etienne, et le 07 novembre ,leur second fils ,Albert nait a Mondovi .Lucien\u00a0\u00a0 Auguste Camus est mobilis\u00e9 comme 2<sup>e<\/sup> dans le 1<sup>er<\/sup> r\u00e9giment de Zouaves en septembre 1914.Atteint \u00e0 la t\u00eate par un \u00e9clat d\u2019obus qui la rendu aveugle ,il est \u00e9vacu\u00e9 sur l\u2019\u00e9cole du sacr\u00e9 c\u0153ur de saint Brieuc ,transform\u00e9 en h\u00f4pital auxiliaire, et il meurt moins d\u2019une semaine apr\u00e8s ,le 11 octobre 1914,\u00e0 28ans.orphelins de p\u00e8re pour faire de guerre, les deux fr\u00e8res sont faits pupilles de la nations .De son p\u00e8re ,camus ne connaitra que quelques photographie et une anecdote significative\u00a0:son gout devant le spectacle d\u2019une ex\u00e9cution capitale.<\/p>\n<p>Sa m\u00e8re en partie sourde, ne sait lire ni \u00e9crire\u00a0: elle ne comprend un interlocuteur qu\u2019en lisant sur ses l\u00e8vres et communique en utilisant une gestuelle propre \u00e0 sa famille. Avant le d\u00e9part de son mari \u00e0 l\u2019arm\u00e9e, elle s\u2019\u00e9tait install\u00e9 avec ses enfants chez sa m\u00e8re et ses deux fr\u00e8res (Etienne-sourd, qui travaille comme tonnelier et Joseph). Albert camus est influenc\u00e9 par son oncle, Gustave<strong> Acault<\/strong>, chez qui il effectue de longs s\u00e9jours. Il aide son neveu \u00e0 subvenir \u00e0 ses besoins et lui fournit une biblioth\u00e8que riche et \u00e9lectrique.<\/p>\n<p>Albert camus fait ses \u00e9tudes \u00e0 Alger .A l\u2019\u00e9cole communale ,il est remarqu\u00e9 alors qu\u2019il n\u2019a que 10 ans ,en 1923 par son instituteur ,<strong>Louis Germain<\/strong> qui lui donne de le\u00e7ons gratuites et l\u2019inscrit en \u00a0sur la listes des candidats aux bourses .Apr\u00e8s avoir re\u00e7u \u00e0 son baccalaur\u00e9at ,il entre en classe de philosophie \u00e0 l\u2019automne 1930.Passionn\u00e9 par la litt\u00e9rature ,il \u00e9voquera dans son premier essai d\u2019\u00e9criture ,<strong><em><u>L\u2019h\u00f4pital du quartier<\/u><\/em><\/strong> <strong><em><u>pauvre<\/u><\/em><\/strong> ou il exposa l\u2019exp\u00e9rience qu\u2019il a v\u00e9cu dans la suite d\u2019une tuberculose chronique ou il s\u00e9journa \u00e0 l\u2019h\u00f4pital Mustapha. Continuant de faire valoir sa plume ,il \u00e9crit un autre essai <strong><em><u>Beriha <\/u><\/em><\/strong>ou le r\u00eaveur et devient secr\u00e9taire de la section alg\u00e9rienne du mouvement <strong>Amsterdam-Pleye<\/strong> .Camus est encourag\u00e9 par sa vocation d\u2019\u00e9crivain par son professeur de philosophie, Jean Grenier, qui lui fera d\u00e9couvrir Nietzsche .Il restera toujours fid\u00e8le au milieu ouvrier et pauvre qui a \u00e9t\u00e9 longtemps le sien et son \u0153uvre accorde une r\u00e9elle place aux travailleurs et \u00e0 leurs tourments.il obtient son dipl\u00f4me d\u2019\u00e9tudes sup\u00e9rieures en lettres ,section philosophie ,en 1936,en pr\u00e9sentant un m\u00e9moire portant sur les pens\u00e9es de <strong>Plotin <\/strong>et<strong> Augustin d\u2019Hippones <\/strong>.son amour pour le th\u00e9\u00e2tre lui a fallu de jouer sa premi\u00e8re pi\u00e8ce qui est une adaptation \u00e0 la nouvelle le <strong><em><u>Temps du m\u00e9pris<\/u><\/em><\/strong>(1935) <strong>d\u2019Andr\u00e9 Malraux<\/strong> ,dont les r\u00e9p\u00e9titions lui donnent l\u2019occasion de nouer une amiti\u00e9 avec <strong>Emmanuel Robl\u00e8s<\/strong>.il entre au journal cr\u00e9e par Pascal Pia ,Alger R\u00e9publicain ,organe populaire o\u00f9 il devient r\u00e9dacteur en chef.<\/p>\n<p>En 1940,Camus divorce de son \u00e9pouse <strong>Simon Hi\u00e9<\/strong> pour \u00e9pouser Francine Faure\u00a0 .ils s\u2019installent \u00e0 paris o\u00f9 il travaille comme secr\u00e9taire de r\u00e9daction \u00e0 <strong><em>Paris soir<\/em><\/strong> sous l\u2019\u00e9gide de <strong>Pascal Pai<\/strong>.Il fonde aussi la revue <strong><em>rivage<\/em><\/strong> .Malraux ,alors lecteur chez Gallimard, entre en correspondance avec Camus et \u00ab\u00a0se r\u00e9v\u00e8le lecteur m\u00e9ticuleux ,bienveillant ,passionn\u00e9 de <strong><em><u>l\u2019\u00e9tranger\u00a0<\/u><\/em><\/strong>\u00bb et en recommande la publication .Le livre apparait le 15 juin 1942 en m\u00eame temps que l\u2019essai le <strong><em><u>Mythe de Sisyphe<\/u><\/em><\/strong>(1942),dans lequel il expose sa philosophie .selon sa propre classification ces \u0153uvres, appartiennent <strong>au cycle de l\u2019absurde <\/strong>,cycle qui compl\u00e8tera par les pi\u00e8ces de th\u00e9\u00e2tres <strong><em><u>Le Malentendu<\/u><\/em> et Caligula<\/strong> (1944)<\/p>\n<p><strong>II- BREVE RESUME DE L\u2019\u0152UVRE<\/strong><\/p>\n<p>Publi\u00e9 en 1942,<strong> L\u2019\u00e9tranger<\/strong> retrace l\u2019histoire d\u2019un homme ordinaire soumis \u00e0 l\u2019absurdit\u00e9 de l\u2019existence et de la condition. R\u00e9dig\u00e9 au pass\u00e9, ce r\u00e9cit propose de suivre le parcours de Meursault, le personnage principal de l\u2019\u0153uvre. Meursault, un \u00eatre insensible se&#8230;<\/p>\n<p>Pour obtenir l&rsquo;expos\u00e9 complet contactez le +226 56196345 (WhatsApp).<\/p>\n","protected":false},"featured_media":831,"template":"","meta":{"jetpack_publicize_message":"","jetpack_publicize_feature_enabled":true,"jetpack_social_post_already_shared":false,"jetpack_social_options":{"image_generator_settings":{"template":"highway","default_image_id":0,"font":"","enabled":false},"version":2}},"product_brand":[],"product_cat":[544,598],"product_tag":[600,758],"class_list":{"0":"post-5983","1":"product","2":"type-product","3":"status-publish","4":"has-post-thumbnail","6":"product_cat-exposes","7":"product_cat-litterature","8":"product_tag-albert-camus","9":"product_tag-letranger","11":"first","12":"instock","13":"downloadable","14":"virtual","15":"sold-individually","16":"purchasable","17":"product-type-simple"},"aioseo_notices":[],"jetpack_publicize_connections":[],"jetpack-related-posts":[],"jetpack_sharing_enabled":true,"_links":{"self":[{"href":"https:\/\/karandoogo.com\/index.php\/wp-json\/wp\/v2\/product\/5983","targetHints":{"allow":["GET"]}}],"collection":[{"href":"https:\/\/karandoogo.com\/index.php\/wp-json\/wp\/v2\/product"}],"about":[{"href":"https:\/\/karandoogo.com\/index.php\/wp-json\/wp\/v2\/types\/product"}],"wp:featuredmedia":[{"embeddable":true,"href":"https:\/\/karandoogo.com\/index.php\/wp-json\/wp\/v2\/media\/831"}],"wp:attachment":[{"href":"https:\/\/karandoogo.com\/index.php\/wp-json\/wp\/v2\/media?parent=5983"}],"wp:term":[{"taxonomy":"product_brand","embeddable":true,"href":"https:\/\/karandoogo.com\/index.php\/wp-json\/wp\/v2\/product_brand?post=5983"},{"taxonomy":"product_cat","embeddable":true,"href":"https:\/\/karandoogo.com\/index.php\/wp-json\/wp\/v2\/product_cat?post=5983"},{"taxonomy":"product_tag","embeddable":true,"href":"https:\/\/karandoogo.com\/index.php\/wp-json\/wp\/v2\/product_tag?post=5983"}],"curies":[{"name":"wp","href":"https:\/\/api.w.org\/{rel}","templated":true}]}}