{"id":5991,"date":"2023-06-30T20:00:36","date_gmt":"2023-06-30T20:00:36","guid":{"rendered":"https:\/\/karandoogo.com\/?post_type=product&#038;p=5991"},"modified":"2025-10-19T13:37:54","modified_gmt":"2025-10-19T13:37:54","slug":"expose-complet-sur-lecole-coranique-dans-laventure-ambigue-de-cheick-hamidou-kane-ak","status":"publish","type":"product","link":"https:\/\/karandoogo.com\/index.php\/produit\/expose-complet-sur-lecole-coranique-dans-laventure-ambigue-de-cheick-hamidou-kane-ak\/","title":{"rendered":"Expos\u00e9 complet sur \u00ab\u00a0L&rsquo;\u00e9cole coranique \u00a0\u00bb dans l&rsquo;Aventure Ambigu\u00eb de Cheick Hamidou Kane &#8211; AK"},"content":{"rendered":"","protected":false},"excerpt":{"rendered":"<p><strong><u>PLAN DE TRAVAIL<\/u><\/strong><\/p>\n<p><u>\u00a0<\/u><\/p>\n<p><strong><u>INTRODUCTION<\/u><\/strong><\/p>\n<p><strong>I-BIOGRAPHIE ET BIBLIOGRAPHIE DE L\u2019AUTEUR<\/strong><\/p>\n<p><strong>II-RESUME DE L\u2019\u0152UVRE<\/strong><\/p>\n<p><strong>III-L \u2019ECOLE DANS \u00ab\u00a0<u>AVENTURE AMBIGUE\u00a0\u00bb<\/u><\/strong><\/p>\n<p><strong>1-L\u2019ecole Coranique<\/strong><\/p>\n<p><strong>a-D\u00e9finition<\/strong><\/p>\n<p><strong>b-L \u2018\u00e9cole coranique en g\u00e9n\u00e9rale<\/strong><\/p>\n<p><strong>c-L \u2018\u00e9cole Coranique dans l\u2019\u0153uvre<\/strong><\/p>\n<p><strong>2-L\u2019ecole Occidentale<\/strong><\/p>\n<p><strong>a-D\u00e9finition<\/strong><\/p>\n<p><strong>b-L \u2018\u00e9cole Occidentale en g\u00e9n\u00e9rale<\/strong><\/p>\n<p><strong>c-L \u2018\u00e9cole occidentale dans l\u2019\u0153uvre<\/strong><\/p>\n<p><strong>IV-ETUDE COMPARATIVE DES DEUX ECOLES<\/strong><\/p>\n<p><strong>1-Divergences<\/strong><\/p>\n<p><strong>2-Simultides<\/strong><\/p>\n<p><strong>\u00a0<\/strong><\/p>\n<p><strong><u>CONCLUSION<\/u><\/strong><\/p>\n<p><strong>INTRODUCTION\u00a0 <\/strong><\/p>\n<p>Le roman africain a eu du temps pour se d\u00e9velopper et parler des vrais probl\u00e8mes de l\u2019Afrique. Mais avec l\u2019\u00e9cole \u00e9trang\u00e8re ,et son \u00e9criture ,l\u2019Elite africaine a pris conscience de son devoir d\u2019exposer la vie africaine ses valeurs et l\u2019avenir de sa culture que l\u2019on retrouve dans le tr\u00e8s connu roman <strong><em><u>L\u2019aventure Ambigu\u00eb<\/u><\/em><\/strong>\u00a0 de Cheick Hamidou Kane .voil\u00e0 ce qui a fait ce roman est \u00e9tudi\u00e9 en Afrique ,en Europe et en Am\u00e9rique ,et il traduit dans beaucoup de langues occidentales .Le roman trace la vie de Samba Diallo qui symbolise l\u2019homme africain apr\u00e8s avoir fait l\u2019exp\u00e9rience de deux cultures africaine traditionnelle et occidentales.<\/p>\n<p>Pour mener \u00e0 bien notre \u00e9tude, notre travail consiste \u00e0 faire cas de L\u2019ECOLE dans l\u2019\u0153uvre, mais avant tout propos, nous pr\u00e9senterons l\u2019auteur et son ouvrage.<\/p>\n<p><strong>I-BIOGRAPHIE ET BIBLIOGRAPHIE DE L\u2019AUTEUR<\/strong><\/p>\n<p>Cheikh Hamidou Kane est un \u00e9crivain s\u00e9n\u00e9galais n\u00e9 \u00e0 Matam en 1928.Il fr\u00e9quente l\u2019\u00e9cole coranique jusqu\u2019\u00e0 10ans puis l\u2019\u00e9cole des fils de chefs. Apr\u00e8s son Baccalaur\u00e9at, il fait des \u00e9tudes de droit et de philosophie \u00e0 paris. En 1959 il \u00e9tait dipl\u00f4m\u00e9 de l\u2019\u00e9cole nationale de la France d\u2019outre-mer et devient en 1961 le chef du cabinet et au minist\u00e8re du gouvernement s\u00e9n\u00e9galais. Il a \u00e9t\u00e9 ministre dans le gouvernement s\u00e9n\u00e9galais (<strong>du plan et de la coop\u00e9ration)<\/strong> et haut fonctionnaire international. Il a notamment repr\u00e9sent\u00e9 L\u2019Unicef en Afrique, \u00e0 Lagos et Abidjan, ce qui lui a donn\u00e9 l\u2019occasion de parcourir pratiquement tous les pays de l\u2019Afrique au sud du Sahara \u00e0 l\u2019exception de l\u2019Afrique du sud.<\/p>\n<p>Cheick Hamidou Kane quant \u00e0 sa bibliographie , \u00a0\u00e9crit son premier roman <strong><em><u>L\u2019aventure Ambigu\u00eb<\/u><\/em><\/strong> est publi\u00e9 en 1961.Longtemps occup\u00e9 par des postes politiques, il va publier, en 1995, un second roman, Les<strong><em><u> Gardiens du Temple<\/u><\/em><\/strong>, dans lequel il poursuit sa r\u00e9flexion sur les d\u00e9chirements culturels du continent.<\/p>\n<p><strong>II-RESUME DE L\u2019\u0152UVRE<\/strong><\/p>\n<p>Samba Diallo est un enfant qui a \u00e9t\u00e9 confi\u00e9 par son p\u00e8re, le chevalier, au chef de la tribu des Diallob\u00e9 afin qu\u2019il suive l\u2019enseignement d\u2019un maitre d\u2019\u00e9cole coranique, Thierno. Ce dernier a tr\u00e8s vite rep\u00e9r\u00e9 chez l\u2019enfant des qualit\u00e9s exceptionnelles .Alors qu\u2019il est arriv\u00e9 \u00e0 l\u2019\u00e2ge de se rendre \u00e0 l\u2019\u00e9cole europ\u00e9enne ,les avis sont partag\u00e9s\u00a0:le chef des Diallob\u00e9 h\u00e9site \u00e0 l\u2019y envoyer, le maitre d\u2019\u00e9cole le d\u00e9conseille vivement et la grande royale ,s\u0153ur du chef ,y est au contraire favorable .suivant les recommandations de la grande royale(afin qu\u2019il apprenne \u00e0\u00a0\u00ab\u00a0vaincre sans avoir raison\u00a0\u00bb),Samba Diallo fr\u00e9quente l\u2019\u00e9cole europ\u00e9enne ,s\u2019y montre excellent \u00e9l\u00e8ve ,apprend tr\u00e8s vite et se voit proposer de poursuivre ses \u00e9tudes en France.<\/p>\n<p>A paris, il vit tr\u00e8s mal son isolement et son d\u00e9chirement entre ses deux cultures.il rencontre Lucienne ,une communiste ,et Pierre Louis ,un avocat antillais militant ,avec lesquels il change des impressions sur leurs cultures respectives .A la demande de son p\u00e8re ,Il regagne lafrique.il rencontre un homme ,devenu fou apr\u00e8s un s\u00e9jour en Europe ,qui lui propose de prendre la succession du maitre Thierno ,d\u00e9c\u00e9d\u00e9 .Mais Samba Diallo a abandonn\u00e9 la pratique religieuse .le fou poignarde Samba et met fin \u00e0 l\u2019ambig\u00fcit\u00e9 de son aventure.<\/p>\n<p><strong>III-L \u2019ECOLE DANS \u00ab\u00a0<em><u>AVENTURE AMBIGUE<\/u>\u00a0\u00bb<\/em><\/strong><\/p>\n<p>A travers l\u2019\u0153uvre, Samba Diallo est confront\u00e9 \u00e0 deux types de cultures (\u00e9cole coranique et occidentale).il est subi par l\u2019influence culturelle de ses deux \u00e9coles. Quelles sont alors leurs rapports\u00a0? comment sont-elles per\u00e7ues dans l\u2019\u0153uvre\u00a0?<\/p>\n<p><strong>1-L\u2019ECOLE CORANIQUE<\/strong><\/p>\n<p><strong>a-D\u00e9finition<\/strong><\/p>\n<p>L\u2019\u00e9cole coranique est constitu\u00e9e de deux themes principaux qui retiendront notre attention :il s\u2019agit de <strong><em>\u00ab\u00a0\u00e9cole\u00a0\u00bb <\/em><\/strong>et <strong><em>\u00ab\u00a0coranique\u00a0\u00bb.<\/em><\/strong> Pour ce qui est du terme \u00ab\u00a0\u00e9cole\u00a0\u00bb, on retiendra dune fa\u00e7on g\u00e9n\u00e9rale que c\u2019est une institution sociale qui a pour objectif d\u2019instruire ou d\u2019inculquer certaines m\u00e9thodes, des connaissances que l\u2019on juge indispensable \u00e0 des individus.<\/p>\n<p>Quant au terme\u00a0<strong><em>\u00ab\u00a0Coranique\u00a0\u00bb,<\/em><\/strong> c\u2019est un adjectif utilis\u00e9 pour qualifier toutes choses qui serait li\u00e9e en rapport avec les textes contenus dans le coran. Les deux termes \u00e9tant ainsi nous permettent de voir&#8230;<\/p>\n<p>Vous avez fini de lire le contenu gratuit, pour t\u00e9l\u00e9charger la totalit\u00e9 de l\u2019expos\u00e9 il faut payer 4,5\u20ac (3000 FCFA). Vous pouvez payer par Mobile Money ou par Carte Bancaire.<\/p>\n","protected":false},"featured_media":831,"template":"","meta":{"jetpack_publicize_message":"","jetpack_publicize_feature_enabled":true,"jetpack_social_post_already_shared":false,"jetpack_social_options":{"image_generator_settings":{"template":"highway","default_image_id":0,"font":"","enabled":false},"version":2}},"product_brand":[],"product_cat":[544,598,547],"product_tag":[870,1081],"class_list":{"0":"post-5991","1":"product","2":"type-product","3":"status-publish","4":"has-post-thumbnail","6":"product_cat-exposes","7":"product_cat-litterature","8":"product_cat-litterature-africaine","9":"product_tag-aventure-ambigue","10":"product_tag-cheick-hamidou-kane","12":"first","13":"instock","14":"downloadable","15":"virtual","16":"sold-individually","17":"purchasable","18":"product-type-simple"},"aioseo_notices":[],"jetpack_publicize_connections":[],"jetpack-related-posts":[],"jetpack_sharing_enabled":true,"_links":{"self":[{"href":"https:\/\/karandoogo.com\/index.php\/wp-json\/wp\/v2\/product\/5991","targetHints":{"allow":["GET"]}}],"collection":[{"href":"https:\/\/karandoogo.com\/index.php\/wp-json\/wp\/v2\/product"}],"about":[{"href":"https:\/\/karandoogo.com\/index.php\/wp-json\/wp\/v2\/types\/product"}],"wp:featuredmedia":[{"embeddable":true,"href":"https:\/\/karandoogo.com\/index.php\/wp-json\/wp\/v2\/media\/831"}],"wp:attachment":[{"href":"https:\/\/karandoogo.com\/index.php\/wp-json\/wp\/v2\/media?parent=5991"}],"wp:term":[{"taxonomy":"product_brand","embeddable":true,"href":"https:\/\/karandoogo.com\/index.php\/wp-json\/wp\/v2\/product_brand?post=5991"},{"taxonomy":"product_cat","embeddable":true,"href":"https:\/\/karandoogo.com\/index.php\/wp-json\/wp\/v2\/product_cat?post=5991"},{"taxonomy":"product_tag","embeddable":true,"href":"https:\/\/karandoogo.com\/index.php\/wp-json\/wp\/v2\/product_tag?post=5991"}],"curies":[{"name":"wp","href":"https:\/\/api.w.org\/{rel}","templated":true}]}}