{"id":5995,"date":"2023-06-30T20:14:53","date_gmt":"2023-06-30T20:14:53","guid":{"rendered":"https:\/\/karandoogo.com\/?post_type=product&#038;p=5995"},"modified":"2025-10-19T13:37:54","modified_gmt":"2025-10-19T13:37:54","slug":"expose-complet-sur-le-mariage-dans-une-si-longue-lettre-de-mariama-ba-ak","status":"publish","type":"product","link":"https:\/\/karandoogo.com\/index.php\/produit\/expose-complet-sur-le-mariage-dans-une-si-longue-lettre-de-mariama-ba-ak\/","title":{"rendered":"Expos\u00e9 complet sur le mariage dans Une si longue lettre de Mariama Ba &#8211; AK"},"content":{"rendered":"","protected":false},"excerpt":{"rendered":"<p><strong><u>Introduction<\/u><\/strong><\/p>\n<p><strong><u>\u00a0<\/u><\/strong><\/p>\n<p><strong>I-Biobibliographie de l\u2019auteur<\/strong><\/p>\n<p><strong>II-R\u00e9sum\u00e9 de l\u2019\u0153uvre<\/strong><\/p>\n<p><b>III- le mariage selon la religion de Mariama B\u00e2<\/b><\/p>\n<p><strong>1-defition du mot mariage<\/strong><\/p>\n<p><strong>2-conception du mariage dans l\u2019\u0153uvre<\/strong><\/p>\n<p><strong>3-le mariage pluriel ou la polygamie dans l\u2019\u0153uvre<\/strong><\/p>\n<p><strong>5-Le poids de la tradition et de la religion dans le mariage<\/strong><\/p>\n<p><strong>4-les conditions des femmes dans le mariage pluriel<\/strong><\/p>\n<p><strong>6-critique sur la question du mariage dans l\u2019\u0153uvre<\/strong><\/p>\n<p><strong>\u00a0<\/strong><\/p>\n<p><strong>Conclusion<\/strong><\/p>\n<p><strong>\u00a0<\/strong><\/p>\n<p><strong>\u00a0<\/strong><\/p>\n<p><strong>\u00a0<\/strong><\/p>\n<p><strong>\u00a0<\/strong><\/p>\n<p><strong>\u00a0<\/strong><\/p>\n<p><strong>\u00a0<\/strong><\/p>\n<p><strong>\u00a0<\/strong><\/p>\n<p><strong>\u00a0<\/strong><\/p>\n<p><strong>\u00a0<\/strong><\/p>\n<p><strong>INTRODUCTION<\/strong><\/p>\n<p><strong><em>\u00a0\u00a0\u00a0\u00a0\u00a0\u00a0\u00a0\u00a0\u00a0\u00a0\u00a0\u00a0\u00a0\u00a0\u00a0\u00a0\u00a0\u00a0 \u2018\u2019Une si longue lettre \u2018\u2019<\/em><\/strong> est le premier roman de l\u2019\u00e9crivaine s\u00e9n\u00e9galaise Mariama B\u00e2 , publi\u00e9 pour la premi\u00e8re fois en 1979.Ecrit en fran\u00e7ais l\u2019\u0153uvre prend la forme d\u2019un roman \u00e9pistolaire ou Ramatoulaye Fall raconte \u00e0 A\u00efssatou ,son amie de longue date ,son veuvage et sa vie de femme et de m\u00e8re .Aux \u00e9v\u00e8nements de sa vie s\u2019entrelacent ceux de son amie A\u00efssatou .ce roman c\u00e9l\u00e8bre fait allusion de plusieurs th\u00e8mes incluant les conditions v\u00e9cues des femmes s\u00e9n\u00e9galaises qui s\u2019apparentent aux femmes africaines. L\u2019\u00e9crivaine s\u2019illustre parmi les femmes qui par leurs plumes tentent de faire cas des tardes de la soci\u00e9t\u00e9 africaine. Apr\u00e8s avoir pr\u00e9sent\u00e9 la biobibliographie de l\u2019auteur et donn\u00e9 le r\u00e9sum\u00e9 de l\u2019\u0153uvre notre travail consistera \u00e0 \u00e9voquer le mariage selon la religion de mariama B\u00e2 dans une si longue lettre de celle-ci bien \u00e9videmment.<\/p>\n<p>&nbsp;<\/p>\n<ol>\n<li><strong> Biobibliographie de l\u2019auteur<\/strong><\/li>\n<\/ol>\n<p>Mariama B\u00e2, n\u00e9e \u00e0 Dakar en 1929.Orpheline de m\u00e8re, elle a \u00e9t\u00e9 \u00e9lev\u00e9e par sa grande m\u00e8re dans un milieu traditionnel musulman. Elle eut la chance d\u2019avoir \u00e9t\u00e9 pouss\u00e9 par son p\u00e8re \u00e0 faire de brillantes \u00e9tudes. Brillante \u00e9l\u00e8ves, elle int\u00e8gre une \u00e9cole fran\u00e7aise et se fait remarquer par ses r\u00e9sultats. Par cons\u00e9quent apr\u00e8s son certificat d\u2019\u00e9tudes primaire a l\u2019\u00e2ge de 14ans elle entre \u00e0 l\u2019\u00e9cole normale de Rufisque en 1943, quelle quitte munie d\u2019un dipl\u00f4me d\u2019enseignement en 1947. Elle enseigne pendant 12ans puis demande sa mutation au sein de l\u2019inspection r\u00e9gionale de l\u2019enseignement pour raison de sant\u00e9. Ayant donn\u00e9 naissance \u00e0 neuf enfant, elle obtient le divorce de son mari, d\u00e9put\u00e9 ministre Obey Diop. Suite \u00e0 son exp\u00e9rience du mariage, elle s\u2019engage pour nombre d\u2019association f\u00e9minines en propagent l\u2019\u00e9ducation et les droits des femmes. En 1979, elle publie son premier roman aux nouvelles \u00e9ditions africaines, \u2018\u2019<strong><em>une si longue lettre\u2019\u2019<\/em><\/strong> qui connait un grand succ\u00e8s tant critique que public et obtient <strong>le prix normal<\/strong> lors de la foire du livre de francfort en 1980.Elle meurt suite \u00e0 un cancer en 1981 avant la sortie de son deuxi\u00e8me roman, \u2018\u2019<strong><em>un chant \u00e9carlate\u2019\u2019<\/em><\/strong>.<\/p>\n<p>Elle est l\u2019auteur de deux \u0153uvres\u00a0:\u2019\u2019 <strong><em>une si longue lettre\u2019\u2019<\/em><\/strong>, l\u2019un des livres les plus connu et lus du continent, qui a fait d\u2019elle une des pionni\u00e8res des lettres f\u00e9minines africaines, et \u2018\u2019<strong><em>un chant \u00e9carlate\u2019\u2019<\/em><\/strong>, dans lequel elle met en sc\u00e8ne la destin\u00e9e d\u2019un couple mixte franco-s\u00e9n\u00e9galaise.<\/p>\n<p><strong>\u00a0<\/strong><\/p>\n<p><strong>II-R\u00e9sum\u00e9 de l\u2019\u0153uvre<\/strong><\/p>\n<p>L\u2019\u0153uvre \u2018\u2019<strong><em>une si longue lettre\u2019\u2019<\/em><\/strong> de mariama B\u00e2 est un roman \u00e9pistolaire o\u00f9 \u00a0la narratrice face \u00e0 son impuissance devant le destin ,adresse une longue lettre \u00e0 sa meilleure amie A\u00efssatou .Dans cette correspondance&#8230;<\/p>\n<p>Pour obtenir l&rsquo;expos\u00e9 complet contactez le +226 56196345 (WhatsApp)<\/p>\n","protected":false},"featured_media":831,"template":"","meta":{"jetpack_publicize_message":"","jetpack_publicize_feature_enabled":true,"jetpack_social_post_already_shared":false,"jetpack_social_options":{"image_generator_settings":{"template":"highway","default_image_id":0,"font":"","enabled":false},"version":2}},"product_brand":[],"product_cat":[544,598,547],"product_tag":[636,552,1082],"class_list":{"0":"post-5995","1":"product","2":"type-product","3":"status-publish","4":"has-post-thumbnail","6":"product_cat-exposes","7":"product_cat-litterature","8":"product_cat-litterature-africaine","9":"product_tag-litterature","10":"product_tag-litterature-africaine","11":"product_tag-mariama-ba","13":"first","14":"instock","15":"downloadable","16":"virtual","17":"sold-individually","18":"purchasable","19":"product-type-simple"},"aioseo_notices":[],"jetpack_publicize_connections":[],"jetpack-related-posts":[],"jetpack_sharing_enabled":true,"_links":{"self":[{"href":"https:\/\/karandoogo.com\/index.php\/wp-json\/wp\/v2\/product\/5995","targetHints":{"allow":["GET"]}}],"collection":[{"href":"https:\/\/karandoogo.com\/index.php\/wp-json\/wp\/v2\/product"}],"about":[{"href":"https:\/\/karandoogo.com\/index.php\/wp-json\/wp\/v2\/types\/product"}],"wp:featuredmedia":[{"embeddable":true,"href":"https:\/\/karandoogo.com\/index.php\/wp-json\/wp\/v2\/media\/831"}],"wp:attachment":[{"href":"https:\/\/karandoogo.com\/index.php\/wp-json\/wp\/v2\/media?parent=5995"}],"wp:term":[{"taxonomy":"product_brand","embeddable":true,"href":"https:\/\/karandoogo.com\/index.php\/wp-json\/wp\/v2\/product_brand?post=5995"},{"taxonomy":"product_cat","embeddable":true,"href":"https:\/\/karandoogo.com\/index.php\/wp-json\/wp\/v2\/product_cat?post=5995"},{"taxonomy":"product_tag","embeddable":true,"href":"https:\/\/karandoogo.com\/index.php\/wp-json\/wp\/v2\/product_tag?post=5995"}],"curies":[{"name":"wp","href":"https:\/\/api.w.org\/{rel}","templated":true}]}}