{"id":6003,"date":"2023-07-04T20:03:20","date_gmt":"2023-07-04T20:03:20","guid":{"rendered":"https:\/\/karandoogo.com\/?post_type=product&#038;p=6003"},"modified":"2025-10-19T13:37:54","modified_gmt":"2025-10-19T13:37:54","slug":"expose-complet-sur-la-sterilite-et-la-mort-dans-soleil-des-independances-dahmadou-kourouma","status":"publish","type":"product","link":"https:\/\/karandoogo.com\/index.php\/produit\/expose-complet-sur-la-sterilite-et-la-mort-dans-soleil-des-independances-dahmadou-kourouma\/","title":{"rendered":"Expos\u00e9 complet sur la st\u00e9rilit\u00e9 et la mort dans soleil des Ind\u00e9pendances d&rsquo;Ahmadou Kourouma"},"content":{"rendered":"","protected":false},"excerpt":{"rendered":"<p><strong><u>PLAN<\/u><\/strong><\/p>\n<p><strong><u>INTRODUCTION<\/u><\/strong><\/p>\n<ul>\n<li><strong><u>ETUDE DE L\u2019AUTEUR ET DE L\u2019\u0152UVRE<\/u><\/strong><\/li>\n<li><strong><u>L\u2019auteur\u00a0:<\/u><\/strong><\/li>\n<li><strong><u>Biographie<\/u><\/strong><\/li>\n<li><strong><u>Bibliographie<\/u><\/strong><\/li>\n<li><strong><u>Etude de l\u2019\u0153uvre<\/u><\/strong><\/li>\n<li><strong><u>R\u00e9sum\u00e9 de l\u2019\u0153uvre<\/u><\/strong><\/li>\n<li><strong><u>Structure de l\u2019\u0153uvre<\/u><\/strong><\/li>\n<\/ul>\n<p><strong><u>II- ETUDE DES PERSONNAGES<\/u><\/strong><\/p>\n<ol>\n<li><strong><u> Personnage principal<\/u><\/strong><\/li>\n<li><strong><u> Personnages secondaires<\/u><\/strong><\/li>\n<\/ol>\n<p><strong><u>III-ETUDE THEMATIQUE DE L\u2019\u0152UVRE<\/u><\/strong><\/p>\n<ul>\n<li><strong><u>Th\u00e8me principal\u00a0:<\/u><\/strong><\/li>\n<li><strong><u>Th\u00e8mes secondaires<\/u><\/strong><\/li>\n<\/ul>\n<p><strong><u>IV-\u00a0\u00a0\u00a0\u00a0 STYLE DE L\u2019AUTEUR<\/u><\/strong><\/p>\n<ol>\n<li><strong><u> Le registre de langue<\/u><\/strong><\/li>\n<li><strong><u> Les tonalit\u00e9s<\/u><\/strong><\/li>\n<\/ol>\n<p><strong><u>V-\u00a0\u00a0\u00a0\u00a0\u00a0 ESPACE ET TEMPS<\/u><\/strong><\/p>\n<ol>\n<li><strong><u> Espace<\/u><\/strong><\/li>\n<li><strong><u> Temps<\/u><\/strong><\/li>\n<\/ol>\n<p><strong><u>CONCLUSION<\/u><\/strong><\/p>\n<p><strong><u>\u00a0<\/u><\/strong><\/p>\n<p><strong><u>\u00a0<\/u><\/strong><\/p>\n<p><strong><u>INTRODUCTION<\/u><\/strong><\/p>\n<p>Les soleils des ind\u00e9pendances est une l\u2019une des \u0153uvres d\u2019Ahmadou Kourouma. C\u2019est un roman de 195 pages et 3 parties. Chaque partie contient des chapitres titr\u00e9s. L\u2019\u0153uvre est publi\u00e9e par les \u00e9ditions Points. Le texte int\u00e9gral \u00e9mane des Editions du Seuil en janvier 1970. Cette \u0153uvre relate la vie d\u2019un Malink\u00e9 au pr\u00e9nom Fama. Les soleils des Ind\u00e9pendances ne repr\u00e9sentent que les maux que les Ind\u00e9pendances ont engendr\u00e9s en Afrique. Le th\u00e8me principal ne serait d\u00e8s lors que le lendemain des ind\u00e9pendances en Afrique. Dans la suite de ce travail de recherche, il s\u2019agira d\u2019\u00e9tudier plus en profondeur ce roman.<\/p>\n<ul>\n<li><strong><u>ETUDE DE L\u2019AUTEUR ET DE L\u2019\u0152UVRE<\/u><\/strong><\/li>\n<li><strong><u>L\u2019auteur\u00a0:<\/u><\/strong><\/li>\n<li><strong><u>Biographie<\/u><\/strong><\/li>\n<\/ul>\n<p>Ahmadou Kourouma est n\u00e9 en c\u00f4te d\u2019Ivoire \u00e0 Boundiali en 1927 dans une famille princi\u00e8re musulmane de l\u2019ethnie malink\u00e9. Il a pass\u00e9 une partie de son enfance en Guin\u00e9e. A l\u2019\u00e2ge de 7 ans, il est pris en charge par son oncle qui le fait entrer \u00e0 l\u2019\u00e9cole primaire rurale. En 1947, il est re\u00e7u au concours d\u2019entr\u00e9e \u00e0 l\u2019\u00e9cole technique sup\u00e9rieure de Bamako. En 1949, il est arr\u00eat\u00e9 comme meneur de gr\u00e8ve et envoy\u00e9 en C\u00f4te d\u2019Ivoire. On lui supprime son sursis et il est enr\u00f4l\u00e9 dans le corps des tirailleurs pour un service de trois ans. Il est d\u00e9grad\u00e9 quelques mois plus tard, et il se rend en France pour continuer ses \u00e9tudes en 1955. C\u2019est \u00e0 Lyon que son int\u00e9r\u00eat pour la litt\u00e9rature et l\u2019art d\u2019\u00e9crire se pr\u00e9cise. D\u00e8s son retour en C\u00f4te d\u2019Ivoire, il entreprend d\u2019\u00e9crire. Il meurt en d\u00e9cembre 2003.<\/p>\n<ul>\n<li><strong><u>Bibliographie<\/u><\/strong><\/li>\n<\/ul>\n<p>Les \u0153uvres d\u2019Ahmadou Kourouma sont :<\/p>\n<p><strong>&#8211;\u00a0\u00a0\u00a0\u00a0\u00a0\u00a0 Th\u00e9\u00e2tre<\/strong><\/p>\n<p>Tougnantigui ou le Diseur de v\u00e9rit\u00e9, reprise en 1996, puis \u00e9dit\u00e9e en 1998 chez Acoria<\/p>\n<p><strong>&#8211;\u00a0\u00a0\u00a0\u00a0\u00a0\u00a0 Romans<\/strong><\/p>\n<p>Les soleils des Ind\u00e9pendances (1968, Presses de l&rsquo;universit\u00e9 de Montr\u00e9al, publi\u00e9 au Seuil en 1970),<\/p>\n<p>Monn\u00e8, outrages et d\u00e9fis (1990, Seuil)<\/p>\n<p>En attendant le vote des b\u00eates sauvages (1994, Seuil 1999)<\/p>\n<p>Allah n\u2019est pas oblig\u00e9 (2000, Seuil)<\/p>\n<p>Quand on refuse on dit non (2004, Seuil)<\/p>\n<p><strong>&#8211;\u00a0\u00a0\u00a0\u00a0\u00a0\u00a0 Livres pour enfants<\/strong><\/p>\n<p>Yacouba, chasseur africain (1998, Gallimard jeunesse, coll. Folio Junior, illustrations de Claude et Denise Millet)<\/p>\n<p>Le griot, homme de parole (2000, \u00c9dition Grandir)<\/p>\n<p>Le chasseur, h\u00e9ros africain (2000, \u00c9dition Grandir)<\/p>\n<p>Le forgeron, homme de savoir (2000, \u00c9dition Grandir)<\/p>\n<p>Prince, suzerain actif (2000, \u00c9dition Grandir).<\/p>\n<ul>\n<li><strong><u>Etude de l\u2019\u0153uvre<\/u><\/strong><\/li>\n<li><strong><u>R\u00e9sum\u00e9 de l\u2019\u0153uvre<\/u><\/strong><\/li>\n<\/ul>\n<p>Dans la capitale, vivait Fama, un citadin mari\u00e9 \u00e0 Salimata. Dans cette ville, il ne vivait que de la mis\u00e8re. Il n\u2019avait que de m\u00e9pris envers tous les habitants de la ville. Il ne se posait que des questions sur sa propre vie : pauvret\u00e9, manque d\u2019enfant, sale ville, sa vie de musulman\u2026 Lors de l\u2019enterrement d\u2019Ibrahima Kon\u00e9, Fama avait insult\u00e9 et injuri\u00e9 tous les Malink\u00e9 qui \u00e9taient \u00e0 la c\u00e9r\u00e9monie. Tous le ha\u00efssaient. Il avait fini par&#8230;..<\/p>\n<p>Vous avez fini de lire le contenu gratuit, pour t\u00e9l\u00e9charger la totalit\u00e9 de l\u2019expos\u00e9 il faut payer 4,5\u20ac (3000 FCFA). Vous pouvez payer par Mobile Money ou par Carte Bancaire.<\/p>\n","protected":false},"featured_media":831,"template":"","meta":{"jetpack_publicize_message":"","jetpack_publicize_feature_enabled":true,"jetpack_social_post_already_shared":false,"jetpack_social_options":{"image_generator_settings":{"template":"highway","default_image_id":0,"font":"","enabled":false},"version":2}},"product_brand":[],"product_cat":[544,598,547],"product_tag":[1090,1088,1089],"class_list":{"0":"post-6003","1":"product","2":"type-product","3":"status-publish","4":"has-post-thumbnail","6":"product_cat-exposes","7":"product_cat-litterature","8":"product_cat-litterature-africaine","9":"product_tag-ahmadou-kourouma","10":"product_tag-la-sterilite-et-la-mort","11":"product_tag-soleil-des-independances","13":"first","14":"instock","15":"downloadable","16":"virtual","17":"sold-individually","18":"purchasable","19":"product-type-simple"},"aioseo_notices":[],"jetpack_publicize_connections":[],"jetpack-related-posts":[],"jetpack_sharing_enabled":true,"_links":{"self":[{"href":"https:\/\/karandoogo.com\/index.php\/wp-json\/wp\/v2\/product\/6003","targetHints":{"allow":["GET"]}}],"collection":[{"href":"https:\/\/karandoogo.com\/index.php\/wp-json\/wp\/v2\/product"}],"about":[{"href":"https:\/\/karandoogo.com\/index.php\/wp-json\/wp\/v2\/types\/product"}],"wp:featuredmedia":[{"embeddable":true,"href":"https:\/\/karandoogo.com\/index.php\/wp-json\/wp\/v2\/media\/831"}],"wp:attachment":[{"href":"https:\/\/karandoogo.com\/index.php\/wp-json\/wp\/v2\/media?parent=6003"}],"wp:term":[{"taxonomy":"product_brand","embeddable":true,"href":"https:\/\/karandoogo.com\/index.php\/wp-json\/wp\/v2\/product_brand?post=6003"},{"taxonomy":"product_cat","embeddable":true,"href":"https:\/\/karandoogo.com\/index.php\/wp-json\/wp\/v2\/product_cat?post=6003"},{"taxonomy":"product_tag","embeddable":true,"href":"https:\/\/karandoogo.com\/index.php\/wp-json\/wp\/v2\/product_tag?post=6003"}],"curies":[{"name":"wp","href":"https:\/\/api.w.org\/{rel}","templated":true}]}}