{"id":6004,"date":"2023-07-04T20:09:33","date_gmt":"2023-07-04T20:09:33","guid":{"rendered":"https:\/\/karandoogo.com\/?post_type=product&#038;p=6004"},"modified":"2025-10-19T13:37:53","modified_gmt":"2025-10-19T13:37:53","slug":"expose-complet-sur-lintolerance-et-le-fanatisme-religieux-dans-candide-de-voltaire","status":"publish","type":"product","link":"https:\/\/karandoogo.com\/index.php\/produit\/expose-complet-sur-lintolerance-et-le-fanatisme-religieux-dans-candide-de-voltaire\/","title":{"rendered":"Expos\u00e9 complet sur l&rsquo;intol\u00e9rance et le fanatisme religieux dans Candide de voltaire"},"content":{"rendered":"","protected":false},"excerpt":{"rendered":"<p><strong><u>Introduction<\/u><\/strong><\/p>\n<ul>\n<li><strong><u>Biographie de Voltaire<\/u><\/strong><\/li>\n<li><strong><u>Bibliographie<\/u><\/strong><strong><u> :<\/u><\/strong><\/li>\n<li><strong><u>\u0152uvre<\/u><\/strong><\/li>\n<li><strong><u>R\u00e9sum\u00e9<\/u><\/strong><\/li>\n<li><strong><u>ETUDE DES PERSONNAGES<\/u><\/strong><\/li>\n<li><strong><u>Personnage principal<\/u><\/strong><\/li>\n<li><strong><u>Personnages secondaires<\/u><\/strong><\/li>\n<li><strong><u>ETUDE THEMATIQUE<\/u><\/strong><\/li>\n<li><strong><u>Th\u00e8me principal<\/u><\/strong><\/li>\n<li><strong><u>Th\u00e8mes secondaires<\/u><\/strong><\/li>\n<\/ul>\n<p><strong><u>Conclusion<\/u><\/strong><\/p>\n<p><strong><u>Introduction<\/u><\/strong><\/p>\n<p>Candide est un conte philosophique \u00e9crit par Voltaire en 1759 sous le pseudonyme de Monsieur le docteur Ralph afin de contourner la censure. Il a \u00e9t\u00e9 r\u00e9dig\u00e9 apr\u00e8s le tremblement de terre de Lisbonne en 1755 et la guerre de sept ans (1756-1753). Dans ce conte d\u2019aspect traditionnel, Voltaire fait preuve d\u2019ironie et de critique de la soci\u00e9t\u00e9. Il s&rsquo;attaque \u00e0 la philosophie del\u2019optimisme. L\u2019optimisme vient de faire son apparition et il se base sur le fait que \u00ab tout est pour le mieux \u00bb dans le meilleur des mondes. C\u2019est ce concept que Voltaire souhaite d\u00e9truire en confrontant lespersonnages de son conte \u00e0 toute sorte de m\u00e9saventures malchanceuses, de maux dus \u00e0 la guerre et au fanatisme. Tout en utilisant les \u00e9l\u00e9ments d\u2019un conte traditionnel, il le d\u00e9tourne en contephilosophique, et d\u00e9voile ses intentions pol\u00e9miques, une critique de son \u00e9poque, de la religion, de sa soci\u00e9t\u00e9, des institutions, de l\u2019absurdit\u00e9 et de la cruaut\u00e9 des conflits arm\u00e9s, et particuli\u00e8rement dans cet extrait des abus de pouvoir et de l\u2019esclavage. Mais par quels proc\u00e9d\u00e9s, Voltaire critique-t-il l\u2019abus de pouvoir et de l&rsquo;esclavage dans cet extrait<\/p>\n<ul>\n<li><strong><u>Biographie de Voltaire<\/u><\/strong><strong> : <\/strong><\/li>\n<\/ul>\n<p>Voltaire est l\u2019un des plus grands \u00e9crivains fran\u00e7ais : dramaturge, pol\u00e9miste satirique, philosophe, historien et moraliste. Fran\u00e7ois-Marie Arouet est originaire d&rsquo;un milieu bourgeois, son p\u00e8re \u00e9tait notaire. Il fait de brillantes \u00e9tudes chez les j\u00e9suites de Louis-Le-Grand. Des vers irr\u00e9v\u00e9rencieux l&rsquo;obligent \u00e0 rester en province, puis provoquent son incarc\u00e9ration \u00e0 la Bastille (1717)<\/p>\n<p>De retour en France, Voltaire poursuit sa carri\u00e8re litt\u00e9raire avec pour objectif la recherche de la v\u00e9rit\u00e9 et de la faire conna\u00eetre pour transformer la soci\u00e9t\u00e9. Au ch\u00e2teau de Cirey, en Champagne, il \u00e9crit des trag\u00e9dies (\u00ab\u00a0Za\u00efre\u00a0\u00bb, \u00ab\u00a0La mort de C\u00e9sar\u00a0\u00bb\u2026) et, avec moins de succ\u00e8s, des com\u00e9dies (\u00ab\u00a0Nanine\u00a0\u00bb). Il critique la guerre dans \u00ab\u00a0L&rsquo;Histoire de Charles XII\u00a0\u00bb (1731) puis s&rsquo;en prend aux dogmes chr\u00e9tiens dans \u00ab\u00a0Ep\u00eetres \u00e0 Uranie\u00a0\u00bb (1733).<\/p>\n<p>&nbsp;<\/p>\n<p>Des po\u00e8mes officiels lui permettent d&rsquo;entrer \u00e0 l&rsquo;Acad\u00e9mie Fran\u00e7aise et \u00e0 la Cour comme historiographe du roi en 1746. Cependant \u00ab\u00a0Zadig\u00a0\u00bb l&rsquo;oblige \u00e0 s&rsquo;exiler \u00e0 Potsdam sur l&rsquo;invitation de Fr\u00e9d\u00e9ric II de Prusse, puis \u00e0 Gen\u00e8ve. Voltaire s&rsquo;installe d\u00e9finitivement \u00e0 Ferney, pr\u00e8s de la fronti\u00e8re Suisse, o\u00f9 il re\u00e7oit toute l&rsquo;\u00e9lite intellectuelle de l&rsquo;\u00e9poque. En 1759, il publie Candide, une de ses \u0153uvres romanesques les plus c\u00e9l\u00e8bres et les plus achev\u00e9es. S\u2019indignant devant l&rsquo;intol\u00e9rance, les guerres et les injustices qui p\u00e8sent sur l\u2019humanit\u00e9, il y d\u00e9nonce la pens\u00e9e providentialiste et la m\u00e9taphysique oiseuse. Avec des pamphlets mordants, Voltaire combat inlassablement pour la libert\u00e9, la justice et le triomphe de la raison (affaires Calas, Sirven, chevalier de la Barre). En 1778 il retourne enfin \u00e0 Paris, \u00e0 l&rsquo;Acad\u00e9mie et \u00e0 la Com\u00e9die Fran\u00e7aise, mais \u00e9puis\u00e9 par son triomphe, il y meurt peu de temps<\/p>\n<p>&nbsp;<\/p>\n<ul>\n<li><strong><u>Bibliographie<\/u><\/strong><strong><u> : <\/u><\/strong><\/li>\n<\/ul>\n<p>\u0152dipe (1718), La Henriade (ou La Ligue, 1723), Brutus (1730), L&rsquo;Histoire de Charles XII (1731), Za\u00efre (1732), Ep\u00eetres \u00e0 Uranie (1733), Lettres philosophiques (1734), La mort de C\u00e9sar (1735), Discours sur l&rsquo;homme (1738), Zadig (1747), Nanine (1749), Le si\u00e8cle de Louis XIV (1751), Micro m\u00e9gas (1752), La Pucelle d&rsquo;Orl\u00e9ans (1752), Essai sur les m\u0153urs et l&rsquo;esprit des nations (1756), Candide (1759), Trait\u00e9 sur la tol\u00e9rance (1763), (1764), Jeannot et Colin (1764), L&rsquo;ing\u00e9nu (1767), La princesse de Babylone (1768).<\/p>\n<p>&nbsp;<\/p>\n<ul>\n<li><strong><u>\u0152uvre<\/u><\/strong><\/li>\n<\/ul>\n<p>Le conte philosophique <strong><em>Candide<\/em><\/strong> (1759) est l&rsquo;ouvrage le plus connu de Voltaire, le grand philosophe fran\u00e7ais du XVIII\u00e8me si\u00e8cle. L&rsquo;auteur d\u00e9j\u00e0 \u00e2g\u00e9 de 65 ans nous pr\u00e9sente un tableau du monde de son \u00e9poque par l&rsquo;interm\u00e9diaire d&rsquo;un jeune h\u00e9ros que ses voyages am\u00e8nent \u00e0 jeter un regard innocent sur les situations les plus dramatiques de son temps. Le genre du conte philosophique alli\u00e9 \u00e0 celui du roman d&rsquo;aventure&#8230;<\/p>\n<p>Le Jardin le dernier paradis de <strong><em>l&rsquo;\u0153uvre<\/em><\/strong> ou simplement le jardin lieu ou s&rsquo;installe <strong><em>candide<\/em><\/strong> et son entourage en Turquie. Il remplace le ch\u00e2teau de thunder-ten-tronc en Westphalie Comme l&rsquo;as dit hamza <strong><em>candide<\/em><\/strong> rencontre un vieillard son discours remplace celui de Pangloss, pour lui la m\u00e9tairie est un lieu malgr\u00e9 la modestie de sa surface ou vit une petite soci\u00e9t\u00e9 sans les vestiges du monde aristocratique sur les principes d&rsquo;une sage \u00e9conomie.<\/p>\n<p>&nbsp;<\/p>\n<ul>\n<li><strong><u>R\u00e9sum\u00e9<\/u><\/strong><\/li>\n<\/ul>\n<p>Le jeune <strong>Candide<\/strong>, dont le nom traduit \u00e0 la fois la na\u00efvet\u00e9 et la cr\u00e9dulit\u00e9 vit dans le \u00ab\u00a0meilleur des mondes possibles\u00a0\u00bb chez son oncle, le baron de Thunder-ten-Tronckh.<\/p>\n<p>Enfant naturel, <strong>Candide<\/strong> m\u00e8ne une existence heureuse dans cet univers idyllique : Le baron et la baronne de Thunder-ten-Tronckh poss\u00e8dent en effet \u00ab\u00a0le plus beau des ch\u00e2teaux\u00a0\u00bb. <strong>Candide<\/strong> est \u00e9bloui par la puissance de son oncle, et par les sophismes l\u00e9nifiants du docteur Pangloss, le pr\u00e9cepteur. Il admire \u00e9galement Cun\u00e9gonde, la fille du baron. Toute bascule le jour&#8230;<\/p>\n<p>Pour obtenir l&rsquo;expos\u00e9 complet contactez le +226 56196345 (WhatsApp)<\/p>\n","protected":false},"featured_media":831,"template":"","meta":{"jetpack_publicize_message":"","jetpack_publicize_feature_enabled":true,"jetpack_social_post_already_shared":false,"jetpack_social_options":{"image_generator_settings":{"template":"highway","default_image_id":0,"font":"","enabled":false},"version":2}},"product_brand":[],"product_cat":[544,598,546],"product_tag":[1092,1091,1093],"class_list":{"0":"post-6004","1":"product","2":"type-product","3":"status-publish","4":"has-post-thumbnail","6":"product_cat-exposes","7":"product_cat-litterature","8":"product_cat-societe","9":"product_tag-candide","10":"product_tag-lintolerance-et-le-fanatisme-religieux","11":"product_tag-voltaire","13":"first","14":"instock","15":"downloadable","16":"virtual","17":"sold-individually","18":"purchasable","19":"product-type-simple"},"aioseo_notices":[],"jetpack_publicize_connections":[],"jetpack-related-posts":[],"jetpack_sharing_enabled":true,"_links":{"self":[{"href":"https:\/\/karandoogo.com\/index.php\/wp-json\/wp\/v2\/product\/6004","targetHints":{"allow":["GET"]}}],"collection":[{"href":"https:\/\/karandoogo.com\/index.php\/wp-json\/wp\/v2\/product"}],"about":[{"href":"https:\/\/karandoogo.com\/index.php\/wp-json\/wp\/v2\/types\/product"}],"wp:featuredmedia":[{"embeddable":true,"href":"https:\/\/karandoogo.com\/index.php\/wp-json\/wp\/v2\/media\/831"}],"wp:attachment":[{"href":"https:\/\/karandoogo.com\/index.php\/wp-json\/wp\/v2\/media?parent=6004"}],"wp:term":[{"taxonomy":"product_brand","embeddable":true,"href":"https:\/\/karandoogo.com\/index.php\/wp-json\/wp\/v2\/product_brand?post=6004"},{"taxonomy":"product_cat","embeddable":true,"href":"https:\/\/karandoogo.com\/index.php\/wp-json\/wp\/v2\/product_cat?post=6004"},{"taxonomy":"product_tag","embeddable":true,"href":"https:\/\/karandoogo.com\/index.php\/wp-json\/wp\/v2\/product_tag?post=6004"}],"curies":[{"name":"wp","href":"https:\/\/api.w.org\/{rel}","templated":true}]}}