{"id":6025,"date":"2023-07-05T12:46:25","date_gmt":"2023-07-05T12:46:25","guid":{"rendered":"https:\/\/karandoogo.com\/?post_type=product&#038;p=6025"},"modified":"2025-10-19T13:36:25","modified_gmt":"2025-10-19T13:36:25","slug":"expose-complet-sur-le-meurtre-dans-etranger-de-albert-camus-ak","status":"publish","type":"product","link":"https:\/\/karandoogo.com\/index.php\/produit\/expose-complet-sur-le-meurtre-dans-etranger-de-albert-camus-ak\/","title":{"rendered":"Expos\u00e9 complet sur le Meurtre dans Etranger de  Albert Camus -AK"},"content":{"rendered":"","protected":false},"excerpt":{"rendered":"<p><strong>NB: <\/strong>Les documents mis \u00e0 disposition sur ce site sont des documents \u00e0 exploiter, autrement dit des compl\u00e9ments pour parfaire votre travail. Ils ne sont pas faits pour \u00eatre pr\u00e9sent\u00e9s \u00e0 l\u2019\u00e9tat.<\/p>\n<p><strong><u>PLAN DE TRAVAIL<\/u><\/strong><\/p>\n<p><strong>\u00a0<\/strong><\/p>\n<p><strong>INTRODUCTION<\/strong><\/p>\n<p><strong>I-BIOGRAPHIE ET BIBLIOGRAPHIE DE L\u2019AUTEUR<\/strong><\/p>\n<p><strong>II-RESUME DE L\u2019\u0152UVRE<\/strong><\/p>\n<p><strong>III-LE MEURTRE DANS L\u2019\u0152uvre<\/strong><\/p>\n<p><strong>1-Un Moment Fatidique<\/strong><\/p>\n<p><strong>2-La responsabilit\u00e9 de Meursault<\/strong><\/p>\n<p><strong>IV-CRITIQUES ET LA PORTEE DU THEME(Meurtre)DANS L\u2019\u0152UVRE<\/strong><\/p>\n<p><strong>\u00a0<\/strong><\/p>\n<p><strong>CONCLUSION<\/strong><\/p>\n<p><strong>\u00a0<\/strong><\/p>\n<p><strong>\u00a0<\/strong><\/p>\n<p><strong>\u00a0<\/strong><\/p>\n<p><strong>\u00a0<\/strong><\/p>\n<p><strong>\u00a0<\/strong><\/p>\n<p><strong>\u00a0<\/strong><\/p>\n<p><strong>\u00a0<\/strong><\/p>\n<p><strong>INTRODUCTION<\/strong><\/p>\n<p>L\u2019absurde est un concept central chez Albert Camus et dans le courant existentialiste. Ses \u0153uvres\u00a0: L\u2019\u00e9tranger et mythe de Sisyphe s\u2019apparente au cycle de l\u2019absurdit\u00e9 qu\u2019il a lui-m\u00eame designer. Etudier en philosophie, cela se comprend \u00e0 travers toutes ses \u0153uvres o\u00f9 il met en divorce entre l\u2019homme et le monde et les interrogations m\u00e9taphysiques de l\u2019homme et le silence du monde(L\u2019absurde). Nul sans doute ce qui pose la th\u00e9matique du meurtre dans son \u0153uvre.<\/p>\n<p>Meursault est-il responsable de ses actes\u00a0? Les a-t-il voulus\u00a0?<\/p>\n<p>Pour mieux appr\u00e9hender le contenu de notre sujet, notre t\u00e2che, consistera \u00e0 analyser le th\u00e9matique le <strong>\u00ab\u00a0meurtre\u00a0\u00bb <\/strong>dans l\u2019\u00e9tranger de Albert Camus<\/p>\n<p><strong>I-BIOGRAPHIE ET BIBLIOGRAPHIE DE L\u2019AUTEUR<\/strong><\/p>\n<p>N\u00e9 en Alg\u00e9rie au sein d\u2019une famille modeste, orphelin de p\u00e8re, Albert Camus commen\u00e7a des \u00e9tudes de philosophie pendant lesquelles il subit l\u2019influence de son ami <strong>Jean Grenier<\/strong> (qui lui fit notamment d\u00e9couvrir Nietzsche) mais qu\u2019il dut interrompre pour raison de sant\u00e9 (il \u00e9tait atteint de tuberculose). Parall\u00e8lement, il commen\u00e7a \u00e0 participer \u00e0 des projets dramatiques en th\u00e9\u00e2tre.<\/p>\n<p>Pendant son bref passage au parti communiste(1935-1936),il fonda et anima la troupe du th\u00e9\u00e2tre du travail afin de mettre les \u0153uvres dramatiques classiques et contemporains \u00e0 la port\u00e9e du public d\u00e9valoris\u00e9 .Il anima ensuite une autre troupe ,le th\u00e9\u00e2tre de l\u2019\u00e9quipe ,et publia sa premi\u00e8re \u0153uvre <strong><em><u>l\u2019envers et l\u2019endroit(<\/u>1937)<\/em><\/strong>,une s\u00e9rie d\u2019essais litt\u00e9raires vari\u00e9es ou apparaissent d\u00e9j\u00e0 les grands th\u00e8mes de sa maturit\u00e9\u00a0:<strong>La mort ,le soleil ,la M\u00e9diterran\u00e9e ,l\u2019isolement, le destin de l\u2019homme ,le rapprochement entre d\u00e9sespoir et bonheur <\/strong>,etc.<\/p>\n<p>A partir de 1938,Camus exer\u00e7a une activit\u00e9 de journalisme ,d\u2019abord \u00e0 Alger(Alger r\u00e9publicain ,<em><u>soir r\u00e9publicain<\/u><\/em>) puis \u00e0 paris(<em><u>paris-soir<\/u><\/em>) o\u00f9 il s\u2019installa d\u00e9finitivement en 1942.c\u2019est l\u00e0 que parurent simultan\u00e9ment et dans la clandestinit\u00e9\u00a0,le roman <strong><em><u>l\u2019Etranger<\/u><\/em><\/strong> et l\u2019essai <strong><em><u>de mythe de Sisyphe<\/u><\/em><\/strong>(1942),deux \u0153uvres remarqu\u00e9es qui exposaient la philosophie de Camus et qui s\u2019inscrivaient dans ce que lui-m\u00eame appela le <strong><em>\u00ab\u00a0cycle de l\u2019absurde\u00a0\u00bb(<\/em><\/strong>cycle compl\u00e9t\u00e9 ensuite par les pi\u00e8ces de th\u00e9\u00e2tre ,<strong><em><u>le Malentendu,<\/u><\/em>1944,<\/strong>et <strong><em><u>Caligula,<\/u><\/em>1945<\/strong>).Alors qu\u2019il avait \u00e9t\u00e9 reform\u00e9 \u00e0 cause de sa maladie en 1939,Camus fut tr\u00e8s actif dans la r\u00e9sistance au sein du mouvement combat. A la lib\u00e9ration ,il devint le r\u00e9dacteur en chef du journal <strong><em><u>\u00ab\u00a0combat\u00a0\u00bb<\/u><\/em><\/strong> ,aux c\u00f4t\u00e9s de Pascal Pia ,et se mit au service des grandes causes humanitaires internationales .cependant, il poursuivait son \u0153uvre litt\u00e9raire \u00e0 un rythme soutenu avec ,notamment, la cr\u00e9ation de ses pi\u00e8ces ,<strong><em><u>Le Malentendu<\/u><\/em><\/strong> et <strong><em><u>Caligula <\/u><\/em><\/strong>et la publication de son roman <strong><em><u>La peste<\/u><\/em><\/strong>(1947) qui inaugurait le cycle de la r\u00e9volte et de la solidarit\u00e9 ,o\u00f9 s\u2019inscrivent <strong><u>\u00a0\u00a0\u00a0\u00a0\u00a0\u00a0\u00a0\u00a0\u00a0 L\u2019\u00e9tat de si\u00e8ge<\/u><\/strong>(1948) et <strong><em><u>Les justes<\/u><\/em><\/strong>(1947) mais surtout l\u2019essai ,<strong><em><u>L\u2019homme r\u00e9volt\u00e9<\/u><\/em><\/strong>(1951).ce dernier ouvrage fut \u00e0 l\u2019origine de la rupture d\u00e9finitive entre <strong>camus<\/strong> et <strong>Jean Paul Sartre<\/strong> ,car elle soulignait clairement les divergences entre la pens\u00e9e du premier et l\u2019existentialisme du second.<\/p>\n<p>En 1952,Albert Camus d\u00e9missionna de son poste \u00e0 l\u2019Unesco pour manifester sa r\u00e9probation devant la passivit\u00e9 de cette institution \u00e0 l\u2019\u00e9gard de l\u2019Espagne franquiste(voir franco, Francisco).par la suite, en 1956,il s\u2019engagea de nouveau en tentant d\u2019intervenir en faveur d\u2019une tr\u00eave dans la guerre d\u2019Alg\u00e9rie .Il publia ensuite <strong><em><u>La chute<\/u><\/em><\/strong>(1956)o\u00f9 il revenait sur sa rupture avec\u00a0 l\u2019existentialisme ,ainsi qu\u2019un recueil de nouvelles ,<strong><em><u>L\u2019exil et Le Royaume<\/u><\/em><\/strong>(1957).La m\u00eame ann\u00e9e ,il re\u00e7ut le prix Nobel de litt\u00e9rature pour \u00ab\u00a0avoir mis en lumi\u00e8re les probl\u00e8mes se posant de nos jours \u00e0 la conscience des hommes\u00a0!\u00a0\u00bb <strong>Le 04 janvier 1960<\/strong>, en pleine gloire, alors qu\u2019il travaillait \u00e0 un autre roman, le premier Homme (Posthumr,1944), il se tua dans un accident de voiture.<\/p>\n<p><strong>II-RESUME DE L\u2019\u0152UVRE <\/strong><\/p>\n<p>Le narrateur, Meursault<strong>, employ\u00e9<\/strong> de bureau \u00e0 Alger, apprend que sa m\u00e8re est morte, dans un asile. Il va l\u2019enterrer sans larmes ,et sous un soleil de plomb qui ne fait qu\u2019augmenter son envie d\u2019en finir avec la c\u00e9r\u00e9monie .De retour \u00e0 Alger ,il va se baigner et retrouve une ancienne coll\u00e8gue ,Marie .Ils vont voir un film comique au cin\u00e9ma ,et elle devient sa maitresse .Un soir ,<strong>Meursault<\/strong> croise <strong>salamano<\/strong> ,un voisin\u00a0 et est invit\u00e9 par Raymond ,un autre voisin palier .ce dernier, ancien boxeur ,lui raconta sa bagarre avec le&#8230;<\/p>\n<p>Pour obtenir l&rsquo;expos\u00e9 complet contactez le +226 56196345 (WhatsApp)<\/p>\n","protected":false},"featured_media":831,"template":"","meta":{"jetpack_publicize_message":"","jetpack_publicize_feature_enabled":true,"jetpack_social_post_already_shared":false,"jetpack_social_options":{"image_generator_settings":{"template":"highway","default_image_id":0,"font":"","enabled":false},"version":2}},"product_brand":[],"product_cat":[544,598,546],"product_tag":[600,758,1103],"class_list":{"0":"post-6025","1":"product","2":"type-product","3":"status-publish","4":"has-post-thumbnail","6":"product_cat-exposes","7":"product_cat-litterature","8":"product_cat-societe","9":"product_tag-albert-camus","10":"product_tag-letranger","11":"product_tag-meurtre","13":"first","14":"instock","15":"downloadable","16":"virtual","17":"sold-individually","18":"purchasable","19":"product-type-simple"},"aioseo_notices":[],"jetpack_publicize_connections":[],"jetpack-related-posts":[],"jetpack_sharing_enabled":true,"_links":{"self":[{"href":"https:\/\/karandoogo.com\/index.php\/wp-json\/wp\/v2\/product\/6025","targetHints":{"allow":["GET"]}}],"collection":[{"href":"https:\/\/karandoogo.com\/index.php\/wp-json\/wp\/v2\/product"}],"about":[{"href":"https:\/\/karandoogo.com\/index.php\/wp-json\/wp\/v2\/types\/product"}],"wp:featuredmedia":[{"embeddable":true,"href":"https:\/\/karandoogo.com\/index.php\/wp-json\/wp\/v2\/media\/831"}],"wp:attachment":[{"href":"https:\/\/karandoogo.com\/index.php\/wp-json\/wp\/v2\/media?parent=6025"}],"wp:term":[{"taxonomy":"product_brand","embeddable":true,"href":"https:\/\/karandoogo.com\/index.php\/wp-json\/wp\/v2\/product_brand?post=6025"},{"taxonomy":"product_cat","embeddable":true,"href":"https:\/\/karandoogo.com\/index.php\/wp-json\/wp\/v2\/product_cat?post=6025"},{"taxonomy":"product_tag","embeddable":true,"href":"https:\/\/karandoogo.com\/index.php\/wp-json\/wp\/v2\/product_tag?post=6025"}],"curies":[{"name":"wp","href":"https:\/\/api.w.org\/{rel}","templated":true}]}}