{"id":6038,"date":"2023-07-05T13:11:12","date_gmt":"2023-07-05T13:11:12","guid":{"rendered":"https:\/\/karandoogo.com\/?post_type=product&#038;p=6038"},"modified":"2025-10-19T13:36:25","modified_gmt":"2025-10-19T13:36:25","slug":"expose-complet-en-anglais-sur-les-coups-detats-militaires-en-afrique-ak","status":"publish","type":"product","link":"https:\/\/karandoogo.com\/index.php\/produit\/expose-complet-en-anglais-sur-les-coups-detats-militaires-en-afrique-ak\/","title":{"rendered":"Expos\u00e9 complet en anglais sur les coups d&rsquo;\u00e9tats militaires en Afrique &#8211; AK"},"content":{"rendered":"","protected":false},"excerpt":{"rendered":"<p><strong>NB:<\/strong> Les documents mis \u00e0 disposition sur ce site sont des documents \u00e0 exploiter, autrement dit des compl\u00e9ments pour parfaire votre travail. Ils ne sont pas faits pour \u00eatre pr\u00e9sent\u00e9s \u00e0 l\u2019\u00e9tat.<\/p>\n<p><strong><u>WORK PLAN<\/u><\/strong><\/p>\n<p><strong>\u00a0<\/strong><\/p>\n<p>INTRODUCTION<\/p>\n<p>I-ORIGIN AND DEFINITION OF WORD \u201cMILITARY COUPS\u201d<\/p>\n<p>II-THE CAUSES OF MILITARY COUPS IN AFRICA<\/p>\n<p>III-THE CONSEQUENCES OF THIS PHENOMENON<\/p>\n<p>IV-THE SOLUTIONS TO FIGHT AGAINST MILITARY COUPS IN AFRICA<\/p>\n<p>&nbsp;<\/p>\n<p>CONCLUSION<\/p>\n<p>&nbsp;<\/p>\n<p>&nbsp;<\/p>\n<p><strong><u>INTRODUCTION<\/u><\/strong><\/p>\n<p>Since independence, the African countries are distinguished by the fundamentally praetorian character of their governance. Military interference in the political sphere is a recurring feature of their respective trajectories. August <strong>2020 <\/strong>to <strong>January 2022,<\/strong> four military coups took place in the French-Speaking world in <strong>Mali, Chad, Guinea and Burkina Faso<\/strong>. However, this part of the continent was renowned for its political stability and its relative good democratic health. these new coups, like the one in Sudan in October 2021, confirm this tendency of the military to want to take over the reins of the state<strong><em>. What explains this? What impacts on the African Continent? What Solutions are recommended to eradicate Military Coups in Africa Continent? Is Africa really ready for democracy?<\/em><\/strong> To carry out our work, we will carefully examine the above questions.<\/p>\n<p><strong>I-Origin and Definition of Word \u2018\u2019Military Coups\u2019\u2019<\/strong><\/p>\n<p>The term <strong><em>\u2018\u2019Putsch\u2019<\/em><\/strong>\u2019 of Swiss German origin ,specifies that Military coup effected by armed force .it\u2019s commonly used in French ,more rarely in English which uses the French formula or its abbreviated version ,coup .The term <strong><em>\u2018\u2019Putsch\u2019\u2019<\/em><\/strong> comes from <strong><em>Zuriputsch of 1839<\/em><\/strong>,was popularized by the failed coups of <strong>1920 <\/strong>and <strong>1923<\/strong> in Germany(kapp putsch in Berlin and putsch of the Brewery in Munich).The expression <strong><em>\u2018\u2019blow of state \u2018\u2019<\/em><\/strong> has passed in particular in Indonesian and japense .The term <strong><em>Pronunciamiento <\/em><\/strong>,take from Spanish, refers to uprising soldiers of a different type. IN this language, the expression <strong><em>golpe de Est<\/em>ado <\/strong>literally translate the nominal sentence of <strong><em>\u2018\u2019Military coup\u2019\u2019<\/em><\/strong>.<\/p>\n<p>A Military coup is an illegal and often brutal overthrow of power by a person in authority .it\u2019s\u00a0 distinguished from a revolution in the latter is popular .The putsch is a Military coup carried out by force of arms According <strong>Jonathan Powell<\/strong> and <strong>Clayton Thyn<\/strong> ,Researchers ,<strong><em>a \u2018\u2019Military coup\u2019\u2019<\/em><\/strong> design as \u2018\u2019 an :act of authority consisting in deliberate ,illegal and sudden attack on the rules of organization ,functioning or competence of the constituted authorities ,directed attack ,according to a preconceived plan and for various reasons ,by a person or by a group of people united in a part or a body ;with the aim either of seizing power ,or of defending or to strengthen its position, or to bring about a just modification of the political orientation of the country\u2019\u2019.<\/p>\n<p><strong>II-THE Causes of Military Coups in Africa <\/strong><\/p>\n<p>From <strong>1959 to 2021<\/strong>, the continent recorded <strong>154military coups<\/strong>. what explains an increasing military coups in Africa Continent in later years? the causes can be others and: In Burkina Faso, Mali, Guinea and even more chad, in Sudan, the soldier never been far from power: their influence weighed on the State, if they did not occupy the seat of its leader. Also&#8230;<\/p>\n<p>Pour obtenir l&rsquo;expos\u00e9 complet contactez le +226 56196345 (WhatsApp)<\/p>\n","protected":false},"featured_media":831,"template":"","meta":{"jetpack_publicize_message":"","jetpack_publicize_feature_enabled":true,"jetpack_social_post_already_shared":false,"jetpack_social_options":{"image_generator_settings":{"template":"highway","default_image_id":0,"font":"","enabled":false},"version":2}},"product_brand":[],"product_cat":[544,714,546],"product_tag":[610,1106,1067,1104,1105],"class_list":{"0":"post-6038","1":"product","2":"type-product","3":"status-publish","4":"has-post-thumbnail","6":"product_cat-exposes","7":"product_cat-politique","8":"product_cat-societe","9":"product_tag-afrique","10":"product_tag-anglais","11":"product_tag-causes-consequences-solutions","12":"product_tag-coups-detat","13":"product_tag-dictature-en-afrique","15":"first","16":"instock","17":"downloadable","18":"virtual","19":"sold-individually","20":"purchasable","21":"product-type-simple"},"aioseo_notices":[],"jetpack_publicize_connections":[],"jetpack-related-posts":[],"jetpack_sharing_enabled":true,"_links":{"self":[{"href":"https:\/\/karandoogo.com\/index.php\/wp-json\/wp\/v2\/product\/6038","targetHints":{"allow":["GET"]}}],"collection":[{"href":"https:\/\/karandoogo.com\/index.php\/wp-json\/wp\/v2\/product"}],"about":[{"href":"https:\/\/karandoogo.com\/index.php\/wp-json\/wp\/v2\/types\/product"}],"wp:featuredmedia":[{"embeddable":true,"href":"https:\/\/karandoogo.com\/index.php\/wp-json\/wp\/v2\/media\/831"}],"wp:attachment":[{"href":"https:\/\/karandoogo.com\/index.php\/wp-json\/wp\/v2\/media?parent=6038"}],"wp:term":[{"taxonomy":"product_brand","embeddable":true,"href":"https:\/\/karandoogo.com\/index.php\/wp-json\/wp\/v2\/product_brand?post=6038"},{"taxonomy":"product_cat","embeddable":true,"href":"https:\/\/karandoogo.com\/index.php\/wp-json\/wp\/v2\/product_cat?post=6038"},{"taxonomy":"product_tag","embeddable":true,"href":"https:\/\/karandoogo.com\/index.php\/wp-json\/wp\/v2\/product_tag?post=6038"}],"curies":[{"name":"wp","href":"https:\/\/api.w.org\/{rel}","templated":true}]}}