{"id":6046,"date":"2023-07-05T13:51:37","date_gmt":"2023-07-05T13:51:37","guid":{"rendered":"https:\/\/karandoogo.com\/?post_type=product&#038;p=6046"},"modified":"2025-10-19T13:36:24","modified_gmt":"2025-10-19T13:36:24","slug":"expose-complet-sur-lalcoolisme-en-milieu-scolaire-causes-consequences-et-solutions-ak","status":"publish","type":"product","link":"https:\/\/karandoogo.com\/index.php\/produit\/expose-complet-sur-lalcoolisme-en-milieu-scolaire-causes-consequences-et-solutions-ak\/","title":{"rendered":"Expos\u00e9 complet sur l&rsquo;alcoolisme en Milieu Scolaire (Causes, Cons\u00e9quences et Solutions) &#8211; AK"},"content":{"rendered":"","protected":false},"excerpt":{"rendered":"<p><strong>NB:<\/strong> Les documents mis \u00e0 disposition sur ce site sont des documents \u00e0 exploiter, autrement dit des compl\u00e9ments pour parfaire votre travail. Ils ne sont pas faits pour \u00eatre pr\u00e9sent\u00e9s \u00e0 l\u2019\u00e9tat.<\/p>\n<p><strong><u>PLAN DE TRAVAIL<\/u><\/strong><\/p>\n<p><strong><u>\u00a0<\/u><\/strong><\/p>\n<p><strong><u>Introduction<\/u><\/strong><\/p>\n<p><strong><u>I-Les causes du tabagisme, de l\u2019alcoolisme en milieu scolaire<\/u><\/strong><\/p>\n<p><strong><u>1-les causes du tabagisme en milieu scolaire<\/u><\/strong><\/p>\n<p><strong><u>2-les causes de l\u2019alcoolisme en milieu scolaire<\/u><\/strong><\/p>\n<p><strong><u>II-les cons\u00e9quences du tabagisme, de l\u2019alcoolisme en milieu scolaire<\/u><\/strong><\/p>\n<p><strong><u>1-les cons\u00e9quences du tabagisme<\/u><\/strong><\/p>\n<p><strong><u>2-les cons\u00e9quences de l\u2019alcoolisme<\/u><\/strong><\/p>\n<p><strong><u>III-les autres stup\u00e9fiants en milieu scolaire<\/u><\/strong><\/p>\n<p><strong><u>1-les causes<\/u><\/strong><\/p>\n<p><strong><u>2-les cons\u00e9quences<\/u><\/strong><\/p>\n<p><strong><u>IV-les solutions du tabagisme, de l\u2019alcoolisme et les autres stup\u00e9fiant en milieu scolaire<\/u><\/strong><\/p>\n<p><strong><u>1-les solutions du tabagisme<\/u><\/strong><\/p>\n<p><strong><u>2-les solutions pour l\u2019alcoolisme<\/u><\/strong><\/p>\n<p><strong><u>\u00a0<\/u><\/strong><\/p>\n<p><strong><u>Conclusion<\/u><\/strong><\/p>\n<p><strong><u>\u00a0<\/u><\/strong><\/p>\n<p><strong><u>I<\/u><\/strong><strong><u>ntroduction<\/u><\/strong><\/p>\n<p>Au cours de l\u2019ann\u00e9e scolaire 2015-2016, le taux de succ\u00e8s aux examens \u00e9taient de 29,41% pour les brevet d\u2019\u00e9tudes du premier cycle(BEPC)\u00a0; et de 39,59% pour le baccalaur\u00e9at. La tendance est \u00e0 la baisse selon les autorit\u00e9s en charge de l\u2019\u00e9ducation. C\u2019est donc avec des performances en chute que l\u2019on est en droit de se demander ce que font les \u00e9l\u00e8ves \u00e0 l\u2019\u00e9cole. Ces donn\u00e9es ne sont certainement pas un fait du hasard car l\u2019\u00e9cole n\u2019est plus seulement un creuset du savoir mais est en train d\u2019\u00eatre gagn\u00e9e par des pratiques malsaines. Il n\u2019est pas rare de voir dans les cours, des \u00e9l\u00e8ves qui s\u2019adonne \u00e0 l\u2019alcool, \u00e0 la cigarette voire \u00e0 la drogue, autant de fl\u00e9aux minent dangereusement l\u2019\u00e9cole burkinab\u00e9 .Quelles sont donc les motivations des \u00e9l\u00e8ves fumeurs\u00a0?que plaisir prennent ils a fumer\u00a0?ont -il conscience des stup\u00e9fiants sur leur sant\u00e9\u00a0?Dans ce pr\u00e9sent travail, nous analyserons les diff\u00e9rentes causes qui poussent les jeunes \u00e0 s\u2019adonner a cette pratique et dirons les \u00e9ventuelles cons\u00e9quences qui en d\u00e9coulent de ces consommations.<\/p>\n<p><strong>II-Les causes du tabagisme et de l\u2019alcoolisme en milieu scolaire<\/strong><\/p>\n<p><strong>1-Les causes du tabagisme en milieu scolaire<\/strong><\/p>\n<p>Le tabagisme se d\u00e9finit comme une intoxication et une d\u00e9pendance provoqu\u00e9es par le tabac. Le tabagisme est une forme de toxicomanie r\u00e9pandue \u00e0 travers le monde. Cependant il faut dire qua Burkina Faso, la consommation du tabac est r\u00e9currente chez les jeunes au niveau scolaire. De ce fait qu\u2019est ce qui explique cela\u00a0?<\/p>\n<ul>\n<li>D\u2019abord disons qu\u2019en milieu scolaire la cause de la consommation du tabac est souvent li\u00e9e \u00e0 la mauvaise fr\u00e9quentation des amis. En effet comme un proverbe mooga le dit toujours <strong><em>\u2018\u2019les mauvais amis corrompent les bons<\/em><\/strong> <strong><em>amis\u2019\u2019<\/em><\/strong>. De ce fait il y a certains amis dont leurs fr\u00e9quentations impactent le mode de vie chez l\u2019autre. Automatiquement le compagnon va vouloir faire comme son ami, et comme on le dit toujours les oiseaux de m\u00eame plumage vole toujours ensemble.<\/li>\n<li>Ensuite disons que l\u2019homme est de nature \u00e0 vouloir toucher tout, go\u00fbt\u00e9 tout pour savoir ce que \u00e7a donne et surtout les effets que \u00e7a fait et il en va de m\u00eame pour le jeune scolaris\u00e9. De ce fait, il y a une curiosit\u00e9 qui le pousse, un d\u00e9sire qui le pousse \u00e0 vouloir savoir le gout de la chose, comme une cigarette, de la drogue, \u00e0 vouloir exp\u00e9rimenter avec ses pairs. Ainsi ce dernier m\u00eame clandestinement commence \u00e0 s\u2019adonner aux pratiques malsaines.<\/li>\n<\/ul>\n<p>En outre la plupart des jeunes scolaires se&#8230;<\/p>\n<p>Pour obtenir l&rsquo;expos\u00e9 complet contactez le +226 56196345 (WhatsApp)<\/p>\n","protected":false},"featured_media":831,"template":"","meta":{"jetpack_publicize_message":"","jetpack_publicize_feature_enabled":true,"jetpack_social_post_already_shared":false,"jetpack_social_options":{"image_generator_settings":{"template":"highway","default_image_id":0,"font":"","enabled":false},"version":2}},"product_brand":[],"product_cat":[544,546],"product_tag":[604],"class_list":{"0":"post-6046","1":"product","2":"type-product","3":"status-publish","4":"has-post-thumbnail","6":"product_cat-exposes","7":"product_cat-societe","8":"product_tag-alcool-en-milieu-scolaire","10":"first","11":"instock","12":"downloadable","13":"virtual","14":"sold-individually","15":"purchasable","16":"product-type-simple"},"aioseo_notices":[],"jetpack_publicize_connections":[],"jetpack-related-posts":[],"jetpack_sharing_enabled":true,"_links":{"self":[{"href":"https:\/\/karandoogo.com\/index.php\/wp-json\/wp\/v2\/product\/6046","targetHints":{"allow":["GET"]}}],"collection":[{"href":"https:\/\/karandoogo.com\/index.php\/wp-json\/wp\/v2\/product"}],"about":[{"href":"https:\/\/karandoogo.com\/index.php\/wp-json\/wp\/v2\/types\/product"}],"wp:featuredmedia":[{"embeddable":true,"href":"https:\/\/karandoogo.com\/index.php\/wp-json\/wp\/v2\/media\/831"}],"wp:attachment":[{"href":"https:\/\/karandoogo.com\/index.php\/wp-json\/wp\/v2\/media?parent=6046"}],"wp:term":[{"taxonomy":"product_brand","embeddable":true,"href":"https:\/\/karandoogo.com\/index.php\/wp-json\/wp\/v2\/product_brand?post=6046"},{"taxonomy":"product_cat","embeddable":true,"href":"https:\/\/karandoogo.com\/index.php\/wp-json\/wp\/v2\/product_cat?post=6046"},{"taxonomy":"product_tag","embeddable":true,"href":"https:\/\/karandoogo.com\/index.php\/wp-json\/wp\/v2\/product_tag?post=6046"}],"curies":[{"name":"wp","href":"https:\/\/api.w.org\/{rel}","templated":true}]}}