{"id":6048,"date":"2023-07-05T14:00:51","date_gmt":"2023-07-05T14:00:51","guid":{"rendered":"https:\/\/karandoogo.com\/?post_type=product&#038;p=6048"},"modified":"2025-10-19T13:36:24","modified_gmt":"2025-10-19T13:36:24","slug":"expose-complet-sur-la-vie-la-philosophie-et-les-oeuvres-de-joseph-ki-zerbo-ak","status":"publish","type":"product","link":"https:\/\/karandoogo.com\/index.php\/produit\/expose-complet-sur-la-vie-la-philosophie-et-les-oeuvres-de-joseph-ki-zerbo-ak\/","title":{"rendered":"Expos\u00e9 complet sur la vie, la philosophie et les \u0153uvres de Joseph Ki Zerbo &#8211; AK"},"content":{"rendered":"","protected":false},"excerpt":{"rendered":"<p><strong><u>NB: <\/u><\/strong><u>Les documents mis \u00e0 disposition sur ce site sont des documents \u00e0 exploiter, autrement dit des compl\u00e9ments pour parfaire votre travail. Ils ne sont pas faits pour \u00eatre pr\u00e9sent\u00e9s \u00e0 l\u2019\u00e9tat.<\/u><\/p>\n<p><strong><u>PLAN DE TRAVAIL<\/u><\/strong><\/p>\n<p><strong>Introduction<\/strong><\/p>\n<p><strong>I-Biographie de Joseph KI-Zerbo<\/strong><\/p>\n<p><strong>1-Parcours Scolaire de Joseph KI-Zerbo<\/strong><\/p>\n<p><strong>2-Parcours Universitaire et professionnel<\/strong><\/p>\n<p><strong>II-L\u2019 apport de Joseph KI-Zerbo en Afrique<\/strong><\/p>\n<p><strong>1-L\u2019apport socio-politique<\/strong><\/p>\n<p><strong>2-L\u2019apport politique<\/strong><\/p>\n<p><strong>III-Joseph KI-Zerbo sur le plan National (B.F)<\/strong><\/p>\n<p><strong>IV-Bibliographie de Joseph KI-Zerbo (ses \u0153uvres)<\/strong><\/p>\n<p><strong>V-Post\u00e9rit\u00e9 Joseph KI-Zerbo (Que retenir ?)<\/strong><\/p>\n<p><strong>VI-Quelques Citations du Pr Joseph KI-Zerbo<\/strong><\/p>\n<p><strong>\u00a0<\/strong><\/p>\n<p><strong>Conclusion<\/strong><\/p>\n<p><strong>\u00a0<\/strong><\/p>\n<p><strong>Introduction<\/strong><\/p>\n<p><em>\u00a0\u00a0\u00a0\u00a0\u00a0\u00a0\u00a0 \u00a0\u00a0\u00ab\u00a0L\u2019Afrique a une histoire. L\u2019Afrique est le berceau de l\u2019humanit\u00e9. Et c\u2019est ou l\u2019histoire est n\u00e9e. C\u2019est pour cela que chaque africain doit \u00eatre, ici et maintenant, une valeur ajout\u00e9e. Chaque g\u00e9n\u00e9ration a des pyramides \u00e0 b\u00e2tir\u00a0\u00bb<\/em> Disait le grand historien et homme politique burkinab\u00e8 que l\u2019Afrique n\u2019a jamais connue. Naquit dans les ann\u00e9es 1922, Joseph \u2013KI-Zerbo figure parmi les grands hommes panafricanistes du contient .il demeure embl\u00e9matique et encyclop\u00e9dique dans l\u2019histoire du Burkina Faso ainsi que celle internationale. Qui est cet Homme\u00a0? quelle a \u00e9t\u00e9 son apport tant sur le plan national qu\u2019internationale\u00a0? Tant de question suscitent tant de r\u00e9ponses.<\/p>\n<p>Bref, pour mener \u00e0 bien notre th\u00e9matique, nous dirons dans les lignes qui suivent <strong>QUI EST JOSEPH-KI ZERBO.<\/strong><\/p>\n<p><strong>I-<\/strong><strong>Biographie de Joseph KI-Zerbo<\/strong><\/p>\n<p>Joseph KI-Zerbo est n\u00e9 le 21 juin\u00a0 en 1922 a toma une ville qui se trouve actuellement \u00e0 190 km au Nord-est de Ouagadougou,( capitale du Burkina Faso),de parents paysans\u00a0:Alfred Diban KI-Zerbo et\u00a0 Th\u00e9r\u00e8se Folo KI.il fut d\u00e9c\u00e9d\u00e9 le 04 d\u00e9cembre 2006,\u00e0 l\u2019\u00e2ge de 84ans \u00e0 Ouagadougou.il pr\u00e9sente son p\u00e8re comme \u00e9tant le premier catholique de la haute volta(ancien nom du Burkina Faso).ce m\u00eame p\u00e8re qui insista aupr\u00e8s de l\u2019administration coloniale pour unir le nom du p\u00e8re KI e celui de la m\u00e8re Zerbo, au sein d\u2019une m\u00eame appellation patronymique ,de l\u00e0 naquit KI-Zerbo. Joseph grandit dans un espace de brassage culturel et religieux.<\/p>\n<p><strong>1-Parcours scolaire de Joseph KI-Zerbo<\/strong><\/p>\n<p>Sa formation intellectuelle est riche de plusieurs \u00e9coles\u00a0:l\u2019\u00e9cole traditionnelle, qui se base sur l\u2019\u00e9coute ,l\u2019observation et l\u2019apprentissage rigoureux des savoirs transmis par les anc\u00eatres ,elle se ponctue par une reconnaissance sociale du statut de l\u2019\u00e9rudit\u00a0;puis l\u2019\u00e9cole coloniale, qui proc\u00e8de avec une rationalisation des m\u00e9thodes de l\u2019apprentissage, un ensemble de savoir \u00e0 maitriser et qui est sanctionn\u00e9e par des dipl\u00f4mes .A onze ans, il re\u00e7oit un enseignement primaire qui le conduit \u00e0 passer le prestigieux certificat d\u2019etudes.il est form\u00e9 dans les meilleurs \u00e9coles francaise.il obtient son baccalaur\u00e9at \u00e0 Bamako(Mali) et une bourse pour \u00e9tudier l\u2019histoire a la Sorbonne(en France).<\/p>\n<p><strong>2-Parcours Universitaire Et Professionnel<\/strong><\/p>\n<p>Ayant d\u00e9croch\u00e9 son baccalaur\u00e9at en 1949, il int\u00e8gre l\u2019Universit\u00e9 de la Sorbonne, o\u00f9 il trouve sa propre voie\u00a0: l\u2019histoire. Puis il int\u00e8gre l\u2019institut d\u2019Etudes Politiques(IEP)de paris. Il commen\u00e7a sa vie professionnelle en tant que professeur d\u2019histoire et devient ainsi en 1956, le premier Africain agr\u00e9g\u00e9 d\u2019histoire (suite \u00e0 son doctorat en facult\u00e9 d\u2019histoire) selon <strong>Elikia M\u2019Bokolo<\/strong>. Il enseigna d\u2019abord dans les lyc\u00e9es fran\u00e7ais puis en guin\u00e9e et enfin \u00e0 Ouagadougou (jadis Haute Volta, aujourd\u2019hui Burkina Faso).il devient professeur des universit\u00e9s et enseigna \u00e0 Orl\u00e9ans, \u00e0 Paris puis \u00e0 Dakar. Son amour pour l\u2019histoire et pour l\u2019Afrique lui pousse \u00e0 occuper une place de choix tant bien en d\u00e9fendant l\u2019identit\u00e9\u00a0;<strong> le panafricanisme.<\/strong><\/p>\n<p>Il fut tour \u00e0 tour et quelques fois cumulativement (et la liste n\u2019est pas exhaustive) pr\u00e9sident de la commission nationale pour <strong>L\u2019Unesco, inspecteur<\/strong> d\u2019acad\u00e9mie et directeur g\u00e9n\u00e9ral de l\u2019\u00e9ducation nationale en Haute Volta. Il fut Pr\u00e9sident de la commission\u00a0\u00ab\u00a0Histoire et arch\u00e9ologie\u00a0\u00bb du premier congr\u00e8s des Africanistes \u00e0 Accra en 1962, membre du bureau du congr\u00e8s des Africanistes (1962-1969), pr\u00e9sident du colloque sur l\u2019encyclop\u00e9die africaine (1962), pr\u00e9sident de la commission consultative pour des programmes universitaires dans les pays francophone d\u2019Afrique.<\/p>\n<p><strong>III -L\u2019apport de Joseph KI-Zerbo En Afrique<\/strong><\/p>\n<p><strong>1-L\u2019apport Socio-culturelle<\/strong><\/p>\n<p>Joseph KI-Zerbo fut l\u2019un des pionniers \u00e0 d\u00e9fendre l\u2019int\u00e9grit\u00e9 Africaine et la civilisation du continent.il s\u2019insurge dans le panafricanisme et milite pour son identit\u00e9 et son affirmation de soi .il va renouveler avec le s\u00e9n\u00e9galais <strong>Cheikh Anta<\/strong> <strong>Diop<\/strong> les \u00e9tudes sur l\u2019histoire de l\u2019Afrique. CE mouvement a pour but de redonner aux africains&#8230;<\/p>\n<p>Pour obtenir l&rsquo;expos\u00e9 complet contactez le +226 56196345 (WhatsApp)<\/p>\n","protected":false},"featured_media":831,"template":"","meta":{"jetpack_publicize_message":"","jetpack_publicize_feature_enabled":true,"jetpack_social_post_already_shared":false,"jetpack_social_options":{"image_generator_settings":{"template":"highway","default_image_id":0,"font":"","enabled":false},"version":2}},"product_brand":[],"product_cat":[544,598,547],"product_tag":[1112,1113,796],"class_list":{"0":"post-6048","1":"product","2":"type-product","3":"status-publish","4":"has-post-thumbnail","6":"product_cat-exposes","7":"product_cat-litterature","8":"product_cat-litterature-africaine","9":"product_tag-joseph-ki-zerbo","10":"product_tag-posterite","11":"product_tag-vie-et-philosophie","13":"first","14":"instock","15":"downloadable","16":"virtual","17":"sold-individually","18":"purchasable","19":"product-type-simple"},"aioseo_notices":[],"jetpack_publicize_connections":[],"jetpack-related-posts":[],"jetpack_sharing_enabled":true,"_links":{"self":[{"href":"https:\/\/karandoogo.com\/index.php\/wp-json\/wp\/v2\/product\/6048","targetHints":{"allow":["GET"]}}],"collection":[{"href":"https:\/\/karandoogo.com\/index.php\/wp-json\/wp\/v2\/product"}],"about":[{"href":"https:\/\/karandoogo.com\/index.php\/wp-json\/wp\/v2\/types\/product"}],"wp:featuredmedia":[{"embeddable":true,"href":"https:\/\/karandoogo.com\/index.php\/wp-json\/wp\/v2\/media\/831"}],"wp:attachment":[{"href":"https:\/\/karandoogo.com\/index.php\/wp-json\/wp\/v2\/media?parent=6048"}],"wp:term":[{"taxonomy":"product_brand","embeddable":true,"href":"https:\/\/karandoogo.com\/index.php\/wp-json\/wp\/v2\/product_brand?post=6048"},{"taxonomy":"product_cat","embeddable":true,"href":"https:\/\/karandoogo.com\/index.php\/wp-json\/wp\/v2\/product_cat?post=6048"},{"taxonomy":"product_tag","embeddable":true,"href":"https:\/\/karandoogo.com\/index.php\/wp-json\/wp\/v2\/product_tag?post=6048"}],"curies":[{"name":"wp","href":"https:\/\/api.w.org\/{rel}","templated":true}]}}