{"id":6050,"date":"2023-07-05T14:11:50","date_gmt":"2023-07-05T14:11:50","guid":{"rendered":"https:\/\/karandoogo.com\/?post_type=product&#038;p=6050"},"modified":"2025-10-19T13:36:24","modified_gmt":"2025-10-19T13:36:24","slug":"expose-complet-sur-lhistoire-la-vie-et-les-oeuvres-de-lex-president-burkinabe-blaise-compaore-ak","status":"publish","type":"product","link":"https:\/\/karandoogo.com\/index.php\/produit\/expose-complet-sur-lhistoire-la-vie-et-les-oeuvres-de-lex-president-burkinabe-blaise-compaore-ak\/","title":{"rendered":"Expos\u00e9 complet sur l&rsquo;histoire, la vie et les \u0153uvres de l&rsquo;ex pr\u00e9sident burkinab\u00e8 Blaise Compaor\u00e9 &#8211; AK"},"content":{"rendered":"","protected":false},"excerpt":{"rendered":"<p><strong>NB:<\/strong> Les documents mis \u00e0 disposition sur ce site sont des documents \u00e0 exploiter, autrement dit des compl\u00e9ments pour parfaire votre travail. Ils ne sont pas faits pour \u00eatre pr\u00e9sent\u00e9s \u00e0 l\u2019\u00e9tat.<\/p>\n<p><strong><u>PLAN DE TRAVAIL<\/u><\/strong><\/p>\n<p><strong>\u00a0<\/strong><\/p>\n<p><strong><u>INTRODUCTION<\/u><\/strong><\/p>\n<p><strong><u>I-BIOGRAPHIE DE BLAISE COMPAORE<\/u><\/strong><\/p>\n<p><strong><u>1-SA JEUNESSE<\/u><\/strong><\/p>\n<p><strong><u>2-SON PARCOURS PROFESSIONNEL<\/u><\/strong><\/p>\n<p><strong><u>II-L \u2019APPORT SOCIO- ECONOMIQUE ET POLITIQUE DE BLAISE COMPAORE<\/u><\/strong><\/p>\n<p><strong><u>1-L\u2019APPORT SOCIAL<\/u><\/strong><\/p>\n<p><strong><u>2-L\u2019APPORT ECONOMIQUE<\/u><\/strong><\/p>\n<p><strong><u>3-L\u2019APPORT POLITIQUE<\/u><\/strong><\/p>\n<p><strong><u>CONCLUSION<\/u><\/strong><\/p>\n<p><strong><u>\u00a0<\/u><\/strong><\/p>\n<p><strong><u>BIBLIOGRAPHIE<\/u><\/strong><\/p>\n<p><strong>\u00a0<\/strong><\/p>\n<p><strong>\u00a0<\/strong><\/p>\n<p><strong>\u00a0<\/strong><\/p>\n<p><strong>\u00a0<\/strong><\/p>\n<p><strong>\u00a0<\/strong><\/p>\n<p><strong>\u00a0<\/strong><\/p>\n<p><strong>\u00a0<\/strong><\/p>\n<p><strong>INTRODUCTION<\/strong><\/p>\n<p>Pr\u00e9sident du Burkina Faso, depuis 27ans.Blaise Compaor\u00e9 n\u2019est pourtant pas bien connu de la jeunesse burkinab\u00e9. C\u2019est lui qui fut un soldat et un officier patriote et progressiste m\u00e9rite bien aujourd\u2019hui d\u2019\u00eatre appel\u00e9 le p\u00e8re de la renaissance d\u00e9mocratique du Burkina Faso.il a en effet jou\u00e9 un r\u00f4le crucial dans les changements politiques majeure du pays des hommes int\u00e8gre jadis 1982 .Sous sa gouvernance, le pays a retrouver une stabilit\u00e9 politique et institutionnelle ,appr\u00e9ciable .Dans la dynamique des articles consacr\u00e9s au 20<sup>e<\/sup> anniversaire du 15octobre 1987,nous publions un \u00e9cris de la commutions-communication du comit\u00e9 d\u2019organisation qui porte sur la biographie et l\u2019\u0153uvre culturelle et sportif d\u2019un homme d\u2019Etat que l\u2019on n\u2019a pas fini de d\u00e9couvrir ,Blaise Compaor\u00e9. N\u00e9anmoins, notre \u00e9tude porte sur l\u2019\u00e9tude de Blaise Compaor\u00e9. Qui est cet homme souvent appel\u00e9 \u00ab\u00a0homme de la politique\u00a0\u00bb\u00a0?<\/p>\n<p><strong>I-BIOGRAPHIE DE BLAISE COMPAORE<\/strong><\/p>\n<p><strong>1-Sa Jeunesse<\/strong><\/p>\n<p>Blaise Compaor\u00e9 entame l\u2019\u00e9cole primaire \u00e0 Guilongou(Ziniar\u00e9).plus tard, il entre au coll\u00e8ge Saint-Joseph des missionnaires \u00e0 Fada N\u2019Gourma, puis \u00e0 l\u2019\u00e9cole normale de Ouagadougou, \u00e0 partir de la seconde .Brillant, il d\u00e9croche son Bac D en 1972.Les succ\u00e8s scolaires du jeune Blaise cache mal son temp\u00e9rament quelque peu trubulent.il s\u2019est souvent retrouv\u00e9 \u00e0 la t\u00eate de mouvement de d\u00e9fense des droits des \u00e9l\u00e8ves .A la suite d\u2019une manifestation de coll\u00e9giens en 1971,il est enr\u00f4l\u00e9 d\u2019Office dans le contingent sp\u00e9cial de l\u2019arm\u00e9e, en guise de correction. Il se retrouvera tr\u00e8s rapidement affect\u00e9 \u00e0 la garde du domicile du pr\u00e9sident de la R\u00e9publique, Aboubacar Sangoul\u00e9 Lamizana.<\/p>\n<p>La punition sera plut\u00f4t une aubaine pour le gar\u00e7on qui, depuis longtemps, r\u00eavait d\u2019un m\u00e9tier des armes. En septembre 1973, il r\u00e9ussit au concours d\u2019entr\u00e9e \u00e0 l\u2019Ecole Militaire Interarmes du Cameroun. Pendant les ann\u00e9es suivantes, son activit\u00e9 professionnelle au pays sera entrecoup\u00e9e par de nombreux stages \u00e0 l\u2019ext\u00e9rieur\u00a0: Sp\u00e9cialisation \u00e0 l\u2019\u00e9cole d\u2019infanterie de Montpellier\u00a0; Stages d\u2019instructeur commando \u00e0 Montlouis, \u00e0 Collioure et a Munsinghem, en Allemagne, \u00e0 Brian\u00e7on et \u00e0 Montgen\u00e8vre\u00a0; Stage dans les troupes a\u00e9roport\u00e9es en France\u00a0; Stage d\u2019instructeur parachutiste \u00a0\u00a0\u00a0\u00a0\u00a0\u00a0 \u00e0 Rabat.<\/p>\n<p><strong>2-Son parcours Professionnel<\/strong><\/p>\n<p>En 1993, le pr\u00e9sident Compaor\u00e9 \u00e9tait \u00e0 la t\u00eate de la d\u00e9l\u00e9gation du Burkina Faso qui a particip\u00e9 \u00e0 la premi\u00e8re conf\u00e9rence internationale de Tokyo sur le d\u00e9veloppement de l\u2019Afrique. Il soutient les milices des forces nouvelles de la cote d\u2019ivoire, qui visaient \u00e0 renverser le pr\u00e9sident Laurent Gbagbo, lors de la guerre civile qui d\u00e9chire le pays en 2004.<\/p>\n<p>A l\u2019issue de la 6<sup>e<\/sup> conf\u00e9rence des chefs d\u2019\u00e9tats de l\u2019autorit\u00e9 de Liptako-Gourma r\u00e9unie \u00e0 Gao(Mali) les 25 et 26 avril 2005, Blaise Compaor\u00e9 est reconduit comme pr\u00e9sident de cette organisation internationale. Lors du sommet des chefs d\u2019\u00e9tats \u00e0 Ouagadougou les 1<sup>er<\/sup> et 2juin 2005, Blaise Compaor\u00e9 succ\u00e8de au pr\u00e9sident Malien Amadou Toumani Tour\u00e9 comme pr\u00e9sident en exercice de la communaut\u00e9 des \u00e9tats sah\u00e9lo-Sahariens(CEN-sad).<\/p>\n<p>Compaor\u00e9 a jou\u00e9 un r\u00f4le de m\u00e9diateur dans des probl\u00e8mes r\u00e9gionaux.\u00a0\u00a0\u00a0\u00a0 Le 26 juillet 2006, il a \u00e9t\u00e9 d\u00e9sign\u00e9 comme m\u00e9diateur du dialogue inter togolais qui s\u2019est tenu \u00e0 Ouagadougou en Aout 2006 et qui a abouti sur un accord entre le gouvernement et les partis de l\u2019opposition. Il est aussi intervenu comme m\u00e9diateur dans la crise ivoirienne qui a oppos\u00e9 le pr\u00e9sident Laurent Gbagbo et le chef des Forces Nouvelles Guillaume Soro .Un accord\u00a0 de paix sign\u00e9 par&#8230;<\/p>\n<p>Pour obtenir l&rsquo;expos\u00e9 complet contactez le +226 56196345 (WhatsApp)<\/p>\n<p>&nbsp;<\/p>\n","protected":false},"featured_media":0,"template":"","meta":{"jetpack_publicize_message":"","jetpack_publicize_feature_enabled":true,"jetpack_social_post_already_shared":false,"jetpack_social_options":{"image_generator_settings":{"template":"highway","default_image_id":0,"font":"","enabled":false},"version":2}},"product_brand":[],"product_cat":[544,811,608,714,546],"product_tag":[1114,561],"class_list":{"0":"post-6050","1":"product","2":"type-product","3":"status-publish","5":"product_cat-exposes","6":"product_cat-geopolitique","7":"product_cat-histoire","8":"product_cat-politique","9":"product_cat-societe","10":"product_tag-blaise-compaore","11":"product_tag-burkina-faso","13":"first","14":"instock","15":"downloadable","16":"virtual","17":"sold-individually","18":"purchasable","19":"product-type-simple"},"aioseo_notices":[],"jetpack_publicize_connections":[],"jetpack-related-posts":[],"jetpack_sharing_enabled":true,"_links":{"self":[{"href":"https:\/\/karandoogo.com\/index.php\/wp-json\/wp\/v2\/product\/6050","targetHints":{"allow":["GET"]}}],"collection":[{"href":"https:\/\/karandoogo.com\/index.php\/wp-json\/wp\/v2\/product"}],"about":[{"href":"https:\/\/karandoogo.com\/index.php\/wp-json\/wp\/v2\/types\/product"}],"wp:attachment":[{"href":"https:\/\/karandoogo.com\/index.php\/wp-json\/wp\/v2\/media?parent=6050"}],"wp:term":[{"taxonomy":"product_brand","embeddable":true,"href":"https:\/\/karandoogo.com\/index.php\/wp-json\/wp\/v2\/product_brand?post=6050"},{"taxonomy":"product_cat","embeddable":true,"href":"https:\/\/karandoogo.com\/index.php\/wp-json\/wp\/v2\/product_cat?post=6050"},{"taxonomy":"product_tag","embeddable":true,"href":"https:\/\/karandoogo.com\/index.php\/wp-json\/wp\/v2\/product_tag?post=6050"}],"curies":[{"name":"wp","href":"https:\/\/api.w.org\/{rel}","templated":true}]}}