{"id":6073,"date":"2023-07-10T15:09:20","date_gmt":"2023-07-10T15:09:20","guid":{"rendered":"https:\/\/karandoogo.com\/?post_type=product&#038;p=6073"},"modified":"2025-10-19T13:36:24","modified_gmt":"2025-10-19T13:36:24","slug":"expose-complet-sur-la-dictature-dans-le-parachutage-de-norbert-zongo-ak","status":"publish","type":"product","link":"https:\/\/karandoogo.com\/index.php\/produit\/expose-complet-sur-la-dictature-dans-le-parachutage-de-norbert-zongo-ak\/","title":{"rendered":"Expos\u00e9 complet sur la dictature dans le Parachutage de Norbert Zongo &#8211; AK"},"content":{"rendered":"","protected":false},"excerpt":{"rendered":"<p><strong>NB:<\/strong> Les documents mis \u00e0 disposition sur ce site sont des documents \u00e0 exploiter, autrement dit des compl\u00e9ments pour parfaire votre travail. Ils ne sont pas faits pour \u00eatre pr\u00e9sent\u00e9s \u00e0 l\u2019\u00e9tat.<\/p>\n<p><strong><u>PLAN DE TRAVAIL<\/u><\/strong><\/p>\n<p><strong><u>\u00a0<\/u><\/strong><\/p>\n<p><strong><u>INTRODUCTION<\/u><\/strong><\/p>\n<p><strong><u>I-BIOGRAPHIE ET BIBLIOGRAPHIE DE L\u2019AUTEUR<\/u><\/strong><\/p>\n<p><strong><u>1-BIOGRAPHIE DE L\u2019AUTEUR<\/u><\/strong><\/p>\n<p><strong><u>2-BIBLIOGRAPHIE DE L\u2019AUTEUR<\/u><\/strong><\/p>\n<p><strong><u>II-RESUME DE L\u2019\u0152UVRE<\/u><\/strong><\/p>\n<p><strong><u>III-LE REGIME TOTALITAIRE DANS L\u2019\u0152UVRE<\/u><\/strong><\/p>\n<p><strong><u>1-ORIGINE ET DEFINITION DU TERME TOTALITARISME<\/u><\/strong><\/p>\n<p><strong><u>2-LES MANIFESTATION DU TOTALITARISME DANS L\u2019\u0152UVRE<\/u><\/strong><\/p>\n<p><strong><u>3-LES CONSEQUENCES DU REGIME TOTALITAIRE DANS L\u2019\u0152UVRE<\/u><\/strong><\/p>\n<p><strong><u>IV-CRITIQUES ET APPRECIATIONS PERSONNELLES<\/u><\/strong><\/p>\n<p><strong><u>\u00a0<\/u><\/strong><\/p>\n<p><strong><u>CONCLUSION<\/u><\/strong><\/p>\n<p><strong><u>\u00a0<\/u><\/strong><\/p>\n<p><strong><u>\u00a0<\/u><\/strong><\/p>\n<p><strong><u>\u00a0<\/u><\/strong><\/p>\n<p><strong><u>\u00a0<\/u><\/strong><\/p>\n<p><strong><u>\u00a0<\/u><\/strong><\/p>\n<p><strong><u>\u00a0<\/u><\/strong><\/p>\n<p><strong><u>\u00a0<\/u><\/strong><\/p>\n<p><strong><u>\u00a0<\/u><\/strong><\/p>\n<p><strong><u>INTRODUCTION<\/u><\/strong><\/p>\n<p>Apr\u00e8s les ind\u00e9pendances, on assiste \u00e0 un mal gouvernance du pouvoir au sein des soci\u00e9t\u00e9s africaines. C\u2019est ce que Norbert Zongo met en exergue dans son \u0153uvre <strong><em><u>Le parachutage<\/u><\/em><\/strong>. Son \u0153uvre se classe dans le cycle de d\u00e9nonciation des ph\u00e9nom\u00e8nes qui gangr\u00e8ne la soci\u00e9t\u00e9 africaine, pire du statut politique africain. Son \u0153uvre se veut moralisateur des immoraux, le chemin des d\u00e9rout\u00e9s\u00a0; le rep\u00e8re des hybrides nous donne une image de la classe politique africaine.<\/p>\n<p>Pour mieux saisir la port\u00e9e de notre th\u00e9matique qu\u2019est le r\u00e9gime totalitarisme, nous \u00e9tudierons cela dans l\u2019\u0153uvre apr\u00e8s avoir pr\u00e9sent\u00e9 l\u2019auteur et son \u0153uvre.<\/p>\n<p><strong>I<\/strong><strong>-BIOGRAPHIE ET BIBLIOGRAPHIE DE L\u2019AUTEUR<\/strong><\/p>\n<p><strong>1-Biographie de l\u2019auteur<\/strong><\/p>\n<p>Norbert Zongo est n\u00e9 le <strong>13 juillet 1949<\/strong> \u00e0 Koudougou. Inscris \u00e0 l\u2019\u00e9cole nationale de Koudougou-primaire, il fait la 3<sup>e<\/sup> au cours normal de Koudougou en <strong>octobre 1969<\/strong> mais est interdit d\u2019acc\u00e8s \u00e0 toutes les classes de la seconde des \u00e9tablissements secondaires du Burkina. Les raisons de cette interdiction restent inconnue. Il devient instituteur adjoint \u00e0 partir de <strong>1971<\/strong>, il obtient son baccalaur\u00e9at en<strong> 1975<\/strong> et s\u2019inscrit \u00e0 la facult\u00e9 de droit \u00e0 l\u2019universit\u00e9 d\u2019Abidjan o\u00f9 il pote pour l\u2019examen terminal unique(ETU). Il deviendra plus tard professeur de fran\u00e7ais au <strong>Lyc\u00e9e Saint Joseph<\/strong> \u00e0 Ouagadougou. Il est admis \u00e0 l\u2019institut sup\u00e9rieur de presse du conseil de l\u2019entente \u00e0 LOME. Il lia amiti\u00e9 avec un conseiller du pr\u00e9sident <strong>EYADEMA <\/strong>qui avait rejoint l\u2019opposition. Norbert Zongo sera cherch\u00e9 ainsi que son ami par le service de renseignement Togolais.il r\u00e9ussit \u00e0 s\u2019\u00e9chapper et fuit vers Ghana. Conduit \u00e0 l\u2019ambassade de la haute volta, il sera arr\u00eat\u00e9 et d\u00e9tenu \u00e0 la gendarmerie de Ouagadougou pendant une ann\u00e9e(<strong>1981-1982).<\/strong>il poursuivit ses \u00e9tudes de journalisme plus tard avec l\u2019aide de l\u2019\u00e9crivain <strong>Amadou<\/strong> <strong>Kourouma <\/strong>en 1984 \u00e0 l\u2019\u00e9cole sup\u00e9rieur de Yaound\u00e9. Il revient au Burkina Faso en 1986 et forge ses premi\u00e8res armes dans des organes de presse d\u2019Etat tels que <strong>SIdwaya <\/strong>et <strong>Carrefour africain<\/strong>. Ses analyses critiques sur la vie am\u00e8nent le pouvoir \u00e0 l\u2019affecter \u00e0 <strong>Banfora<\/strong>.il refuse et rend sa d\u00e9mission puis cr\u00e9e son propre journal <strong>en juin<\/strong> <strong>1993<\/strong>.Norbert Zongo sera assassin\u00e9 le <strong>13 d\u00e9cembre<\/strong> avec trois personnes qui l\u2019accompagnaient alors qu\u2019il enqu\u00eatait sur la mort de David Ou\u00e9draogo.<\/p>\n<p><strong>2-La bibliographie de L\u2019auteur <\/strong><\/p>\n<p>Engag\u00e9s d\u00e8s le d\u00e9but de son cursus scolaire dans le journalisme avec son journal (<strong>LA VOIE DU COURS NORMAL<\/strong>), sa carri\u00e8re de r\u00eave, Norbert Zongo s\u2019est plus consolid\u00e9 dans ce m\u00e9tier. Ainsi de son vivant, il n\u2019a \u00e9crit que deux romans. Le premier (<strong><em><u>Le Parachutage<\/u><\/em><\/strong>) paru en<strong> 1988<\/strong> aux \u00e9ditions <strong>ABC-communication<\/strong>\u00a0; et le second (<strong><em><u>Rougbeiga)<\/u><\/em><\/strong> en<strong> 1990<\/strong>.en 1990 avant ces deux romans, il publie une pi\u00e8ce de th\u00e9\u00e2tre titr\u00e9\u00a0\u00ab<u>\u00a0<strong>ET VOUS VOULEZ QU\u2019ON PRENNE L\u2019AFRIQUE AU SERIEUX\u00a0<\/strong><\/u><strong>\u00bb<\/strong> La pi\u00e8ce a \u00e9t\u00e9 \u00e9crite en 1972, etc.<\/p>\n<p><strong>II-RESUME DE L\u2019\u0152UVRE <\/strong><\/p>\n<p><em><u>\u00a0<strong>Le parachutage<\/strong><\/u><\/em> de Norbert Zongo \u00e9voque\u00a0 ,un tyran politique du nom de <strong>\u2018\u2019Gouama\u00a0\u2018\u2019<\/strong>.Gouvernant par la force et par la peur ,son d\u00e9sir faisait la loi .Il croyait aux forces occultes et \u00e0 tout prix voulait garder son tr\u00f4ne .il y\u2019avait qu\u2019un seul parti unique et toute opposition \u00e9tait\u00a0 sous peine de torture et\u00a0 d\u2019emprisonnement .h\u00e9las Un coup d\u2019Etat traitreusement orchestr\u00e9 renverse \u2018\u2019<strong>Gouama\u2019\u2019<\/strong> ,le p\u00e8re fondateur de la nation ,pr\u00e9sident de la r\u00e9publique de Watinbow .Le guide \u00e9clair\u00e9 r\u00e9ussit \u00e0 s\u2019\u00e9chapper gr\u00e2ce \u00e0 un \u00e2ne .Dans sa fuite, il est sauv\u00e9 par des \u00e9tudiants qu\u2019il avait emprisonn\u00e9s pour \u2018\u2019 communisme\u2019 \u2019.ces derniers l\u2019aident \u00e0 franchir la fronti\u00e8re pour la r\u00e9publique de Zakro .Un plan est mis en place pour reconqu\u00e9rir le pouvoir perdu mais avec les nouveaux accords entre Watinbow et Zakro ,un salle tour lui est jou\u00e9 .Finalement&#8230;<\/p>\n<p>Pour obtenir l&rsquo;expos\u00e9 complet contactez le +226 56196345 (WhatsApp)<\/p>\n","protected":false},"featured_media":831,"template":"","meta":{"jetpack_publicize_message":"","jetpack_publicize_feature_enabled":true,"jetpack_social_post_already_shared":false,"jetpack_social_options":{"image_generator_settings":{"template":"highway","default_image_id":0,"font":"","enabled":false},"version":2}},"product_brand":[],"product_cat":[544,598,547],"product_tag":[1115,732,648],"class_list":{"0":"post-6073","1":"product","2":"type-product","3":"status-publish","4":"has-post-thumbnail","6":"product_cat-exposes","7":"product_cat-litterature","8":"product_cat-litterature-africaine","9":"product_tag-dictature","10":"product_tag-norbert-zongo","11":"product_tag-parachutage","13":"first","14":"instock","15":"downloadable","16":"virtual","17":"sold-individually","18":"purchasable","19":"product-type-simple"},"aioseo_notices":[],"jetpack_publicize_connections":[],"jetpack-related-posts":[],"jetpack_sharing_enabled":true,"_links":{"self":[{"href":"https:\/\/karandoogo.com\/index.php\/wp-json\/wp\/v2\/product\/6073","targetHints":{"allow":["GET"]}}],"collection":[{"href":"https:\/\/karandoogo.com\/index.php\/wp-json\/wp\/v2\/product"}],"about":[{"href":"https:\/\/karandoogo.com\/index.php\/wp-json\/wp\/v2\/types\/product"}],"wp:featuredmedia":[{"embeddable":true,"href":"https:\/\/karandoogo.com\/index.php\/wp-json\/wp\/v2\/media\/831"}],"wp:attachment":[{"href":"https:\/\/karandoogo.com\/index.php\/wp-json\/wp\/v2\/media?parent=6073"}],"wp:term":[{"taxonomy":"product_brand","embeddable":true,"href":"https:\/\/karandoogo.com\/index.php\/wp-json\/wp\/v2\/product_brand?post=6073"},{"taxonomy":"product_cat","embeddable":true,"href":"https:\/\/karandoogo.com\/index.php\/wp-json\/wp\/v2\/product_cat?post=6073"},{"taxonomy":"product_tag","embeddable":true,"href":"https:\/\/karandoogo.com\/index.php\/wp-json\/wp\/v2\/product_tag?post=6073"}],"curies":[{"name":"wp","href":"https:\/\/api.w.org\/{rel}","templated":true}]}}