{"id":6074,"date":"2023-07-10T15:39:22","date_gmt":"2023-07-10T15:39:22","guid":{"rendered":"https:\/\/karandoogo.com\/?post_type=product&#038;p=6074"},"modified":"2025-10-19T13:36:24","modified_gmt":"2025-10-19T13:36:24","slug":"expose-complet-de-philosophie-sur-le-concept-de-la-passion-ak","status":"publish","type":"product","link":"https:\/\/karandoogo.com\/index.php\/produit\/expose-complet-de-philosophie-sur-le-concept-de-la-passion-ak\/","title":{"rendered":"Expos\u00e9 complet de philosophie sur le concept de \u00a0\u00bbla passion\u00a0\u00bb &#8211; AK"},"content":{"rendered":"","protected":false},"excerpt":{"rendered":"<p><strong>NB:<\/strong>\u00a0Les documents mis \u00e0 disposition sur ce site sont des documents \u00e0 exploiter, autrement dit des compl\u00e9ments pour parfaire votre travail. Ils ne sont pas faits pour \u00eatre pr\u00e9sent\u00e9s \u00e0 l\u2019\u00e9tat.<\/p>\n<p><strong><u>PLAN DE TRAVAIL<\/u><\/strong><\/p>\n<p><strong>\u00a0<\/strong><\/p>\n<p><strong>INTRODUCTION<\/strong><\/p>\n<p><strong>I-DEFINITION ET ORIGINE DE LA PASSION<\/strong><\/p>\n<p><strong>II-LES EFFETS DE LA PASSION<\/strong><\/p>\n<p><strong>a-La passion est souffrance<\/strong><\/p>\n<p><strong>b-La passion comme service de l\u2019\u00e9motion<\/strong><\/p>\n<p><strong>c-La passion combat la raison<\/strong><\/p>\n<p><strong>d-La passion et l\u2019irresponsabilit\u00e9<\/strong><\/p>\n<p><strong>III-CAUSES ET THERAPEUTIQUES<\/strong><\/p>\n<p><strong>a-La Th\u00e9orie rationaliste<\/strong><\/p>\n<p><strong>b-La Th\u00e9orie psychologique<\/strong><\/p>\n<p><strong>IV-LA VALEUR DE LA PASSION<\/strong><\/p>\n<p><strong>a-La condamnation de la passion<\/strong><\/p>\n<p><strong>b-L \u2019\u00e9loge de la passion<\/strong><\/p>\n<p><strong>\u00a0<\/strong><\/p>\n<p><strong>CONCLUSION<\/strong><\/p>\n<p><strong>\u00a0<\/strong><\/p>\n<p><strong>\u00a0<\/strong><\/p>\n<p><strong>\u00a0<\/strong><\/p>\n<p><strong>\u00a0<\/strong><\/p>\n<p><strong>Introduction<\/strong><\/p>\n<p>Le monde dans lequel l\u2019homme vit est un monde de sentiment, de d\u00e9sire et de passion qui engendrent les maux de l\u2019histoire. Autrement dit l\u2019histoire de l\u2019humanit\u00e9 \u00e9tant la relation avec notre activit\u00e9 dont les \u00e9l\u00e9ments sont des sentiments, c\u2019est \u00e0 dire les \u00e9motions, le d\u00e9sire, la passion par lesquels l\u2019homme transforme le monde. L\u2019homme \u00e9tant un \u00eatre de sentiments ne peut faire abstraction du d\u00e9sire ou de la passion car ces \u00e9motions apparaitraient comme l\u2019essence de l\u2019homme et sont dans son \u00e9volution perp\u00e9tuelle.<\/p>\n<p>Pour mieux appr\u00e9hender le contenu de notre th\u00e9matique, notre \u00e9tude consiste \u00e0 d\u00e9velopper la notion de la passion.<\/p>\n<p><strong>I-DEFINITION ET ORIGINE DE LA PASSION<\/strong><\/p>\n<p>La passion est un d\u00e9veloppement excessif de sentiments. Elle est un sentiment excessif. Autrement dit la passion est une focalisation de psychisme humain sur un seul \u00eatre, une seule chose, une seule valeur. Tandis qu\u2019on peut \u00e9prouver plusieurs sentiments, on ne peut par contre avoir qu\u2019une seule passion.\u00a0 Disons que l\u2019\u00e9tat de besoin est \u00e0 l\u2019origine du d\u00e9sire et le d\u00e9sire lorsqu\u2019il est exag\u00e9r\u00e9 se transforme en passion. Mais qu\u2019est-ce que la passion\u00a0?<\/p>\n<p>En r\u00e9sum\u00e9, la passion est aveugle par rapport aux sentiments qui demeurent eclair\u00e9s.la vie du passionn\u00e9 se r\u00e9duit \u00e0 l\u2019objet de sa passion. N\u2019importe quels sentiments peut devenir une passion s\u2019il est exag\u00e9r\u00e9. Toute passion est une obsession et de ce fait il pr\u00e9sente des inconv\u00e9nients.<\/p>\n<p><strong>II-LES EFFETS DE LA PASSION<\/strong><\/p>\n<p><strong>a-La passion est souffrance<\/strong><\/p>\n<p>\u00catre passionn\u00e9 d\u2019une chose, c\u2019est souffrir pour et \u00e0 cause de cette chose, c\u2019est subir son influence. Le passionn\u00e9 est esclave de l\u2019objet de sa passion auquel il accorde une importance exag\u00e9r\u00e9e et devient impuissant devant l\u2019objet de sa passion. A cet effet selon <strong>Lamartine<\/strong>, l\u2019amoureux passionn\u00e9 dira\u00a0:\u00a0<strong><em>\u00ab\u00a0un seul \u00eatre me<\/em><\/strong> <strong><em>manque et tout est d\u00e9peupl\u00e9\u00a0\u00bb.<\/em><\/strong>et <strong>Paul Eluard<\/strong> rench\u00e9rit en disant que\u00a0:\u00a0<strong><em>\u00ab\u00a0j\u2019entends<\/em><\/strong> <strong><em>vibrer sa voix dans tous les bruits du monde\u00a0\u00bb.<\/em><\/strong><\/p>\n<p><strong>b-La passion comme service de l\u2019\u00e9motion<\/strong><\/p>\n<p>L\u2019\u00e9motion se d\u00e9finit comme un trouble de comportement due \u00e0 une forte excitation. C\u2019est une perte du\u00a0<strong>\u00ab\u00a0self control\u00a0\u00bb<\/strong> Ainsi <strong>Ferdinand Alquier<\/strong> fait une remarque et d\u00e9crit de la mani\u00e8re suivante,\u00a0cette attitude du passionn\u00e9 devant l\u2019objet de sa passion\u00a0:\u00a0<strong><em>\u00ab tout ce qui n\u2019est pas l\u2019objet de sa passion parait indiff\u00e8rent au passionn\u00e9. Tout ce qu\u2019il touche ou &#8230;<\/em><\/strong><\/p>\n<p>Pour obtenir l&rsquo;expos\u00e9 complet contactez le +226 56196345 (WhatsApp)<\/p>\n","protected":false},"featured_media":831,"template":"","meta":{"jetpack_publicize_message":"","jetpack_publicize_feature_enabled":true,"jetpack_social_post_already_shared":false,"jetpack_social_options":{"image_generator_settings":{"template":"highway","default_image_id":0,"font":"","enabled":false},"version":2}},"product_brand":[],"product_cat":[544,598,613,546],"product_tag":[670,1109,631],"class_list":{"0":"post-6074","1":"product","2":"type-product","3":"status-publish","4":"has-post-thumbnail","6":"product_cat-exposes","7":"product_cat-litterature","8":"product_cat-philosophie","9":"product_cat-societe","10":"product_tag-concept","11":"product_tag-passion","12":"product_tag-philosophie","14":"first","15":"instock","16":"downloadable","17":"virtual","18":"sold-individually","19":"purchasable","20":"product-type-simple"},"aioseo_notices":[],"jetpack_publicize_connections":[],"jetpack-related-posts":[],"jetpack_sharing_enabled":true,"_links":{"self":[{"href":"https:\/\/karandoogo.com\/index.php\/wp-json\/wp\/v2\/product\/6074","targetHints":{"allow":["GET"]}}],"collection":[{"href":"https:\/\/karandoogo.com\/index.php\/wp-json\/wp\/v2\/product"}],"about":[{"href":"https:\/\/karandoogo.com\/index.php\/wp-json\/wp\/v2\/types\/product"}],"wp:featuredmedia":[{"embeddable":true,"href":"https:\/\/karandoogo.com\/index.php\/wp-json\/wp\/v2\/media\/831"}],"wp:attachment":[{"href":"https:\/\/karandoogo.com\/index.php\/wp-json\/wp\/v2\/media?parent=6074"}],"wp:term":[{"taxonomy":"product_brand","embeddable":true,"href":"https:\/\/karandoogo.com\/index.php\/wp-json\/wp\/v2\/product_brand?post=6074"},{"taxonomy":"product_cat","embeddable":true,"href":"https:\/\/karandoogo.com\/index.php\/wp-json\/wp\/v2\/product_cat?post=6074"},{"taxonomy":"product_tag","embeddable":true,"href":"https:\/\/karandoogo.com\/index.php\/wp-json\/wp\/v2\/product_tag?post=6074"}],"curies":[{"name":"wp","href":"https:\/\/api.w.org\/{rel}","templated":true}]}}