{"id":6092,"date":"2023-07-10T15:55:56","date_gmt":"2023-07-10T15:55:56","guid":{"rendered":"https:\/\/karandoogo.com\/?post_type=product&#038;p=6092"},"modified":"2025-10-19T13:36:24","modified_gmt":"2025-10-19T13:36:24","slug":"expose-complet-en-anglais-sur-la-prostitution-ak","status":"publish","type":"product","link":"https:\/\/karandoogo.com\/index.php\/produit\/expose-complet-en-anglais-sur-la-prostitution-ak\/","title":{"rendered":"Expos\u00e9 complet en Anglais sur la prostitution &#8211; AK"},"content":{"rendered":"","protected":false},"excerpt":{"rendered":"<p><strong>NB:<\/strong> Les documents mis \u00e0 disposition sur ce site sont des documents \u00e0 exploiter, autrement dit des compl\u00e9ments pour parfaire votre travail. Ils ne sont pas faits pour \u00eatre pr\u00e9sent\u00e9s \u00e0 l\u2019\u00e9tat.<\/p>\n<p>&nbsp;<\/p>\n<p><strong><u>WORK PLAN<\/u><\/strong><\/p>\n<p><strong>\u00a0<\/strong><\/p>\n<p><strong>\u00a0<\/strong><\/p>\n<p><strong>Introduction<\/strong><\/p>\n<p><strong>\u00a0<\/strong><\/p>\n<p><strong>I-Definition of Prostitution<\/strong><\/p>\n<p><strong>\u00a0<\/strong><\/p>\n<p><strong>II-Brief History of Prostitution<\/strong><\/p>\n<p><strong>\u00a0<\/strong><\/p>\n<p><strong>III- The Causes of Prostitution <\/strong><\/p>\n<p><strong>\u00a0<\/strong><\/p>\n<p><strong>IV-The Consequences of Prostitution <\/strong><\/p>\n<p><strong>\u00a0<\/strong><\/p>\n<p><strong>Conclusion<\/strong><\/p>\n<p><strong>\u00a0<\/strong><\/p>\n<p><strong>\u00a0<\/strong><\/p>\n<p><strong>\u00a0<\/strong><\/p>\n<p><strong>\u00a0<\/strong><\/p>\n<p><strong>\u00a0<\/strong><\/p>\n<p><strong>Introduction<\/strong><\/p>\n<p><strong>\u00a0\u00a0\u00a0\u00a0\u00a0\u00a0\u00a0\u00a0\u00a0 Prostitution<\/strong>, often called \u2018\u2019the oldest profession in the world.it is a phenomenon of society.it is still relevant today because millions of people around the world prostitute themselves. Almost all countries are affected by this phenomenon, it has crossed the ages and has made and will always be debated as to its legalization, repression or prohibition. Nevertheless, prostitution seems to be a recurring problem of damage to morale and a generator of public unrest. Here we will ask ourselves what is the reality of prostitution today. But we cannot speak of prostitution without it being historically present.<\/p>\n<p><strong>I-Definition of prostitution <\/strong><\/p>\n<p>There is no official definition for prostitution. The most successful is the fact of freeing the sex and body to, another against money. However, it could also be against goods such as shelter, gift, food, etc. It is also to merchandize in a legal or illegal way services and\/or sex product and of exploiting the human body.<\/p>\n<p>Prostitution has multiples faces: they are victims of exploitation and networks, mothers in precarious situations, young female student, children, men\u2026 who prostitute themselves on the street, on the internet, in bar, in saunas or massage parlors, on the side of highways, etc. The circumstances are diverse.<\/p>\n<p><strong>II-Brief History of Prostitution<\/strong><\/p>\n<p>In Rome, as elsewhere in the Mediterranean basin, those who possess slaves can use them as they wish, since the slave is a private property. The slave woman is also excluded from the scope of the laws on adultery: her companion cannot accuse her, whether her lover is the masters or a third person. Moreover, the laws condemning the masters who prostitute their slaves are so ineffective that they will often be proclaimed from the 1<sup>st<\/sup> to the 4<sup>th<\/sup> century, as well as the laws that treat adultery as sexual relations between the mistress and her slaves. Prostitution, however, continues to flourish in Rome, where it occurs in many from: prostitutes are housed in houses marked with lighted candles during opening hours, 8 in hostels, lodges, or in the street, in front of Arcades (called fornix hence the term fornication) as before, the door of the domiciles. So, there is evidence of prostitution occurring throughout history, all the way back to ancient societies.<\/p>\n<p><strong>III-The causes of prostitution<\/strong><\/p>\n<p>Nowadays, people often return home in the middle of prostitution in order to survive and not by life plan. Prostitution can be occasional as, bye example, those who prostitute themselves to have money every end of month. There are different factors that may cause a no one enters the world of prostitution: meeting someone&#8230;<\/p>\n<p>Pour obtenir l&rsquo;expos\u00e9 complet contactez le +226 56196345 (WhatsApp)<\/p>\n","protected":false},"featured_media":831,"template":"","meta":{"jetpack_publicize_message":"","jetpack_publicize_feature_enabled":true,"jetpack_social_post_already_shared":false,"jetpack_social_options":{"image_generator_settings":{"template":"highway","default_image_id":0,"font":"","enabled":false},"version":2}},"product_brand":[],"product_cat":[544,598,546],"product_tag":[1106,1067,752],"class_list":{"0":"post-6092","1":"product","2":"type-product","3":"status-publish","4":"has-post-thumbnail","6":"product_cat-exposes","7":"product_cat-litterature","8":"product_cat-societe","9":"product_tag-anglais","10":"product_tag-causes-consequences-solutions","11":"product_tag-prostitution","13":"first","14":"instock","15":"downloadable","16":"virtual","17":"sold-individually","18":"purchasable","19":"product-type-simple"},"aioseo_notices":[],"jetpack_publicize_connections":[],"jetpack-related-posts":[],"jetpack_sharing_enabled":true,"_links":{"self":[{"href":"https:\/\/karandoogo.com\/index.php\/wp-json\/wp\/v2\/product\/6092","targetHints":{"allow":["GET"]}}],"collection":[{"href":"https:\/\/karandoogo.com\/index.php\/wp-json\/wp\/v2\/product"}],"about":[{"href":"https:\/\/karandoogo.com\/index.php\/wp-json\/wp\/v2\/types\/product"}],"wp:featuredmedia":[{"embeddable":true,"href":"https:\/\/karandoogo.com\/index.php\/wp-json\/wp\/v2\/media\/831"}],"wp:attachment":[{"href":"https:\/\/karandoogo.com\/index.php\/wp-json\/wp\/v2\/media?parent=6092"}],"wp:term":[{"taxonomy":"product_brand","embeddable":true,"href":"https:\/\/karandoogo.com\/index.php\/wp-json\/wp\/v2\/product_brand?post=6092"},{"taxonomy":"product_cat","embeddable":true,"href":"https:\/\/karandoogo.com\/index.php\/wp-json\/wp\/v2\/product_cat?post=6092"},{"taxonomy":"product_tag","embeddable":true,"href":"https:\/\/karandoogo.com\/index.php\/wp-json\/wp\/v2\/product_tag?post=6092"}],"curies":[{"name":"wp","href":"https:\/\/api.w.org\/{rel}","templated":true}]}}