{"id":6094,"date":"2023-07-10T16:04:59","date_gmt":"2023-07-10T16:04:59","guid":{"rendered":"https:\/\/karandoogo.com\/?post_type=product&#038;p=6094"},"modified":"2025-10-19T13:36:24","modified_gmt":"2025-10-19T13:36:24","slug":"expose-sur-complet-la-resistance-africaine-face-a-la-penetration-europeenne-du-19eme-siecle-ak","status":"publish","type":"product","link":"https:\/\/karandoogo.com\/index.php\/produit\/expose-sur-complet-la-resistance-africaine-face-a-la-penetration-europeenne-du-19eme-siecle-ak\/","title":{"rendered":"Expos\u00e9 sur complet la Resistance Africaine Face \u00e0 la p\u00e9n\u00e9tration Europ\u00e9enne Du 19eme Si\u00e8cle &#8211; AK"},"content":{"rendered":"","protected":false},"excerpt":{"rendered":"<p><strong>NB:<\/strong> Les documents mis \u00e0 disposition sur ce site sont des documents \u00e0 exploiter, autrement dit des compl\u00e9ments pour parfaire votre travail. Ils ne sont pas faits pour \u00eatre pr\u00e9sent\u00e9s \u00e0 l\u2019\u00e9tat.<\/p>\n<p><strong><u>PLAN DE TRAVAIL<\/u><\/strong><\/p>\n<p><strong>Introduction<\/strong><\/p>\n<p><strong>I-la colonisation en Afrique<\/strong><\/p>\n<p><strong>1-la p\u00e9riode<\/strong><\/p>\n<p><strong>2-les causes<\/strong><\/p>\n<p><strong>3-les causes des r\u00e9sistances au niveau de l\u2019Afrique<\/strong><\/p>\n<p><strong>II-la r\u00e9sistance en Afrique<\/strong><\/p>\n<p><strong>II-1-les r\u00e9sistances en Afrique occidentale soudano-sah\u00e9lienne<\/strong><\/p>\n<p><strong>a-la r\u00e9sistance de Almomy Samory Tour\u00e9<\/strong><\/p>\n<p><strong>b-la r\u00e9sistance d\u2019El Hadj Omar Tall et son fils Ahmadou Tall<\/strong><\/p>\n<p><strong>c-La r\u00e9sistance de Lat. Dior Diop<\/strong><\/p>\n<p><strong>d- les fr\u00e8res Dioulas de Sissoko : Tieba et Babemba<\/strong><\/p>\n<p><strong>II-2-les r\u00e9sistances en Afrique occidentale, humide et c\u00f4ti\u00e8re<\/strong><\/p>\n<p><strong>1-la r\u00e9sistance de B\u00e9hanzin<\/strong><\/p>\n<p><strong>La r\u00e9sistance de Premph 1er<\/strong><\/p>\n<p><strong>III-les causes des \u00e9checs de la r\u00e9sistance<\/strong><\/p>\n<p><strong>1-les causes internes<\/strong><\/p>\n<p><strong>2-les causes externes<\/strong><\/p>\n<p><strong>IV-Les cons\u00e9quences<\/strong><\/p>\n<p><strong>1-les avantages<\/strong><\/p>\n<p><strong>2-les inconv\u00e9nients<\/strong><\/p>\n<p><strong>\u00a0<\/strong><\/p>\n<p><strong>Conclusion<\/strong><\/p>\n<p><strong>\u00a0<\/strong><\/p>\n<p><strong>\u00a0<\/strong><\/p>\n<p><strong>\u00a0<\/strong><\/p>\n<p><strong>INTRODUCTION<\/strong><\/p>\n<p>Abandonn\u00e9 \u00e0 la fin de la traite n\u00e9gri\u00e8re, l\u2019Afrique sera de nouveau convoit\u00e9e par les europ\u00e9ens. Elle sera domin\u00e9e, partag\u00e9e et pill\u00e9 par les puissances europ\u00e9ennes\u00a0: c\u2019est la colonisation. C\u2019est ainsi qu\u2019on la d\u00e9finie comme une domination territoriale des \u00e9tats forts sur les \u00e9tats faibles qui d\u00e9sirait apporter leurs civilisations au peuple qu\u2019il consid\u00e9rait comme primitif. Cependant les africains ne reste pas passif face \u00e0 la p\u00e9n\u00e9tration d\u2019une nouvelle culture. Pour mieux approfondir ce sujet, notre travail consistera a montr\u00e9 latitude africaines face \u00e0 cette p\u00e9n\u00e9tration coloniale.<\/p>\n<p><strong>I- La colonisation de l\u2019Afrique<\/strong><\/p>\n<p><strong>1-La p\u00e9riode<\/strong><\/p>\n<p>En Afrique, la conqu\u00eate coloniale s\u2019est manifest\u00e9 dans la seconde partie du 19\u00b0siecle notamment \u00e0 partir de 1880.plusieurs raisons sont \u00e0 l\u2019origine de la conqu\u00eate coloniale de l\u2019Afrique.<\/p>\n<p><strong>2- Les causes<\/strong><\/p>\n<p>Plusieurs raisons sont \u00e0 l\u2019origine de la conqu\u00eate coloniale de l\u2019Afrique.<\/p>\n<p>D\u2019abord, en 1848 le commerce triangulaire qui enrichissait les europ\u00e9ens prit fin avec l\u2019abolition de la traite n\u00e9gri\u00e8re.<\/p>\n<p>Ensuite, l\u2019\u00e9migration europ\u00e9enne qui \u00e9tait orient\u00e9 vers l\u2019Am\u00e9rique et l\u2019Oc\u00e9anie est r\u00e9orient\u00e9e vers l\u2019Afrique pour des raisons climatiques et commerciales \u00e0 partir de 1880.<\/p>\n<p>Enfin, d\u2019autres causes notamment \u00e9conomiques, d\u00e9mographiques et religieuses expliquent cette conqu\u00eate coloniale.<\/p>\n<p><strong><u>Sur le plan \u00e9conomique<\/u><\/strong>\u00a0: la g\u00e9n\u00e9ration des industries Europe entraine une surproduction\u00a0; en plus de la concurrence entre pays industrialis\u00e9 entraine l\u2019installation des barri\u00e8res douani\u00e8res. Ainsi, les europ\u00e9ens se tournent vers l\u2019Afrique pour \u00e9couler leurs marchandises et par le m\u00eame coup se ravitaill\u00e9 en mati\u00e8re premi\u00e8re, agricole et mini\u00e8re. C\u2019est pour cela qu\u2019il se tourne vers l\u2019Afrique riche en minerais et pauvre d\u2019industrie.<\/p>\n<p><strong><u>Sur le plan d\u00e9mographique<\/u><\/strong> : l\u2019explosion d\u00e9mographique en Europe \u00e0 la fin du 19\u00b0si\u00e8cle devient pr\u00e9occupante. Ainsi, de 300 millions en 1870, elle passe \u00e0 400 millions d\u2019habitants en 1914. C\u2019est pourquoi&#8230;<\/p>\n<p>Pour obtenir l&rsquo;expos\u00e9 complet contactez le +226 56196345 (WhatsApp)<\/p>\n","protected":false},"featured_media":0,"template":"","meta":{"jetpack_publicize_message":"","jetpack_publicize_feature_enabled":true,"jetpack_social_post_already_shared":false,"jetpack_social_options":{"image_generator_settings":{"template":"highway","default_image_id":0,"font":"","enabled":false},"version":2}},"product_brand":[],"product_cat":[544,608,548,714],"product_tag":[610,609,653],"class_list":{"0":"post-6094","1":"product","2":"type-product","3":"status-publish","5":"product_cat-exposes","6":"product_cat-histoire","7":"product_cat-histoire-geographie","8":"product_cat-politique","9":"product_tag-afrique","10":"product_tag-colonisation","11":"product_tag-europe","13":"first","14":"instock","15":"downloadable","16":"virtual","17":"sold-individually","18":"purchasable","19":"product-type-simple"},"aioseo_notices":[],"jetpack_publicize_connections":[],"jetpack-related-posts":[],"jetpack_sharing_enabled":true,"_links":{"self":[{"href":"https:\/\/karandoogo.com\/index.php\/wp-json\/wp\/v2\/product\/6094","targetHints":{"allow":["GET"]}}],"collection":[{"href":"https:\/\/karandoogo.com\/index.php\/wp-json\/wp\/v2\/product"}],"about":[{"href":"https:\/\/karandoogo.com\/index.php\/wp-json\/wp\/v2\/types\/product"}],"wp:attachment":[{"href":"https:\/\/karandoogo.com\/index.php\/wp-json\/wp\/v2\/media?parent=6094"}],"wp:term":[{"taxonomy":"product_brand","embeddable":true,"href":"https:\/\/karandoogo.com\/index.php\/wp-json\/wp\/v2\/product_brand?post=6094"},{"taxonomy":"product_cat","embeddable":true,"href":"https:\/\/karandoogo.com\/index.php\/wp-json\/wp\/v2\/product_cat?post=6094"},{"taxonomy":"product_tag","embeddable":true,"href":"https:\/\/karandoogo.com\/index.php\/wp-json\/wp\/v2\/product_tag?post=6094"}],"curies":[{"name":"wp","href":"https:\/\/api.w.org\/{rel}","templated":true}]}}