{"id":6109,"date":"2023-07-11T13:34:51","date_gmt":"2023-07-11T13:34:51","guid":{"rendered":"https:\/\/karandoogo.com\/?post_type=product&#038;p=6109"},"modified":"2025-10-19T13:35:19","modified_gmt":"2025-10-19T13:35:19","slug":"expose-complet-sur-les-royaumes-du-soudan-central-ak","status":"publish","type":"product","link":"https:\/\/karandoogo.com\/index.php\/produit\/expose-complet-sur-les-royaumes-du-soudan-central-ak\/","title":{"rendered":"Expos\u00e9 complet sur les royaumes du Soudan Central -AK"},"content":{"rendered":"","protected":false},"excerpt":{"rendered":"<p><strong>NB:<\/strong> Les documents mis \u00e0 disposition sur ce site sont des documents \u00e0 exploiter, autrement dit des compl\u00e9ments pour parfaire votre travail. Ils ne sont pas faits pour \u00eatre pr\u00e9sent\u00e9s \u00e0 l\u2019\u00e9tat.<\/p>\n<p><strong><em><u>Plan de travail<\/u><\/em><\/strong><\/p>\n<p><strong><em><u>\u00a0<\/u><\/em><\/strong><\/p>\n<p><strong><em><u>Introduction<\/u><\/em><\/strong><\/p>\n<p><strong><em><u>I-Le Kanem-Bornou<\/u><\/em><\/strong><\/p>\n<p><strong><em><u>1-les origines de l\u2019empire<\/u><\/em><\/strong><\/p>\n<p><strong><em><u>2-le premier empire : le Kanem<\/u><\/em><\/strong><\/p>\n<p><strong><em><u>3-le second empire : le Bornou<\/u><\/em><\/strong><\/p>\n<p><strong><em><u>II-les cit\u00e9s Haoussas<\/u><\/em><\/strong><\/p>\n<p><strong><em><u>1-les origines<\/u><\/em><\/strong><\/p>\n<p><strong><em><u>2-lapparition des cit\u00e9s Etat<\/u><\/em><\/strong><\/p>\n<p><strong><em><u>3-les Haoussas et le monde ext\u00e9rieur<\/u><\/em><\/strong><\/p>\n<p><strong><em><u>III-Les cit\u00e9s Yorubas et le royaume du b\u00e9nin<\/u><\/em><\/strong><\/p>\n<p><strong><em><u>1-Le bas -Niger<\/u><\/em><\/strong><\/p>\n<p><strong><em><u>2-les Etats yorubas<\/u><\/em><\/strong><\/p>\n<p><strong><em><u>3-le royaume du b\u00e9nin<\/u><\/em><\/strong><\/p>\n<p><strong><em><u>\u00a0<\/u><\/em><\/strong><\/p>\n<p><strong><em><u>Conclusion<\/u><\/em><\/strong><\/p>\n<p><strong><em><u>\u00a0<\/u><\/em><\/strong><\/p>\n<p><strong><em><u>\u00a0<\/u><\/em><\/strong><\/p>\n<p><strong><em><u>\u00a0<\/u><\/em><\/strong><\/p>\n<p><strong><em><u>Introduction<\/u><\/em><\/strong><\/p>\n<p>L\u2019histoire du soudan est marqu\u00e9e par l\u2019influence militaire et culturelle de ses voisins, dont l\u2019\u00c9gypte, la p\u00e9ninsule arabique, l\u2019Ethiopie, les deux Congo (r\u00e9publique du Congo et r\u00e9publique d\u00e9mocratique du Congo) et le Tchad ainsi que, plus r\u00e9cemment, du Royaume-Uni et des Etats-Unis. Avec la d\u00e9sertification du Sahara, plusieurs peuples se d\u00e9placent vers le Soudan central et le lac Tchad. Ils vont construire de nombreux royaumes\u00a0: Le Kanem, les Etats haoussa.<\/p>\n<p><strong>I-Le Kanem- Bornou<\/strong><\/p>\n<p><strong>1-Les origines de l\u2019empire<\/strong><\/p>\n<p>Les r\u00e9cits l\u00e9gendaires, que corrobore l\u2019histoire, font remonter l\u2019empire Bornoua a l\u2019ancien royaume du Kanem qui se forma dans le nord-est du Tchad. Comme de nombreux peuples d\u2019Afrique occidentale(<strong>les yoruba, les peulh du Fouta-Djalon<\/strong>),les kanouri se donnent une origine y\u00e9m\u00e9nite .Un homme venu du Y\u00e9men ,du nom de <strong>sef,<\/strong>aurait \u00e9t\u00e9 le fondateur de la dynastie royale, <strong>la Sefuwa Magumi<\/strong> ,qui r\u00e9gna jusqu\u2019au milieu du XIXe si\u00e8cle .Les faits infirment une telle th\u00e9orie .Alors que l\u2019Islam ne se propagea au Kanem que le courant du XIe si\u00e8cle ,c\u2019est en effet d\u00e8s le IXe qu\u2019au sein du clan Magumi le lignage Sefuwa r\u00e9ussit \u00e0 imposer son autorit\u00e9 aux autres clans. Le royaume atteint son apog\u00e9e aux XIe et XII e si\u00e8cle. Sous l\u2019impulsion de Dunama (1097-1150), une s\u00e9rie de conqu\u00eates militaires aboutit \u00e0 un \u00e9largissement territorial. Vers 1200, l\u2019Etat kan\u00e9mien englobe le Kanem, le Bornou, le Kaouar et le Djado et contr\u00f4le \u00e9troitement le Sahara oriental jusqu\u2019\u00e0 <strong>Mourzouk, le Borou, le Fitri,<\/strong> atteignant les royaumes Haoussa \u00e0 l\u2019ouest. Le roi(mai), \u00e9tabli dans sa capitale a Njimi, au Kanem, est assist\u00e9 d\u2019un conseil.<\/p>\n<p><strong>2-le premier empire\u00a0: le Kanem<\/strong><\/p>\n<p>C\u2019est le premier royaume cr\u00e9e \u00e0 l\u2019Est du lac Tchad.il est domin\u00e9 par la dynastie de <strong>Sefawad. Au<\/strong> d\u00e9but du 13<sup>e<\/sup> si\u00e8cle le Mai Dounoma. Diblalem qui va conqu\u00e9rir plusieurs territoires et cr\u00e9e un vaste empire qui s\u2019\u00e9tendra jusqu\u2019au <strong>Fezzan au Nord<\/strong>, \u00e0 <strong>Bornou<\/strong> \u00e0 l\u2019ouest, \u00e0 Ouadda\u00ef \u00e0 l\u2019Est. Cet empire deviendra prosp\u00e8re, dot\u00e9 d\u2019une arm\u00e9e puissante et d\u2019une \u00e9conomie florissante. Les divisions religieuses et politiques, les r\u00e9voltes des Boulala et&#8230;<\/p>\n<p>Pour obtenir l&rsquo;expos\u00e9 complet contactez le +226 56196345 (WhatsApp).<\/p>\n","protected":false},"featured_media":831,"template":"","meta":{"jetpack_publicize_message":"","jetpack_publicize_feature_enabled":true,"jetpack_social_post_already_shared":false,"jetpack_social_options":{"image_generator_settings":{"template":"highway","default_image_id":0,"font":"","enabled":false},"version":2}},"product_brand":[],"product_cat":[544,608,548],"product_tag":[712,1124,1123,1122,1126,1125],"class_list":{"0":"post-6109","1":"product","2":"type-product","3":"status-publish","4":"has-post-thumbnail","6":"product_cat-exposes","7":"product_cat-histoire","8":"product_cat-histoire-geographie","9":"product_tag-benin","10":"product_tag-cites-haoussas","11":"product_tag-kabem-bornou","12":"product_tag-les-royaumes-du-soudan-central","13":"product_tag-niger","14":"product_tag-yorubas","16":"first","17":"instock","18":"downloadable","19":"virtual","20":"sold-individually","21":"purchasable","22":"product-type-simple"},"aioseo_notices":[],"jetpack_publicize_connections":[],"jetpack-related-posts":[],"jetpack_sharing_enabled":true,"_links":{"self":[{"href":"https:\/\/karandoogo.com\/index.php\/wp-json\/wp\/v2\/product\/6109","targetHints":{"allow":["GET"]}}],"collection":[{"href":"https:\/\/karandoogo.com\/index.php\/wp-json\/wp\/v2\/product"}],"about":[{"href":"https:\/\/karandoogo.com\/index.php\/wp-json\/wp\/v2\/types\/product"}],"wp:featuredmedia":[{"embeddable":true,"href":"https:\/\/karandoogo.com\/index.php\/wp-json\/wp\/v2\/media\/831"}],"wp:attachment":[{"href":"https:\/\/karandoogo.com\/index.php\/wp-json\/wp\/v2\/media?parent=6109"}],"wp:term":[{"taxonomy":"product_brand","embeddable":true,"href":"https:\/\/karandoogo.com\/index.php\/wp-json\/wp\/v2\/product_brand?post=6109"},{"taxonomy":"product_cat","embeddable":true,"href":"https:\/\/karandoogo.com\/index.php\/wp-json\/wp\/v2\/product_cat?post=6109"},{"taxonomy":"product_tag","embeddable":true,"href":"https:\/\/karandoogo.com\/index.php\/wp-json\/wp\/v2\/product_tag?post=6109"}],"curies":[{"name":"wp","href":"https:\/\/api.w.org\/{rel}","templated":true}]}}