{"id":6116,"date":"2023-07-11T13:44:30","date_gmt":"2023-07-11T13:44:30","guid":{"rendered":"https:\/\/karandoogo.com\/?post_type=product&#038;p=6116"},"modified":"2025-10-19T13:35:19","modified_gmt":"2025-10-19T13:35:19","slug":"expose-complet-sur-le-statut-de-lhomme-dans-une-si-longue-lettre-de-mariama-ba-ak","status":"publish","type":"product","link":"https:\/\/karandoogo.com\/index.php\/produit\/expose-complet-sur-le-statut-de-lhomme-dans-une-si-longue-lettre-de-mariama-ba-ak\/","title":{"rendered":"Expos\u00e9 complet sur le Statut de l&rsquo;homme dans une si longue lettre de Mariama Ba &#8211; AK"},"content":{"rendered":"","protected":false},"excerpt":{"rendered":"<p><strong>NB:<\/strong> Les documents mis \u00e0 disposition sur ce site sont des documents \u00e0 exploiter, autrement dit des compl\u00e9ments pour parfaire votre travail. Ils ne sont pas faits pour \u00eatre pr\u00e9sent\u00e9s \u00e0 l\u2019\u00e9tat.<\/p>\n<p><strong>\u00a0<\/strong><\/p>\n<p><strong>PLAN DE TRAVAIL<\/strong><\/p>\n<p><strong>\u00a0<\/strong><\/p>\n<p><strong>Introduction<\/strong><\/p>\n<p><strong>I-Vie et \u0152uvres de l\u2019auteur<\/strong><\/p>\n<p><strong>II-R\u00e9sum\u00e9 de L\u2019\u0153uvre<\/strong><\/p>\n<p><strong>III-Le Statut de l\u2019homme dans le roman<\/strong><\/p>\n<p><strong>1-Grandeur et Bestialit\u00e9 de l\u2019homme<\/strong><\/p>\n<p><strong>2-Lemprise de l\u2019homme sur la femme<\/strong><\/p>\n<p><strong>3-Limportance de la tradition dans la relation femme-homme<\/strong><\/p>\n<p><strong>4-La Th\u00e8se de Mariama Ba \u00e0 propos des hommes dans l\u2019\u0153uvre<\/strong><\/p>\n<p><strong>Conclusion<\/strong><\/p>\n<p><strong>\u00a0<\/strong><\/p>\n<p><strong>\u00a0<\/strong><\/p>\n<p><strong>\u00a0<\/strong><\/p>\n<p><strong>\u00a0<\/strong><\/p>\n<p><strong>\u00a0<\/strong><\/p>\n<p><strong>\u00a0<\/strong><\/p>\n<p><strong>\u00a0<\/strong><\/p>\n<p><strong>\u00a0<\/strong><\/p>\n<p><strong>\u00a0<\/strong><\/p>\n<p><strong>Introduction<\/strong><\/p>\n<p>La litt\u00e9rature africaine a connu plusieurs faces dans son \u00e9volution. L\u2019Afrique a \u00e9t\u00e9 victime de deux grands maux historiques qui fut la colonisation et l\u2019esclavage mais les tares de la soci\u00e9t\u00e9 africaine n\u2019en fait pas exception. C\u2019est pourquoi Mariama B\u00e2 fait part des conditions mis\u00e9rables de la femme dans la soci\u00e9t\u00e9 africaine notamment au S\u00e9n\u00e9gal. Ainsi elle marque la litt\u00e9rature africaine en illustrant son \u0153uvre la plus c\u00e9l\u00e8bre et lu parmi les \u0153uvres africaines, le roman, \u2018<strong><em>\u2019une si longue<\/em><\/strong> <strong><em>lettre<\/em><\/strong> \u2018\u2019\u00e0 forme \u00e9pistolaire. Dans ce pr\u00e9sent travail, notre travail consistera \u00e0 faire cas du statut de l\u2019homme dans l\u2019\u0153uvre apr\u00e8s avoir donn\u00e9 la biobibliographie de l\u2019auteur et le r\u00e9sum\u00e9 de l\u2019\u0153uvre.<\/p>\n<p>&nbsp;<\/p>\n<p><strong>I- Vie et \u0153uvres de L\u2019autrice <\/strong><\/p>\n<p>Mariama B\u00e2 est n\u00e9e en 1929, fille de Ahmadou Niella B\u00e2 et de Fatou Gaye. Orpheline de m\u00e8re, elle fut \u00e9lev\u00e9 par ses grands-parents traditionnalistes. Inscrite \u00e0 l\u2019\u00e9cole fran\u00e7aise par son p\u00e8re elle fut une brillante \u00e9l\u00e8ve\u00a0 et fr\u00e9quenta l\u2019\u00e9cole des filles Berthe Maubert .elle y fit de brillantes \u00e9tudes .Dou\u00e9e en fran\u00e7ais ,elle se distingue par ces r\u00e9actions qui \u00e9taient souvent publi\u00e9s dans une manuelle de lecture destin\u00e9e aux jeunes \u00e9l\u00e8ves d\u2019Afrique .Malgr\u00e9 son \u00e2ge elle r\u00e9ussit au concours d\u2019entr\u00e9e \u00e0 l\u2019\u00e9cole normale des jeunes fille de Rusfique.Elle termine en 1947 sa formation d\u2019institutrice puis enseigna douze ans avant d\u2019\u00eatre affecter \u00e0 l\u2019inspection r\u00e9gionale de l\u2019enseignement \u00e9l\u00e9mentaire de Dakar pour des raisons de maladie. Elle d\u00e9c\u00e8de le <strong>17aout 1981<\/strong> suite \u00e0 un cancer. Ayant donn\u00e9 naissance \u00e0 neufs enfants, elle obtient le divorce de son conjoint, le d\u00e9put\u00e9 Obey Diop. Suite \u00e0 son exp\u00e9rience du mariage, Mariama B\u00e2 s\u2019engage pour nombre d\u2019associations f\u00e9minines en propageant l\u2019\u00e9ducation et les droits de femme. A cette fin elle prononce des discours et publie des articles dans la presse locale. Ecrivaine Mariama B\u00e2 fait partie des pionni\u00e8res de la litt\u00e9rature s\u00e9n\u00e9galaise. Elle s\u2019est rendu c\u00e9l\u00e8bre gr\u00e2ce \u00e0 son \u0153uvre une \u2018\u2019<strong><em>si longue lettre\u2019\u2019<\/em><\/strong> et par laquelle elle obtient le prix <strong>Normal <\/strong>lors de la foire du livre de <strong>francfort en 1980<\/strong>.<\/p>\n<p>Elle est l\u2019auteur de deux roman\u00a0:<strong><em> \u2018\u2019une si longue lettre\u2019\u2019<\/em><\/strong>, l\u2019un des livres les plus lus du continent, par laquelle elle tire sa reverence.et l\u2019autre \u0153uvre \u2018<strong><em>\u2019Chant \u00e9carlate\u2019\u2019,<\/em><\/strong> dans lequel elle met en sc\u00e8ne la destin\u00e9e du couple mixe franco-s\u00e9n\u00e9galais.<\/p>\n<p>&nbsp;<\/p>\n<p><strong>II-R\u00e9sum\u00e9 de l\u2019\u0153uvre<\/strong><\/p>\n<p>\u2018\u2019<strong><em>Une si longue lettre<\/em><\/strong>\u2019\u2019 est le premier roman de l\u2019\u00e9crivaine s\u00e9n\u00e9galaise Mariama B\u00e2 publi\u00e9 pour la premi\u00e8re fois en<strong> 1979<\/strong>.loeuvre est en forme \u00e9pistolaire o\u00f9 Ramatoulaye s\u2019adresse \u00e0 son amie d\u2019enfance A\u00efssatou, pendant la r\u00e9clusion traditionnelle qui suit son veuvage. Elle y \u00e9voque les souvenirs heureux et malheureux. Elle rappelle aussi les mariages forc\u00e9s, l\u2019absence de droits des femmes suivis par des conditions dans lesquelles la femme africaine subit dans le couple africain. Aussi elle fait cas de son humiliation face sa belle-famille qui confisqua tout apr\u00e8s la mort de son mari Modou Fall.Et surtout d\u00e9shonneur et la trahison que Modou la fait subir en \u00e9pousant Binetou, l\u2019amie de sa fille Daba. Sa lettre rev\u00eat le caract\u00e8re d\u2019une confession.<\/p>\n<p>&nbsp;<\/p>\n<p><strong>III-Le statut de l\u2019homme dans le roman<\/strong><\/p>\n<p>Les hommes dans une si longue lettre de mariama B\u00e2 est le portrait de l\u2019Afrique en mouvement, une Afrique en train de changer. Tout au long de cette \u0153uvre elle \u00e9voque plusieurs th\u00e8mes probl\u00e9matiques, d\u2019apr\u00e8s elle au S\u00e9n\u00e9gal et plus largement en Afrique occidentale, comme la polygamie, la religion, le mariage forc\u00e9, l\u2019\u00e9ducation, les relations entre hommes et femmes et bien d\u2019autres. Le sujet qui va nous int\u00e9resser est justement \u00ab\u00a0les hommes\u00a0\u00bb.\u00a0Ce qui nous am\u00e8ne \u00e0 nous poser quelques questions\u00a0: tout d\u2019abord en lisant l\u2019\u0153uvre on peut remarquer une double personnalit\u00e9 des hommes. Un cot\u00e9 grandeur et autre une bestialit\u00e9. Comment se manifeste telle\u00a0? Ensuite de quelles mani\u00e8re, Lhomme a-t-il-une emprise sur la femme\u00a0? quelle est l\u2019importance de la tradition dans la relation homme et femme. Enfin quelle est la th\u00e8se de Mariama B\u00e2 \u00e0 propos des hommes dans \u2018\u2019<strong><em>une si longue lettre\u2019\u2019<\/em><\/strong>.<\/p>\n<p>&nbsp;<\/p>\n<p><strong>1-Grandeur et bestialit\u00e9 de l\u2019homme<\/strong><\/p>\n<p>Comme d\u00e9crit dans l\u2019\u0153uvre de mariama B\u00e2, l\u2019homme apparait comme une grandeur au vue du statut qu\u2019il s\u2019\u00e9rige dans la soci\u00e9t\u00e9 s\u00e9n\u00e9galaise. Disons qu\u2019il apparait comme le maitre et s\u2019\u00e9rige comme telle dans sa famille. Ainsi&#8230;<\/p>\n<p>Pour obtenir l&rsquo;expos\u00e9 complet contactez le +226 56196345 (WhatsApp)<\/p>\n","protected":false},"featured_media":831,"template":"","meta":{"jetpack_publicize_message":"","jetpack_publicize_feature_enabled":true,"jetpack_social_post_already_shared":false,"jetpack_social_options":{"image_generator_settings":{"template":"highway","default_image_id":0,"font":"","enabled":false},"version":2}},"product_brand":[],"product_cat":[544,598,547],"product_tag":[1127,1082,1085],"class_list":{"0":"post-6116","1":"product","2":"type-product","3":"status-publish","4":"has-post-thumbnail","6":"product_cat-exposes","7":"product_cat-litterature","8":"product_cat-litterature-africaine","9":"product_tag-lhomme-dans-loeuvre","10":"product_tag-mariama-ba","11":"product_tag-une-si-longue-lettre","13":"first","14":"instock","15":"downloadable","16":"virtual","17":"sold-individually","18":"purchasable","19":"product-type-simple"},"aioseo_notices":[],"jetpack_publicize_connections":[],"jetpack-related-posts":[],"jetpack_sharing_enabled":true,"_links":{"self":[{"href":"https:\/\/karandoogo.com\/index.php\/wp-json\/wp\/v2\/product\/6116","targetHints":{"allow":["GET"]}}],"collection":[{"href":"https:\/\/karandoogo.com\/index.php\/wp-json\/wp\/v2\/product"}],"about":[{"href":"https:\/\/karandoogo.com\/index.php\/wp-json\/wp\/v2\/types\/product"}],"wp:featuredmedia":[{"embeddable":true,"href":"https:\/\/karandoogo.com\/index.php\/wp-json\/wp\/v2\/media\/831"}],"wp:attachment":[{"href":"https:\/\/karandoogo.com\/index.php\/wp-json\/wp\/v2\/media?parent=6116"}],"wp:term":[{"taxonomy":"product_brand","embeddable":true,"href":"https:\/\/karandoogo.com\/index.php\/wp-json\/wp\/v2\/product_brand?post=6116"},{"taxonomy":"product_cat","embeddable":true,"href":"https:\/\/karandoogo.com\/index.php\/wp-json\/wp\/v2\/product_cat?post=6116"},{"taxonomy":"product_tag","embeddable":true,"href":"https:\/\/karandoogo.com\/index.php\/wp-json\/wp\/v2\/product_tag?post=6116"}],"curies":[{"name":"wp","href":"https:\/\/api.w.org\/{rel}","templated":true}]}}