{"id":6121,"date":"2023-07-11T14:08:00","date_gmt":"2023-07-11T14:08:00","guid":{"rendered":"https:\/\/karandoogo.com\/?post_type=product&#038;p=6121"},"modified":"2025-10-19T13:35:19","modified_gmt":"2025-10-19T13:35:19","slug":"expose-complet-sur-lempire-du-mali-evolution-et-civilisation-ak","status":"publish","type":"product","link":"https:\/\/karandoogo.com\/index.php\/produit\/expose-complet-sur-lempire-du-mali-evolution-et-civilisation-ak\/","title":{"rendered":"Expos\u00e9 complet sur l&#8217;empire du Mali (Evolution et civilisation) &#8211; AK"},"content":{"rendered":"","protected":false},"excerpt":{"rendered":"<p><strong>NB<\/strong>: Les documents mis \u00e0 disposition sur ce site sont des documents \u00e0 exploiter, autrement dit des compl\u00e9ments pour parfaire votre travail. Ils ne sont pas faits pour \u00eatre pr\u00e9sent\u00e9s \u00e0 l\u2019\u00e9tat.<\/p>\n<p><strong><u>Plan de travail<\/u><\/strong><\/p>\n<p><strong>Introduction<\/strong><\/p>\n<p><strong>I-L \u2019Evolution de l\u2019empire du Mali<\/strong><\/p>\n<p><strong>1-L\u2019empire du mali sous le r\u00e8gne de soundiata Ke\u00efta (1235-1255)<\/strong><\/p>\n<p><strong>2-L\u2019empire du Mali sous le r\u00e8gne de Mansa Moussa (1312-1332)<\/strong><\/p>\n<p><strong>3-Les successeurs de Kankou Moussa et le d\u00e9clin de l\u2019empire<\/strong><\/p>\n<p><strong>II-La civilisation de l\u2019empire du Mali<\/strong><\/p>\n<p><strong>A-sur le plan social<\/strong><\/p>\n<p><strong>1-Les hommes libres<\/strong><\/p>\n<p><strong>2-Les castes<\/strong><\/p>\n<p><strong>2-1-La caste des griots<\/strong><\/p>\n<p><strong>2-2-La caste des forgerons<\/strong><\/p>\n<p><strong>3-Les esclaves ou cerfs<\/strong><\/p>\n<p><strong>4-La religion<\/strong><\/p>\n<p><strong>B-Sur le plan politico-Administratif<\/strong><\/p>\n<p><strong>C-Sur le plan \u00e9conomique<\/strong><\/p>\n<p><strong>1-L\u2019agriculture<\/strong><\/p>\n<p><strong>2-l\u2019elevage et la p\u00e8che<\/strong><\/p>\n<p><strong>3-Lartisanat<\/strong><\/p>\n<p><strong>4-Le commerce<\/strong><\/p>\n<p><strong>4-1-le commerce int\u00e9rieur<\/strong><\/p>\n<p><strong>4-2-le commerce ext\u00e9rieur<\/strong><\/p>\n<p><strong>5-les imp\u00f4ts<\/strong><\/p>\n<p><strong>Conclusion<\/strong><\/p>\n<p><strong>Introduction<\/strong><\/p>\n<p>L\u2019empire du Mali est un \u00e9tat africain qui a exist\u00e9 entre les XIIIe\u00a0 si\u00e8cles en Afrique de l\u2019Ouest\u00a0.il \u00e9tait compos\u00e9 de territoires, s\u2019\u00e9tendant de l\u2019oc\u00e9an Atlantique \u00e0 la grande boucle du Niger ,c\u2019est \u00e0 dire sur l\u2019Est de la guin\u00e9e , le S\u00e9n\u00e9gal ,une grande partie du Mali ,le sud de la Mauritanie, l\u2019Ouest du Burkina Faso et le Nord de la cote d\u2019ivoire .Fond\u00e9 au XIIIe si\u00e8cles par <strong>Soundiata Keita<\/strong> ,il connut son apog\u00e9e au XIVe si\u00e8cles sous le r\u00e8gne de <strong>Kankou Moussa<\/strong> avant de s\u2019\u00e9vincer en 1332 avec sa mort. L\u2019empire du Mali est un grand producteurs et exportateurs d\u2019or vers l\u2019Afrique du Nord Musulmane et l\u2019Europe. N\u00e9anmoins l\u2019empire du Mali tel que d\u00e9crit par les historiens, que pouvons-nous retenir de son \u00e9volution et de sa civilisation\u00a0?<\/p>\n<p><strong>I\/L\u2019Evolution de l\u2019Empire du Mali<\/strong><\/p>\n<p>L\u2019empire du Mandingue ou du Mali a connu un \u00e9chelonnement de dates dans son \u00e9volution perp\u00e9tuelle, qui sans doute a marqu\u00e9 l\u2019histoire de l\u2019empire du Mali ainsi que l\u2019histoire Africaine. Parmi les \u00e9v\u00e8nements majeurs nous pouvons retenir\u00a0:<\/p>\n<p><strong>1.l\u2019Empire du Mali sous le r\u00e8gne de soundiata Keita (1235-1255<\/strong><strong>)<\/strong><\/p>\n<p><strong>Soundiata Ke\u00efta<\/strong> ,personnage \u00e0 la fois historique et l\u00e9gendaire dont l\u2019\u00e9pop\u00e9e demeure aujourd\u2019hui encore l\u2019un des grands classique des griots fut \u00e0 l\u2019origine de la cr\u00e9ation de cet empire du Mali.il faut savoir que la zone sur laquelle ,il allait fonder cet empire \u00e9tait divis\u00e9e en plusieurs royaumes ,parfois alli\u00e9s ,parfois rivaux ,peupl\u00e9s par de nombreux peuples qui s\u2019entendaient pas toujours entre eux et se faisaient r\u00e9guli\u00e8rement la guerre .Soundiata qui appartenait au peuple des Malink\u00e9s parvint \u00e0 battre le <strong>roi du Sosso<\/strong> \u00a0en 1235 a la bataille de <strong>kirina <\/strong>et unifia plusieurs de ces royaumes par la force ,fondant ainsi l\u2019Empire du Mali en 1190.il se fit alors appeler\u00a0<strong>\u00ab\u00a0 Mansa\u00a0\u00bb<\/strong>qui signifie <strong>\u00ab\u00a0roi des roi\u00a0\u00bb.<\/strong>il \u00e9tablit sa capitale \u00e0 <strong>Niani<\/strong> o\u00f9 il v\u00e9cut dans un palais ,entour\u00e9 de courtisans et de griots.<\/p>\n<p><strong>2.L\u2019empire du Mali sous le r\u00e8gne de mansa Moussa (1312-1332)<\/strong><\/p>\n<p>La dynastie des<strong> Keita<\/strong> r\u00e9gna sans interruption jusqu\u2019en<strong> 1389<\/strong>.<strong>Mansa Moussa<\/strong> fut le <strong>10\u00e8 empereur<\/strong> du Mali. Il r\u00e9gna de <strong>1312-1332<\/strong>.Il \u00e9tablit des relations diplomatiques r\u00e9guli\u00e8res avec <strong>le Portugal, le Maroc<\/strong>, <strong>la Tunisie<\/strong> et <strong>l\u2019Egypte<\/strong>, ce qui \u00e9tait tr\u00e8s important \u00e0 l\u2019\u00e9poque car s\u2019agissait de nations puissante. Disons que l\u2019empire a vraiment connu son apog\u00e9e avec <strong>Mansa Moussa<\/strong> au <strong>XIVe si\u00e8cles<\/strong>. Il est consid\u00e9r\u00e9 aujourd\u2019hui comme l\u2019un des souverains les plus riches de son \u00e9poque <strong>(du fait en grande partie de son<\/strong> <strong>monopole sur l\u2019or produit dans son empire<\/strong>) surnomm\u00e9 m\u00eame <strong>\u2018\u2019le roi de l\u2019or \u2018<\/strong>\u2019, il faut le dire que son <strong>fameux p\u00e8lerinage \u00e0 la Mecque (1324-1325<\/strong>) lui rendit encore plus c\u00e9l\u00e8bre <strong>au Maghreb<\/strong> et <strong>au Proche<\/strong> <strong>Orient<\/strong>. Autour de sa personne, l\u2019administration de ce vaste empire \u00e9tait r\u00e9put\u00e9e pour son efficacit\u00e9. Par exemple, les ministres avaient de r\u00e9elles comp\u00e9tences en rapport avec leurs minist\u00e8res. De plus m\u00eame si la tradition orale avait \u00e9t\u00e9 jusque-l\u00e0 la seule connue des peuples qui y vivaient, le Mansa fit former et recruter des secr\u00e9taires charg\u00e9s de s\u2019occuper des relations \u00e9crites avec le monde musulman. \u00c9tait tr\u00e8s important car la plus grande partie du commerce de l\u2019empire se faisait avec le Maghreb ou avec l\u2019orient musulman. Les d\u00e9cisions importantes \u00e9taient prises en conseil avec les sages et les anciens. Le compte rendu se faisait en <strong>Arabe<\/strong>. Cependant notons bien que l\u2019empire du Mali connaitra sa chute suite \u00e0 la mort de<strong> Kankou Moussa en 1332<\/strong>.<\/p>\n<p><strong>3.Les successeurs de Kankou Moussa et le d\u00e9clin de l\u2019empire du Mali<\/strong><\/p>\n<p>Plusieurs empereurs se sont succ\u00e9d\u00e9 apr\u00e8s <strong>la mort de Kankou Moussa<\/strong>. Parmi les successeurs nous pouvons noter\u00a0: <strong>Maghzen (1337-1341),<\/strong> <strong>Mansa Souleymane, fr\u00e8re de Mansa Moussa (vers 1341-1360<\/strong>), <strong>son fils Tassa (vers 1360)<\/strong> et beaucoup bien d\u2019autres. Apr\u00e8s la <strong>mort de Mansa Souleymane<\/strong>, des querelles de successions affaiblissent empire. Il est attaqu\u00e9 par <strong>les royaumes Mossi<\/strong>, <strong>Touareg<\/strong>, qui brulent <strong>Tombouctou en 1431<\/strong>, puis <strong>Songha\u00ef,<\/strong> qui faisait s\u00e9cession en <strong>1464<\/strong>.Cela n\u2019emp\u00eache pas le d\u00e9veloppement du commerce, port\u00e9 par les Dioulas et m\u00eame une extension territoriale r\u00e9orient\u00e9 vers le Sud. De la fin du<strong> XVe<\/strong> si\u00e8cles au <strong>XVIIe<\/strong> si\u00e8cles Mali se r\u00e9duit peu \u00e0 peu \u00e0 ses dimensions d\u2019origines.<\/p>\n<p><strong>II\/La Civilisation de l\u2019empire du Mali<\/strong><\/p>\n<p>Les Europ\u00e9ens ont durant tr\u00e8s longtemps consid\u00e9r\u00e9 l\u2019Afrique comme un continent sans histoire, d\u00e9pourvue, contrairement \u00e0 l\u2019occident ou \u00e0 l\u2019orient, de civilisations dignes de ce nom. Pourtant l\u2019Afrique poss\u00e8de un grand pass\u00e9. N\u00e9anmoins que pouvons-nous retenir de l\u2019empire du Mali en mati\u00e8re de civilisation\u00a0?<\/p>\n<p><strong>A. Sur le plan Social<\/strong> : notons que l\u2019empire du Mali \u00e9tait multiethnique dans le cadre duquel ont \u00e9volu\u00e9 ces populations Soudano-Sah\u00e9liennes partageant&#8230;<\/p>\n<p>Pour obtenir l&rsquo;expos\u00e9 complet contactez le +226 56196345 (WhatsApp)<\/p>\n","protected":false},"featured_media":831,"template":"","meta":{"jetpack_publicize_message":"","jetpack_publicize_feature_enabled":true,"jetpack_social_post_already_shared":false,"jetpack_social_options":{"image_generator_settings":{"template":"highway","default_image_id":0,"font":"","enabled":false},"version":2}},"product_brand":[],"product_cat":[544,608,548],"product_tag":[751,1129],"class_list":{"0":"post-6121","1":"product","2":"type-product","3":"status-publish","4":"has-post-thumbnail","6":"product_cat-exposes","7":"product_cat-histoire","8":"product_cat-histoire-geographie","9":"product_tag-empire-du-mali","10":"product_tag-evolution-et-civilisation","12":"first","13":"instock","14":"downloadable","15":"virtual","16":"sold-individually","17":"purchasable","18":"product-type-simple"},"aioseo_notices":[],"jetpack_publicize_connections":[],"jetpack-related-posts":[],"jetpack_sharing_enabled":true,"_links":{"self":[{"href":"https:\/\/karandoogo.com\/index.php\/wp-json\/wp\/v2\/product\/6121","targetHints":{"allow":["GET"]}}],"collection":[{"href":"https:\/\/karandoogo.com\/index.php\/wp-json\/wp\/v2\/product"}],"about":[{"href":"https:\/\/karandoogo.com\/index.php\/wp-json\/wp\/v2\/types\/product"}],"wp:featuredmedia":[{"embeddable":true,"href":"https:\/\/karandoogo.com\/index.php\/wp-json\/wp\/v2\/media\/831"}],"wp:attachment":[{"href":"https:\/\/karandoogo.com\/index.php\/wp-json\/wp\/v2\/media?parent=6121"}],"wp:term":[{"taxonomy":"product_brand","embeddable":true,"href":"https:\/\/karandoogo.com\/index.php\/wp-json\/wp\/v2\/product_brand?post=6121"},{"taxonomy":"product_cat","embeddable":true,"href":"https:\/\/karandoogo.com\/index.php\/wp-json\/wp\/v2\/product_cat?post=6121"},{"taxonomy":"product_tag","embeddable":true,"href":"https:\/\/karandoogo.com\/index.php\/wp-json\/wp\/v2\/product_tag?post=6121"}],"curies":[{"name":"wp","href":"https:\/\/api.w.org\/{rel}","templated":true}]}}