{"id":6122,"date":"2023-07-11T14:13:01","date_gmt":"2023-07-11T14:13:01","guid":{"rendered":"https:\/\/karandoogo.com\/?post_type=product&#038;p=6122"},"modified":"2025-10-19T13:35:19","modified_gmt":"2025-10-19T13:35:19","slug":"expose-complet-sur-le-fascisme-types-caracteristiques-et-consequences-sur-le-monde-ak","status":"publish","type":"product","link":"https:\/\/karandoogo.com\/index.php\/produit\/expose-complet-sur-le-fascisme-types-caracteristiques-et-consequences-sur-le-monde-ak\/","title":{"rendered":"Expos\u00e9 complet sur le fascisme (types caract\u00e9ristiques et cons\u00e9quences sur le monde) &#8211; AK"},"content":{"rendered":"","protected":false},"excerpt":{"rendered":"<p><strong>NB<\/strong>: Les documents mis \u00e0 disposition sur ce site sont des documents \u00e0 exploiter, autrement dit des compl\u00e9ments pour parfaire votre travail. Ils ne sont pas faits pour \u00eatre pr\u00e9sent\u00e9s \u00e0 l\u2019\u00e9tat.<\/p>\n<p><strong><u>PLAN DE TRAVAIL<\/u><\/strong><\/p>\n<p><strong>\u00a0<\/strong><\/p>\n<p><strong>INTRODUCTION<\/strong><\/p>\n<p><strong>I-DEFINITION ET ORIGINE DU FASCISME<\/strong><\/p>\n<p><strong>1-Definition du fascisme<\/strong><\/p>\n<p><strong>2-Origine du fascisme<\/strong><\/p>\n<p><strong>II-LES PRINCIPAUX CARACTERISTIQUES DU FASCISME<\/strong><\/p>\n<p><strong>1-L\u2019antiliberalisme<\/strong><\/p>\n<p><strong>2-L\u2019anticommunisme<\/strong><\/p>\n<p><strong>3-L\u2019ultranationalisme<\/strong><\/p>\n<p><strong>4-La propagande<\/strong><\/p>\n<p><strong>III-LES DIFFERENTS TYPES DE FASCISME (Les principaux fascismes) <\/strong><\/p>\n<p><strong>a-Le Fascisme Italien<\/strong><\/p>\n<p><strong>b-Le Nazisme Allemand<\/strong><\/p>\n<p><strong>IV-LES FASCISMES SECONDAIRES<\/strong><\/p>\n<p><strong>VI -LES CONSEQUENCES DU FASCISME<\/strong><\/p>\n<p><strong>1-Les Alliances Fascistes<\/strong><\/p>\n<p><strong>2-Les premi\u00e8res agressions Fascistes<\/strong><\/p>\n<p><strong>Conclusion<\/strong><\/p>\n<p><strong>\u00a0<\/strong><\/p>\n<p><strong>\u00a0<\/strong><\/p>\n<p><strong>\u00a0<\/strong><\/p>\n<p><strong>\u00a0<\/strong><\/p>\n<p><strong>\u00a0<\/strong><\/p>\n<p><strong>\u00a0<\/strong><\/p>\n<p><strong>\u00a0<\/strong><\/p>\n<p><strong>\u00a0<\/strong><\/p>\n<p><strong>\u00a0<\/strong><\/p>\n<p><strong>\u00a0<\/strong><\/p>\n<p><strong>INTRODUCTION<\/strong><\/p>\n<p>Apr\u00e8s la crise \u00e9conomique de 1929 de nouveau r\u00e9gime anti-d\u00e9mocratique appel\u00e9e fascisme connaissent un essor particuli\u00e8rement en Europe et en Asie le slogan r\u00e9pandu \u00e9tait\u00a0<em>\u00ab\u00a0tout dans l\u2019Etat, rien hors de L\u2019Etat et rien contre L\u2019Etat<\/em>\u00a0\u00bb ! Mussolini. Les \u0153uvres de ses fascistes ont eu des cons\u00e9quences sur les relations internationales. Qu\u2019est-ce que le fascisme\u00a0? Quelles sont ses caract\u00e9ristiques\u00a0? quel a \u00e9t\u00e9 ses impacts sur l\u2019Europe et sur le reste du monde\u00a0?<\/p>\n<p>Pour mener \u00e0 bien cette th\u00e9matique, nous examinerons les questions ci-dessus avec plus de clart\u00e9.<\/p>\n<p><strong>I- D\u00e9finition et origine du fascisme<\/strong><\/p>\n<p><strong>1- D\u00e9finition du fascisme<\/strong><\/p>\n<p>Le fascisme vient du mot italien \u2018\u2019 fascio\u2019\u2019 c\u2019est \u00e0 dire le faisceau. C\u2019\u00e9tait le symbole du pouvoir dans la Rome antique. Aussi il se d\u00e9finit lui-m\u00eame comme \u00ab\u00a0totalitaire\u00a0\u00bb et peut se r\u00e9sumer par une formule de Mussolini\u00a0<em>:\u00a0\u00ab\u00a0tout dans l\u2019Etat, rien hors de l\u2019Etat, rien contre l\u2019Etat\u00a0!\u00a0\u00bb<\/em> Mussolini explique que <em>\u00ab\u00a0pour le fasciste, tout est dans l\u2019Etat, rien d\u2019humain ni de spirituel n\u2019existe et a fortiori na de valeur, en dehors de l\u2019\u00c9tat\u00a0\u00bb.<\/em> Le fascisme donc est un syst\u00e8me politique autoritaire, qui associe populisme, nationalisme et totalitarisme au nom d\u2019un id\u00e9al collectif supr\u00eame. Il remet en cause la d\u00e9mocratie parlementaire et au lib\u00e9ralisme traditionnel. Le fascisme est de ce fait un mouvement politique qui rassemble les opposent aux syst\u00e8me capitalistes et communistes. Par la suite on a donn\u00e9 le nom de fascisme \u00e0 toute la doctrine visant \u00e0 instaurer un r\u00e9gime totalitaire bas\u00e9 sur la toute puissante de l\u2019\u00e9tat et le pouvoir absolue du chef.<\/p>\n<p><strong>2- Origine du fascisme<\/strong><\/p>\n<p>Le fascisme est n\u00e9 en Italie en <strong>1922<\/strong>. En effet, au lendemain de la premi\u00e8re guerre mondiale l\u2019Italie traverse une crise \u00e9conomiques et sociales. Cette crise est aggrav\u00e9e par la crise \u00e9conomique de <strong>1929<\/strong> qui provoquent des r\u00e9voltes auxquelles l\u2019\u00e9tat n\u2019arrivent pas \u00e0 contr\u00f4ler. C\u2019est dans ces conditions qu\u2019en <strong>mars 1919<\/strong> Benito Mussolini fond\u00e9 en milan les faisceaux italiens de combat. Elle devait rassembler les m\u00e9contents de la crise. En <strong>1921<\/strong> Mussolini transforme les faisceaux italiens de combat en partie nationale fasciste. Pour s\u2019emparer du pouvoir il organise en <strong>octobre 1922<\/strong> une marche sur Rome. Avec la pression il est nomm\u00e9 chef du gouvernement le <strong>29 octobre 1922.<\/strong> A partir de l\u00e0, il met en place sa politique bas\u00e9 sur la dictature. Issu de diverses composantes de la philosophie europ\u00e9enne du XIXe si\u00e8cle, le fascisme a trouv\u00e9 dans les circonstances \u00e9conomiques et historiques de l\u2019apr\u00e8s premi\u00e8re guerre mondiale le contexte qui lui a permis d\u2019acc\u00e9der au pouvoir, d\u2019abord en Italie dans les ann\u00e9es 1920 avec Mussolini, puis sous une variante accentu\u00e9e, militariste, en Allemagne dans les ann\u00e9es 1930 avec le nazisme d\u2019Adolph Hitler.<\/p>\n<p><strong>II- LES CARACTERISTIQUES PRINCIPAUX DU FASCISME<\/strong><\/p>\n<p><strong>1- L\u2019antilib\u00e9ralisme<\/strong><\/p>\n<p>Les fascistes pensent que la multiplicit\u00e9 des partis politiques et la s\u00e9paration des pouvoirs entrainent le d\u00e9sordre. Ils sont contre la d\u00e9mocratie et pr\u00e9conisent un r\u00e9gime tr\u00e8s autoritaire o\u00f9 l\u2019\u00e9tat serait tout puissant avec un parti unique est une police politique renforc\u00e9e. Par cons\u00e9quent les droits des personnes ne sont pas prise en compte comme dans le r\u00e9gime d\u00e9mocratique.<\/p>\n<p><strong>2- L\u2019anticommunisme<\/strong><\/p>\n<p>Les fascistes sont contre le communisme, car selon eux les communistes veulent supprimer l\u2019in\u00e9galit\u00e9 entre les hommes alors que l\u2019in\u00e9galit\u00e9 est une loi de la nature qu\u2019il faut respecter selon eux. Ainsi ils luttent contre les syndicats et n\u2019h\u00e9site pas \u00e0 employer la violence.<\/p>\n<p><strong>3- L\u2019ultranationalisme<\/strong><\/p>\n<p>Les fascistes pensent que pour agrandir le prestige et la puissance de l\u2019Etat, seule la guerre et la conqu\u00eate sont efficace. Pour cela, il d\u00e9veloppe le militarisme et m\u00e9prise la paix. Par cons\u00e9quent,&#8230;<\/p>\n<p>Pour obtenir l&rsquo;expos\u00e9 complet contactez le +226 56196345 (WhatsApp)<\/p>\n","protected":false},"featured_media":831,"template":"","meta":{"jetpack_publicize_message":"","jetpack_publicize_feature_enabled":true,"jetpack_social_post_already_shared":false,"jetpack_social_options":{"image_generator_settings":{"template":"highway","default_image_id":0,"font":"","enabled":false},"version":2}},"product_brand":[],"product_cat":[544,608,548],"product_tag":[1132,1131,1133,1130],"class_list":{"0":"post-6122","1":"product","2":"type-product","3":"status-publish","4":"has-post-thumbnail","6":"product_cat-exposes","7":"product_cat-histoire","8":"product_cat-histoire-geographie","9":"product_tag-agressions","10":"product_tag-fascisme","11":"product_tag-guerre","12":"product_tag-nazisme","14":"first","15":"instock","16":"downloadable","17":"virtual","18":"sold-individually","19":"purchasable","20":"product-type-simple"},"aioseo_notices":[],"jetpack_publicize_connections":[],"jetpack-related-posts":[],"jetpack_sharing_enabled":true,"_links":{"self":[{"href":"https:\/\/karandoogo.com\/index.php\/wp-json\/wp\/v2\/product\/6122","targetHints":{"allow":["GET"]}}],"collection":[{"href":"https:\/\/karandoogo.com\/index.php\/wp-json\/wp\/v2\/product"}],"about":[{"href":"https:\/\/karandoogo.com\/index.php\/wp-json\/wp\/v2\/types\/product"}],"wp:featuredmedia":[{"embeddable":true,"href":"https:\/\/karandoogo.com\/index.php\/wp-json\/wp\/v2\/media\/831"}],"wp:attachment":[{"href":"https:\/\/karandoogo.com\/index.php\/wp-json\/wp\/v2\/media?parent=6122"}],"wp:term":[{"taxonomy":"product_brand","embeddable":true,"href":"https:\/\/karandoogo.com\/index.php\/wp-json\/wp\/v2\/product_brand?post=6122"},{"taxonomy":"product_cat","embeddable":true,"href":"https:\/\/karandoogo.com\/index.php\/wp-json\/wp\/v2\/product_cat?post=6122"},{"taxonomy":"product_tag","embeddable":true,"href":"https:\/\/karandoogo.com\/index.php\/wp-json\/wp\/v2\/product_tag?post=6122"}],"curies":[{"name":"wp","href":"https:\/\/api.w.org\/{rel}","templated":true}]}}