{"id":6123,"date":"2023-07-11T14:20:00","date_gmt":"2023-07-11T14:20:00","guid":{"rendered":"https:\/\/karandoogo.com\/?post_type=product&#038;p=6123"},"modified":"2025-10-19T13:35:19","modified_gmt":"2025-10-19T13:35:19","slug":"expose-complet-sur-lechec-scolaire-causes-consequences-solutions-ak","status":"publish","type":"product","link":"https:\/\/karandoogo.com\/index.php\/produit\/expose-complet-sur-lechec-scolaire-causes-consequences-solutions-ak\/","title":{"rendered":"Expos\u00e9 complet sur l&rsquo;\u00e9chec scolaire (causes cons\u00e9quences solutions) &#8211; AK"},"content":{"rendered":"","protected":false},"excerpt":{"rendered":"<p><u><strong>NB:<\/strong> Les documents mis \u00e0 disposition sur ce site sont des documents \u00e0 exploiter, autrement dit des compl\u00e9ments pour parfaire votre travail. Ils ne sont pas faits pour \u00eatre pr\u00e9sent\u00e9s \u00e0 l\u2019\u00e9tat.<\/u><\/p>\n<p><strong><u>PLAN DE TRAVAIL<\/u><\/strong><\/p>\n<p><strong><u>\u00a0<\/u><\/strong><\/p>\n<p><strong><u>Introduction<\/u><\/strong><\/p>\n<p><strong><u>I-Les causes de l\u2019\u00e9chec scolaire<\/u><\/strong><\/p>\n<p><strong><u>1-Au niveau primaire<\/u><\/strong><\/p>\n<p><strong><u>2-Au niveau secondaire<\/u><\/strong><\/p>\n<p><strong><u>II-Les cons\u00e9quences de l\u2019\u00e9chec scolaire<\/u><\/strong><\/p>\n<p><strong><u>III-Les solutions<\/u><\/strong><\/p>\n<p><strong><u>\u00a0<\/u><\/strong><\/p>\n<p><strong><u>Conclusion<\/u><\/strong><\/p>\n<p><strong><u>\u00a0<\/u><\/strong><\/p>\n<p><strong><u>\u00a0<\/u><\/strong><\/p>\n<p><strong><u>\u00a0<\/u><\/strong><\/p>\n<p><strong><u>\u00a0<\/u><\/strong><\/p>\n<p><strong><u>\u00a0<\/u><\/strong><\/p>\n<p><strong><u>\u00a0<\/u><\/strong><\/p>\n<p><strong><u>\u00a0<\/u><\/strong><\/p>\n<p><strong><u>\u00a0<\/u><\/strong><\/p>\n<p><strong><u>Introduction<\/u><\/strong><\/p>\n<p>Au cours des derni\u00e8res d\u00e9cennies, on constate un taux d\u2019\u00e9chec scolaire r\u00e9current en Afrique, notamment au Burkina Faso. Cet \u00e9chec scolaire se per\u00e7oit tant bien sur le premier cycle ainsi qua secondaire. Cela n\u2019est pas sans trace dans les examens nationaux organis\u00e9s dans les pays d\u2019Afrique et notamment au Burkina Faso. Comment peut-on expliquer ces \u00e9checs\u00a0? quel est l\u2019impact de l\u2019\u00e9chec scolaire au Burkina Faso\u00a0? que pouvons-nous proposer pour comme solutions \u00e9radiquer ce ph\u00e9nom\u00e8ne\u00a0?<\/p>\n<p>Pour mieux appr\u00e9hender ce sujet, nous analyserons dans un d\u00e9tail pr\u00eat, les questions pos\u00e9es ci-dessus.<\/p>\n<p><strong>I-Les causes de l\u2019\u00e9chec scolaire<\/strong><\/p>\n<p><strong>1-Au niveau primaire<\/strong><\/p>\n<p>Force est de constater que l\u2019\u00e9chec scolaire mine d\u00e9j\u00e0 les \u00e9l\u00e8ves du primaire ainsi fragilisant le rendement et un taux d\u2019\u00e9chec est observ\u00e9. Cependant les causes peuvent \u00eatre les suivantes\u00a0:<\/p>\n<p>-D\u2019abord, un \u00e9tat de manque de conscience\u00a0: en effet au primaire, l\u2019\u00e9l\u00e8ve a un esprit \u00e9troit et enfantin et limit\u00e9 et ne pense qua s\u2019amuser. Ensuite disons que certains professeurs manquent de p\u00e9dagogie dans l\u2019enseignement et ne savent comment transmettre la connaissance. Ainsi ils font recours au fouets qui intimident l\u2019enfant et d\u00e9j\u00e0 il voit une phase du d\u00e9sint\u00e9ressement de l\u2019\u00e9cole. L\u2019enfant d\u00e9j\u00e0 d\u00e9sorient\u00e9, commence \u00e0 manifester l\u2019esprit de la paresse et de l\u2019abandon.<\/p>\n<p>Enfin disons qu\u2019au cours de ces derni\u00e8res ann\u00e9es le syst\u00e8me scolaire est min\u00e9 par le terrorisme dans l\u2019Afrique, notamment au Burkina Faso, surtout dans le nord fragilisant le syst\u00e8me et laisse des impacts n\u00e9gatifs. Ce ph\u00e9nom\u00e8ne n\u2019est pas sans cons\u00e9quences sur le rendement scolaire.<\/p>\n<p><strong>2-Au niveau secondaire<\/strong><\/p>\n<p>Le d\u00e9bat est assez large en ce sujet et fait un \u00e9cho dans l\u2019actualit\u00e9. Ainsi que pouvons-nous dire d\u2019\u00e9chec scolaire en ce milieu. D\u2019abord nous avons les facteurs socio-\u00e9conomiques qui n\u2019est pas sans cons\u00e9quences. En effet nous pouvons dire que le syst\u00e8me scolaire est une question de moyen financier, et majoritairement dans un pays dit, \u2018\u2019pauvre\u2019\u2019 comme le Burkina Faso, la plupart de la population manque de quoi pay\u00e9 la scolarit\u00e9 de leur enfant. De ce fait ils sont abandonn\u00e9s t\u00f4t et laiss\u00e9 \u00e0 eux m\u00eame et pour le compte de l\u2019Etat. Egalement nous avons l\u2019\u00e9cart genre entre fille gar\u00e7on (privil\u00e9gi\u00e9 l\u2019\u00e9ducation du gar\u00e7on par rapport \u00e0 celle de la jeune fille). Ceci pour dire que&#8230;<\/p>\n<p>Pour obtenir l&rsquo;expos\u00e9 complet contactez le +226 56196345 (WhatsApp)<\/p>\n","protected":false},"featured_media":831,"template":"","meta":{"jetpack_publicize_message":"","jetpack_publicize_feature_enabled":true,"jetpack_social_post_already_shared":false,"jetpack_social_options":{"image_generator_settings":{"template":"highway","default_image_id":0,"font":"","enabled":false},"version":2}},"product_brand":[],"product_cat":[544,546],"product_tag":[1067,1134],"class_list":{"0":"post-6123","1":"product","2":"type-product","3":"status-publish","4":"has-post-thumbnail","6":"product_cat-exposes","7":"product_cat-societe","8":"product_tag-causes-consequences-solutions","9":"product_tag-echec-scoliaire","11":"first","12":"instock","13":"downloadable","14":"virtual","15":"sold-individually","16":"purchasable","17":"product-type-simple"},"aioseo_notices":[],"jetpack_publicize_connections":[],"jetpack-related-posts":[],"jetpack_sharing_enabled":true,"_links":{"self":[{"href":"https:\/\/karandoogo.com\/index.php\/wp-json\/wp\/v2\/product\/6123","targetHints":{"allow":["GET"]}}],"collection":[{"href":"https:\/\/karandoogo.com\/index.php\/wp-json\/wp\/v2\/product"}],"about":[{"href":"https:\/\/karandoogo.com\/index.php\/wp-json\/wp\/v2\/types\/product"}],"wp:featuredmedia":[{"embeddable":true,"href":"https:\/\/karandoogo.com\/index.php\/wp-json\/wp\/v2\/media\/831"}],"wp:attachment":[{"href":"https:\/\/karandoogo.com\/index.php\/wp-json\/wp\/v2\/media?parent=6123"}],"wp:term":[{"taxonomy":"product_brand","embeddable":true,"href":"https:\/\/karandoogo.com\/index.php\/wp-json\/wp\/v2\/product_brand?post=6123"},{"taxonomy":"product_cat","embeddable":true,"href":"https:\/\/karandoogo.com\/index.php\/wp-json\/wp\/v2\/product_cat?post=6123"},{"taxonomy":"product_tag","embeddable":true,"href":"https:\/\/karandoogo.com\/index.php\/wp-json\/wp\/v2\/product_tag?post=6123"}],"curies":[{"name":"wp","href":"https:\/\/api.w.org\/{rel}","templated":true}]}}