{"id":6124,"date":"2023-07-11T14:26:10","date_gmt":"2023-07-11T14:26:10","guid":{"rendered":"https:\/\/karandoogo.com\/?post_type=product&#038;p=6124"},"modified":"2025-10-19T13:35:19","modified_gmt":"2025-10-19T13:35:19","slug":"expose-complet-sur-le-concept-de-conflit-de-generations-dans-la-societe-ak","status":"publish","type":"product","link":"https:\/\/karandoogo.com\/index.php\/produit\/expose-complet-sur-le-concept-de-conflit-de-generations-dans-la-societe-ak\/","title":{"rendered":"Expos\u00e9 complet sur le concept de conflit de g\u00e9n\u00e9rations dans la soci\u00e9t\u00e9 &#8211; AK"},"content":{"rendered":"","protected":false},"excerpt":{"rendered":"<p><strong>NB<\/strong>: Les documents mis \u00e0 disposition sur ce site sont des documents \u00e0 exploiter, autrement dit des compl\u00e9ments pour parfaire votre travail. Ils ne sont pas faits pour \u00eatre pr\u00e9sent\u00e9s \u00e0 l\u2019\u00e9tat.<\/p>\n<p><strong><u>Plan de travail<\/u><\/strong><\/p>\n<p><strong><u>\u00a0<\/u><\/strong><\/p>\n<p><strong><u>Introduction<\/u><\/strong><\/p>\n<p><strong><u>I-conflit de g\u00e9n\u00e9rations : aspect d\u00e9finitionnel<\/u><\/strong><\/p>\n<p><strong><u>1-selon quelques penseurs europ\u00e9ens<\/u><\/strong><\/p>\n<p><strong><u>2-selon quelques penseurs africains<\/u><\/strong><\/p>\n<p><strong><u>II-Manifestations sociales, professionnelles et politique de conflit de g\u00e9n\u00e9rations (exemple : cas de l\u2019Afrique subsaharienne)<\/u><\/strong><\/p>\n<p><strong><u>1-sur le plan social<\/u><\/strong><\/p>\n<p><strong><u>2-sur le plan professionnel<\/u><\/strong><\/p>\n<p><strong><u>3-sur le plan politique<\/u><\/strong><\/p>\n<p><strong><u>III-Notre critique sur le conflit de g\u00e9n\u00e9rations entre jeunes et vieux<\/u><\/strong><\/p>\n<p><strong><u>\u00a0<\/u><\/strong><\/p>\n<p><strong><u>Conclusion<\/u><\/strong><\/p>\n<p><strong><u>\u00a0<\/u><\/strong><\/p>\n<p><strong><u>\u00a0<\/u><\/strong><\/p>\n<p><strong><u>\u00a0<\/u><\/strong><\/p>\n<p><strong><u>Introduction<\/u><\/strong><\/p>\n<p>Aujourd\u2019hui, les changements du XXI si\u00e8cle nous conduisent vers une m\u00e9tamorphose radicale de la jeune g\u00e9n\u00e9ration. Ainsi La coexistence des g\u00e9n\u00e9rations pose une question essentielle qui est celle du lien social entre des personnes d\u2019\u00e2ges diff\u00e9rents. Tout de m\u00eame les conflits de g\u00e9n\u00e9rations entre vieux et jeune en font l\u2019\u00e9cho. C\u2019est notamment trop visible dans leur comportement, leur aspiration, etc.<\/p>\n<p>Dans ce pr\u00e9sent travail, notre t\u00e2che consistera \u00e0 exposer sur le conflit de g\u00e9n\u00e9rations entre vieux et jeunes.<\/p>\n<p>Pour mieux r\u00e9pondre \u00e0 ce sujet et rendre lucide notre travail, nous nous inspirerons de l\u2019\u0153uvre <strong><em><u>sous l\u2019orage<\/u><\/em><\/strong> de Seydou Badian qui met en exergue les conflits de g\u00e9n\u00e9rations entre jeunes et vieux.<\/p>\n<p><strong>I-Le conflit de g\u00e9n\u00e9rations\u00a0: aspects d\u00e9finitionnel<\/strong><\/p>\n<p>Le conflit de g\u00e9n\u00e9rations est un terme polys\u00e9mique c\u2019est \u00e0 dire qui renvoi a plusieurs significations, qui varient, dans l\u2019espace et dans le temps, selon les penseurs africains et europ\u00e9ens. Pour \u00e9viter tout malentendu, il convient, dans l\u2019optique de notre analyse d\u2019\u00e9lucider cette expression.<\/p>\n<p>On voudrait, avant d\u2019aborder ceux des critiques africains s\u2019attacher \u00e0 l\u2019examen des points de vue des th\u00e9oriciens europ\u00e9ens\u00a0: <strong>Lewis s. Feuer,Josette Rey-Bove,Alain<\/strong> <strong>Rey,Robert Marty.<\/strong> Les penseurs africains retenues sont les suivants\u00a0: Ahmadou <strong>kourouma ,Ngal Mbwil a Mpang,Amin Azimi<\/strong> et <strong>Alexie Tcheuyap <\/strong>et enfin les avis de <strong>Seydou Badian et Marcel Khombe Mangwanda.<\/strong><\/p>\n<p><strong>1-Selon quelques penseurs europ\u00e9ens<\/strong><\/p>\n<p>Dans son ouvrage intitul\u00e9 Eistein et <strong><u>conflit de g\u00e9n\u00e9rations,<\/u><\/strong> Lewis S. Feuer (1974\u00a0:18) \u00e9nonce que le conflit des g\u00e9n\u00e9rations est\u00a0\u00ab\u00a0toute pulsion qui qualifie au sens large tout mouvement conflictuel caract\u00e9risant une classe d\u2019\u00e2ge par opposition \u00e0 un autre.\u00a0\u00bb cette opinion est \u00e9galement partag\u00e9e par Josette Rey-Bove et Alain Rey. Ceux \u2013ci d\u00e9finissent, dans le nouveau petit robert, le conflit de g\u00e9n\u00e9rations \u00e9tant la \u00ab\u00a0rencontre d\u2019\u00e9l\u00e9ments, de sentiments contraires qui opposent la nouvelle g\u00e9n\u00e9rations appel\u00e9e g\u00e9n\u00e9rations montante ou sacrifi\u00e9e \u00e0 celle dite des ain\u00e9s ou des pr\u00e9d\u00e9cesseurs\u00a0\u00bb.<\/p>\n<p>Partant de l\u2019observation de ces critiques, il d\u00e9coule l\u2019id\u00e9e selon laquelle le conflit des g\u00e9n\u00e9rations est un mouvement d\u2019un groupe vers l\u2019autre, ou encore la rencontre de deux groupes, de deux sentiments contraires entre la nouvelle g\u00e9n\u00e9ration et l\u2019ancienne g\u00e9n\u00e9ration.<\/p>\n<p>Dans son livre, conflit des g\u00e9n\u00e9rations, robert Mart d\u00e9finit ce groupe nominal comme un\u00a0\u00ab\u00a0choc\u00a0\u00bb, heurt se produisent entre diff\u00e9rentes g\u00e9n\u00e9rations lorsque des \u00e9l\u00e9ments, des forces antagonistes entrent en contact et cherchent \u00e0 s\u2019\u00e9vincer r\u00e9ciproquement.\u00a0\u00bb<\/p>\n<p>De ces d\u00e9finitions, il ressort que le conflit des g\u00e9n\u00e9rations est un antagonisme, une comp\u00e9tition, un d\u00e9saccord, une opposition entre deux ou plusieurs g\u00e9n\u00e9rations vivant au sein d\u2019une m\u00eame societ\u00e9.il correspond \u00e0&#8230;<\/p>\n<p>Pour obtenir l&rsquo;expos\u00e9 complet contactez le +226 56196345 (WhatsApp)<\/p>\n","protected":false},"featured_media":831,"template":"","meta":{"jetpack_publicize_message":"","jetpack_publicize_feature_enabled":true,"jetpack_social_post_already_shared":false,"jetpack_social_options":{"image_generator_settings":{"template":"highway","default_image_id":0,"font":"","enabled":false},"version":2}},"product_brand":[],"product_cat":[544,546],"product_tag":[1067,1135],"class_list":{"0":"post-6124","1":"product","2":"type-product","3":"status-publish","4":"has-post-thumbnail","6":"product_cat-exposes","7":"product_cat-societe","8":"product_tag-causes-consequences-solutions","9":"product_tag-conflit-de-generations","11":"first","12":"instock","13":"downloadable","14":"virtual","15":"sold-individually","16":"purchasable","17":"product-type-simple"},"aioseo_notices":[],"jetpack_publicize_connections":[],"jetpack-related-posts":[],"jetpack_sharing_enabled":true,"_links":{"self":[{"href":"https:\/\/karandoogo.com\/index.php\/wp-json\/wp\/v2\/product\/6124","targetHints":{"allow":["GET"]}}],"collection":[{"href":"https:\/\/karandoogo.com\/index.php\/wp-json\/wp\/v2\/product"}],"about":[{"href":"https:\/\/karandoogo.com\/index.php\/wp-json\/wp\/v2\/types\/product"}],"wp:featuredmedia":[{"embeddable":true,"href":"https:\/\/karandoogo.com\/index.php\/wp-json\/wp\/v2\/media\/831"}],"wp:attachment":[{"href":"https:\/\/karandoogo.com\/index.php\/wp-json\/wp\/v2\/media?parent=6124"}],"wp:term":[{"taxonomy":"product_brand","embeddable":true,"href":"https:\/\/karandoogo.com\/index.php\/wp-json\/wp\/v2\/product_brand?post=6124"},{"taxonomy":"product_cat","embeddable":true,"href":"https:\/\/karandoogo.com\/index.php\/wp-json\/wp\/v2\/product_cat?post=6124"},{"taxonomy":"product_tag","embeddable":true,"href":"https:\/\/karandoogo.com\/index.php\/wp-json\/wp\/v2\/product_tag?post=6124"}],"curies":[{"name":"wp","href":"https:\/\/api.w.org\/{rel}","templated":true}]}}