{"id":6129,"date":"2023-07-11T14:40:00","date_gmt":"2023-07-11T14:40:00","guid":{"rendered":"https:\/\/karandoogo.com\/?post_type=product&#038;p=6129"},"modified":"2025-10-19T13:35:18","modified_gmt":"2025-10-19T13:35:18","slug":"expose-complet-sur-les-consequences-de-la-premiere-guerre-mondiale-ak","status":"publish","type":"product","link":"https:\/\/karandoogo.com\/index.php\/produit\/expose-complet-sur-les-consequences-de-la-premiere-guerre-mondiale-ak\/","title":{"rendered":"Expos\u00e9 complet sur les cons\u00e9quences de la premi\u00e8re guerre mondiale- AK"},"content":{"rendered":"","protected":false},"excerpt":{"rendered":"<p><strong>NB<\/strong>: Les documents mis \u00e0 disposition sur ce site sont des documents \u00e0 exploiter, autrement dit des compl\u00e9ments pour parfaire votre travail. Ils ne sont pas faits pour \u00eatre pr\u00e9sent\u00e9s \u00e0 l\u2019\u00e9tat.<\/p>\n<p><strong><u>PLAN DE TRAVAIL<\/u><\/strong><\/p>\n<p><strong>\u00a0<\/strong><\/p>\n<p><strong>INTRODUCTION<\/strong><\/p>\n<p><strong>I-LES CONSEQUENCES DE LA PREMI\u00c8RE GUERRE MONDIALE<\/strong><\/p>\n<p><strong>I-1-LES CONSEQUENCES HUMAINES ET SOCIALES<\/strong><\/p>\n<p><strong>I-2-LES CONSEQUENCES MATERIELLES ET ECONOMIQUES<\/strong><\/p>\n<p><strong>I-3-LES CONSEQUENCES PSYCHIQUES ET MORALES<\/strong><\/p>\n<p><strong>I-4-LES CONSEQUENCES GEOPOLITIQUES ET POLITIQUES<\/strong><\/p>\n<p><strong>I-5-LES CONSEQUENCES IDEOLOGIQUES<\/strong><\/p>\n<p><strong>\u00a0<\/strong><\/p>\n<p><strong>CONCLUSION<\/strong><\/p>\n<p><strong>\u00a0<\/strong><\/p>\n<p><strong>BIBLIOGRAPHIE<\/strong><\/p>\n<p><strong>\u00a0<\/strong><\/p>\n<p><strong>\u00a0<\/strong><\/p>\n<p><strong>\u00a0<\/strong><\/p>\n<p><strong>\u00a0<\/strong><\/p>\n<p><strong>\u00a0<\/strong><\/p>\n<p><strong>INTRODUCTION<\/strong><\/p>\n<p>De <strong>1914-1918<\/strong>, un conflit international, connue sous l\u2019appellation de la grande guerre ou guerre totale. Cette guerre \u00e9tait d\u00e9j\u00e0 \u00e9minente et faisait d\u00e9j\u00e0 vent. Il a juste fallu une petite \u00e9tincelle pour mettre feu \u00e0 la poudri\u00e8re. C\u2019est ainsi que survenue le <strong>28juin 1914, <\/strong>un \u00e9v\u00e8nement majeur (l\u2019attentat de Sarajevo). Le prince h\u00e9rit\u00e9 (Fran\u00e7ois Ferdinand) d\u2019Autriche Hongrie est assassin\u00e9 suivi de son \u00e9pouse. C\u2019est ainsi que la guerre fut \u00e9clat\u00e9e, engendra de nombreuses cons\u00e9quences mondiales. Quatre ann\u00e9es d\u2019une guerre totale, quels bilans ou cons\u00e9quences pouvons-nous en tirer\u00a0?<\/p>\n<p>Pour mener \u00e0 bien notre \u00e9tude, notre travail consiste \u00e0 \u00e9voquer les cons\u00e9quences de la premi\u00e8re guerre mondiale<\/p>\n<p><strong>I-LES CONSEQUENCES DE LA PREMIERE GUERRE MONDIALE<\/strong><\/p>\n<p>La premi\u00e8re guerre mondiale a eu de nombreux impacts dans le monde. Certains militaires pensaient qu\u2019elles allaient \u00eatre de courte dur\u00e9e, et voil\u00e0 qu\u2019elle durera quatre ans.au vue de cette durabilit\u00e9, qu\u2019elle peut \u00eatre sa p\u00e9nibilit\u00e9\u00a0? les cons\u00e9quences de la guerre sont multiples et multiformes et sont de plusieurs ordres parmi lesquels nous avons entre autres<\/p>\n<p><strong>I-1-Les Cons\u00e9quences Humaines Et Sociales<\/strong><\/p>\n<p>Ces quatre ann\u00e9es de guerre ont eu des cons\u00e9quences catastrophiques. Le bilan humain a \u00e9t\u00e9 tr\u00e8s lourd. La guerre n\u2019a pas \u00e9pargn\u00e9 les civiles .ils subissent eux aussi l\u2019invasion des puissances centrales, en Belgique et dans le nord de la France par exemple ,entre aout et octobre ,on d\u00e9nombre 6500 victimes .les bombardements en grandes Bretagnes font 1414 morts et 3416 bless\u00e9s au printemps 1917.ainsi on estime une catastrophe d\u00e9mographique de\u00a0:Les pertes en vie humaines a 10millions dont 08millions de soldats et 02millions de civils .ces pertes s\u2019explique par l\u2019utilisation des nouvelles armes sovi\u00e9tiques et plus meurtri\u00e8res comme les bombes, les artilleries lourdes\u00a0;les gaz mortel ,l\u2019aviation ,des Ak47 et bien d\u2019autres.<\/p>\n<p>A la fin de la guerre, on d\u00e9nombre 17 millions de bless\u00e9es dinvalides,04 millions de veuves et 08millions d\u2019orphelin. Par cons\u00e9quent les pays les plus touch\u00e9s ont \u00e9t\u00e9 l\u2019Allemagne avec 1,8millions de mort, la Russie avec 1,3millions de mort, l\u2019Autriche Hongrie avec 1,2 millions de mort. \u00c0 cela s\u2019ajoute qu\u2019il y a eu vieillissement de la population car en majorit\u00e9 ce sont les hommes qui y vont (dans les champs de bataille) ce qui entraine un sous peuplement dans le monde et surtout en Europe. En outre, on note aussi l\u2019impact des d\u00e9c\u00e8s indirects caus\u00e9s par les famines, par la propagation de maladies et par les accidents caus\u00e9s lors des attaques, qui ont g\u00e9n\u00e9r\u00e9 des probl\u00e8mes tels que le handicap, la surdit\u00e9 ou la c\u00e9cit\u00e9, est pris en compte.<\/p>\n<p><strong>I-2-Les cons\u00e9quences mat\u00e9rielles et \u00e9conomiques<\/strong><\/p>\n<p>Elles ont \u00e9t\u00e9 lourde en Europe.la guerre a d\u00e9truit les infrastructures telles que :les infrastructures de transport, les usines, les routes les ponts, les habitations ,et bien autres .Ainsi il faut dire que la production industrielle et&#8230;<\/p>\n<p>Pour obtenir l&rsquo;expos\u00e9 complet contactez le +226 56196345 (WhatsApp).<\/p>\n","protected":false},"featured_media":831,"template":"","meta":{"jetpack_publicize_message":"","jetpack_publicize_feature_enabled":true,"jetpack_social_post_already_shared":false,"jetpack_social_options":{"image_generator_settings":{"template":"highway","default_image_id":0,"font":"","enabled":false},"version":2}},"product_brand":[],"product_cat":[544,608,548],"product_tag":[723,1138,1137,800,1136],"class_list":{"0":"post-6129","1":"product","2":"type-product","3":"status-publish","4":"has-post-thumbnail","6":"product_cat-exposes","7":"product_cat-histoire","8":"product_cat-histoire-geographie","9":"product_tag-consequences","10":"product_tag-demographique","11":"product_tag-economique","12":"product_tag-premiere-guerre-mondiale","13":"product_tag-sociales","15":"first","16":"instock","17":"downloadable","18":"virtual","19":"sold-individually","20":"purchasable","21":"product-type-simple"},"aioseo_notices":[],"jetpack_publicize_connections":[],"jetpack-related-posts":[],"jetpack_sharing_enabled":true,"_links":{"self":[{"href":"https:\/\/karandoogo.com\/index.php\/wp-json\/wp\/v2\/product\/6129","targetHints":{"allow":["GET"]}}],"collection":[{"href":"https:\/\/karandoogo.com\/index.php\/wp-json\/wp\/v2\/product"}],"about":[{"href":"https:\/\/karandoogo.com\/index.php\/wp-json\/wp\/v2\/types\/product"}],"wp:featuredmedia":[{"embeddable":true,"href":"https:\/\/karandoogo.com\/index.php\/wp-json\/wp\/v2\/media\/831"}],"wp:attachment":[{"href":"https:\/\/karandoogo.com\/index.php\/wp-json\/wp\/v2\/media?parent=6129"}],"wp:term":[{"taxonomy":"product_brand","embeddable":true,"href":"https:\/\/karandoogo.com\/index.php\/wp-json\/wp\/v2\/product_brand?post=6129"},{"taxonomy":"product_cat","embeddable":true,"href":"https:\/\/karandoogo.com\/index.php\/wp-json\/wp\/v2\/product_cat?post=6129"},{"taxonomy":"product_tag","embeddable":true,"href":"https:\/\/karandoogo.com\/index.php\/wp-json\/wp\/v2\/product_tag?post=6129"}],"curies":[{"name":"wp","href":"https:\/\/api.w.org\/{rel}","templated":true}]}}