{"id":6142,"date":"2023-07-11T15:53:23","date_gmt":"2023-07-11T15:53:23","guid":{"rendered":"https:\/\/karandoogo.com\/?post_type=product&#038;p=6142"},"modified":"2025-10-19T13:35:18","modified_gmt":"2025-10-19T13:35:18","slug":"expose-complet-sur-legypte-et-ses-rapports-avec-le-reste-du-monde-ak","status":"publish","type":"product","link":"https:\/\/karandoogo.com\/index.php\/produit\/expose-complet-sur-legypte-et-ses-rapports-avec-le-reste-du-monde-ak\/","title":{"rendered":"Expos\u00e9 complet sur l&rsquo;Egypte et ses rapports avec le reste du monde &#8211; AK"},"content":{"rendered":"","protected":false},"excerpt":{"rendered":"<p><strong>NB<\/strong>: Les documents mis \u00e0 disposition sur ce site sont des documents \u00e0 exploiter, autrement dit des compl\u00e9ments pour parfaire votre travail. Ils ne sont pas faits pour \u00eatre pr\u00e9sent\u00e9s \u00e0 l\u2019\u00e9tat.<\/p>\n<p><strong><u>\u00a0<\/u><\/strong><\/p>\n<p><strong><u>PLAN DE TRAVAIL<\/u><\/strong><\/p>\n<p><strong><u>\u00a0<\/u><\/strong><\/p>\n<p><strong><u>Introduction<\/u><\/strong><\/p>\n<p><strong><u>I-Br\u00e8ve Historique de l\u2019Egypte dans son ensemble<\/u><\/strong><\/p>\n<p><strong><u>II-L \u2019Egypte dans le Monde<\/u><\/strong><\/p>\n<p><strong><u>II-1-Lapport \u00e9gyptienne dans la civilisation du monde<\/u><\/strong><\/p>\n<p><strong><u>II-2-L\u2019egypte dans le continent Africain<\/u><\/strong><\/p>\n<p><strong><u>II-2.1-Relations avec quelques pays Arabes D\u2019Afrique<\/u><\/strong><\/p>\n<p><strong><u>II-2-2-Relations avec l\u2019Afrique subsaharienne<\/u><\/strong><\/p>\n<p><strong><u>II-3-Legypte avec quelques pays du Moyen Orient<\/u><\/strong><\/p>\n<p><strong><u>III-Relations de l\u2019Egypte avec quelques pays europ\u00e9ens et occidentaux<\/u><\/strong><\/p>\n<p><strong><u>IV-L \u2019Egypte et ses relations avec quelques Etats Asiatiques<\/u><\/strong><\/p>\n<p><strong><u>V-L \u2019Egypte et ses relations avec les superpuissances <\/u><\/strong><\/p>\n<p><strong><u>VI-L\u2019Egypte et Les organisations internationales<\/u><\/strong><\/p>\n<p><strong><u>\u00a01-L\u2019egypte et l\u2019organisation du congr\u00e8s islamique<\/u><\/strong><\/p>\n<p><strong><u>2-Legypte et les mouvements de non align\u00e9s<\/u><\/strong><\/p>\n<p><strong><u>3-Legypte et l\u2019organisation des Nations Unies(ONU)<\/u><\/strong><\/p>\n<p><strong><u>Conclusion<\/u><\/strong><\/p>\n<p><strong><u>\u00a0<\/u><\/strong><\/p>\n<p><strong><u>\u00a0<\/u><\/strong><\/p>\n<p><strong><u>\u00a0<\/u><\/strong><\/p>\n<p><strong><u>\u00a0<\/u><\/strong><\/p>\n<p><strong><u>INTRODUCTION<\/u><\/strong><\/p>\n<p>L\u2019Egypte est situ\u00e9e dans le nord-est de l\u2019Afrique. Ses pays limitrophes sont le soudan, la Libye et Isra\u00ebl. Le pays est aussi bord\u00e9 par la mer rouge et la mer m\u00e9diterran\u00e9e et est travers\u00e9 par le canal de suez. Elle est divis\u00e9e en vingt-sept gouvernorats (parfois appel\u00e9 province), comprenant quatre ville \u2013gouvernorats\u00a0: <strong>Alexandrie (Al Iskandariyah),\u00a0le Caire<\/strong> <strong>(Al qahirah<\/strong>), port <strong>Sa\u00efd (Bur Sa\u00efd<\/strong>) et <strong>Suez<\/strong>. Neuf gouvernorats sont situ\u00e9s en Basse-Egypte et dans la r\u00e9gion du delta du Nil, huit gouvernorats en Haute-Egypte le long du Nil, entre le sud du <strong>Caire <\/strong>et <strong>Assouan.<\/strong> Les cinq derniers gouvernorats sont situ\u00e9s dans le Sina\u00ef et couvrent les d\u00e9serts situ\u00e9s \u00e0 l\u2019Ouest et l\u2019est du Nil. D\u2019une superficie de <strong>1001450km2<\/strong>, l\u2019Egypte a sensiblement la m\u00eame superficie que les Etats am\u00e9ricains du Texas et du nouveau Mexique r\u00e9unis, elle mesure deux fois la superficie de la France, trois fois celle de l\u2019Allemagne et quatre fois celle du royaume unis. La g\u00e9ographie \u00e9gyptienne est principalement marqu\u00e9 par <strong>un climat d\u00e9sertique<\/strong> r\u00e9gnant sur son territoire situ\u00e9 en Afrique et en Asie de l\u2019ouest (Sina\u00ef). L\u2019Egypte a eu des relations bilat\u00e9rales et multilat\u00e9rales avec les pays du monde.<\/p>\n<p>&nbsp;<\/p>\n<p><strong>I-Br\u00e8ve\u00a0\u00a0 Historique de l\u2019Egypte dans son ensemble<\/strong><\/p>\n<p>300 ans environ av <strong>J.C<\/strong> marque l\u2019\u00e9poque de la fondation de <strong>l\u2019\u00c9tat \u00e9gyptien<\/strong> par la premi\u00e8re dynastie, jusqu\u2019en <strong>332 av JC<\/strong>, date de l\u2019arriv\u00e9e d\u2019Alexandre. Ce long espace de temps inclut les trois grandes p\u00e9riodes suivantes\u00a0<strong>: l\u2019ancien empire<\/strong> (<strong>2670-2160av JC)<\/strong> qui vit la construction des pyramides, <strong>le moyen empire (c.2020-1730 av JC<\/strong>), le <strong>nouvel empire (c.1530-1075av JC<\/strong>). Ces trois \u00e9poques prestigieuses sont suivies de p\u00e9riodes dite \u00ab\u00a0interm\u00e9diaires\u00a0\u00bb marqu\u00e9 par une division du territoire, des invasions et des r\u00e9gressions, et leur succ\u00e8de une derni\u00e8re p\u00e9riode faste, <strong>la basse \u00e9poque (712-342av JC)<\/strong> qui pr\u00e9c\u00e8de lui-m\u00eame la p\u00e9riode hell\u00e9nistique. L\u2019histoire de l\u2019Egypte est marqu\u00e9e par les t\u00e9moignages inestimables l\u00e9gu\u00e9s par l\u2019Egypte antique, qui ont fascin\u00e9 d\u00e8s l\u2019Antiquit\u00e9. L\u2019Egypte fut une monarchie th\u00e9ocratique. Bien plus qu\u2019un roi, le pharaon est \u00e0 la fois l\u2019administrateur principal, le chef des arm\u00e9s, le premier magistrat et le pr\u00eatre supr\u00eame de l\u2019Egypte. Disons que l\u2019Egypte \u00e9tait polyth\u00e9iste c\u2019est \u00e0 dire que les \u00e9gyptiens croyaient \u00e0 plusieurs divinit\u00e9s mais l\u2019av\u00e8nement des religions r\u00e9v\u00e9l\u00e9es changea la croyance des \u00e9gyptiens. Ils sont la grande majeure partie islamiste et de minorit\u00e9 chr\u00e9tiens. L\u2019histoire de l\u2019Egypte est aussi particuli\u00e8rement marquante en dehors de l\u2019Egypte, chez les juifs, en Afrique noire, dans le monde hell\u00e9nistique, chez les arabes et dans l\u2019Islam, et en Europe. Apr\u00e8s la p\u00e9riode ptol\u00e9ma\u00efque, l\u2019Egypte n\u2019est plus durant plusieurs si\u00e8cles, qu\u2019une province des empires plus vastes que sont <strong>l\u2019empire romain<\/strong>, <strong>empire byzantin<\/strong>, <strong>empire sassanide<\/strong>, empire arabe puis <strong>l\u2019empire ottoman<\/strong>. Elle retrouve un certain automne qu\u2019au XIXe si\u00e8cle et son <strong>ind\u00e9pendance en 1922.<\/strong> L\u2019histoire du pays fut particuli\u00e8rement marqu\u00e9e par le second pr\u00e9sident de la r\u00e9publique <strong>Gamal Abdel Nasser<\/strong>. Le gouvernement de Nasser entreprend de moderniser les infrastructures et de doter l\u2019Egypte d\u2019une industrie. Des nationalisations sont effectu\u00e9es et le secteur public devient pr\u00e9pond\u00e9rant. Apr\u00e8s des r\u00e9gimes autoritaires, elle connait une d\u00e9mocratisation difficile avec la r\u00e9volution de 2011.L\u2019Egypte doit sa supr\u00e9matie au <strong>NIL<\/strong>, qui gr\u00e2ce \u00e0 ce fleuve elle occupe une place de choix dans le monde et est enviable.<\/p>\n<p><strong>II-L \u2019Egypte dans le monde<\/strong><\/p>\n<p><strong>II.1 L\u2019apport \u00e9gyptienne dans la civilisation du monde<\/strong><\/p>\n<p>Charni\u00e8re entre l\u2019Asie et l\u2019Afrique, carrefour des routes entre l\u2019Europe et l\u2019Asie l\u2019Egypte, <strong>berceau des civilisations<\/strong> a jou\u00e9 un r\u00f4le pr\u00e9pond\u00e9rant dans l\u2019histoire du monde. L\u2019Egypte joua un r\u00f4le pr\u00e9pond\u00e9rant tant en Afrique par la gravure en hi\u00e9roglyphes sur les murailles des monuments, les conditions \u00e9conomique, culturelles, politiques et&#8230;<\/p>\n<p>Pour obtenir l&rsquo;expos\u00e9 complet contactez le +226 56196345 (WhatsApp)<\/p>\n","protected":false},"featured_media":831,"template":"","meta":{"jetpack_publicize_message":"","jetpack_publicize_feature_enabled":true,"jetpack_social_post_already_shared":false,"jetpack_social_options":{"image_generator_settings":{"template":"highway","default_image_id":0,"font":"","enabled":false},"version":2}},"product_brand":[],"product_cat":[544,608,548],"product_tag":[1141,1139,1140],"class_list":{"0":"post-6142","1":"product","2":"type-product","3":"status-publish","4":"has-post-thumbnail","6":"product_cat-exposes","7":"product_cat-histoire","8":"product_cat-histoire-geographie","9":"product_tag-egypte","10":"product_tag-relations","11":"product_tag-reste-du-monde","13":"first","14":"instock","15":"downloadable","16":"virtual","17":"sold-individually","18":"purchasable","19":"product-type-simple"},"aioseo_notices":[],"jetpack_publicize_connections":[],"jetpack-related-posts":[],"jetpack_sharing_enabled":true,"_links":{"self":[{"href":"https:\/\/karandoogo.com\/index.php\/wp-json\/wp\/v2\/product\/6142","targetHints":{"allow":["GET"]}}],"collection":[{"href":"https:\/\/karandoogo.com\/index.php\/wp-json\/wp\/v2\/product"}],"about":[{"href":"https:\/\/karandoogo.com\/index.php\/wp-json\/wp\/v2\/types\/product"}],"wp:featuredmedia":[{"embeddable":true,"href":"https:\/\/karandoogo.com\/index.php\/wp-json\/wp\/v2\/media\/831"}],"wp:attachment":[{"href":"https:\/\/karandoogo.com\/index.php\/wp-json\/wp\/v2\/media?parent=6142"}],"wp:term":[{"taxonomy":"product_brand","embeddable":true,"href":"https:\/\/karandoogo.com\/index.php\/wp-json\/wp\/v2\/product_brand?post=6142"},{"taxonomy":"product_cat","embeddable":true,"href":"https:\/\/karandoogo.com\/index.php\/wp-json\/wp\/v2\/product_cat?post=6142"},{"taxonomy":"product_tag","embeddable":true,"href":"https:\/\/karandoogo.com\/index.php\/wp-json\/wp\/v2\/product_tag?post=6142"}],"curies":[{"name":"wp","href":"https:\/\/api.w.org\/{rel}","templated":true}]}}