{"id":6143,"date":"2023-07-11T16:10:04","date_gmt":"2023-07-11T16:10:04","guid":{"rendered":"https:\/\/karandoogo.com\/?post_type=product&#038;p=6143"},"modified":"2025-10-19T13:35:18","modified_gmt":"2025-10-19T13:35:18","slug":"expose-complet-sur-le-phenomene-de-lintolerance-dans-la-societe-burkinabe-ak","status":"publish","type":"product","link":"https:\/\/karandoogo.com\/index.php\/produit\/expose-complet-sur-le-phenomene-de-lintolerance-dans-la-societe-burkinabe-ak\/","title":{"rendered":"Expos\u00e9 complet sur le ph\u00e9nom\u00e8ne de l&rsquo;Intol\u00e9rance dans la soci\u00e9t\u00e9 burkinab\u00e9 &#8211; AK"},"content":{"rendered":"","protected":false},"excerpt":{"rendered":"<p><strong>NB<\/strong>: Les documents mis \u00e0 disposition sur ce site sont des documents \u00e0 exploiter, autrement dit des compl\u00e9ments pour parfaire votre travail. Ils ne sont pas faits pour \u00eatre pr\u00e9sent\u00e9s \u00e0 l\u2019\u00e9tat.<\/p>\n<p><strong><u>\u00a0<\/u><\/strong><\/p>\n<p><strong><u>\u00a0<\/u><\/strong><\/p>\n<p><strong><u>PLAN DE TRAVAIL<\/u><\/strong><\/p>\n<p><strong>\u00a0<\/strong><\/p>\n<p><strong>Introduction<\/strong><\/p>\n<p><strong>\u00a0<\/strong><\/p>\n<p><strong>I-D\u00e9finition du mot \u2018\u2019intol\u00e9rance\u2019\u2019<\/strong><\/p>\n<p><strong>\u00a0<\/strong><\/p>\n<p><strong>II-Les manifestations de l\u2019intol\u00e9rance dans la soci\u00e9t\u00e9 burkinab\u00e9<\/strong><\/p>\n<p><strong>\u00a0<\/strong><\/p>\n<p><strong>III-Les cons\u00e9quences de l\u2019intol\u00e9rance dans la soci\u00e9t\u00e9 burkinab\u00e9<\/strong><\/p>\n<p><strong>\u00a0<\/strong><\/p>\n<p><strong>IV-Les solutions de l\u2019intol\u00e9rance dans la soci\u00e9t\u00e9 burkinab\u00e9<\/strong><\/p>\n<p><strong>\u00a0<\/strong><\/p>\n<p><strong>\u00a0<\/strong><\/p>\n<p><strong>Conclusion<\/strong><\/p>\n<p><strong>\u00a0<\/strong><\/p>\n<p><strong>\u00a0<\/strong><\/p>\n<p><strong>Introduction<\/strong><\/p>\n<p>Jadis dans la soci\u00e9t\u00e9 burkinab\u00e9, la tol\u00e9rance \u00e9tait une vertu capitale et une chose sacr\u00e9 qu\u2019il ne faut pas souiller. Mais de nos jours, pratiquement dans la soci\u00e9t\u00e9 burkinab\u00e9 cette valeur est pi\u00e9tin\u00e9 et ignor\u00e9. Ce qui marque la recrudescence et la mont\u00e9e des actes de vandalisme, d\u2019incivisme, des actes malsaines. La question de l\u2019intol\u00e9rance m\u00e9rite bien d\u2019\u00eatre pos\u00e9e, tant le ph\u00e9nom\u00e8ne devient inqui\u00e9tant. Dans tous les compartiments de notre soci\u00e9t\u00e9, l\u2019intol\u00e9rance gagne du terrain. On a comme l\u2019impression que nous tenons individuellement et collectivement \u00e0 ne plus rien conc\u00e9der \u00e0 l\u2019autre et \u00e0 rechercher chez l\u2019autre des \u00e9l\u00e9ments qui peuvent nourrir le rejet. Qu\u2019est-ce que l\u2019intol\u00e9rance\u00a0? Quelles peuvent \u00eatre ces dites causes\u00a0? Comment se manifeste -elle dans notre soci\u00e9t\u00e9\u00a0? Quelles sont les cons\u00e9quences qu\u2019elles peuvent engendrer\u00a0? Que pouvons proposer comme solutions pour combattre ce ph\u00e9nom\u00e8ne\u00a0?<\/p>\n<p>Pour mieux cerner ce sujet, nous apporterons des \u00e9l\u00e9ments de r\u00e9ponses aux questions pos\u00e9es ci-dessus.<\/p>\n<p><strong>I-D\u00e9finition du terme \u2018\u2019Intol\u00e9rance\u2019\u2019<\/strong><\/p>\n<p>Le mot intol\u00e9rance est un mot polys\u00e9mique c\u2019est \u00e0 dire qu\u2019il renvoi \u00e0 plusieurs sens, ou d\u00e9finitions. Aussi elle rev\u00eat plusieurs caract\u00e8res mais toute fois nous pouvons nous accorder \u00e0 la d\u00e9finir comme un d\u00e9faut de tol\u00e9rance, une disposition \u00e0 violenter, \u00e0 pers\u00e9cuter ceux avec lesquels on diff\u00e8re d\u2019opinions (selon Larousse). Du point de vie religieuse elle peut se d\u00e9finir comme \u00e9tant le refus d\u2019accepter les diff\u00e9rences de conception chez l\u2019autre, accepter que l\u2019autre ait une opinion religieuse diff\u00e9rente de nous. Elle varie d\u2019un domaine \u00e0 un autre. N\u00e9anmoins nous dirons que sa d\u00e9finition varie selon le temps, \u00e9poque les coutumes, les g\u00e9n\u00e9rations etc.<\/p>\n<p>&nbsp;<\/p>\n<p><strong>II-Les manifestations de l\u2019intol\u00e9rance dans la soci\u00e9t\u00e9 burkinab\u00e9<\/strong><\/p>\n<p>Nous ne saurons vraiment aborder la question des manifestations sans au pr\u00e9alable donner bri\u00e8vement ou dire quelles peuvent \u00eatre les causes de l\u2019intol\u00e9rance dans la soci\u00e9t\u00e9 burkinab\u00e9. Comme cause, nous pouvons faire appel \u00e0 l\u2019ignorance car ignor\u00e9 est un vice, et peut se manifester par l\u2019arrogance, le fait de penser que l\u2019on sait alors que l\u2019on ignore en grande partie. Cela emm\u00e8ne l\u2019intol\u00e9rance, le fait d\u2019accepter qu\u2019on ne connait pas, qu\u2019on ignore et que l\u2019on doit \u00eatre humble. Aussi nous pouvons ajouter que notre milieu social ou bien nos uses et m\u0153urs se diff\u00e8rent d\u2019un peuple \u00e0 un autre ou d\u2019un pays \u00e0 un autre. Par cons\u00e9quent&#8230;.<\/p>\n<p>Pour obtenir l&rsquo;expos\u00e9 complet contactez le +226 56196345 (WhatsApp)<\/p>\n","protected":false},"featured_media":831,"template":"","meta":{"jetpack_publicize_message":"","jetpack_publicize_feature_enabled":true,"jetpack_social_post_already_shared":false,"jetpack_social_options":{"image_generator_settings":{"template":"highway","default_image_id":0,"font":"","enabled":false},"version":2}},"product_brand":[],"product_cat":[544,546],"product_tag":[766,1143,1142],"class_list":{"0":"post-6143","1":"product","2":"type-product","3":"status-publish","4":"has-post-thumbnail","6":"product_cat-exposes","7":"product_cat-societe","8":"product_tag-burkina","9":"product_tag-culture","10":"product_tag-intolerence","12":"first","13":"instock","14":"downloadable","15":"virtual","16":"sold-individually","17":"purchasable","18":"product-type-simple"},"aioseo_notices":[],"jetpack_publicize_connections":[],"jetpack-related-posts":[],"jetpack_sharing_enabled":true,"_links":{"self":[{"href":"https:\/\/karandoogo.com\/index.php\/wp-json\/wp\/v2\/product\/6143","targetHints":{"allow":["GET"]}}],"collection":[{"href":"https:\/\/karandoogo.com\/index.php\/wp-json\/wp\/v2\/product"}],"about":[{"href":"https:\/\/karandoogo.com\/index.php\/wp-json\/wp\/v2\/types\/product"}],"wp:featuredmedia":[{"embeddable":true,"href":"https:\/\/karandoogo.com\/index.php\/wp-json\/wp\/v2\/media\/831"}],"wp:attachment":[{"href":"https:\/\/karandoogo.com\/index.php\/wp-json\/wp\/v2\/media?parent=6143"}],"wp:term":[{"taxonomy":"product_brand","embeddable":true,"href":"https:\/\/karandoogo.com\/index.php\/wp-json\/wp\/v2\/product_brand?post=6143"},{"taxonomy":"product_cat","embeddable":true,"href":"https:\/\/karandoogo.com\/index.php\/wp-json\/wp\/v2\/product_cat?post=6143"},{"taxonomy":"product_tag","embeddable":true,"href":"https:\/\/karandoogo.com\/index.php\/wp-json\/wp\/v2\/product_tag?post=6143"}],"curies":[{"name":"wp","href":"https:\/\/api.w.org\/{rel}","templated":true}]}}