{"id":6145,"date":"2023-07-11T16:30:15","date_gmt":"2023-07-11T16:30:15","guid":{"rendered":"https:\/\/karandoogo.com\/?post_type=product&#038;p=6145"},"modified":"2025-10-19T13:35:18","modified_gmt":"2025-10-19T13:35:18","slug":"expose-complet-sur-la-vie-et-la-philosophie-de-saint-anselme-ak","status":"publish","type":"product","link":"https:\/\/karandoogo.com\/index.php\/produit\/expose-complet-sur-la-vie-et-la-philosophie-de-saint-anselme-ak\/","title":{"rendered":"Expos\u00e9 complet sur la vie et la philosophie de Saint Anselme &#8211; AK"},"content":{"rendered":"","protected":false},"excerpt":{"rendered":"<p><strong>NB: <\/strong>Les documents mis \u00e0 disposition sur ce site sont des documents \u00e0 exploiter, autrement dit des compl\u00e9ments pour parfaire votre travail. Ils ne sont pas faits pour \u00eatre pr\u00e9sent\u00e9s \u00e0 l\u2019\u00e9tat.<\/p>\n<p><strong><u>PLAN DE TRAVAIL<\/u><\/strong><\/p>\n<p><strong>\u00a0<\/strong><\/p>\n<p><strong>INTRODUCTION<\/strong><\/p>\n<p><strong>I-BIOGRAPHIE DE SAINT ANSELME<\/strong><\/p>\n<p><strong>1-Extraction Et Formation de Saint Anselme<\/strong><\/p>\n<p><strong>2-Enseignant Du Bec<\/strong><\/p>\n<p><strong>3-Dirigeant Du Bec<\/strong><\/p>\n<p><strong>4-Archev\u00e8que Rebelle<\/strong><\/p>\n<p><strong>II-LA CONCEPTION PHILOSOPHIQUE DE SAINT ANSELME<\/strong><\/p>\n<p><strong>a-LA CONCEPTION DE L\u2019ARGUMENT ONTOLOGIQUE<\/strong><\/p>\n<p><strong>b-La Christologie<\/strong><\/p>\n<p><strong>c-La Moralit\u00e9 de sa Philosophie<\/strong><\/p>\n<p><strong>III-QUELQUES CITATIONS DE SAINT ANSELME <\/strong><\/p>\n<p><strong>\u00a0<\/strong><\/p>\n<p><strong>CONCLUSION<\/strong><\/p>\n<p><strong>\u00a0<\/strong><\/p>\n<p><strong>BIBLIOGRAPHIE<\/strong><\/p>\n<p><strong>\u00a0<\/strong><\/p>\n<p><strong>\u00a0<\/strong><\/p>\n<p><strong>INTRODUCTION<\/strong><\/p>\n<p><em>\u00a0\u00a0\u00a0\u00a0\u00a0\u00a0\u00a0\u00a0\u00a0\u00a0\u00a0\u00a0 \u00ab\u00a0Je ne cherche pas \u00e0 comprendre pour croire, mais je crois pour comprendre\u00a0\u00bb<\/em> disait l\u2019auguste <strong>Saint Anselme<\/strong>. Ce qui laisse apparaitre un argument ontologique. Un archev\u00eaque et philosophe de la p\u00e9riode m\u00e9di\u00e9vale (moyen \u00e2ge) qui vraisemblablement sa philosophie se veut th\u00e9ologique. Il est l\u2019un des p\u00e8res fondateurs de l\u2019\u00e9glise catholique.il consacra, la plupart de sa philosophie sur la foi, la d\u00e9monstration de l\u2019existence de Dieu. Qui est en r\u00e9alit\u00e9 cet homme\u00a0? quelle a \u00e9t\u00e9 l\u2019impact de sa philosophie\u00a0?<\/p>\n<p>Pour mieux appr\u00e9hender le contenu de notre sujet, notre \u00e9tude portera sur Saint Anselme.<\/p>\n<p><strong>I-BIOGRAPHIE DE DE SAINT ANSELME (1033-1059)<\/strong><\/p>\n<p><strong>1-Extraction Et Formation de Saint Anselme<\/strong><\/p>\n<p>Saint Anselme de Cantorb\u00e9ry (en latin\u00a0: Anselmus Cantuariensis), connu comme le <em>\u00ab\u00a0Docteur magnifique\u00a0\u00bb<\/em> est n\u00e9 \u00e0 Aoste(Italie), en 1033, dans les futurs Etats de Savoie (Aoste appartient des 1024 au domaine constitu\u00e9e par la maison de Savoie) du royaume d\u2019Arles dans l\u2019empire. Anselme est le fils d\u2019Ermenberge et de Gandufl, noble l\u2019ombard. Ce p\u00e8re, parent du comte Humbert de Maurienne, aurait des attaches familiales avec la comtesse Mathilde de Toscane. Ses oncles maternels sont Lambert et Foucheraud, qui ont pu \u00eatre chanoines du chapitre cath\u00e9drale d\u2019Aoste. Son neveu, Anselme<strong> de San Saba<\/strong>, sera abb\u00e9 de l\u2019abbaye de Bury saint Edmund en <strong>1121<\/strong> puis \u00e9v\u00eaque \u00e9lu de Londres (<strong>1136-1138).<\/strong> Clerc form\u00e9 par form\u00e9 par les b\u00e9n\u00e9dictins de l\u2019\u00e9glise d\u2019Aoste, en rupture avec son p\u00e8re et ses maitres d\u00e8s l\u2019\u00e2ge de quinze ans, d\u00e9cide \u00e0 la mort de sa m\u00e8re, vers 1056, de rejoindre l\u2019enseignement d\u2019un \u00e9col\u00e2tre suffisamment renomm\u00e9. Il quitte alors Aoste en compagnie d\u2019un condisciple pour la Bourgogne, puis la France.\u00a0De l\u00e0, il gagne en <strong>1059<\/strong>, Avranches dont d\u00e9pend la prestigieuse abbaye du Mont \u2013Saint \u2013Michel et o\u00f9 un autre l\u2019ombard, Lanfranc, fut \u00e9col\u00e2tre. La mort de son p\u00e8re lui fait envisager un retour en Savoie et une vie de Patricien. Appel\u00e9 \u00e9galement Anselme d\u2019Aoste \u00e0 cause de sa naissance valdotaine, il est plus connu sous le nom d\u2019Anselme du Bec en raison de son appartenance en tant que moine b\u00e9n\u00e9dictin \u00e0 l\u2019Abbaye Notre \u2013Dame du Bec en Normandie. Canonis\u00e9 en <strong>1494<\/strong>, il est proclam\u00e9 Docteur de l\u2019\u00e9glise en <strong>1720<\/strong> par <strong>cl\u00e9ment XI<\/strong>.il meurt le <strong>21 avril 1109.<\/strong><\/p>\n<p><strong>2-Enseignant du Bec (1060-1078)<\/strong><\/p>\n<p><strong>En 1060,<\/strong>apres une h\u00e9sitation sur sa vocation ,Saint Anselme suit le conseil qu\u2019il a sollicit\u00e9 de Maurille ,archev\u00eaque de Rouen.il renonce \u00e0 se faire ermite et choisit de devenir moine de toute abbaye du Bec ,pr\u00e9f\u00e9r\u00e9e \u00e0 son ain\u00e9e ,l\u2019abbaye de Cluny .L\u2019abbaye du Bec poss\u00e8de en effet toutes les traductions des auteurs de antiquit\u00e9s \u00e9labor\u00e9es par Bo\u00e8ce .Tout en prenant en charge l\u2019enseignement de la grammaire dispens\u00e9 \u00e0 ses condisciples ,il ach\u00e8ve son trivium en \u00e9tudiant la dialectique et la rh\u00e9torique sous la direction du savant Prieur Lanfranc et au c\u00f4t\u00e9 dyves de chartes .Lanfranc nomm\u00e9 abb\u00e9 de Saint-Etienne de Caen en<strong> 1063<\/strong>.Anselm devient \u00e0 son tour prieur du Bec .Des \u00e9l\u00e8ves accourent de toute la Chr\u00e9tient\u00e9 ,dont Anselme de Laon .<strong>En 1076<\/strong>,il synth\u00e9tise son cycle d\u2019enseignement par un trait\u00e9 de dialectique appliqu\u00e9 \u00e0 la th\u00e9ologie ,le \u2018\u2019monologion de Divinitatis\u2019\u2019 ,d\u00e9monstration d\u2019\u00e9l\u00e9gance dans le maniement de la technique du raisonnement, \u00e0 la fois d\u00e9li\u00e9 et pertinent, etc.<\/p>\n<p><strong>3-Dirigeant du Bec (1079-1091)<\/strong><\/p>\n<p>A la mort d\u2019Herliun, <strong>le 26 aout 1078,<\/strong> Anselme est \u00e9lu pour le remplacer au poste d\u2019abb\u00e9 du Bec. Foulque, Abb\u00e9 de Saint-Pierre \u2013sur \u2013Dives, \u00e0 qui, il a demand\u00e9 s\u2019il doit obtemp\u00e9rer, l\u2019engage \u00e0 accepter la charge. La crosse, lui est remise par Guillaume le conqu\u00e9rant et il re\u00e7oit la b\u00e9n\u00e9diction de Gilbert Fitz Osbern, \u00e9v\u00eaque d\u2019Evreux, le <strong>22fevrier 1079.<\/strong><\/p>\n<p>L\u2019ann\u00e9e suivante, Anselme fonde un prieur\u00e9 \u00e0 Conflans-Sainte-Honorine, face \u00e0 la France dont le terroir occup\u00e9 jusqu\u2019\u00e0 Auteuil \u00e0 la suite de la conqu\u00eate du Mans, en <strong>1060,<\/strong> connait plusieurs r\u00e9voltes. En<strong> 1082<\/strong>, il y pr\u00e9sida la translation des reliques d\u2019Honorine de Craville. Il souscrit en 1082 la confirmation de fondation de l\u2019abbaye de Troarn par Guillaume le conqu\u00e9rant. C\u2019est au cours de ces ann\u00e9es <strong>1080<\/strong> qu\u2019il r\u00e9dige plusieurs de ses dialogues. Entre 1090 et 1092, durant la guerre de succession de Normandie qui suit la mort de Guillaume le conqu\u00e9rant, il s\u2019attache \u00e0 combattre par \u00e9crit les th\u00e9ories nominalistes de Roscelin de Compi\u00e8gne sur la trinit\u00e9.<\/p>\n<p><strong>4-Archev\u00e8que rebelle (1093-1097)<\/strong><\/p>\n<p>Au tout d\u00e9but <strong>mars 1093<\/strong>,<strong>Guillaume le Roux<\/strong> tombe malade au manoir d\u2019Alestons .Le 6,il re\u00e7oit Anselme au ch\u00e2teau de Gloucester ,o\u00f9 le retiennent les soins prodigu\u00e9s par les moines de l\u2019abbaye voisine ,pour lui offrir le si\u00e8ge de Cantorb\u00e9ry ,fief eccl\u00e9siastique vacant depuis la mort de Lanfranc .Le roi ,dans le besoin de finances pour maintenir la paix future ,attend une reforme dans le gouvernement, en particulier celui des abbayes ,am\u00e9liorant le revenu de l\u2019Etat .Anselme a lui aussi en t\u00eate une r\u00e9forme ,mais toute autre, la reforme gr\u00e9gorienne qui vise \u00e0 lib\u00e9rer l\u2019Eglise de l\u2019Etat et de la <em>\u00ab\u00a0simonie\u00a0\u00bb.<\/em>Il rejette d\u2019embl\u00e9e la coutume carolingienne d\u2019\u00eatre investie par le souverain temporel et pr\u00e9tend ne recevoir son pallium qua Rome du <strong>pape urbain II<\/strong> .Contest\u00e9 par l\u2019empereur <strong>Henri IV<\/strong> ,le pape <strong>urbain II <\/strong>n\u2019est pas non plus reconnu par le roi d\u2019Angleterre Guillaume II qui se garde cependant de reconnaitre l\u2019antipape <strong>cl\u00e9ment III<\/strong>.<\/p>\n<p>Anselme est consacr\u00e9 archev\u00eaque de Cantorb\u00e9ry, le <strong>3 d\u00e9cembre 1093, en<\/strong> des termes pol\u00e9miques qui remettent en cause l\u2019accord de Winchester\u00a0<em>\u00ab\u00a0primat de la Bretagne\u00a0\u00bb<\/em> selon Eadmer et ses partisans<em>,\u00a0\u00ab\u00a0m\u00e9tropolite de Cantorb\u00e9ry \u00bb<\/em> selon Hugues le chante et ses d\u00e9tracteurs.<\/p>\n<p><strong>II-LA CONCEPTION PHILOSOPHIQUE DE SAINT ANSELME<\/strong><\/p>\n<p>Saint Anselme est un th\u00e9ologien et philosophe .Il est l\u2019un des \u00e9crivains majeurs de l\u2019occident m\u00e9di\u00e9val .Il se consacrera \u00e0 la th\u00e9ologie et par ses \u00e9crits et d\u00e9monstration sera c\u00e9l\u00e8bre et&#8230;<\/p>\n<p>Pour obtenir l&rsquo;expos\u00e9 complet contactez le +226 56196345 (WhatsApp)<\/p>\n","protected":false},"featured_media":831,"template":"","meta":{"jetpack_publicize_message":"","jetpack_publicize_feature_enabled":true,"jetpack_social_post_already_shared":false,"jetpack_social_options":{"image_generator_settings":{"template":"highway","default_image_id":0,"font":"","enabled":false},"version":2}},"product_brand":[],"product_cat":[544],"product_tag":[631,1146,1147],"class_list":{"0":"post-6145","1":"product","2":"type-product","3":"status-publish","4":"has-post-thumbnail","6":"product_cat-exposes","7":"product_tag-philosophie","8":"product_tag-saint-anselme","9":"product_tag-vie","11":"first","12":"instock","13":"downloadable","14":"virtual","15":"sold-individually","16":"purchasable","17":"product-type-simple"},"aioseo_notices":[],"jetpack_publicize_connections":[],"jetpack-related-posts":[],"jetpack_sharing_enabled":true,"_links":{"self":[{"href":"https:\/\/karandoogo.com\/index.php\/wp-json\/wp\/v2\/product\/6145","targetHints":{"allow":["GET"]}}],"collection":[{"href":"https:\/\/karandoogo.com\/index.php\/wp-json\/wp\/v2\/product"}],"about":[{"href":"https:\/\/karandoogo.com\/index.php\/wp-json\/wp\/v2\/types\/product"}],"wp:featuredmedia":[{"embeddable":true,"href":"https:\/\/karandoogo.com\/index.php\/wp-json\/wp\/v2\/media\/831"}],"wp:attachment":[{"href":"https:\/\/karandoogo.com\/index.php\/wp-json\/wp\/v2\/media?parent=6145"}],"wp:term":[{"taxonomy":"product_brand","embeddable":true,"href":"https:\/\/karandoogo.com\/index.php\/wp-json\/wp\/v2\/product_brand?post=6145"},{"taxonomy":"product_cat","embeddable":true,"href":"https:\/\/karandoogo.com\/index.php\/wp-json\/wp\/v2\/product_cat?post=6145"},{"taxonomy":"product_tag","embeddable":true,"href":"https:\/\/karandoogo.com\/index.php\/wp-json\/wp\/v2\/product_tag?post=6145"}],"curies":[{"name":"wp","href":"https:\/\/api.w.org\/{rel}","templated":true}]}}