{"id":6294,"date":"2023-11-16T17:06:49","date_gmt":"2023-11-16T17:06:49","guid":{"rendered":"https:\/\/karandoogo.com\/?post_type=product&#038;p=6294"},"modified":"2025-10-19T13:33:55","modified_gmt":"2025-10-19T13:33:55","slug":"expose-complet-sur-limage-de-la-femme-dans-le-soleil-des-independances-dahmadou-kourouma","status":"publish","type":"product","link":"https:\/\/karandoogo.com\/index.php\/produit\/expose-complet-sur-limage-de-la-femme-dans-le-soleil-des-independances-dahmadou-kourouma\/","title":{"rendered":"Expos\u00e9 complet sur l&rsquo;image de la femme dans le soleil des Ind\u00e9pendances d&rsquo;Ahmadou Kourouma"},"content":{"rendered":"","protected":false},"excerpt":{"rendered":"<p><strong><u>PLAN<\/u><\/strong><\/p>\n<p><strong><u>INTRODUCTION<\/u><\/strong><\/p>\n<ul>\n<li><strong><u>ETUDE DE L\u2019AUTEUR ET DE L\u2019\u0152UVRE<\/u><\/strong><\/li>\n<li><strong><u>L\u2019auteur\u00a0:<\/u><\/strong><\/li>\n<li><strong><u>Biographie<\/u><\/strong><\/li>\n<li><strong><u>Bibliographie<\/u><\/strong><\/li>\n<li><strong><u>Etude de l\u2019\u0153uvre<\/u><\/strong><\/li>\n<li><strong><u>R\u00e9sum\u00e9 de l\u2019\u0153uvre<\/u><\/strong><\/li>\n<li><strong><u>Structure de l\u2019\u0153uvre<\/u><\/strong><\/li>\n<\/ul>\n<p><strong><u>II- ETUDE DES PERSONNAGES<\/u><\/strong><\/p>\n<ol>\n<li><strong><u> Personnage principal<\/u><\/strong><\/li>\n<li><strong><u> Personnages secondaires<\/u><\/strong><\/li>\n<\/ol>\n<p><strong><u>III-ETUDE THEMATIQUE DE L\u2019\u0152UVRE\u00a0: l\u2019image de la femme<\/u><\/strong><\/p>\n<p><strong><u>IV-\u00a0\u00a0\u00a0\u00a0 STYLE DE L\u2019AUTEUR<\/u><\/strong><\/p>\n<ol>\n<li><strong><u> Le registre de langue<\/u><\/strong><\/li>\n<li><strong><u> Les tonalit\u00e9s<\/u><\/strong><\/li>\n<\/ol>\n<p><strong><u>V-\u00a0\u00a0\u00a0\u00a0\u00a0 ESPACE ET TEMPS<\/u><\/strong><\/p>\n<ol>\n<li><strong><u> Espace<\/u><\/strong><\/li>\n<li><strong><u> Temps<\/u><\/strong><\/li>\n<li><strong><u> Port\u00e9e de l\u2019oeuvre<\/u><\/strong><\/li>\n<\/ol>\n<p><strong><u>CONCLUSION<\/u><\/strong><\/p>\n<p><strong><u>\u00a0<\/u><\/strong><\/p>\n<p><strong><u>\u00a0<\/u><\/strong><\/p>\n<p><strong><u>INTRODUCTION<\/u><\/strong><\/p>\n<p>&nbsp;<\/p>\n<p>L&rsquo;image de la femme est un th\u00e8me central dans de nombreuses \u0153uvres litt\u00e9raires, et le roman \u00ab\u00a0Le Soleil des ind\u00e9pendances\u00a0\u00bb d&rsquo;Ahmadou Kourouma ne fait pas exception. \u00c0 travers ce r\u00e9cit, l&rsquo;auteur offre une exploration complexe et nuanc\u00e9e de la condition f\u00e9minine en Afrique, mettant en lumi\u00e8re les d\u00e9fis auxquels les femmes sont confront\u00e9es dans une soci\u00e9t\u00e9 patriarcale et marqu\u00e9e par les traditions. Le roman aborde des questions essentielles telles que la tension entre la religion traditionnelle et l&rsquo;islam, les pratiques culturelles pr\u00e9judiciables, et la lutte des femmes pour trouver leur place et r\u00e9aliser leurs aspirations. Dans cette pr\u00e9sentation, nous allons analyser l&rsquo;image de la femme dans \u00ab\u00a0Le Soleil des ind\u00e9pendances\u00a0\u00bb en examinant comment le roman d\u00e9peint la complexit\u00e9 de la condition f\u00e9minine en Afrique et sa port\u00e9e sociale.<\/p>\n<p>&nbsp;<\/p>\n<ul>\n<li><strong><u>ETUDE DE L\u2019AUTEUR ET DE L\u2019\u0152UVRE<\/u><\/strong><\/li>\n<li><strong><u>L\u2019auteur\u00a0:<\/u><\/strong><\/li>\n<li><strong><u>Biographie<\/u><\/strong><\/li>\n<\/ul>\n<p>Ahmadou Kourouma est n\u00e9 en c\u00f4te d\u2019Ivoire \u00e0 Boundiali en 1927 dans une famille princi\u00e8re musulmane de l\u2019ethnie malink\u00e9. Il a pass\u00e9 une partie de son enfance en Guin\u00e9e. A l\u2019\u00e2ge de 7 ans, il est pris en charge par son oncle qui le fait entrer \u00e0 l\u2019\u00e9cole primaire rurale. En 1947, il est re\u00e7u au concours d\u2019entr\u00e9e \u00e0 l\u2019\u00e9cole technique sup\u00e9rieure de Bamako. En 1949, il est arr\u00eat\u00e9 comme meneur de gr\u00e8ve et envoy\u00e9 en C\u00f4te d\u2019Ivoire. On lui supprime son sursis et il est enr\u00f4l\u00e9 dans le corps des tirailleurs pour un service de trois ans. Il est d\u00e9grad\u00e9 quelques mois plus tard, et il se rend en France pour continuer ses \u00e9tudes en 1955. C\u2019est \u00e0 Lyon que son int\u00e9r\u00eat pour la litt\u00e9rature et l\u2019art d\u2019\u00e9crire se pr\u00e9cise. D\u00e8s son retour en C\u00f4te d\u2019Ivoire, il entreprend d\u2019\u00e9crire. Il meurt en d\u00e9cembre 2003.<\/p>\n<ul>\n<li><strong><u>Bibliographie<\/u><\/strong><\/li>\n<\/ul>\n<p>Les \u0153uvres d\u2019Ahmadou Kourouma sont :<\/p>\n<p><strong>&#8211;\u00a0\u00a0\u00a0\u00a0\u00a0\u00a0 Th\u00e9\u00e2tre<\/strong><\/p>\n<p>Tougnantigui ou le Diseur de v\u00e9rit\u00e9, reprise en 1996, puis \u00e9dit\u00e9e en 1998 chez Acoria<\/p>\n<p><strong>&#8211;\u00a0\u00a0\u00a0\u00a0\u00a0\u00a0 Romans<\/strong><\/p>\n<p>Les soleils des Ind\u00e9pendances (1968, Presses de l&rsquo;universit\u00e9 de Montr\u00e9al, publi\u00e9 au Seuil en 1970),<\/p>\n<p>Monn\u00e8, outrages et d\u00e9fis (1990, Seuil)<\/p>\n<p>En attendant le vote des b\u00eates sauvages (1994, Seuil 1999)<\/p>\n<p>Allah n\u2019est pas oblig\u00e9 (2000, Seuil)<\/p>\n<p>Quand on refuse on dit non (2004, Seuil)<\/p>\n<p><strong>&#8211;\u00a0\u00a0\u00a0\u00a0\u00a0\u00a0 Livres pour enfants<\/strong><\/p>\n<p>Yacouba, chasseur africain (1998, Gallimard jeunesse, coll. Folio Junior, illustrations de Claude et Denise Millet)<\/p>\n<p>Le griot, homme de parole (2000, \u00c9dition Grandir)<\/p>\n<p>Le chasseur, h\u00e9ros africain (2000, \u00c9dition Grandir)<\/p>\n<p>Le forgeron, homme de savoir (2000, \u00c9dition Grandir)<\/p>\n<p>Prince, suzerain actif (2000, \u00c9dition Grandir).<\/p>\n<ul>\n<li><strong><u>Etude de l\u2019\u0153uvre<\/u><\/strong><\/li>\n<li><strong><u>R\u00e9sum\u00e9 de l\u2019\u0153uvre<\/u><\/strong><\/li>\n<\/ul>\n<p>Dans la capitale, vivait Fama, un citadin mari\u00e9 \u00e0 Salimata. Dans cette ville, il ne vivait que de la mis\u00e8re. Il n\u2019avait que de m\u00e9pris envers tous les habitants de la ville. Il ne se posait que des questions sur sa propre vie : pauvret\u00e9, manque d\u2019enfant, sale ville, sa vie de musulman\u2026 Lors de l\u2019enterrement d\u2019Ibrahima Kon\u00e9, Fama avait insult\u00e9 et injuri\u00e9 tous les Malink\u00e9 qui \u00e9taient \u00e0 la c\u00e9r\u00e9monie. Tous le ha\u00efssaient. Il avait fini par quitter les lieux. Maintenant seul face \u00e0 son destin, il ne voit que la mort tourner autour de lui. Il aurait pu \u00eatre l\u2019h\u00e9ritier direct de tout le Horodougou mais voil\u00e0 que les Ind\u00e9pendances viennent g\u00e2ter tout. Il est alors contraint \u00e0 s\u2019appesantir sur son sort. Selon lui, les Ind\u00e9pendances n\u2019ont rien apport\u00e9 pour lui. Il aurait pr\u00e9f\u00e9r\u00e9 \u00eatre colonis\u00e9, pi\u00e9tin\u00e9 par les colonisateurs mieux que voir les \u00ab singes des ind\u00e9pendances \u00bb profiter de tout. Entretemps, \u00e0 la maison, Fama rencontre tout le probl\u00e8me du monde. Il soup\u00e7onne sa femme de st\u00e9rilit\u00e9. Comment faire ? Il est vrai que l\u2019on n\u2019a jamais vu Allah s\u2019apitoyer sur le malheur d\u2019un homme. Un sort reste un sort. Peu de temps apr\u00e8s, Fama rentrait chez les siens pour peut-\u00eatre esp\u00e9rer le statut de chef. Malheureusement, il sera contrari\u00e9. Au retour en ville, il emmenait avec lui Mariam, une femme qu\u2019il trouva \u00e0 Horodougou. Et c\u2019est l\u00e0 que commen\u00e7ait sa ruine : emprisonnement puis maladie. A la suite de sa libert\u00e9, il s\u2019\u00e9tait jet\u00e9 aux ca\u00efmans vu qu\u2019il ne pourrait ou du moins, n\u2019avait pas de raison de vivre.<\/p>\n<ul>\n<li><strong><u>Structure de l\u2019\u0153uvre<\/u><\/strong><\/li>\n<\/ul>\n<p>La composition de cette \u0153uvre va nous conduire \u00e0 \u00e9num\u00e9rer les diff\u00e9rentes parties et chapitres suivis de r\u00e9sum\u00e9.<\/p>\n<p><strong>PREMIERE PARTIE<\/strong><\/p>\n<p><strong>Chapitre 1<\/strong> (page 9 \u00e0 19) : Le molosse et sa d\u00e9hont\u00e9e fa\u00e7on de s\u2019asseoir<\/p>\n<p>Fama Doumbouya, dernier descendant l\u00e9gitime des princes du Horodougou, est ruin\u00e9 \u00e0 la suite de l&rsquo;ind\u00e9pendance de son pays. C&rsquo;est ce qui le fait passer pour un colonialiste. Sa ruine le pousse \u00e0 assister \u00e0 toutes les c\u00e9r\u00e9monies religieuses o\u00f9 il prononce des pri\u00e8res, afin de gagner sa vie en tant que griot. L&rsquo;histoire s&rsquo;ouvre donc sur l&rsquo;enterrement d\u2019Ibrahima Kon\u00e9 et la description d&rsquo;une croyance africaine selon laquelle l&rsquo;ombre du d\u00e9funt agit encore apr\u00e8s sa mort. A cette c\u00e9r\u00e9monie, Fama insulte les Malink\u00e9s et les musulmans jusqu\u2019\u00e0 ce qu\u2019un\u00a0 tumulte naisse et il prit la fuite. En cours de route, il ne fit que raisonner ; traite les autres de b\u00e2tards, de tout ; il se dit comment ils vont oser traiter lui Fama de Horodougou de cette mani\u00e8re.<\/p>\n<p><strong>Chapitre 2<\/strong> (page 20 \u00e0 31) : Sans la senteur de goyave verte<\/p>\n<p>Fama d\u00e9sirait toujours affirmer son honneur. Il d\u00e9sirait que tous l\u2019entendent : c\u2019est lui le grand homme. Pourquoi les Ind\u00e9pendances le rendaient aussi bas, qu\u2019il ne vaut \u00ab un morceau de pain \u00bb ? Sa femme Salimata n\u2019\u00e9tait qu\u2019une&#8230;<\/p>\n<p>Pour obtenir l&rsquo;expos\u00e9 complet contactez le +226 56196345 (WhatsApp)<\/p>\n","protected":false},"featured_media":831,"template":"","meta":{"jetpack_publicize_message":"","jetpack_publicize_feature_enabled":true,"jetpack_social_post_already_shared":false,"jetpack_social_options":{"image_generator_settings":{"template":"highway","default_image_id":0,"font":"","enabled":false},"version":2}},"product_brand":[],"product_cat":[544,598,547],"product_tag":[],"class_list":{"0":"post-6294","1":"product","2":"type-product","3":"status-publish","4":"has-post-thumbnail","6":"product_cat-exposes","7":"product_cat-litterature","8":"product_cat-litterature-africaine","10":"first","11":"instock","12":"downloadable","13":"virtual","14":"sold-individually","15":"purchasable","16":"product-type-simple"},"aioseo_notices":[],"jetpack_publicize_connections":[],"jetpack-related-posts":[],"jetpack_sharing_enabled":true,"_links":{"self":[{"href":"https:\/\/karandoogo.com\/index.php\/wp-json\/wp\/v2\/product\/6294","targetHints":{"allow":["GET"]}}],"collection":[{"href":"https:\/\/karandoogo.com\/index.php\/wp-json\/wp\/v2\/product"}],"about":[{"href":"https:\/\/karandoogo.com\/index.php\/wp-json\/wp\/v2\/types\/product"}],"wp:featuredmedia":[{"embeddable":true,"href":"https:\/\/karandoogo.com\/index.php\/wp-json\/wp\/v2\/media\/831"}],"wp:attachment":[{"href":"https:\/\/karandoogo.com\/index.php\/wp-json\/wp\/v2\/media?parent=6294"}],"wp:term":[{"taxonomy":"product_brand","embeddable":true,"href":"https:\/\/karandoogo.com\/index.php\/wp-json\/wp\/v2\/product_brand?post=6294"},{"taxonomy":"product_cat","embeddable":true,"href":"https:\/\/karandoogo.com\/index.php\/wp-json\/wp\/v2\/product_cat?post=6294"},{"taxonomy":"product_tag","embeddable":true,"href":"https:\/\/karandoogo.com\/index.php\/wp-json\/wp\/v2\/product_tag?post=6294"}],"curies":[{"name":"wp","href":"https:\/\/api.w.org\/{rel}","templated":true}]}}