{"id":6439,"date":"2023-12-20T15:27:24","date_gmt":"2023-12-20T15:27:24","guid":{"rendered":"https:\/\/karandoogo.com\/?post_type=product&#038;p=6439"},"modified":"2025-10-19T13:33:54","modified_gmt":"2025-10-19T13:33:54","slug":"expose-complet-sur-les-aventures-dalbarka-dandree-clair","status":"publish","type":"product","link":"https:\/\/karandoogo.com\/index.php\/produit\/expose-complet-sur-les-aventures-dalbarka-dandree-clair\/","title":{"rendered":"Expos\u00e9 complet sur les aventures d&rsquo;Albarka d&rsquo;Andr\u00e9e Clair"},"content":{"rendered":"","protected":false},"excerpt":{"rendered":"<p>PLAN<\/p>\n<p>&nbsp;<\/p>\n<p>INTRODUCTION<\/p>\n<ul>\n<li>BIOGRAPHIE DES AUTEURS<\/li>\n<li>BIBLIOGRAPHIE<\/li>\n<li>RESUME DE L\u2019\u0152UVRE<\/li>\n<li>ETUDE DES PERSONNAGES\u00a0:<\/li>\n<li>Personnages principaux\u00a0:<\/li>\n<li>Personnages secondaires :<\/li>\n<li>ETUDE THEMATIQUE\u00a0:<\/li>\n<li>Th\u00e8mes principaux<\/li>\n<li>Th\u00e8mes secondaires<\/li>\n<li>RAPPORT AVEC L\u2019ACTUALIT\u00c9<\/li>\n<\/ul>\n<p>CONCLUSION<\/p>\n<p>&nbsp;<\/p>\n<p>&nbsp;<\/p>\n<p>&nbsp;<\/p>\n<p>INTRODUCTION<\/p>\n<p>\u00ab\u00a0L\u2019Aventure d\u2019Albarka\u00a0\u00bb est un livre captivant qui nous plonge dans un monde imaginaire rempli de magie et d\u2019aventure. Dans cet expos\u00e9, nous allons explorer cette \u0153uvre en nous int\u00e9ressant \u00e0 la biographie de l\u2019auteur, sa bibliographie, le r\u00e9sum\u00e9 de l\u2019\u0153uvre, l\u2019\u00e9tude des personnages, l\u2019analyse th\u00e9matique et son rapport avec l\u2019actualit\u00e9.<\/p>\n<p>&nbsp;<\/p>\n<p>I- BIOGRAPHIE DES AUTEURS<\/p>\n<ol>\n<li>Andr\u00e9e Clair<\/li>\n<\/ol>\n<p>Andr\u00e9e Clair, de son vrai nom Ren\u00e9e Jung, \u00e9tait une \u00e9crivaine fran\u00e7aise n\u00e9e le 6 mai 1916 \u00e0 Malakoff et d\u00e9c\u00e9d\u00e9e le 17 mai 2009 \u00e0 Dreux. Elle \u00e9tait enseignante, ethnologue et femme de lettres, connue pour ses nombreux ouvrages pour la jeunesse et sur l\u2019Afrique. Andr\u00e9e Clair a grandi dans la banlieue parisienne. Son p\u00e8re \u00e9tait contr\u00f4leur aux PTT et sa m\u00e8re femme au foyer Elle a poursuivi des \u00e9tudes sup\u00e9rieures \u00e0 l\u2019Institut d\u2019ethnologie \u00e0 la Sorbonne, se sp\u00e9cialisant sur l\u2019Afrique subsaharienne et obtenant une licence \u00e8s lettres. Elle a travaill\u00e9 comme critique litt\u00e9raire de livres pour enfants et de livres sur l\u2019Afrique subsaharienne, ainsi que comme lectrice pour la maison d\u2019\u00e9dition Pr\u00e9sence africaine. Elle a \u00e9galement travaill\u00e9 pour le d\u00e9partement Afrique noire du Mus\u00e9e de l\u2019Homme et a occup\u00e9 des postes d\u2019assistante en ethnologie \u00e0 l\u2019Institut d\u2019\u00e9tudes centrafricaines \u00e0 Brazzaville et de professeur au Tchad. Elle a visit\u00e9 neuf pays d\u2019Afrique de l\u2019Ouest et d\u2019Afrique \u00e9quatoriale.<\/p>\n<p>Militante communiste, elle a \u00e9t\u00e9 rapatri\u00e9e d\u2019office en 1949 pour avoir contribu\u00e9 au d\u00e9veloppement du mouvement syndical africain. Andr\u00e9e Clair a \u00e9crit de nombreux ouvrages se d\u00e9roulant en Afrique ou inspir\u00e9s par l\u2019Afrique, principalement destin\u00e9s aux enfants. Elle a \u00e9galement publi\u00e9 des po\u00e8mes et des livres plus sp\u00e9cialis\u00e9s. Elle a tiss\u00e9 un lien particulier avec le Niger. Apr\u00e8s les ind\u00e9pendances, elle est retourn\u00e9e en Afrique et a \u00e9t\u00e9 conseill\u00e8re culturelle aupr\u00e8s du pr\u00e9sident Hamani Diori de 1961 \u00e0 1974. Elle a particip\u00e9 \u00e0 des conf\u00e9rences sur le Niger et l\u2019Afrique subsaharienne, ainsi que sur l\u2019enfance et la jeunesse, et a publi\u00e9 des articles sur ces th\u00e8mes dans plusieurs magazines.\u00a0 Elle a pris sa retraite en France, \u00e0 Paris puis \u00e0 Dreux, apr\u00e8s le renversement du pr\u00e9sident Diori en 1974.<\/p>\n<ol start=\"2\">\n<li>Boubou Hama<\/li>\n<\/ol>\n<p>Boubou Hama (1906 \u2013 29 janvier 1982) \u00e9tait un po\u00e8te, philosophe, historien, homme de lettres et homme politique nig\u00e9rien. Il a jou\u00e9 un r\u00f4le majeur dans la vie culturelle de son pays et a \u00e9t\u00e9 pr\u00e9sident de l\u2019Assembl\u00e9e nationale du Niger de 1958 \u00e0 1974. Boubou Hama est n\u00e9 \u00e0 Fon\u00e9ko, un petit village songha\u00ef \u00e0 l\u2019ouest du Niger. Il a \u00e9tudi\u00e9 \u00e0 l\u2019\u00e9cole pr\u00e9paratoire de T\u00e9ra et \u00e0 l\u2019\u00e9cole primaire r\u00e9gionale de Dori. En 1926, il a \u00e9t\u00e9 admis \u00e0 l\u2019\u00c9cole normale William Ponty de Dakar, devenant ainsi le premier instituteur nig\u00e9rien. Il s\u2019est int\u00e9ress\u00e9 aux questions fonci\u00e8res et aux difficult\u00e9s des populations paysannes face \u00e0 l\u2019administration coloniale. En 1933, il a rencontr\u00e9 le Docteur Jean Boulnois, avec qui il a publi\u00e9 plus tard \u00ab\u00a0L\u2019Empire de Gao\u00a0\u00bb. Il a particip\u00e9 aux activit\u00e9s du Rassemblement d\u00e9mocratique africain (RDA) cr\u00e9\u00e9 en 1946. En d\u00e9cembre 1958, il est devenu pr\u00e9sident de l\u2019Assembl\u00e9e nationale et a travaill\u00e9 en collaboration avec Hamani Diori, le pr\u00e9sident. Il a pr\u00e9sid\u00e9 le Parti progressiste nig\u00e9rien (PPN), une branche du RDA, jusqu\u2019au coup d\u2019\u00c9tat d\u2019avril 1974. Boubou Hama a \u00e9t\u00e9 retenu prisonnier \u00e0 Agad\u00e8s puis \u00e0 Niamey apr\u00e8s le coup d\u2019\u00c9tat. Il a laiss\u00e9 une \u0153uvre consid\u00e9rable sur la culture africaine et a re\u00e7u plusieurs prix litt\u00e9raires.<\/p>\n<p>&nbsp;<\/p>\n<p>II- BIBLIOGRAPHIE<\/p>\n<ol>\n<li>Andr\u00e9e Clair\u00a0:<\/li>\n<\/ol>\n<p>Principales \u0153uvres\u00a0:<\/p>\n<ul>\n<li>*Bemba [An African Adventure]* (1955)<\/li>\n<li>*Mouda\u00efna ou Deux enfants au c\u0153ur de l\u2019Afrique* (1952)<\/li>\n<li>*Aminatou* (1959)<\/li>\n<li>*Tchinda. La petite s\u0153ur de Mouda\u00efna* (1959)<\/li>\n<li>*Bakari, enfant du Mali* (1959)<\/li>\n<li>*Dij\u00e9* (1961)<\/li>\n<li>*Les D\u00e9couvertes d\u2019Alkassoum* (1964)<\/li>\n<li>*La Babiroussa\u2026 et les autres* (po\u00e8mes) (1965)<\/li>\n<li>*Nicole au quinzi\u00e8me \u00e9tage* (1969)<\/li>\n<li>*L\u2019Aventure d\u2019Albarka* (avec Boubou Hama) (1972)<\/li>\n<li>*Le Baobab merveilleux* (avec Boubou Hama) (1974)<\/li>\n<li>*Les Fameuses Histoires du village de Tibbo* (avec Boubou Hama) (1977)<\/li>\n<li>*L\u2019Amour d\u2019A\u00efssatou* (1979)<\/li>\n<li>*Galz\u00e9 et Soun, le sorcier. Conte du Nord-Cameroun* (1980)<\/li>\n<\/ul>\n<p>&#8211; \u00ab\u00a0Aminatou\u00a0\u00bb (1959)<\/p>\n<p>&#8211; \u00ab\u00a0Tchinda. La petite s\u0153ur de Mouda\u00efna\u00a0\u00bb (1959)<\/p>\n<p>&nbsp;<\/p>\n<ol start=\"2\">\n<li>Boubou Hama\u00a0:<\/li>\n<\/ol>\n<ul>\n<li>\u00ab Kotia-Nima \u00bb (1970).<\/li>\n<li>\u00ab Histoire du Gobir et de Sokoto \u00bb (1967).<\/li>\n<li>\u00ab L\u2019Empire songhay\u00a0: ses ethnies, ses l\u00e9gendes et ses personnages historiques \u00bb (1974).<\/li>\n<li>\u00ab Contes et l\u00e9gendes du Niger \u00bb (1972-1976.<\/li>\n<li>\u00ab Le Retard de l\u2019Afrique\u00a0: essai philosophique \u00bb (1972).<\/li>\n<li>\u00ab Les Probl\u00e8mes br\u00fblants de l\u2019Afrique \u00bb (1973).<\/li>\n<li>\u00ab Les Grands probl\u00e8mes de l\u2019Afrique des ind\u00e9pendances \u00bb (1974).<\/li>\n<\/ul>\n<p>&nbsp;<\/p>\n<p>III- RESUME DE L\u2019\u0152UVRE<\/p>\n<p>Le livre\u00a0 contient plusieurs histoires ou chapitres mettant en sc\u00e8ne&#8230;.<\/p>\n<p>Pour obtenir l&rsquo;expos\u00e9 complet contactez le +226 56196345 (WhatsApp)<\/p>\n","protected":false},"featured_media":831,"template":"","meta":{"jetpack_publicize_message":"","jetpack_publicize_feature_enabled":true,"jetpack_social_post_already_shared":false,"jetpack_social_options":{"image_generator_settings":{"template":"highway","default_image_id":0,"font":"","enabled":false},"version":2}},"product_brand":[],"product_cat":[544,598],"product_tag":[],"class_list":{"0":"post-6439","1":"product","2":"type-product","3":"status-publish","4":"has-post-thumbnail","6":"product_cat-exposes","7":"product_cat-litterature","9":"first","10":"instock","11":"downloadable","12":"virtual","13":"sold-individually","14":"purchasable","15":"product-type-simple"},"aioseo_notices":[],"jetpack_publicize_connections":[],"jetpack-related-posts":[],"jetpack_sharing_enabled":true,"_links":{"self":[{"href":"https:\/\/karandoogo.com\/index.php\/wp-json\/wp\/v2\/product\/6439","targetHints":{"allow":["GET"]}}],"collection":[{"href":"https:\/\/karandoogo.com\/index.php\/wp-json\/wp\/v2\/product"}],"about":[{"href":"https:\/\/karandoogo.com\/index.php\/wp-json\/wp\/v2\/types\/product"}],"wp:featuredmedia":[{"embeddable":true,"href":"https:\/\/karandoogo.com\/index.php\/wp-json\/wp\/v2\/media\/831"}],"wp:attachment":[{"href":"https:\/\/karandoogo.com\/index.php\/wp-json\/wp\/v2\/media?parent=6439"}],"wp:term":[{"taxonomy":"product_brand","embeddable":true,"href":"https:\/\/karandoogo.com\/index.php\/wp-json\/wp\/v2\/product_brand?post=6439"},{"taxonomy":"product_cat","embeddable":true,"href":"https:\/\/karandoogo.com\/index.php\/wp-json\/wp\/v2\/product_cat?post=6439"},{"taxonomy":"product_tag","embeddable":true,"href":"https:\/\/karandoogo.com\/index.php\/wp-json\/wp\/v2\/product_tag?post=6439"}],"curies":[{"name":"wp","href":"https:\/\/api.w.org\/{rel}","templated":true}]}}