{"id":6450,"date":"2023-12-20T15:57:26","date_gmt":"2023-12-20T15:57:26","guid":{"rendered":"https:\/\/karandoogo.com\/?post_type=product&#038;p=6450"},"modified":"2025-10-19T13:33:54","modified_gmt":"2025-10-19T13:33:54","slug":"expose-complet-sur-loeuvre-beatrice-difango-de-aime-cesaire","status":"publish","type":"product","link":"https:\/\/karandoogo.com\/index.php\/produit\/expose-complet-sur-loeuvre-beatrice-difango-de-aime-cesaire\/","title":{"rendered":"Expos\u00e9 complet sur l\u2019\u0153uvre B\u00e9atrice Difango de Aim\u00e9 C\u00e9saire"},"content":{"rendered":"","protected":false},"excerpt":{"rendered":"<p>INTRODUCTION<\/p>\n<ul>\n<li>BIOGRAPHIE DE L\u2019AUTEUR<\/li>\n<li>BIBLIOGRAPHIE<\/li>\n<li>RESUME DE L\u2019\u0152UVRE<\/li>\n<li>ETUDE DES PERSONNAGES\u00a0:\n<ul>\n<li>Personnages principaux\u00a0:<\/li>\n<li>Personnages secondaires\u00a0:<\/li>\n<\/ul>\n<\/li>\n<li>ETUDE THEMATIQUE\u00a0:\n<ul>\n<li>Th\u00e8mes principaux<\/li>\n<li>Th\u00e8mes secondaires<\/li>\n<\/ul>\n<\/li>\n<li>RAPPORT AVEC L\u2019ACTUALIT\u00c9<\/li>\n<\/ul>\n<p>CONCLUSION<\/p>\n<p>&nbsp;<\/p>\n<p>&nbsp;<\/p>\n<p>Introduction:<\/p>\n<p>\u00ab\u00a0B\u00e9atrice Difango\u00a0\u00bb est une pi\u00e8ce de th\u00e9\u00e2tre \u00e9crite par Aim\u00e9 C\u00e9saire, un auteur martiniquais majeur du 20e si\u00e8cle. Cette pi\u00e8ce fait partie du triptyque th\u00e9\u00e2tral de C\u00e9saire, qui explore les th\u00e8mes de l&rsquo;identit\u00e9 noire et de la r\u00e9sistance \u00e0 la domination coloniale. Dans cet expos\u00e9, nous examinerons les principaux \u00e9l\u00e9ments de l&rsquo;\u0153uvre \u00ab\u00a0B\u00e9atrice Difango\u00a0\u00bb et son importance dans le contexte de l&rsquo;\u0153uvre globale de C\u00e9saire.<\/p>\n<p>&nbsp;<\/p>\n<ol>\n<li>Biographie de l\u2019auteur :<\/li>\n<\/ol>\n<p>&nbsp;<\/p>\n<p>Aim\u00e9 C\u00e9saire est n\u00e9 le 26 juin 1913 \u00e0 Basse-Pointe, en Martinique. Il a grandi dans une famille modeste et a \u00e9t\u00e9 marqu\u00e9 par l\u2019injustice et les in\u00e9galit\u00e9s de la soci\u00e9t\u00e9 coloniale. Tr\u00e8s t\u00f4t, il a d\u00e9velopp\u00e9 un int\u00e9r\u00eat pour la litt\u00e9rature et l\u2019\u00e9criture.<\/p>\n<p>C\u00e9saire a poursuivi ses \u00e9tudes \u00e0 l\u2019\u00e9cole primaire Schoelcher \u00e0 Fort-de-France, puis au lyc\u00e9e Victor-Sch\u0153lcher. Il s\u2019est ensuite rendu en France pour poursuivre ses \u00e9tudes sup\u00e9rieures \u00e0 Paris, o\u00f9 il a fr\u00e9quent\u00e9 le lyc\u00e9e Louis-le-Grand. C\u2019est l\u00e0 qu\u2019il a rencontr\u00e9 L\u00e9opold Senghor et L\u00e9on Damas, avec qui il a cofond\u00e9 le concept de \u00ab\u00a0n\u00e9gritude\u00a0\u00bb, un mouvement litt\u00e9raire et culturel visant \u00e0 promouvoir l\u2019affirmation de l\u2019identit\u00e9 noire et africaine.<\/p>\n<p>En 1935, C\u00e9saire a obtenu une bourse pour \u00e9tudier \u00e0 l\u2019\u00c9cole normale sup\u00e9rieure, o\u00f9 il a approfondi ses connaissances en litt\u00e9rature et en philosophie. Pendant cette p\u00e9riode, il a d\u00e9velopp\u00e9 une conscience politique et s\u2019est engag\u00e9 dans la lutte contre le colonialisme et le racisme. En 1939, il a obtenu son agr\u00e9gation de lettres.<\/p>\n<p>Apr\u00e8s avoir termin\u00e9 ses \u00e9tudes, C\u00e9saire est retourn\u00e9 en Martinique, o\u00f9 il a enseign\u00e9 au lyc\u00e9e Victor-Sch\u0153lcher. Il a \u00e9galement commenc\u00e9 \u00e0 s\u2019impliquer activement dans la politique et a cofond\u00e9 le Parti communiste martiniquais en 1952. En tant que d\u00e9put\u00e9 de la Martinique \u00e0 l\u2019Assembl\u00e9e nationale fran\u00e7aise, il a lutt\u00e9 pour les droits des Antillais et a appel\u00e9 \u00e0 la d\u00e9colonisation.<\/p>\n<p>C\u00e9saire a \u00e9galement jou\u00e9 un r\u00f4le cl\u00e9 dans la vie culturelle de la Martinique. Il a cofond\u00e9 la revue litt\u00e9raire \u00ab\u00a0Tropiques\u00a0\u00bb en 1941, qui a \u00e9t\u00e9 un important v\u00e9hicule pour les id\u00e9es de la n\u00e9gritude. Il a \u00e9galement \u00e9crit des po\u00e8mes, des pi\u00e8ces de th\u00e9\u00e2tre et des essais, contribuant ainsi de mani\u00e8re significative \u00e0 la litt\u00e9rature francophone.<\/p>\n<p>Aim\u00e9 C\u00e9saire est d\u00e9c\u00e9d\u00e9 le 17 avril 2008 \u00e0 Fort-de-France, en laissant derri\u00e8re lui un h\u00e9ritage litt\u00e9raire et politique important. Il est reconnu comme l\u2019une des figures majeures de la litt\u00e9rature et de la pens\u00e9e anticolonialistes du 20<sup>e<\/sup> si\u00e8cle.<\/p>\n<p>&nbsp;<\/p>\n<ol>\n<li>Bibliographie d\u2019Aim\u00e9 C\u00e9saire\u00a0:<\/li>\n<\/ol>\n<p>&#8211; \u00ab\u00a0Cahier d\u2019un retour au pays natal\u00a0\u00bb (1939)\u00a0: recueil de po\u00e8mes dans lequel C\u00e9saire exprime son attachement \u00e0 sa terre natale et d\u00e9nonce les injustices coloniales.<\/p>\n<p>&#8211; \u00ab\u00a0Les armes miraculeuses\u00a0\u00bb (1946)\u00a0: recueil de po\u00e8mes qui explore les th\u00e8mes de la libert\u00e9 et de la lutte contre l\u2019oppression.<\/p>\n<p>&#8211; \u00ab\u00a0Discours sur le colonialisme\u00a0\u00bb (1950)\u00a0: essai dans lequel C\u00e9saire critique le colonialisme et expose les cons\u00e9quences d\u00e9shumanisantes de cette id\u00e9ologie.<\/p>\n<p>&#8211; \u00ab\u00a0Une saison au Congo\u00a0\u00bb (1966)\u00a0: pi\u00e8ce de th\u00e9\u00e2tre bas\u00e9e sur la vie de Patrice Lumumba, leader ind\u00e9pendantiste congolais.<\/p>\n<p>&#8211; \u00ab\u00a0B\u00e9atrice Difango\u00a0\u00bb (1968)\u00a0: pi\u00e8ce de th\u00e9\u00e2tre qui explore les th\u00e8mes de la r\u00e9sistance \u00e0 la domination coloniale et de l\u2019identit\u00e9 noire. A \u00e9t\u00e9 \u00e9crit a une p\u00e9riode de lutte pour l\u2019ind\u00e9pendance et la d\u00e9colonisation dans de nombreuses r\u00e9gions du monde.<\/p>\n<p>&#8211; \u00ab\u00a0La po\u00e9sie\u00a0\u00bb (1994)\u00a0: recueil de po\u00e8mes qui refl\u00e8te la vision po\u00e9tique et politique de C\u00e9saire.<\/p>\n<p>&nbsp;<\/p>\n<p>III. R\u00e9sum\u00e9 de l&rsquo;\u0153uvre:<\/p>\n<p>\u00ab\u00a0B\u00e9atrice Difango\u00a0\u00bb est une pi\u00e8ce de th\u00e9\u00e2tre qui explore les th\u00e8mes de la r\u00e9sistance \u00e0 la domination coloniale et de l&rsquo;identit\u00e9 noire. L&rsquo;intrigue tourne autour du personnage \u00e9ponyme, B\u00e9atrice Difango, une femme noire qui lutte contre les injustices et les oppressions de la soci\u00e9t\u00e9 coloniale. La pi\u00e8ce met en sc\u00e8ne des personnages qui repr\u00e9sentent diff\u00e9rents aspects de la soci\u00e9t\u00e9 coloniale, tels que&#8230;.<\/p>\n<p>Pour obtenir l&rsquo;expos\u00e9 complet contactez le +226 56196345 (WhatsApp)<\/p>\n","protected":false},"featured_media":831,"template":"","meta":{"jetpack_publicize_message":"","jetpack_publicize_feature_enabled":true,"jetpack_social_post_already_shared":false,"jetpack_social_options":{"image_generator_settings":{"template":"highway","default_image_id":0,"font":"","enabled":false},"version":2}},"product_brand":[],"product_cat":[598,546],"product_tag":[],"class_list":{"0":"post-6450","1":"product","2":"type-product","3":"status-publish","4":"has-post-thumbnail","6":"product_cat-litterature","7":"product_cat-societe","9":"first","10":"instock","11":"downloadable","12":"virtual","13":"sold-individually","14":"purchasable","15":"product-type-simple"},"aioseo_notices":[],"jetpack_publicize_connections":[],"jetpack-related-posts":[],"jetpack_sharing_enabled":true,"_links":{"self":[{"href":"https:\/\/karandoogo.com\/index.php\/wp-json\/wp\/v2\/product\/6450","targetHints":{"allow":["GET"]}}],"collection":[{"href":"https:\/\/karandoogo.com\/index.php\/wp-json\/wp\/v2\/product"}],"about":[{"href":"https:\/\/karandoogo.com\/index.php\/wp-json\/wp\/v2\/types\/product"}],"wp:featuredmedia":[{"embeddable":true,"href":"https:\/\/karandoogo.com\/index.php\/wp-json\/wp\/v2\/media\/831"}],"wp:attachment":[{"href":"https:\/\/karandoogo.com\/index.php\/wp-json\/wp\/v2\/media?parent=6450"}],"wp:term":[{"taxonomy":"product_brand","embeddable":true,"href":"https:\/\/karandoogo.com\/index.php\/wp-json\/wp\/v2\/product_brand?post=6450"},{"taxonomy":"product_cat","embeddable":true,"href":"https:\/\/karandoogo.com\/index.php\/wp-json\/wp\/v2\/product_cat?post=6450"},{"taxonomy":"product_tag","embeddable":true,"href":"https:\/\/karandoogo.com\/index.php\/wp-json\/wp\/v2\/product_tag?post=6450"}],"curies":[{"name":"wp","href":"https:\/\/api.w.org\/{rel}","templated":true}]}}